{"id":1706,"date":"2014-09-01T19:10:55","date_gmt":"2014-09-01T17:10:55","guid":{"rendered":"http:\/\/www.auto-coaching.fr\/?page_id=1706"},"modified":"2014-09-01T19:57:38","modified_gmt":"2014-09-01T17:57:38","slug":"reparons-une-injustice","status":"publish","type":"page","link":"https:\/\/auto-coaching.fr\/index.php\/reparons-une-injustice\/","title":{"rendered":"R&eacute;parons une injustice"},"content":{"rendered":"<p>Il y a presque un an et demi, j\u2019ai \u00e9crit un article qui racontait l\u2019histoire de Gillian LYNNE, cette petite fille de 8 ans, rejet\u00e9e par le syst\u00e8me \u00e9ducatif commun, qui est devenue chor\u00e9graphe et auteure de com\u00e9dies musicales de renom, donnant du plaisir \u00e0 des millions de personnes \u00e0 travers le monde.<\/p>\n<p>Dans cet article, je rendais hommage \u00e0 sa maman, qui a su saisir sa chance au bon endroit au bon moment.<\/p>\n<p>Apr\u00e8s 8 commentaires enthousiastes de lecteurs et lectrices touch\u00e9s par cette biographie, un neuvi\u00e8me commentaire est apparu. Je vous le recopie tel quel :<\/p>\n<blockquote>\n<p>Bravo c\u2019est une belle contine pour enfants mais je ne voit pas le rapport avec la vie r\u00e9elle. Un psychiatre est bien loin d\u2019\u00eatre un magicien et les lecteurs de Time coach ne sont pas de stupides moutons pr\u00eat \u00e0 avaler de telles sornettes moralisatrice de comptoir.<\/p>\n<p><strong>Bertrand<\/strong><\/p>\n<\/blockquote>\n<p>C\u2019est injuste ! Je ne parle pas de mon travail qui a n\u00e9cessit\u00e9 plus de 4 heures d\u2019\u00e9criture. Je ne me hasarderais pas \u00e0 \u00e9crire ce genre d\u2019histoire si je craignais la critique. Ce que je trouve injuste, c\u2019est le sort que ce lecteur a r\u00e9serv\u00e9 aux 8 autres qui l\u2019ont pr\u00e9c\u00e9d\u00e9. Car il ne faut pas se laisser leurrer par la n\u00e9gation. En \u00e9crivant :  <\/p>\n<blockquote>\n<p>les lecteurs de Time coach <strong>ne sont pas<\/strong> de stupides moutons pr\u00eat \u00e0 avaler de telles sornettes moralisatrice de comptoir<\/p>\n<\/blockquote>\n<p>Bertrand traite 8 lecteurs de stupides moutons !  <\/p>\n<p>Mais il y a pire : en supposant que certaines personne aient eu envie de poster un commentaire enthousiaste apr\u00e8s lecture, il est fort possible que cette insulte \u00e0 leur intelligence ait \u00e9t\u00e9 dissuasive&#8230; Ce qui expliquerait que ce commentaire apparaisse comme la conclusion de cette page&#8230; Encore une injustice !  <\/p>\n<h2>Comment r\u00e9parer ce genre d\u2019injustice ?<\/h2>\n<p>Certainement pas en relevant ce qui a \u00e9t\u00e9 dit et en insultant Bertrand \u00e0 votre tour. Une pol\u00e9mique ne ferait qu\u2019amplifier et relayer son message. Non&#8230; La meilleure fa\u00e7on de faire est de dire ce que vous avez \u00e0 dire de joli et de gratifiant ! De multiplier le positif, afin que le n\u00e9gatif soit noy\u00e9 dans la masse, et n\u2019apparaisse plus.  <\/p>\n<p>C\u2019est une vraie demande que je vous fais l\u00e0 ! Relisez l\u2019histoire de Gillian, et sans vous laisser impressionner par ce commentaire terroriste, donnez ce que vous avez \u00e0 donner.  <\/p>\n<div style=\"font-size: 16pt; text-align: center; margin: 12px 0px 36px\"><a class=\"buttonize blue\" href=\"http:\/\/www.auto-coaching.fr\/index.php\/bon-printemps-2013\/\">Faites-le maintenant !<\/a><\/div>\n<p>Mais, me direz-vous, je ressens une vraie souffrance, un cri de douleur dans ce commentaire\u2026 Ca me donne envie d\u2019aider Bertrand ! <\/p>\n<p>A ceci je r\u00e9pondrai 2 choses :  <\/p>\n<ol>\n<li>D\u00e9fendez vos int\u00e9r\u00eats ! Ne vous laissez pas impressionner par ce genre de r\u00e9actions. Ne vous penchez pas sur la vie de Bertrand, car ce serait une procrastination de votre propre vie.\n<li>En laissant des commentaires align\u00e9s avec les valeurs v\u00e9hicul\u00e9s par l\u2019article, voire des t\u00e9moignages qui d\u00e9montrent que ce qui est \u00e9crit est possible (il y en a d\u00e9j\u00e0 un de Maryl\u00e8ne), vous rendrez un immense service \u00e0 Bertrand, sans entrer dans son jeu.<\/li>\n<\/ol>\n<p>Allez !  <\/p>\n<div style=\"font-size: 16pt; text-align: center; margin: 12px 0px 36px\"><a class=\"buttonize blue\" href=\"http:\/\/www.auto-coaching.fr\/index.php\/bon-printemps-2013\/\">Faites-le maintenant !<\/a><\/div>\n<p>A++<\/p>\n<p>St\u00e9phane SOLOMON<\/p>\n<!--themify_builder_content-->\n<div id=\"themify_builder_content-1706\" data-postid=\"1706\" class=\"themify_builder_content themify_builder_content-1706 themify_builder tf_clear\">\n    <\/div>\n<!--\/themify_builder_content-->\n","protected":false},"excerpt":{"rendered":"<p>Il y a presque un an et demi, j\u2019ai \u00e9crit un article qui racontait l\u2019histoire de Gillian LYNNE, cette petite fille de 8 ans, rejet\u00e9e par le syst\u00e8me \u00e9ducatif commun, qui est devenue chor\u00e9graphe et auteure de com\u00e9dies musicales de renom, donnant du plaisir \u00e0 des millions de personnes \u00e0 travers le monde. Dans cet [&hellip;]<\/p>\n","protected":false},"author":1,"featured_media":0,"parent":0,"menu_order":0,"comment_status":"open","ping_status":"open","template":"","meta":[],"builder_content":"","_links":{"self":[{"href":"https:\/\/auto-coaching.fr\/index.php\/wp-json\/wp\/v2\/pages\/1706"}],"collection":[{"href":"https:\/\/auto-coaching.fr\/index.php\/wp-json\/wp\/v2\/pages"}],"about":[{"href":"https:\/\/auto-coaching.fr\/index.php\/wp-json\/wp\/v2\/types\/page"}],"author":[{"embeddable":true,"href":"https:\/\/auto-coaching.fr\/index.php\/wp-json\/wp\/v2\/users\/1"}],"replies":[{"embeddable":true,"href":"https:\/\/auto-coaching.fr\/index.php\/wp-json\/wp\/v2\/comments?post=1706"}],"version-history":[{"count":8,"href":"https:\/\/auto-coaching.fr\/index.php\/wp-json\/wp\/v2\/pages\/1706\/revisions"}],"predecessor-version":[{"id":1714,"href":"https:\/\/auto-coaching.fr\/index.php\/wp-json\/wp\/v2\/pages\/1706\/revisions\/1714"}],"wp:attachment":[{"href":"https:\/\/auto-coaching.fr\/index.php\/wp-json\/wp\/v2\/media?parent=1706"}],"curies":[{"name":"wp","href":"https:\/\/api.w.org\/{rel}","templated":true}]}}