{"id":171,"date":"2012-07-27T16:57:47","date_gmt":"2012-07-27T16:57:47","guid":{"rendered":"http:\/\/www.auto-coaching.fr\/?page_id=171"},"modified":"2012-07-27T17:23:50","modified_gmt":"2012-07-27T17:23:50","slug":"perception-et-choix","status":"publish","type":"page","link":"https:\/\/auto-coaching.fr\/index.php\/perception-et-choix\/","title":{"rendered":"Perception et Choix"},"content":{"rendered":"<p>Voici la suite de <a href=\"http:\/\/www.auto-coaching.fr\/index.php\/la-perception\/\" target=\"_blank\">mon message sur la perception<\/a>.  <\/p>\n<p>Je ne pensais pas livrer cette suite aussi rapidement, car les pointes d\u2019humour qu\u2019elle contient s\u2019adresse aux initi\u00e9s. J\u2019ai donc d\u00e9cid\u00e9 d\u2019\u00e9viter de troubler le concept par l\u2019humour, et de garder cette seconde partie pour beaucoup plus tard&#8230; Mais <strong>apr\u00e8s r\u00e9flexion<\/strong>, je me suis dit que ce compl\u00e9ment avait sa place ici et maintenant. Vous pouvez appr\u00e9cier l\u2019humour, tout en maintenant votre concentration sur le sujet principal : la perception.  <\/p>\n<p>Rappel : Jean, Pierre et Jacques sont des lecteurs de TIME-COACH. Leurs aprioris, positifs ou n\u00e9gatifs dirigent leurs pens\u00e9es au point qu\u2019en recevant exactement le m\u00eame message, ils le per\u00e7oivent de fa\u00e7on compl\u00e8tement diff\u00e9rente :  <\/p>\n<ul>\n<li>Jean trouve \u00e7a sympa. Il aime bien, mais sans plus<\/li>\n<li>Pierre consid\u00e8re que chaque message est l\u2019occasion d\u2019approfondir ses connaissances, et s\u2019autorise \u00e0 pratiquer les techniques ou \u00e0 cr\u00e9er des synchronicit\u00e9s avec ses activit\u00e9s personnelles et professionnelles.<\/li>\n<li>Jacques ne supporte pas ! C\u2019est \u00e0 se demander pourquoi il reste inscrit et pourquoi il lit mes messages.<\/li>\n<\/ul>\n<h2>Attitude<\/h2>\n<p>Supposons que ces 3 attitudes ne soient pas sp\u00e9cifiquement r\u00e9serv\u00e9es TIME-COACH, mais \u00e0 tout ce qui apparait dans la vie de ces personnages&#8230;  <\/p>\n<p>Par exemple : nos acolytes travaillent dans la m\u00eame soci\u00e9t\u00e9. La Direction leur apprend qu\u2019une grande nouvelle leur sera annonc\u00e9e lundi :  <\/p>\n<ul>\n<li>Jean se dit : Une GRANDE nouvelle&#8230; Je sens que \u00e7a va \u00eatre dr\u00f4le !<\/li>\n<li>Pierre se dit : Vivement lundi !<\/li>\n<li>Et Jacques : Ca va \u00eatre encore pour ma pomme !<\/li>\n<\/ul>\n<p>Le lundi suivant, on annonce \u00e0 ce beau monde, que la soci\u00e9t\u00e9 sera bient\u00f4t rachet\u00e9e, et que leur nouveau patron sera une patronne !  <\/p>\n<ul>\n<li>Jean se dit : elle est bonne ! <\/li>\n<li>Pierre : Une touche f\u00e9minine dans nos prises de d\u00e9cision, \u00e7a va innover ! <\/li>\n<li>Et Jacques : il faut que j\u2019appelle mon avocat pour savoir comment n\u00e9gocier mon licenciement. La place d\u2019une femme est \u00e0 la maison. Je ne vais pas me faire diriger par une m\u00e8re de famille qui ne veut pas s\u2019occuper de ses enfants ! <\/li>\n<\/ul>\n<p>Il est tr\u00e8s possible que Jacques cache ses v\u00e9ritables motivations \u00e0 son avocat, et trouve de multiples pr\u00e9textes pour se faire licencier&#8230; Et l\u00e0, quelle poisse ! L\u2019avocat va lui r\u00e9pondre : \u00ab je vais confier votre dossier \u00e0 Elodie, ma coll\u00e8gue, elle est beaucoup plus comp\u00e9tente que moi sur ce sujet&#8230; \u00bb.  <\/p>\n<p>Ca ressemble \u00e0 un Vaudeville n\u2019est-ce pas ? Et si c\u2019\u00e9tait vrai ?  <\/p>\n<h2>Parlons d\u2019argent !<\/h2>\n<p>Cette fois, Jean, Pierre et Jacques sont des chefs d\u2019entreprises : un nouvel acteur du march\u00e9 leur propose un partenariat strat\u00e9gique autour d\u2019une initiative novatrice et extr\u00eamement juteuse.  <\/p>\n<ul>\n<li>Jean : \u00e7a pourrait \u00eatre sympa ! <\/li>\n<li>Pierre : C\u2019est le bon moment pour moi ! Allons-y ! Avec tout ce que j\u2019ai d\u00e9j\u00e0 mis en place, il y a forc\u00e9ment une place pour conjuguer des talents. <\/li>\n<li>Jacques : Encore des arnaqueurs qui nous parlent d\u2019argent facile ! C\u2019est probablement une association de malfaiteurs ou une sorte de \u00ab r\u00e9seau \u00bb, dont seuls les plus rus\u00e9s sortiront gagnants. <\/li>\n<\/ul>\n<p>Et dans 80% des cas, Jean, Pierre et Jacques obtiendront des r\u00e9sultats \u00e0 hauteur de leurs attentes !  <\/p>\n<p>Ah&#8230; Donc Pierre a 20% de chances d\u2019\u00eatre d\u00e9\u00e7u, malgr\u00e9 son attitude positive ? Oui&#8230; C\u2019est connu et reconnu ! D\u2019ailleurs Jacques a \u00e9galement 1 chance sur 5 de tomber sur des gens biens !  <\/p>\n<p>Mais la diff\u00e9rence majeure entre ces deux extr\u00eames, c\u2019est que Pierre passera \u00e0 l\u2019action de fa\u00e7on volontaire en acceptant la probabilit\u00e9, alors que Jacques \u00e9liminera toute possibilit\u00e9 d\u2019\u00e9chec, en d\u00e9ployant une \u00e9nergie incroyable pour NE PAS aller dans le sens de la proposition. Son taux de r\u00e9ussite anti-action, sera ainsi de 100% !  <\/p>\n<p>Apr\u00e8s quoi, sa perception lui enverra un sentiment gagnant d\u2019une rare intensit\u00e9. Sentiment vite rattrap\u00e9 par la r\u00e9alit\u00e9 financi\u00e8re. Il se sentira alors contraint d\u2019agir&#8230; Vite !  <\/p>\n<p>Cette contrainte, est en quelque sorte une seconde chance pour Jacques. Mais s\u2019autorisera-t-il de nouvelles perceptions pour mettre la chance de son c\u00f4t\u00e9 ?  <\/p>\n<p>Des \u00e9tudes r\u00e9centes ont montr\u00e9 que l\u2019\u00eatre humain re\u00e7oit l\u2019\u00e9quivalent 400 milliards d\u2019informations binaires par seconde (dans un \u00e9tat d\u2019\u00e9veil, \u00e0 travers ses 5 sens). Apr\u00e8s filtrage, et sans conditionnement sp\u00e9cifique, il n\u2019en per\u00e7oit que 2.000 !  <\/p>\n<p>Par exemple, vous \u00eates au restaurant, et on vous sert un plat avec 6 \u00e9pices. Il est trop piquant \u00e0 votre go\u00fbt. Le lendemain on vous demande de citer les 6 \u00e9pices, et tout ce que vous pourrez dire c\u2019est qu\u2019il y avait trop de piment ! Mais si on vous pr\u00e9cise en amont, que votre mission est de reconna\u00eetre les 6 \u00e9pices, vous pourriez vous concentrer, et m\u00eame une semaine plus tard, en citer au moins 4. La forte dose de piment devient surmontable, parce que vous savez que votre mission d\u00e9passe le simple diner. Ceci dit, si on vous demande quelle musique de fond passait \u00e0 ce moment-l\u00e0, pourriez-vous la fredonner ?  <\/p>\n<p>Vous ne percevez qu\u2019une infime partie de ce qui vous est propos\u00e9, seconde apr\u00e8s seconde. De ce fait, la perception peut \u00eatre compar\u00e9e \u00e0 un choix. Chaque seconde de votre vie, vous avez le choix !  <\/p>\n<p>A++  <\/p>\n<p>St\u00e9phane SOLOMON<\/p>\n<!--themify_builder_content-->\n<div id=\"themify_builder_content-171\" data-postid=\"171\" class=\"themify_builder_content themify_builder_content-171 themify_builder tf_clear\">\n    <\/div>\n<!--\/themify_builder_content-->\n","protected":false},"excerpt":{"rendered":"<p>Voici la suite de mon message sur la perception. Je ne pensais pas livrer cette suite aussi rapidement, car les pointes d\u2019humour qu\u2019elle contient s\u2019adresse aux initi\u00e9s. J\u2019ai donc d\u00e9cid\u00e9 d\u2019\u00e9viter de troubler le concept par l\u2019humour, et de garder cette seconde partie pour beaucoup plus tard&#8230; Mais apr\u00e8s r\u00e9flexion, je me suis dit que [&hellip;]<\/p>\n","protected":false},"author":1,"featured_media":0,"parent":0,"menu_order":0,"comment_status":"open","ping_status":"open","template":"","meta":[],"builder_content":"","_links":{"self":[{"href":"https:\/\/auto-coaching.fr\/index.php\/wp-json\/wp\/v2\/pages\/171"}],"collection":[{"href":"https:\/\/auto-coaching.fr\/index.php\/wp-json\/wp\/v2\/pages"}],"about":[{"href":"https:\/\/auto-coaching.fr\/index.php\/wp-json\/wp\/v2\/types\/page"}],"author":[{"embeddable":true,"href":"https:\/\/auto-coaching.fr\/index.php\/wp-json\/wp\/v2\/users\/1"}],"replies":[{"embeddable":true,"href":"https:\/\/auto-coaching.fr\/index.php\/wp-json\/wp\/v2\/comments?post=171"}],"version-history":[{"count":4,"href":"https:\/\/auto-coaching.fr\/index.php\/wp-json\/wp\/v2\/pages\/171\/revisions"}],"predecessor-version":[{"id":175,"href":"https:\/\/auto-coaching.fr\/index.php\/wp-json\/wp\/v2\/pages\/171\/revisions\/175"}],"wp:attachment":[{"href":"https:\/\/auto-coaching.fr\/index.php\/wp-json\/wp\/v2\/media?parent=171"}],"curies":[{"name":"wp","href":"https:\/\/api.w.org\/{rel}","templated":true}]}}