{"id":1715,"date":"2014-09-08T19:21:37","date_gmt":"2014-09-08T17:21:37","guid":{"rendered":"http:\/\/www.auto-coaching.fr\/?page_id=1715"},"modified":"2014-09-10T11:14:02","modified_gmt":"2014-09-10T09:14:02","slug":"une-gentille-rentree","status":"publish","type":"page","link":"https:\/\/auto-coaching.fr\/index.php\/une-gentille-rentree\/","title":{"rendered":"Une gentille rentr&eacute;e"},"content":{"rendered":"<p>Le fait d&#8217;\u00eatre coach conditionne forc\u00e9ment ma perception des choses : m\u00eame lorsque je vais acheter le pain, je suis en attente d&#8217;un \u00e9v\u00e8nement remarquable. C&#8217;est \u00e9galement le cas des artistes en qu\u00eate d&#8217;inspiration, et nous savons que la plupart des scientifiques et des inventeurs ont trouv\u00e9 des id\u00e9es g\u00e9niales ou des solutions \u00e0 un probl\u00e8me, hors d&#8217;un contexte de travail. Parfois m\u00eame en prenant leur bain. Dans ces moments-l\u00e0, ce qui semble \u00eatre une r\u00eavasserie est plut\u00f4t un \u00e9tat d&#8217;\u00e9veil sup\u00e9rieur \u00e0 la normale.<\/p>\n<p>Lorsqu&#8217;un \u00e9v\u00e8nement me para\u00eet anodin, je lui construis un sens. La question que je me pose est :<\/p>\n<p>&#8211; Quel est l&#8217;en de\u00e7\u00e0 de cette histoire ?<\/p>\n<p>L&#8217;en de\u00e7\u00e0 peut rev\u00eatir plusieurs formes : un sens cach\u00e9, une personne d&#8217;exception, l&#8217;occasion d&#8217;aider quelqu&#8217;un, d&#8217;apprendre quelque chose, de changer les choses&#8230; Pour r\u00e9pondre \u00e0 cette question, j&#8217;ai diff\u00e9rentes motivations, parmi lesquelles celle de vous \u00e9crire. C&#8217;est sacr\u00e9ment motivant d&#8217;avoir quelque chose \u00e0 raconter !<\/p>\n<p>Par exemple, la rentr\u00e9e scolaire de cette ann\u00e9e fut plut\u00f4t insipide. Pas d&#8217;entr\u00e9e en maternelle, pas d&#8217;entr\u00e9e en CP, pas d&#8217;entr\u00e9e au coll\u00e8ge ni au lyc\u00e9e&#8230; C&#8217;est plut\u00f4t rare quand on a 4 enfants scolaris\u00e9s. Pour moi, l&#8217;\u00e9v\u00e8nement allait donc \u00eatre \u00abla nouvelle \u00e9cole\u00bb car nous avons d\u00e9m\u00e9nag\u00e9 en mars dernier, et les enfants ont chang\u00e9 d&#8217;\u00e9tablissement cette ann\u00e9e. Je m&#8217;attendais \u00e0 quelque chose d&#8217;exceptionnel, mais je n&#8217;ai pas \u00e9t\u00e9 sp\u00e9cialement servi. C&#8217;\u00e9tait une simple rentr\u00e9e scolaire&#8230;<\/p>\n<p>Ah si&#8230; Il y a eu quand m\u00eame un truc qui m&#8217;a fait r\u00e9fl\u00e9chir&#8230; Lorsque ma fille cadette a vu sa maitresse, elle m&#8217;a dit :<\/p>\n<p>&#8211; Ouf ! \u00c7a va ! Elle a l&#8217;air gentille&#8230;<\/p>\n<p>Bon&#8230; Je sais que \u00e7a n&#8217;a rien de transcendant, mais apr\u00e8s tout, c&#8217;est \u00e0 moi de cr\u00e9er l&#8217;\u00e9v\u00e8nement en prenant une chose simple pour la transformer&#8230; Si je veux, je peux m\u00eame m&#8217;en servir comme l&#8217;amorce d&#8217;un bouquin, voire de tout un programme d&#8217;auto-coaching&#8230;<\/p>\n<h2>La gentillesse avant tout<\/h2>\n<p>Nos enfants ne s&#8217;attendent pas \u00e0 avoir des professeurs comp\u00e9tents, ni savants, ni intelligents, ni m\u00eame p\u00e9dagogues&#8230; La seule chose qui les int\u00e9resse, la seule qualit\u00e9 qu&#8217;ils scrutent pendant les premi\u00e8res secondes pour \u00e9valuer l&#8217;ann\u00e9e scolaire qu&#8217;ils vont passer, c&#8217;est le QUOTIENT DE GENTILLESSE !<\/p>\n<p>Quoi de plus normal pour un enfant de 7 ans, me direz-vous ? Je vous l&#8217;accorde. Mais pensez-vous que les attentes changent fondamentalement \u00e0 l&#8217;\u00e2ge adulte ? Lorsqu&#8217;une personne se fait embaucher par exemple, dans 8 cas sur 10, sa PREMIERE attente est la gentillesse du dirigeant et de ses coll\u00e8gues. Cette attente est formul\u00e9e de diff\u00e9rentes fa\u00e7ons (\u00e0 l&#8217;\u00e9coute, empathique, pr\u00e9venant, agr\u00e9able, sympa&#8230;), mais globalement, on veut avoir \u00e0 faire \u00e0 quelqu&#8217;un de gentil avant tout !<\/p>\n<p>Attention, je ne dis pas que la gentillesse devrait \u00eatre une option. C&#8217;est le fait que ce soit <b>la premi\u00e8re attente<\/b> qui me para\u00eet int\u00e9ressant&#8230; On pourrait s&#8217;attendre \u00e0 quelqu&#8217;un de pers\u00e9v\u00e9rant, d&#8217;inspirant, de confiant, d&#8217;efficace, de motivant&#8230; puis de gentil&#8230;<\/p>\n<p>Voyez ! Ca y est&#8230; Je suis parti ! Je croyais que je n&#8217;aurais rien d&#8217;int\u00e9ressant \u00e0 vous raconter, et finalement je vais avoir du mal \u00e0 m&#8217;arr\u00eater !<\/p>\n<h2>La premi\u00e8re impression<\/h2>\n<p>Connaissez-vous cette citation de David Swanson ?<\/p>\n<blockquote><p>Vous n\u2019aurez jamais une deuxi\u00e8me chance de faire une bonne premi\u00e8re impression.<\/p><\/blockquote>\n<p>Cette maxime est tr\u00e8s utilis\u00e9e dans le milieu du D\u00e9veloppement Personnel, de la Vente, du Recrutement&#8230; On en retire une pratique : se mettre \u00e0 son avantage lors de la premi\u00e8re rencontre. Y consacrer du temps, de l&#8217;argent, de l&#8217;Energie&#8230; Coiffure, maquillage, v\u00eatements, posture physique&#8230; et bien \u00e9videmment, la posture mentale (l&#8217;attitude) sont au rendez-vous.<\/p>\n<h2>La premi\u00e8re impression : une imposture ?<\/h2>\n<p>Beaucoup de gens consid\u00e8rent que cette fa\u00e7on de briller lors de la premi\u00e8re rencontre est un mensonge. Ils r\u00e9pondent \u00e0 l&#8217;obligation, parce qu&#8217;ils savent (ou parce qu&#8217;ils croient) que c&#8217;est ce qui est attendu par leur h\u00f4te, mais le c\u0153ur n&#8217;y est pas.<\/p>\n<p>Ils alimentent les m\u00eames pens\u00e9es et les m\u00eames \u00e9motions lorsque les r\u00f4les sont invers\u00e9s, c\u2019est-\u00e0-dire au moment o\u00f9 ils accueillent une personne qui s&#8217;est mise \u00e0 son avantage pour son premier rendez-vous :<\/p>\n<ul>\n<li>Il a l&#8217;air sympa ! Mais \u00e7a ne veut rien dire, c&#8217;est le premier jour&#8230;<\/li>\n<li>Il fait un sourire jusqu&#8217;aux oreilles&#8230; Il a quelque chose \u00e0 me vendre !<\/li>\n<li>Ils t&#8217;ont fait un cadeau de bienvenue?&#8230; Ca sent l&#8217;arnaque !<\/li>\n<\/ul>\n<p>Le message profond est : <em>\u00abc&#8217;est bien joli tout \u00e7a&#8230; mais la ficelle est facile ! Je ne me laisserai pas berner par ma premi\u00e8re impression&#8230;\u00bb<\/em>. Cette m\u00e9fiance para\u00eet intelligente car elle semble faire appel \u00e0 l&#8217;esprit critique et \u00e0 l&#8217;anticipation. Mais ne serait-ce pas plut\u00f4t <b>un juste retour de la loi de r\u00e9ciprocit\u00e9<\/b> ?<\/p>\n<p>Ceci me fait penser \u00e0 cette citation-bijou d&#8217;Henri Jeanson :<\/p>\n<blockquote><p>Parole de critique : une premi\u00e8re impression est toujours la bonne, surtout quand elle est mauvaise.<\/p><\/blockquote>\n<h2>La premi\u00e8re impression : une d\u00e9licate attention !<\/h2>\n<p>Pour aider les personnes qui ont du mal \u00e0 accepter et \u00e0 respecter l\u2019exception de la premi\u00e8re rencontre, je vous propose une approche positive. Elle demande un petit effort aux d\u00e9fenseurs de l&#8217;injonction \u00abSois toi-m\u00eame !\u00bb, mais elle est pleine de bon sens :<\/p>\n<p>Et si l&#8217;intention n&#8217;\u00e9tait pas de \u00abtromper l&#8217;ennemi\u00bb, mais plut\u00f4t de donner le meilleur de soi-m\u00eame ? De faire un effort d&#8217;imagination et de cr\u00e9ativit\u00e9 pour honorer la premi\u00e8re rencontre ?&#8230; De cr\u00e9er un contact attentionn\u00e9 et intentionn\u00e9 ?&#8230;<\/p>\n<p>Faites un effort est <b>sp\u00e9cifique<\/b>, c\u2019est \u00e0 dire <strong>adapt\u00e9 \u00e0 la situation<\/strong>. Vous pouvez faire preuve d&#8217;originalit\u00e9 \u00e0 chaque premi\u00e8re fois&#8230; L&#8217;injonction n&#8217;est pas \u00abSois toi-m\u00eame !\u00bb, car elle m\u00e8ne vers la confusion. L&#8217;id\u00e9e est plut\u00f4t d&#8217;\u00eatre \u00ab\u00e0 propos\u00bb&#8230; Si vous voulez comprendre la diff\u00e9rence fondamentale qui existe entre ces deux concepts, je vous recommande le livre III des Essais de Montaigne.<\/p>\n<p>L&#8217;institutrice de ma fille aurait-elle eu un \u00absourire technique\u00bb ? Un masque qu&#8217;elle a d\u00e9cid\u00e9 de porter ce matin-l\u00e0 afin de para\u00eetre gentille ? Avait-elle plut\u00f4t envie d&#8217;afficher un visage anxieux, fatigu\u00e9, lass\u00e9 ? C&#8217;est possible ! Mais consciente de sa mission et des premi\u00e8re attentes des personnes qu&#8217;elle va accompagner toute l&#8217;ann\u00e9e, elle a su faire un <b>don de soi<\/b>. Elle a su \u00eatre \u00ab\u00e0 propos\u00bb pour cr\u00e9er le bon contact.<\/p>\n<p>Au lieu de critiquer un \u00e9ventuel \u00abfaux-semblant\u00bb, j&#8217;ai envie de la gratifier pour cette d\u00e9licate attention :<\/p>\n<p>Ch\u00e8re Madame,<\/p>\n<ul>\n<li>Si vous vous \u00eates lev\u00e9e du mauvais pied, merci de ne pas avoir \u00e9t\u00e9 \u00abbrut de d\u00e9coffrage\u00bb<\/li>\n<li>Si certains parents vous ont agac\u00e9s, merci d&#8217;avoir \u00abfait du chichi\u00bb<\/li>\n<li>Si la r\u00e9forme des rythmes scolaires vous r\u00e9volte, merci de ne pas avoir \u00e9t\u00e9 \u00abfranc-jeu\u00bb<\/li>\n<\/ul>\n<p>Ma fille est un peu dupe : elle vous a trouv\u00e9 un \u00abair gentil\u00bb. Mais moi, je ne suis pas dupe : je reconnais la <em>g\u00e9n\u00e9reuse imposture<\/em> : en affichant ce sourire, vous avez mis la gentillesse \u00e0 l&#8217;honneur. Je reconnais l\u00e0 l&#8217;attitude d&#8217;une personne attentionn\u00e9e, \u00e9veill\u00e9e, cultiv\u00e9e, humble, avenante, m\u00e9ritante&#8230; En un mot : gentille !<\/p>\n<p>Je vous souhaite une belle rentr\u00e9e 2014-2015, sous le signe de la gentillesse.<\/p>\n<p>A++<\/p>\n<p><strong>St\u00e9phane SOLOMON<\/strong>.<\/p>\n<!--themify_builder_content-->\n<div id=\"themify_builder_content-1715\" data-postid=\"1715\" class=\"themify_builder_content themify_builder_content-1715 themify_builder tf_clear\">\n    <\/div>\n<!--\/themify_builder_content-->\n","protected":false},"excerpt":{"rendered":"<p>Le fait d&#8217;\u00eatre coach conditionne forc\u00e9ment ma perception des choses : m\u00eame lorsque je vais acheter le pain, je suis en attente d&#8217;un \u00e9v\u00e8nement remarquable. C&#8217;est \u00e9galement le cas des artistes en qu\u00eate d&#8217;inspiration, et nous savons que la plupart des scientifiques et des inventeurs ont trouv\u00e9 des id\u00e9es g\u00e9niales ou des solutions \u00e0 un [&hellip;]<\/p>\n","protected":false},"author":1,"featured_media":0,"parent":0,"menu_order":0,"comment_status":"open","ping_status":"open","template":"","meta":[],"builder_content":"","_links":{"self":[{"href":"https:\/\/auto-coaching.fr\/index.php\/wp-json\/wp\/v2\/pages\/1715"}],"collection":[{"href":"https:\/\/auto-coaching.fr\/index.php\/wp-json\/wp\/v2\/pages"}],"about":[{"href":"https:\/\/auto-coaching.fr\/index.php\/wp-json\/wp\/v2\/types\/page"}],"author":[{"embeddable":true,"href":"https:\/\/auto-coaching.fr\/index.php\/wp-json\/wp\/v2\/users\/1"}],"replies":[{"embeddable":true,"href":"https:\/\/auto-coaching.fr\/index.php\/wp-json\/wp\/v2\/comments?post=1715"}],"version-history":[{"count":3,"href":"https:\/\/auto-coaching.fr\/index.php\/wp-json\/wp\/v2\/pages\/1715\/revisions"}],"predecessor-version":[{"id":1722,"href":"https:\/\/auto-coaching.fr\/index.php\/wp-json\/wp\/v2\/pages\/1715\/revisions\/1722"}],"wp:attachment":[{"href":"https:\/\/auto-coaching.fr\/index.php\/wp-json\/wp\/v2\/media?parent=1715"}],"curies":[{"name":"wp","href":"https:\/\/api.w.org\/{rel}","templated":true}]}}