{"id":1747,"date":"2014-09-16T15:53:54","date_gmt":"2014-09-16T13:53:54","guid":{"rendered":"http:\/\/www.auto-coaching.fr\/?page_id=1747"},"modified":"2014-09-18T10:31:48","modified_gmt":"2014-09-18T08:31:48","slug":"sortie-de-bulle","status":"publish","type":"page","link":"https:\/\/auto-coaching.fr\/index.php\/sortie-de-bulle\/","title":{"rendered":"Sortie de bulle&#8230;"},"content":{"rendered":"<p>Comme je vous l\u2019ai \u00e9crit la semaine derni\u00e8re, j\u2019ai \u00e9t\u00e9 invit\u00e9 comme VIP au TEDx Alsace, en Octobre 2013. La preuve :<\/p>\n<p><a href=\"http:\/\/www.auto-coaching.fr\/images\/33dc25ab4081_D6A5\/IMG_1988_thumb1.jpg\"><img decoding=\"async\" loading=\"lazy\" title=\"IMG_1988_thumb1\" style=\"border-left-width: 0px; border-right-width: 0px; background-image: none; border-bottom-width: 0px; padding-top: 0px; padding-left: 0px; display: inline; padding-right: 0px; border-top-width: 0px\" border=\"0\" alt=\"IMG_1988_thumb1\" src=\"http:\/\/www.auto-coaching.fr\/images\/33dc25ab4081_D6A5\/IMG_1988_thumb1_thumb.jpg\" width=\"332\" height=\"444\"><\/a><\/p>\n<p>Apr\u00e8s avoir \u00e9t\u00e9 transcend\u00e9 par cette journ\u00e9e, j\u2019ai promis \u00e0 Salah BENZAKOUR, l\u2019organisateur et l\u2019initiateur du TEDx Alsace, qu\u2019en 2014 je ferai de mon mieux pour faire connaitre l\u2019\u00e9v\u00e8nement \u00e0 mes lecteurs. J\u2019ai donc commenc\u00e9 \u00e0 en parler la semaine derni\u00e8re, d\u00e8s l\u2019ouverture de la billetterie.<\/p>\n<p>Je comptais recommencer cette semaine dans un certain enthousiasme, car je sais (par \u00e9tude et par exp\u00e9rience), qu\u2019une deuxi\u00e8me relance provoque 50% d\u2019inscriptions en plus ! Par exemple, lorsque je vendais des programmes d\u2019auto-coaching, si je faisais 100 inscriptions au moment de l\u2019annonce, je pouvais esp\u00e9rer 50 inscriptions de plus en envoyant un rappel 3 ou 4 jours plus tard. C\u2019est plut\u00f4t encouragent de savoir \u00e7a !<\/p>\n<p>Lundi soir, j\u2019ai re\u00e7u ce courrier de Salah : <\/p>\n<blockquote>\n<p>A ce jour, il n&#8217;y a que toi qui a utilis\u00e9 le code SOLOMON pour l\u2019inscription au TEDx.<\/p>\n<\/blockquote>\n<p>Voil\u00e0 ce qui s\u2019appelle un grand moment de solitude !&nbsp; C\u2019\u00e9tait, en tout cas, mon premier sentiment d\u2019\u00eatre-humain&#8230; Aussi avais-je deux choix :<\/p>\n<ol>\n<li>Soit je laissais ce sentiment m\u2019envahir et se transformer en ressentiment : <em>\u00abpersonne ne s\u2019int\u00e9resse vraiment \u00e0 ce que je propose. La seule chose qui les int\u00e9resse, c\u2019est la gratuit\u00e9 et le moindre effort. D\u00e8s qu\u2019il s\u2019agit d\u2019investir en soi, de passer \u00e0 l\u2019action, de tisser des liens, de sortir de son confort, de d\u00e9couvrir de nouveaux horizons, d\u2019envisager des opportunit\u00e9s&#8230; Il n\u2019y a plus personne !\u00bb<\/em>\n<li>Soit je me remettais en question, car pour faire un score de z\u00e9ro, il faut vraiment \u00eatre \u00e0 c\u00f4t\u00e9 de la plaque ! Le communicant que je suis a tr\u00e8s mal jou\u00e9&#8230;&nbsp; A la limite, si j\u2019avais fait un score de 3 ou 4, je me serais tout simplement dit que j\u2019\u00e9tais mauvais ! Mais z\u00e9ro, c\u2019est pire que mauvais : c\u2019est inexistant !<\/li>\n<\/ol>\n<p>Il s\u2019agit de deux r\u00e9alit\u00e9s, et je m\u2019autorise \u00e0 choisir celle qui me permettra de construire ma rentr\u00e9e avec vous en communicant mieux ! Beaucoup de gens ne comprennent pas ce type de choix. Pour eux, l\u2019interpr\u00e9tation 1 est tr\u00e8s attractive :<\/p>\n<p>&#8211; C\u2019est \u00e0 cause des autres ! Je n\u2019y suis pour rien ! Je s\u00e8me, et tout le monde me plante ! Je pousse et tout le monde v\u00e9g\u00e8te !!!<\/p>\n<p>J\u2019ai opt\u00e9 pour une mauvaise communication&#8230; Ce sera donc ma r\u00e9alit\u00e9 ! Je dois vous avouer que cette r\u00e9alit\u00e9 ne m\u2019arrange pas ! Mais si je devais penser, ressentir et faire que ce qui m\u2019arrange, je ne serais pas en train de vous parler de coaching&#8230; Ah oui : j\u2019esp\u00e8re que vous avez conscience que je vous parle de coaching depuis le d\u00e9but de l\u2019aventure : je vous parle de <strong>sortir de votre bulle<\/strong> pour d\u00e9couvrir ce que le monde a \u00e0 vous offrir au-del\u00e0 de vos habitudes !<\/p>\n<p>Je ne vais pas monter toute une Campagne fa\u00e7on PWYW pour rem\u00e9dier \u00e0 ce manque d\u2019int\u00e9r\u00eat. Je n\u2019en aurai jamais le temps, car il est possible qu\u2019au moment o\u00f9 j\u2019\u00e9cris ces lignes, le dernier billet du TEDx Alsace soit vendu. Je vais donc faire ce que j\u2019ai pr\u00e9vu : un dernier article pour vous inviter \u00e0 aller vers cet \u00e9v\u00e8nement, en recadrant un mot que j\u2019ai utilis\u00e9, et qui ne me para\u00eet pas juste.<\/p>\n<h2>Conf\u00e9rence<\/h2>\n<p>Je pense que pour TED et les TEDx, le mot Conf\u00e9rence est mal choisi ! Si vous dites \u00e0 quelqu\u2019un \u00abje vais \u00e0 une conf\u00e9rence\u00bb, dans 95% des cas, il va tout de suite imaginer un cours magistral sur un ton monocorde, avec des pauses pour respirer de temps en temps&#8230; Sans oublier le bloc-notes qu\u2019il faudra gratter si vous voulez r\u00e9viser un jour&#8230; Il y a des gens qui aiment \u00e7a : <strong>collecter de l\u2019info pour plus tard<\/strong> ! Mais nous sommes des millions \u00e0 avoir subi ce type d\u2019enseignement, et en quittant les bancs de la FAC, nous avons jur\u00e9 (mais un peu tard) que l\u2019on ne nous y reprendrait plus ! Du coup, quand je vous propose de passer votre samedi apr\u00e8s-midi dans une conf\u00e9rence, forc\u00e9ment, \u00e7a ne donne pas envie !\u2026 Vous n\u2019avez m\u00eame pas envie d\u2019en parler : je n\u2019ai re\u00e7u qu\u2019un seul commentaire.<\/p>\n<p>Le terme \u00abTED Talk\u00bb n\u2019est gu\u00e8re plus motivant ! Les mots anglais ont tendance \u00e0 provoquer des reflux gastriques chez les plus sensibles de mes lecteurs (qui ont fait un effort surhumain pour s\u2019inscrire \u00e0 un programme nomm\u00e9 \u00abTIME-COACH\u00bb).<\/p>\n<p>J\u2019ai cherch\u00e9, cherch\u00e9 et cherch\u00e9 encore pendant 3 jours d\u2019\u00e9criture douloureuse, un mot qui pourrait provoquer une \u00absortie de bulle\u00bb chez quelques lecteurs. Et j\u2019ai fini par en trouver un qui me pla\u00eet ce matin :<\/p>\n<h2>Pr\u00e9ciosit\u00e9<\/h2>\n<p>Vous le savez certainement : beaucoup d\u2019id\u00e9es exploit\u00e9es outre atlantique sont n\u00e9es en Europe, dont une bonne partie en France&#8230; L\u2019\u00e9v\u00e8nement auquel je vous invite \u00e0 vous inscrire est dans la prolongation d\u2019une ph\u00e9nom\u00e8ne social franco-fran\u00e7ais, appel\u00e9 \u00ab<strong>pr\u00e9ciosit\u00e9<\/strong>\u00bb. Le mot appara\u00eet en 1620, puis, lorsque le Si\u00e8cle des Lumi\u00e8res est \u00e0 son apog\u00e9e, on parle de \u00ab<strong>faire salon<\/strong>\u00bb.<\/p>\n<p>Les pr\u00e9ciosit\u00e9s ne sont pas faites pour collecter des infos, mais pour ressentir des \u00e9motions et faire le plein d\u2019Energies Humaines. Si les mots \u00abEnergies Humaines\u00bb vous paraissent mystiques, replacez les par \u00abMotivation\u00bb. C\u2019est un bon exemple d\u2019Energie Humaine (m\u00eame si c\u2019est tr\u00e8s r\u00e9ducteur).<\/p>\n<p>Le TEDx Alsace, c\u2019est un <strong>enchainement de pr\u00e9ciosit\u00e9s<\/strong>&#8230;<\/p>\n<ul>\n<li>Oubliez les binoclards au balai plac\u00e9 o\u00f9 je pense, qui vous expliquent \u00e0 quel horizon notre plan\u00e8te sera morte, et venez vous d\u00e9lecter aupr\u00e8s de ceux qui <strong>font leur part<\/strong> pour la sauver.<\/li>\n<li>Oubliez les fous-furieux qui vous d\u00e9roulent des \u00e9quations impossibles \u00e0 d\u00e9chiffrer afin de vous prouver que notre terre n\u2019est qu\u2019un grain de poussi\u00e8re&#8230; Une sorte de fiente r\u00e9siduelle d\u2019un chaos global, et bienvenue dans le monde des scientifiques qui \u00e9voquent l\u2019<strong>Harmonie Pr\u00e9\u00e9tablie<\/strong>, et parfois l\u2019<strong>Intelligence Infinie<\/strong>&#8230;<\/li>\n<li>Oubliez les m\u00e9decins,les psys, les sociologues et les politologues qui vous incitent \u00e0 remettre vos enfants aux \u00abautorit\u00e9s comp\u00e9tentes\u00bb parce qu\u2019ils sont hypersensibles, dysphasiques, hyperactifs, anorexiques, b\u00e8gues ou autistes, et bienvenue dans le monde o\u00f9 <strong>ils prennent leur place<\/strong> :<\/li>\n<\/ul>\n<div id=\"scid:5737277B-5D6D-4f48-ABFC-DD9C333F4C5D:5f253f91-1a08-485f-ba04-5c01957abca5\" class=\"wlWriterEditableSmartContent\" style=\"float: none; padding-bottom: 0px; padding-top: 0px; padding-left: 0px; margin: 0px; display: inline; padding-right: 0px\">\n<div><object width=\"589\" height=\"331\"><param name=\"movie\" value=\"http:\/\/www.youtube.com\/v\/wu5EILxuaeU?hl=en&amp;hd=1\"><\/param><\/object><\/div>\n<div style=\"width:589px;clear:both;font-size:.8em\">La com\u00e9die de la normalit\u00e9: Josef Shovanec au TEDxAlsace 2013<\/div>\n<\/div>\n<p>Source originale : <a title=\"http:\/\/www.tedxalsace.com\/speaker\/josef-schovanec\/\" href=\"http:\/\/www.tedxalsace.com\/speaker\/josef-schovanec\/\">http:\/\/www.tedxalsace.com\/speaker\/josef-schovanec\/<\/a><\/p>\n<div style=\"width: 300px; padding-bottom: 10px; text-align: center; padding-top: 10px; padding-left: 10px; margin: 24px auto 0px; padding-right: 10px; background-color: black\"><a href=\"http:\/\/www.tedxalsace.com\/tedxalsace-2014\/\"><img decoding=\"async\" src=\"http:\/\/www.tedxalsace.com\/wp-content\/themes\/tedxalsace\/images\/logo.png\"><\/a><\/div>\n<p align=\"center\">Au th\u00e9\u00e2tre de la Sinne de Mulhouse<br \/>le samedi 27 septembre 2014 de 13h30 \u00e0 19h30<\/p>\n<div style=\"text-align: center\">\n<div style=\"margin: 10px\"><a class=\"buttonize blue\" href=\"https:\/\/www.weezevent.com\/widget_billeterie.php?id_evenement=78501&amp;code=4347&amp;color_primary=00AEEF\" align=\"center\">R\u00e9servez votre apr\u00e8s-midi<\/a><br \/><span style=\"font-size: 9pt\">(Code de r\u00e9duction = SOLOMON)<\/span><\/div>\n<div style=\"margin: 10px\"><a class=\"buttonize blue\" href=\"https:\/\/www.weezevent.com\/widget_billeterie.php?id_evenement=79317&amp;code=54355&amp;color_primary=00AEEF\" align=\"center\">R\u00e9servez votre soir\u00e9e<\/a><\/div>\n<div style=\"margin: 10px\"><a class=\"buttonize blue\" href=\"http:\/\/www.voyages-sncf.com\/\" align=\"center\">R\u00e9servez votre train<\/a><\/div>\n<div style=\"margin: 10px\"><a class=\"buttonize blue\" href=\"http:\/\/agence.voyages-sncf.com\/Hotel-Search?storedCheckoutField=&amp;storedCheckinField=&lang;=1036#startDate=27%2F09%2F2014&amp;endDate=28%2F09%2F2014&amp;adults=2&amp;star=0&amp;regionId=6141360\" align=\"center\">R\u00e9servez votre h\u00f4tel<\/a><\/div>\n<\/div>\n<p>A++  <\/p>\n<p><strong>St\u00e9phane SOLOMON<\/strong><\/p>\n<!--themify_builder_content-->\n<div id=\"themify_builder_content-1747\" data-postid=\"1747\" class=\"themify_builder_content themify_builder_content-1747 themify_builder tf_clear\">\n    <\/div>\n<!--\/themify_builder_content-->\n","protected":false},"excerpt":{"rendered":"<p>Comme je vous l\u2019ai \u00e9crit la semaine derni\u00e8re, j\u2019ai \u00e9t\u00e9 invit\u00e9 comme VIP au TEDx Alsace, en Octobre 2013. La preuve : Apr\u00e8s avoir \u00e9t\u00e9 transcend\u00e9 par cette journ\u00e9e, j\u2019ai promis \u00e0 Salah BENZAKOUR, l\u2019organisateur et l\u2019initiateur du TEDx Alsace, qu\u2019en 2014 je ferai de mon mieux pour faire connaitre l\u2019\u00e9v\u00e8nement \u00e0 mes lecteurs. J\u2019ai [&hellip;]<\/p>\n","protected":false},"author":1,"featured_media":0,"parent":0,"menu_order":0,"comment_status":"open","ping_status":"open","template":"","meta":[],"builder_content":"","_links":{"self":[{"href":"https:\/\/auto-coaching.fr\/index.php\/wp-json\/wp\/v2\/pages\/1747"}],"collection":[{"href":"https:\/\/auto-coaching.fr\/index.php\/wp-json\/wp\/v2\/pages"}],"about":[{"href":"https:\/\/auto-coaching.fr\/index.php\/wp-json\/wp\/v2\/types\/page"}],"author":[{"embeddable":true,"href":"https:\/\/auto-coaching.fr\/index.php\/wp-json\/wp\/v2\/users\/1"}],"replies":[{"embeddable":true,"href":"https:\/\/auto-coaching.fr\/index.php\/wp-json\/wp\/v2\/comments?post=1747"}],"version-history":[{"count":12,"href":"https:\/\/auto-coaching.fr\/index.php\/wp-json\/wp\/v2\/pages\/1747\/revisions"}],"predecessor-version":[{"id":1759,"href":"https:\/\/auto-coaching.fr\/index.php\/wp-json\/wp\/v2\/pages\/1747\/revisions\/1759"}],"wp:attachment":[{"href":"https:\/\/auto-coaching.fr\/index.php\/wp-json\/wp\/v2\/media?parent=1747"}],"curies":[{"name":"wp","href":"https:\/\/api.w.org\/{rel}","templated":true}]}}