{"id":1771,"date":"2014-11-05T11:36:17","date_gmt":"2014-11-05T09:36:17","guid":{"rendered":"http:\/\/www.auto-coaching.fr\/?page_id=1771"},"modified":"2014-11-05T11:46:49","modified_gmt":"2014-11-05T09:46:49","slug":"les-reussites-derriere-l-echec","status":"publish","type":"page","link":"https:\/\/auto-coaching.fr\/index.php\/les-reussites-derriere-l-echec\/","title":{"rendered":"Les r&eacute;ussites derri&egrave;re l&rsquo;&eacute;chec"},"content":{"rendered":"<p>Le 27 septembre au matin, j&#8217;ai eu un r\u00e9veil positif ! C&#8217;est \u00e0 dire sans sonnerie, en pleine forme et avec une sentiment de pl\u00e9nitude ! Pourtant, je venais d&#8217;essuyer un \u00e9chec sans pr\u00e9c\u00e9dent : j&#8217;ai propos\u00e9 \u00e0 4.000 personnes de venir avec moi au TEDx Alsace, et personne, absolument personne ne s&#8217;est inscrit ! Je ne savais pas encore que 2 lecteurs allaient me faire la surprise, donc dans ma r\u00e9alit\u00e9 int\u00e9rieure, il n&#8217;y avait personne ! <\/p>\n<p>Pourtant je ne me suis pas adress\u00e9 \u00e0 des inconnus. Il s\u2019agit de personnes avec lesquelles je communique depuis des mois, voire des ann\u00e9es pour la plupart. Les plus anciens ont re\u00e7u des dizaines de vid\u00e9os issues des TEDx pr\u00e9c\u00e9dents, et \u00e9galement des centaines d&#8217;articles orient\u00e9 D\u00e9veloppement Personnel. C&#8217;est <strong>LE<\/strong> public pour ce genre d\u2019\u00e9v\u00e8nement ! J&#8217;aurais d\u00fb remplir une salle enti\u00e8re, et j&#8217;ai fait un FLOP ! O\u00f9 est pass\u00e9 mon leadership ? <\/p>\n<p>J&#8217;aurais donc d\u00fb avoir le moral dans les chaussettes, et pourtant, j&#8217;\u00e9tais gai comme un pinson !&nbsp; Et m\u00eame si je tenais mon e-billet en mains, j&#8217;avais une heure d&#8217;avance en remontant l&#8217;escalator qui menait vers le hall de la gare. <\/p>\n<p>La raison : j&#8217;avais rendez-vous avec Laurence, une lectrice de TIME-COACH ! <\/p>\n<h2>Ma matin\u00e9e TEDx \u00e0 moi !<\/h2>\n<p>Si vous lisez les commentaires sous l&#8217;article \u00abSortie de bulle\u00bb, vous verrez que Laetitia m&#8217;a \u00e9crit qu&#8217;elle travaille pr\u00e8s de la Gare de Lyon, et qu&#8217;elle aura une pens\u00e9e pour moi samedi matin. C&#8217;est int\u00e9ressant comme attention, car elle a per\u00e7u l&#8217;en de\u00e7\u00e0 de ma d\u00e9marche : <\/p>\n<p>&#8211; Il y a un \u00eatre humain derri\u00e8re la machine ! Je ne suis pas juste un distributeur d\u2019articles en ligne. J\u2019existe dans la vrai vie ! Communiquons davantage ! Rencontrons-nous ! Partageons des id\u00e9es ! Co-Cr\u00e9ons ! <\/p>\n<p>Laetitia a donc eu une pens\u00e9e sp\u00e9ciale ce matin-l\u00e0, sachant que je passais pr\u00e8s de chez elle. Laurence a lu l&#8217;intervention de Laetitia et m&#8217;a \u00e9crit ceci : <\/p>\n<p>&#8211; Je ne pourrai pas participer \u00e0 ce TEDx, mais je passerai dans le 12\u00e8me arrondissement samedi matin et j&#8217;aimerais en profiter pour vous offrir un caf\u00e9 avant votre d\u00e9part. <\/p>\n<p>Ma journ\u00e9e TEDx a donc commenc\u00e9 par une agr\u00e9able rencontre : nous avons parl\u00e9 pendant plus de 40 minutes dans le salon Grand Voyageur. Laurence a \u00e9voqu\u00e9 ses articles pr\u00e9f\u00e9r\u00e9s, ce qui m&#8217;a permis d&#8217;identifier ses axes de d\u00e9veloppements prioritaires en quelques minutes. Nous avons pris cong\u00e9 avec la promesse que je la rappellerai d\u00e9but novembre, le temps pour elle de demander un coaching \u00e0 son employeur. Je ne l&#8217;ai pas incit\u00e9e \u00e0 le faire. Elle a voulu me rencontrer dans ce but. <strong>Elle avait besoin d&#8217;aide<\/strong> pour pr\u00e9senter la demande \u00e0 son patron : une personnalit\u00e9 difficile, mais g\u00e9n\u00e9reuse et intelligente. <\/p>\n<p>M\u00eame si sa demande n&#8217;aboutit \u00e0 \u00abrien\u00bb, je suis heureux d&#8217;avoir aid\u00e9 Laurence \u00e0 mieux appr\u00e9cier sa relation avec son employeur, et aussi \u00e0 lui faire comprendre que dans une d\u00e9marche de coaching ou de formation, elle n&#8217;\u00e9tait pas la seule b\u00e9n\u00e9ficiaire : sa demande m\u00e9ritait d&#8217;\u00eatre pr\u00e9sent\u00e9e fa\u00e7on gagnant\/gagnant. <\/p>\n<p>J&#8217;ai donc tr\u00e8s bien commenc\u00e9 mon samedi, en me rendant utile \u00e0 quelqu&#8217;un, avec peut-\u00eatre une opportunit\u00e9 commerciale au bout du suivi. Evidemment, j&#8217;aurais pr\u00e9f\u00e9r\u00e9 remplir un compartiment du train Paris-Mulhouse et animer un coaching de groupe pendant 2 heures&#8230; C&#8217;est toujours plus valorisant d&#8217;\u00eatre utile \u00e0 5 personnes et de multiplier les opportunit\u00e9s. Mais une personne, c&#8217;est d\u00e9j\u00e0 bien ! <\/p>\n<p>J\u2019aurais \u00e9galement aim\u00e9, en sortant du train , rejoindre un autre groupe d\u2019une dizaine de personnes : des alsaciens qui auraient fait un petit d\u00e9placement pour me rencontrer devant le th\u00e9\u00e2tre de la Sinne. Certains seraient rentr\u00e9s avec moi, d&#8217;autres seraient partis apr\u00e8s une poign\u00e9e de mains&#8230;  <\/p>\n<p>Mais je n&#8217;allais pas pleurer : je m&#8217;appr\u00eatais \u00e0 assister \u00e0 l&#8217;un des meilleurs spectacles de l&#8217;ann\u00e9e, suivi d&#8217;une soir\u00e9e ou j&#8217;allais cr\u00e9er des contacts avec des dizaines de personnes de tous horizons. Il n\u2019y avait vraiment pas de quoi se morfondre. <\/p>\n<h2>Ma soir\u00e9e TEDx \u00e0 moi !<\/h2>\n<p>Apr\u00e8s la repr\u00e9sentation, j\u2019ai pass\u00e9 ma soir\u00e9e \u00e0 rencontrer, r\u00e9seauter, \u00e9changer ma carte de visite, discuter avec les conf\u00e9renciers et manger des petits fours&#8230; De m\u00eame que certains magiciens font des tours de carte, j\u2019ai fait une petite d\u00e9monstration de MEMORY-COACH \u00e0 20 personnes qui m&#8217;ont donn\u00e9 chacun un mot \u00e0 m\u00e9moriser. Ce petit attroupement de 15 minutes a augment\u00e9 mon entregent, et m&#8217;a permis de collecter un maximum de cartes de visite. J&#8217;ai beaucoup de personnes \u00e0 rappeler, toutes int\u00e9ress\u00e9es par l&#8217;optimisation de leur temps, de leurs techniques d&#8217;apprentissage, de leur communication, de leur confiance int\u00e9rieure, de leur perception&#8230; <\/p>\n<h2>Mon apr\u00e8s-TEDx \u00e0 moi !<\/h2>\n<p>En rentrant chez moi, gonfl\u00e9 \u00e0 bloc, j&#8217;ai relu les commentaires laiss\u00e9s par une dizaine de lecteurs. Les m\u00eames commentaires que j&#8217;avais lus avant de partir : <\/p>\n<ul>\n<li>Jacques, un restaurateur qui habite en Aveyron a \u00e9t\u00e9 sensible \u00e0 ma d\u00e9marche, et me propose de venir me restaurer chez lui d\u00e8s que je passerai dans le coin. Il est impatient de me faire go\u00fbter sa sp\u00e9cialit\u00e9 culinaire (l&#8217;estofinade). Gr\u00e2ce \u00e0 l&#8217;intervention de Florence (vous pourrez ire la discussion dans les commentaires qui suivent l&#8217;article \u00absortie de bulle\u00bb), nous avons fix\u00e9 le rendez-vous lors du prochain TEDx de Toulouse. Ainsi, nous serons 3 autour de la table (au minimum).<\/li>\n<li>Mon article a \u00e9galement \u00e9veill\u00e9 l&#8217;int\u00e9r\u00eat de Claire, qui est en phase de cr\u00e9ation de son entreprise, et qui souhaite s&#8217;entretenir avec moi pour d&#8217;\u00e9ventuels partenariats.<\/li>\n<li>V\u00e9ronique me fait \u00e9galement une proposition de rencontre. J&#8217;esp\u00e8re que ce sera dans son atelier (elle est artiste) et qu&#8217;elle pourra me montrer comment elle travaille. Je pourrai lui souffler quelques id\u00e9es \u00abl&#8217;air de rien\u00bb, et probablement me laisser inspirer&#8230; Cela me comblerait aussi de rencontrer sa maman, la doyenne de mes lectrices (je ne sais plus qui a incit\u00e9 l&#8217;autre \u00e0 s&#8217;inscrire). V\u00e9ronique et sa m\u00e8re sont souvent intervenues suite \u00e0 mes articles, soit pour partager une exp\u00e9rience, soit pour me remercier, soit pour poser des questions relatives \u00e0 l&#8217;article&#8230; Elles sont dans le top 10 des intervenants de mes articles gratuits et payants.<\/li>\n<li>Myriam est intervenue pour me dire que la rencontre ne sera pas pour tout de suite, mais que j&#8217;ai suscit\u00e9 sa curiosit\u00e9 pour aller au TEDx Montpellier. Elle est pass\u00e9e \u00e0 l&#8217;action suite \u00e0 ma proposition ! C&#8217;est comme si elle partait \u00e0 ma rencontre. En tout cas, je suis acteur dans sa d\u00e9cision de s&#8217;offrir ce genre de cadeau.<\/li>\n<li>Sophie, Corentin, Anne-Marie&#8230; me proposent de r\u00e9p\u00e9ter l\u2019initiative lorsque je me d\u00e9placerai dans leur r\u00e9gion.<\/li>\n<\/ul>\n<p>J&#8217;ai ainsi re\u00e7u, entre commentaires publics et courriers \u00e9lectroniques confidentiels, plus de 15 propositions de rencontres qui se feront probablement dans l&#8217;ann\u00e9e. Certains lecteurs veulent juste me rencontrer, d&#8217;autres veulent \u00e9valuer la pertinence d&#8217;un coaching, d&#8217;autres encore envisagent un partenariat ou veulent me faire rencontrer quelqu&#8217;un&#8230; <\/p>\n<p>C&#8217;est d&#8217;ailleurs gr\u00e2ce \u00e0 TIME-COACH que j&#8217;ai rencontr\u00e9 Salah, l&#8217;organisateur du TEDx Alsace. J&#8217;avais rendez-vous avec un lecteur fascin\u00e9 par mon travail, et Salah l&#8217;accompagnait. <\/p>\n<p>Pour clore ce chapitre sur la \u00absortie de bulle\u00bb, j&#8217;invite toutes celles et ceux qui se disent que l&#8217;occasion est pass\u00e9e depuis le 27 septembre se soldant par un \u00e9chec, \u00e0 envisager d\u2019autres issues ! <\/p>\n<p>Mais je ne vais plus vous parler de moi, je vais vous parler de vous ! Rappelez-vous que je ne suis pas l\u00e0 pour raconter ma vie ! Mes tribulations et ce que j&#8217;en fais sont des invitations \u00e0 penser, ressentir et agir autrement : <\/p>\n<h2>Rien ne se perd, tout se transforme<\/h2>\n<p>D\u00e8s que vous lancez une id\u00e9e, un d\u00e9sir, un projet, un plan, etc. un certain nombre de personnes vous suivent imm\u00e9diatement ! Ils sont parfois nombreux, parfois tr\u00e8s peu&#8230; Mais quoi qu&#8217;il arrive vous pouvez multiplier par 10 voire par 20, le nombre de personnes qui transformeront votre proposition en quelque chose de plus personnel et de moins imm\u00e9diat. Cette cr\u00e9ativit\u00e9 est une propension naturelle humaine. Il vous appartient d&#8217;int\u00e9grer ce concept dans votre vision du leadership, au lieu de vous lamenter sur vos r\u00e9sultats instantan\u00e9s, ou de vous en contenter&#8230; <\/p>\n<p>Les r\u00e9sultats imm\u00e9diats sont temporaires. Si vous abandonnez la partie, c&#8217;est le seul souvenir que vous garderez. Mais si vous pers\u00e9v\u00e9rez en vous inspirant des ramifications que vous sugg\u00e8re votre public, vous obtiendrez les r\u00e9sultats escompt\u00e9s dans la dur\u00e9e, et bien plus encore ! Car d\u00e8s que vous appliquerez ce principe, le temps deviendra votre alli\u00e9. <\/p>\n<p>En me r\u00e9f\u00e9rant \u00e0 mes \u00e9tats-d&#8217;\u00e2me instantan\u00e9s, j&#8217;aurais pu abandonner cette newsletter ! Apr\u00e8s tout \u00e0 quoi bon me d\u00e9carcasser ? Ce n\u2019est qu\u2019une source d\u2019humiliations ! Mais en jetant l\u2019\u00e9ponge, j\u2019aurais \u00e9galement renonc\u00e9 \u00e0 toutes ces \u00absorties de bulles\u00bb, que mes lecteurs me proposent \u00e0 leur rythme. <\/p>\n<p>En maintenant le contact, la promesse reste active, et je peux concr\u00e9tiser chacune de ces transformations, \u00e0 l\u2019occasion d\u2019un d\u00e9placement. C&#8217;est de la co-cr\u00e9ation : le monde ne s&#8217;est pas arr\u00eat\u00e9 de tourner le 27 septembre suite \u00e0 mon \u00ab\u00e9chec\u00bb. Au contraire : il a re\u00e7u une impulsion qui participe \u00e0 son mouvement dans la dur\u00e9e. <\/p>\n<p>J&#8217;attends d&#8217;autres \u00absorties de bulles\u00bb, \u00e0 profusion. Et pendant que la force que j&#8217;ai d\u00e9ploy\u00e9e en septembre continue d&#8217;agir, je peux consacrer mon Energie du moment \u00e0 cr\u00e9er de nouveaux mouvements. Ce sera l&#8217;objet de mon prochain article. <\/p>\n<p>A++ <\/p>\n<p><strong>St\u00e9phane SOLOMON<\/strong><\/p>\n<!--themify_builder_content-->\n<div id=\"themify_builder_content-1771\" data-postid=\"1771\" class=\"themify_builder_content themify_builder_content-1771 themify_builder tf_clear\">\n    <\/div>\n<!--\/themify_builder_content-->\n","protected":false},"excerpt":{"rendered":"<p>Le 27 septembre au matin, j&#8217;ai eu un r\u00e9veil positif ! C&#8217;est \u00e0 dire sans sonnerie, en pleine forme et avec une sentiment de pl\u00e9nitude ! Pourtant, je venais d&#8217;essuyer un \u00e9chec sans pr\u00e9c\u00e9dent : j&#8217;ai propos\u00e9 \u00e0 4.000 personnes de venir avec moi au TEDx Alsace, et personne, absolument personne ne s&#8217;est inscrit ! [&hellip;]<\/p>\n","protected":false},"author":1,"featured_media":0,"parent":0,"menu_order":0,"comment_status":"open","ping_status":"open","template":"","meta":[],"builder_content":"","_links":{"self":[{"href":"https:\/\/auto-coaching.fr\/index.php\/wp-json\/wp\/v2\/pages\/1771"}],"collection":[{"href":"https:\/\/auto-coaching.fr\/index.php\/wp-json\/wp\/v2\/pages"}],"about":[{"href":"https:\/\/auto-coaching.fr\/index.php\/wp-json\/wp\/v2\/types\/page"}],"author":[{"embeddable":true,"href":"https:\/\/auto-coaching.fr\/index.php\/wp-json\/wp\/v2\/users\/1"}],"replies":[{"embeddable":true,"href":"https:\/\/auto-coaching.fr\/index.php\/wp-json\/wp\/v2\/comments?post=1771"}],"version-history":[{"count":3,"href":"https:\/\/auto-coaching.fr\/index.php\/wp-json\/wp\/v2\/pages\/1771\/revisions"}],"predecessor-version":[{"id":1774,"href":"https:\/\/auto-coaching.fr\/index.php\/wp-json\/wp\/v2\/pages\/1771\/revisions\/1774"}],"wp:attachment":[{"href":"https:\/\/auto-coaching.fr\/index.php\/wp-json\/wp\/v2\/media?parent=1771"}],"curies":[{"name":"wp","href":"https:\/\/api.w.org\/{rel}","templated":true}]}}