{"id":1775,"date":"2014-11-06T15:31:45","date_gmt":"2014-11-06T13:31:45","guid":{"rendered":"http:\/\/www.auto-coaching.fr\/?page_id=1775"},"modified":"2014-11-10T09:51:28","modified_gmt":"2014-11-10T07:51:28","slug":"la-loi-de-l-attraction","status":"publish","type":"page","link":"https:\/\/auto-coaching.fr\/index.php\/la-loi-de-l-attraction\/","title":{"rendered":"La loi de l&rsquo;attraction"},"content":{"rendered":"<p>Il y a quelques mois, ma compagne et moi \u00e9tions en d\u00e9placement \u00e0 Quimperl\u00e9. Le soir, en rentrant du d\u00eener d\u2019affaires, elle allume la lumi\u00e8re de la chambre d&#8217;h\u00f4tel et l&#8217;\u00e9teint imm\u00e9diatement. Je m&#8217;\u00e9tonne :  <\/p>\n<p>&#8211; Qu&#8217;est-ce qui se passe ?  <\/p>\n<p>&#8211; La fen\u00eatre est ouverte ! Je vais la fermer sinon tous les moustiques bretons vont se donner rendez-vous ici !  <\/p>\n<p>Karine ferme la fen\u00eatre, respire un grand coup et allume la lumi\u00e8re. Elle explore imm\u00e9diatement les murs et les plafonds, guettant le moindre insecte qui pourrait g\u00e2cher sa nuit.  <\/p>\n<p>Les moustiques aiment Karine ! Elle provoque sur ces insectes une attraction surnaturelle. Nous pourrions \u00eatre 10 dans la pi\u00e8ce, c&#8217;est sur elle que les petites b\u00eates se pr\u00e9cipiteront ! Vous me direz que \u00e7a a un c\u00f4t\u00e9 pratique puisque je peux dormir tranquille&#8230; \u00c7a pourrait \u00eatre vrai, mais comme elle sursaute au moindre bzzzzzz, il est impossible de fermer l&#8217;\u0153il ! Il faut dire que lorsqu&#8217;un moustique me pique (\u00e7a m&#8217;arrive quand je suis seul), \u00e7a me fait une petite boursoufflure que j&#8217;oublie dans l&#8217;heure. Mais lorsqu&#8217;un moustique pique Karine, la surface affect\u00e9e s&#8217;\u00e9tend jusqu&#8217;\u00e0 10 cm\u00b2, et elle met 48 heures \u00e0 d\u00e9senfler en se passant une pommade apaisante toutes les 3 heures&#8230; Les cloques en question passent par toutes les couleurs avant de se stabiliser sur le bleu.  <\/p>\n<p>Le ph\u00e9nom\u00e8ne est si troublant et si r\u00e9p\u00e9titif, que je me demande s&#8217;il y a un lien de cause \u00e0 effet entre sa peur des cons\u00e9quences d&#8217;une piqure, et le fait que les moustiques n&#8217;aient d&#8217;yeux que pour elle !  <\/p>\n<p>La plupart des gens sens\u00e9s vous diront que c&#8217;est l&#8217;inverse : elle conna\u00eet les cons\u00e9quences d&#8217;une piqure, elle les a v\u00e9cues dans sa chair, donc elle a peur&#8230; C&#8217;est logique ! Mais connaissant la psychologie humaine, j&#8217;ose m&#8217;interroger sur la r\u00e9ciproque : Karine a peur des moustiques ! D\u00e8s que nous dormons dans un endroit \u00abnon s\u00e9curis\u00e9\u00bb elle y pense en permanence. Elle les guette sachant qu&#8217;ils peuvent surgir de n&#8217;importe o\u00f9. Elle les chasse jusqu&#8217;au dernier tout en se disant qu&#8217;il y en a toujours un plus malin que les autres. Et elle verse dans le catastrophisme \u00e0 la moindre piqure&#8230;  <\/p>\n<p>Toutes ces obsessions ne seraient-elles pas la cause de cette attraction ?  <\/p>\n<h2>La loi de l&#8217;attraction<\/h2>\n<p>Cette petite introduction vous fait certainement sourire, car si vous avez eu une premi\u00e8re approche de <b>la Loi de l&#8217;Attraction<\/b>, vous devez vous dire que j&#8217;ai vraiment choisi un exemple tir\u00e9 par les cheveux ! La plupart des \u00abma\u00eetres\u00bb de l&#8217;Attraction abordent cette loi tr\u00e8s s\u00e9rieusement avec des th\u00e8mes comme la sant\u00e9, l&#8217;argent, le succ\u00e8s commercial, la r\u00e9ussite sociale, l&#8217;Amour&#8230; Parler de l&#8217;attraction des moustiques, c&#8217;est certes amusant, mais ce n&#8217;est pas vendeur !  <\/p>\n<p>Ah oui, parce que non seulement j&#8217;utilise un exemple qui n&#8217;int\u00e9resse que les entomophobes, mais en plus, j&#8217;ai quelque chose \u00e0 vous vendre ! C&#8217;est tr\u00e8s maladroit n&#8217;est-ce pas ? De plus, l&#8217;humour est une prise de risque car il n&#8217;est pas toujours compris&#8230;  <\/p>\n<p>Bon&#8230; T\u00e2chons d&#8217;\u00eatre s\u00e9rieux un instant :  <\/p>\n<ul>\n<li>Lorsque nous avons peur, nous respirons plus vite, et nous d\u00e9gageons davantage de gaz carbonique. Les moustiques sont attir\u00e9s par ce gaz.\n<li>Lorsque nous avons peur, notre c\u0153ur bat plus fort et le sang circule plus vite. Nous ne pouvons voir tout ceci \u00e0 l&#8217;\u0153il nu, mais les capteurs visuels des moustiques, tr\u00e8s sensibles \u00e0 la chaleur et aux ultraviolets voient une couleur diff\u00e9rente. Serait-il possible que les moustiques soient attir\u00e9s par la couleur de la peur ?\n<li>Et puis il y a la transpiration qui contient de l&#8217;acide butyrique, cette fragrance est aussi attirante pour le moustique que le miel pour les abeilles. A savoir \u00e9galement que cet acide est utilis\u00e9 dans les parfums&#8230;<\/li>\n<\/ul>\n<p>Ces comportements et bien d&#8217;autres li\u00e9s \u00e0 la peur, peuvent s&#8217;av\u00e9rer particuli\u00e8rement attractifs chimiquement parlant. De ce fait ma th\u00e9orie un peu Rock&#8217;n&#8217;roll devient soudainement intelligente ! Les moustiques ne lisent pas dans les pens\u00e9es de Karine, mais dans les manifestations physiques qui d\u00e9coulent de sa peur&#8230;  <\/p>\n<h2>Pourquoi pas moi ?<\/h2>\n<p>Il reste \u00e0 expliquer pourquoi ces petites b\u00eates m&#8217;oublient lorsque Karine est l\u00e0 ! Mon sang doit \u00eatre aussi apetissant et certainement aussi utile ! Je trouve vexant de passer pour l&#8217;homme invisible, alors que Karine brille !  <\/p>\n<p>La r\u00e9ponse est \u00e9galement scientifique : Darwin nous explique que le premier comportement induit par l&#8217;instinct de survie est la reproduction. Plus la dur\u00e9e de vie d&#8217;un animal est courte plus son app\u00e9tence sexuelle est forte, et la gestation courte. L&#8217;esp\u00e9rance de vie des lapins est de 2 \u00e0 3 ans ! Il est donc normal qu&#8217;ils se reproduisent comme&#8230; des lapins : c&#8217;est une question de survie de l&#8217;esp\u00e8ce. La gestation est de 29 \u00e0 35 jours. Ils ont \u00e0 peine le temps d&#8217;annoncer la bonne nouvelle \u00e0 la famille que les petits sont d\u00e9j\u00e0 l\u00e0 !  <\/p>\n<p>L&#8217;\u00e9l\u00e9phant vit environ 15 ans dans un environnement sauvage et la gestation est de 22 mois. C&#8217;est pour cette raison (entre autres) que l&#8217;esp\u00e8ce est en voie de disparition. La solution consiste \u00e0 les prot\u00e9ger et \u00e0 favoriser leurs besoins dans des milieux adapt\u00e9s. Car en milieu prot\u00e9g\u00e9, ils peuvent d\u00e9passer l&#8217;\u00e2ge de 60 ans (c&#8217;est sup\u00e9rieur \u00e0 l&#8217;esp\u00e9rance de vie d&#8217;un homme au d\u00e9but du si\u00e8cle pr\u00e9c\u00e9dent, et notre esp\u00e8ce a surv\u00e9cu).  <\/p>\n<p>Un moustique vit environ 15 jours. Ceux qui piquent (ou plut\u00f4t celles) ont besoin de sang animal pour la reproduction. Ce qui signifie que si nous parvenions \u00e0 trouver un moyen de ne plus nous faire piquer pendant deux semaines, il n&#8217;y aurait plus aucun moustique h\u00e9matophage sur terre ! Dans ces conditions de survie, il est normal que le moustique d\u00e9veloppe une hypersensibilit\u00e9 \u00e0 tout ce qui permet de d\u00e9tecter un animal \u00e0 sang chaud.  <\/p>\n<p>Lorsque j&#8217;entre dans une chambre d&#8217;h\u00f4tel, je suis calme, d\u00e9tendu, j&#8217;observe la d\u00e9co, les couleurs, les rideaux&#8230; Par ailleurs, l&#8217;id\u00e9e qu&#8217;une femelle puisse se servir de moi pour se reproduire n&#8217;est pas pour me d\u00e9plaire. Du coup, lorsqu&#8217;une moustiquette me per\u00e7oit, je ne dois vraiment pas \u00eatre son type ! D&#8217;autant que je suis capable de la choper en un \u00e9clair pour lui faire sa f\u00eate, malgr\u00e9 mon apparence placide. Pour une moustiquette, je suis un crapaud ! A l&#8217;inverse, Karine est une princesse : en mouvement permanent d\u00e8s qu&#8217;elle entre dans la pi\u00e8ce, elle fulmine \u00e0 l&#8217;id\u00e9e de servir de proie et pr\u00e9f\u00e8re \u00eatre pr\u00e9datrice&#8230; Une vraie tigresse ! M\u00eame si elle essaye de prendre une apparence platonique, toute la chimie de son corps la trahit ! L&#8217;insecte, tr\u00e8s sensible \u00e0 ce charme-l\u00e0, la voit briller m\u00eame dans l\u2019obscurit\u00e9.  <\/p>\n<p>C&#8217;est une question de vibrations&#8230; La peur des moustiques fait vibrer Karine, et les vibrations peureuses attirent les moustiques. Il y a 50 ans, vous vous seriez moqu\u00e9s de moi, me disant que le moustique ne peut pas savoir que nous avons peur de lui ! Seuls les chiens et le chevaux \u00e9taient soup\u00e7onn\u00e9s de reconna\u00eetre nos peurs&#8230; Aujourd&#8217;hui, nous savons qu&#8217;une \u00e9motion se manifeste par des r\u00e9actions chimiques ph\u00e9nom\u00e9nales dans notre corps, et que tout ceci influence notre environnement : la faune comme la flore.  <\/p>\n<h2>Un nouveau programme<\/h2>\n<p>J&#8217;ai longtemps h\u00e9sit\u00e9 avant de vous proposer un programme sur la Loi de l&#8217;Attraction. Je l&#8217;ai \u00e9tudi\u00e9e ces derni\u00e8res ann\u00e9es avec beaucoup d&#8217;int\u00e9r\u00eat, une immense curiosit\u00e9, un brin de scepticisme, quelques biais spirituels et une bonne dose d&#8217;humour. Je trouve que la plupart des auteurs et des conf\u00e9renciers qui \u00e9voquent cette loi manquent d&#8217;humour, et ont tendance \u00e0 se focaliser sur les croyances, mettant ainsi sur la touche la plupart des personnes qui pr\u00e9f\u00e8rent une approche pragmatique, amusante, ludique et plus op\u00e9rationnelle au quotidien.  <\/p>\n<p>Comment convaincre une personne rationnelle que lorsqu&#8217;elle pense, elle \u00e9met un message vers l&#8217;Univers, qui lui rend un \u00e9cho vibratoire fa\u00e7onnant un monde conforme \u00e0 sa pens\u00e9e !???  <\/p>\n<p>C&#8217;est une sacr\u00e9e croyance&#8230; Presque religieuse ! Mais lorsque vous lui expliquez qu&#8217;en pensant moustique, elle attire les moustiques, elle vous croit plus volontiers. Si elle r\u00e9siste, il suffit d&#8217;ajouter quelques centim\u00e8tres cube de CO2, quelques millilitres d&#8217;acide butyrique, une bonne dose d&#8217;humour, et l\u2019alchimie passe ! Puis vous pouvez l&#8217;emmener vers davantage de spiritualit\u00e9 avec la notion de \u00abSecret\u00bb. Pas forc\u00e9ment pour y croire de fa\u00e7on inconditionnelle, mais au moins pour tenter quelques exp\u00e9riences non pragmatiques : par exemple, r\u00e9server quelques minutes par jour \u00e0 la Gratitude, et observer les r\u00e9sultats ! Cette id\u00e9e n&#8217;a aucune raison de d\u00e9plaire.  <\/p>\n<p>Je vais vous livrer un Secret : dans l\u2019article que vous \u00eates en train de lire, j&#8217;utilise la Loi de l&#8217;Attraction \u00e0 fond les manettes ! J&#8217;ai activ\u00e9 en moi l&#8217;aimant de l&#8217;humour. Cet aimant, qui fait partie de mes capacit\u00e9s attractives est en train d&#8217;attirer les personnes qui ont le sens de l&#8217;humour, exactement de la m\u00eame fa\u00e7on qu&#8217;un \u00e9lectroaimant attire le fer : c&#8217;est magn\u00e9tique. Plus vous avez le sens de l&#8217;humour, plus mon aimant vous attire ! Si vous m&#8217;avez lu jusque-l\u00e0, l&#8217;attraction a fonctionn\u00e9 sur vous ! A l&#8217;inverse, les personnes qui n&#8217;ont aucun humour ou qui estiment qu&#8217;il ne faut pas plaisanter avec ces choses-l\u00e0, ont abandonn\u00e9 la lecture bien avant de lire ces lignes.  <\/p>\n<p>Voyez, c&#8217;est \u00e7a le fameux Secret ! Vous pouvez activer l&#8217;aimant de votre choix en fonction de vos besoins : Sant\u00e9, Equilibre, Argent, Succ\u00e8s, Amour&#8230; Tous ces aimants sont en vous, et vous pouvez apprendre des techniques pour les activer ou les d\u00e9sactiver \u00e0 volont\u00e9.  <\/p>\n<p>Pourquoi ai-je choisi l&#8217;aimant de l&#8217;humour ? C&#8217;est tr\u00e8s simple : je viens de vivre une p\u00e9riode difficile (ces derniers mois) avec des personnes qui n&#8217;ont pas d&#8217;humour&#8230; Pas un gramme ! Ce fut une exp\u00e9rience sans pr\u00e9c\u00e9dent : j&#8217;ai besoin de faire une cure de d\u00e9sintox ! J&#8217;active donc mon aimant humoristique ! J&#8217;envoie ce message \u00e0 mon univers, et je m&#8217;attends \u00e0 un \u00e9cho align\u00e9 sur cette attraction-l\u00e0&#8230; Le canal est ouvert :  <\/p>\n<h2>Ferez-vous partie de La R\u00e9ponse ?<\/h2>\n<p>Mon programme sur la loi de l&#8217;attraction versera souvent dans l&#8217;humour, et je mod\u00e8rerai vos questions, vos commentaires et vos id\u00e9es en t\u00e2chant de m\u2019amuser. Il est m\u00eame possible que je vous fasse une ou deux vid\u00e9os humoristiques (toujours sur le th\u00e8me de l&#8217;Attraction).  <\/p>\n<p>Je tiens toutefois \u00e0 attirer votre attention sur un ph\u00e9nom\u00e8ne \u00e9trange, souvent observ\u00e9 : certaines personnes qui ont de l&#8217;humour \u00e0 revendre, perdent leur bonne humeur d\u00e8s qu&#8217;on leur parle d&#8217;argent ! Elles opposent deux forces puissantes qui s&#8217;annulent, et l&#8217;effet dispara\u00eet. Si vous faites partie de ceux-l\u00e0, je vous remercie de m&#8217;avoir lu jusqu&#8217;ici. Vous pouvez sauter les deux prochains courriers, et focaliser votre attention sur quelque chose qui vous para\u00eet plus important.  <\/p>\n<p>Mais si vous parvenez \u00e0 garder votre bonne humeur malgr\u00e9 la \u00abquestion d&#8217;argent\u00bb, nous irons ensemble jusqu&#8217;\u00e0 la proposition de prix. Vous allez voir, \u00e7a va \u00eatre rigolo !  <\/p>\n<p>En attendant, dites-moi ce que vous en pensez ! <img decoding=\"async\" class=\"wlEmoticon wlEmoticon-winkingsmile\" style=\"border-top-style: none; border-bottom-style: none; border-right-style: none; border-left-style: none\" alt=\"Clignement d'&oelig;il\" src=\"http:\/\/www.auto-coaching.fr\/images\/La-loi-de-lattraction_C83A\/wlEmoticon-winkingsmile.png\">  <\/p>\n<p>A++  <\/p>\n<p><b>St\u00e9phane SOLOMON<\/b><\/p>\n<!--themify_builder_content-->\n<div id=\"themify_builder_content-1775\" data-postid=\"1775\" class=\"themify_builder_content themify_builder_content-1775 themify_builder tf_clear\">\n    <\/div>\n<!--\/themify_builder_content-->\n","protected":false},"excerpt":{"rendered":"<p>Il y a quelques mois, ma compagne et moi \u00e9tions en d\u00e9placement \u00e0 Quimperl\u00e9. Le soir, en rentrant du d\u00eener d\u2019affaires, elle allume la lumi\u00e8re de la chambre d&#8217;h\u00f4tel et l&#8217;\u00e9teint imm\u00e9diatement. Je m&#8217;\u00e9tonne : &#8211; Qu&#8217;est-ce qui se passe ? &#8211; La fen\u00eatre est ouverte ! Je vais la fermer sinon tous les moustiques [&hellip;]<\/p>\n","protected":false},"author":1,"featured_media":0,"parent":0,"menu_order":0,"comment_status":"open","ping_status":"open","template":"","meta":[],"builder_content":"","_links":{"self":[{"href":"https:\/\/auto-coaching.fr\/index.php\/wp-json\/wp\/v2\/pages\/1775"}],"collection":[{"href":"https:\/\/auto-coaching.fr\/index.php\/wp-json\/wp\/v2\/pages"}],"about":[{"href":"https:\/\/auto-coaching.fr\/index.php\/wp-json\/wp\/v2\/types\/page"}],"author":[{"embeddable":true,"href":"https:\/\/auto-coaching.fr\/index.php\/wp-json\/wp\/v2\/users\/1"}],"replies":[{"embeddable":true,"href":"https:\/\/auto-coaching.fr\/index.php\/wp-json\/wp\/v2\/comments?post=1775"}],"version-history":[{"count":6,"href":"https:\/\/auto-coaching.fr\/index.php\/wp-json\/wp\/v2\/pages\/1775\/revisions"}],"predecessor-version":[{"id":1791,"href":"https:\/\/auto-coaching.fr\/index.php\/wp-json\/wp\/v2\/pages\/1775\/revisions\/1791"}],"wp:attachment":[{"href":"https:\/\/auto-coaching.fr\/index.php\/wp-json\/wp\/v2\/media?parent=1775"}],"curies":[{"name":"wp","href":"https:\/\/api.w.org\/{rel}","templated":true}]}}