{"id":1873,"date":"2014-11-25T20:06:43","date_gmt":"2014-11-25T18:06:43","guid":{"rendered":"http:\/\/www.auto-coaching.fr\/?page_id=1873"},"modified":"2014-11-25T20:18:17","modified_gmt":"2014-11-25T18:18:17","slug":"changement-de-principe","status":"publish","type":"page","link":"https:\/\/auto-coaching.fr\/index.php\/changement-de-principe\/","title":{"rendered":"Changement de principe"},"content":{"rendered":"<p>Aujourd&#8217;hui, je vais illustrer certains principes de prise de d\u00e9cision, en approfondissant la la technique du TAC au TAC. Prendre une d\u00e9cision n\u2019est pas toujours facile, et il faut parfois passer par une argumentation d\u00e9velopp\u00e9e pour bousculer les paradigmes. <\/p>\n<p>Voyons le processus : <\/p>\n<p>Je vais agir sur un seul crit\u00e8re d\u00e9cisionnel : l\u2019ARGENT. Mais il arrive parfois qu\u2019un crit\u00e8re agisse sur d\u2019autres, en bien ou en mal. Je voudrais revenir sur les diff\u00e9rents moyens de paiement \u00e0 votre disposition. D&#8217;apr\u00e8s les messages que je re\u00e7ois, je constate deux croyances limitantes :  <\/p>\n<h2>Premi\u00e8re croyance limitante<\/h2>\n<p>Cette croyance vient du fait que la plupart des sites qui proposent des produits en ligne, ne s&#8217;embarrassent plus avec les ch\u00e8ques. Ils n&#8217;acceptent que la Carte Bancaire, ce qui cr\u00e9e une pr\u00e9somption chez mes lecteurs qui n&#8217;ont pas de carte ou qui ont peur de l&#8217;utiliser sur Internet. Rassurez-vous :  <\/p>\n<blockquote>\n<p>La maison accepte les ch\u00e8ques \ud83d\ude09<\/p>\n<\/blockquote>\n<p>Je pars du principe qu\u2019<strong>aucun d\u00e9tail technique ne devrait s&#8217;opposer \u00e0 votre volont\u00e9 d&#8217;investir en vous-m\u00eame<\/strong>. Evidemment, \u00e7a fait davantage de travail de mon c\u00f4t\u00e9, car le paiement \u00e9lectronique permet d&#8217;enclencher de nombreux automatismes, alors que le paiement par ch\u00e8que n\u00e9cessite des saisies manuelles. Mais m\u00eame si je pr\u00e9f\u00e8re la CB, si vous ne voulez pas ou ne pouvez pas payer de cette fa\u00e7on, envoyez un ch\u00e8que bancaire ou postal \u00e0 l\u2019adresse qui est indiqu\u00e9e sur le formulaire d\u2019inscription.  <\/p>\n<p>J\u2019accepte \u00e9galement les ch\u00e8ques-cadeau. Pour le moment, j&#8217;ai des accords avec CADHOC, 3 SUISSES, HAVAS, TIR GROUPE, KYRIELLES, CA DO CHEQUE et COMPLIMENTS UNIVERSEL. Je ne rends pas la monnaie sur les ch\u00e8ques-cadeau, mais vous pouvez faire des paiements mixtes (ch\u00e8que bancaire + ch\u00e8que cadeau).  <\/p>\n<p>Ceci peut ouvrir des horizons aux salari\u00e9s qui re\u00e7oivent des ch\u00e8ques-cadeau de leur Comit\u00e9 d\u2019Entreprise.  <\/p>\n<h2>Deuxi\u00e8me croyance limitante<\/h2>\n<p>La deuxi\u00e8me croyance et quasiment une conviction :  <\/p>\n<blockquote>\n<p>Pr\u00e8s de 7 personnes sur 10 sont convaincues que pour payer avec PAYPAL, il faut ouvrir un compte PAYPAL !<\/p>\n<\/blockquote>\n<p>C&#8217;est faux ! Je comprends qu&#8217;on puisse le croire, car lorsque vous entrez dans le processus de paiement, PAYPAL vous incite (graphiquement et textuellement) \u00e0 cr\u00e9er un compte. Mais ce n&#8217;est pas une obligation : vous pouvez payer par Carte Bancaire et <strong>ignorer les propositions d&#8217;ouverture de compte<\/strong>. J&#8217;ai re\u00e7u beaucoup d&#8217;e-mails sur ce sujet. J&#8217;ai fini par cr\u00e9er une vid\u00e9o qui explique comment faire :<\/p>\n<div id=\"scid:5737277B-5D6D-4f48-ABFC-DD9C333F4C5D:cb68113b-5a31-4275-b33c-9dca82c37c37\" class=\"wlWriterEditableSmartContent\" style=\"float: none; padding-bottom: 0px; padding-top: 0px; padding-left: 0px; margin: 0px; display: inline; padding-right: 0px\">\n<div><object width=\"564\" height=\"317\"><param name=\"movie\" value=\"http:\/\/www.youtube.com\/v\/TeypbfbQE_M?hl=en&amp;hd=1\"><\/param><\/object><\/div>\n<div style=\"width:564px;clear:both;font-size:.8em\">Comment payer par CB sur PAYPAL, sans ouvrir un compte PAYPAL<\/div>\n<\/div>\n<p>Lien Youtube : <a title=\"https:\/\/www.youtube.com\/watch?v=TeypbfbQE_M\" href=\"https:\/\/www.youtube.com\/watch?v=TeypbfbQE_M\">https:\/\/www.youtube.com\/watch?v=TeypbfbQE_M<\/a><\/p>\n<h2>Revenons \u00e0 la technique du \u00abTAC au TAC\u00bb<\/h2>\n<p>Si vous voulez vous inscrire au programme sur la Loi de l&#8217;Attraction :  <\/p>\n<ul>\n<li>C\u00f4t\u00e9 <strong>TEMPS<\/strong>, c&#8217;est toujours le m\u00eame investissement : 35 minutes par semaine (plus, si certains sujets vous passionnent)\n<li>C\u00f4t\u00e9 <strong>ARGENT<\/strong>, l&#8217;investissement est \u00e9galement le m\u00eame : 72 euros, mais si l\u2019une des deux croyances vous bloquait, vous disposez d\u00e9sormais davantage d\u2019informations qui pourraient influer votre d\u00e9cision.\n<li>C\u00f4t\u00e9 <strong>CONFIANCE<\/strong>, quelque chose a peut-\u00eatre chang\u00e9 gr\u00e2ce \u00e0 cet article. Par exemple, le fait que j\u2019accepte plusieurs modes de paiement pourrait changer la Confiance que vous avez en moi. Ca m\u2019int\u00e9resserait de le savoir.<\/li>\n<\/ul>\n<p>Ce que je vous d\u00e9cris-l\u00e0 d\u00e9passe le cadre de la d\u00e9cision de vous inscrire \u00e0 mon programme. Vous pouvez d\u00e9cliner ce mod\u00e8le \u00e0 bien d\u2019autres situations, que ce soit pour vous aider \u00e0 changer d\u2019avis ou pour convaincre d\u2019autres personnes. Le tout est d\u2019agir sur le bon crit\u00e8re :<\/p>\n<p>Lorsque vous utilisez vos crit\u00e8res d\u00e9cisionnels pour accepter ou refuser une proposition, le cerveau n&#8217;enregistre pas l\u2019ensemble du processus analytique, mais la d\u00e9cision globale. Cette d\u00e9cision devient alors un SENTIMENT, ce qui peut provoquer une inertie mentale par la suite, malgr\u00e9 les nouvelles informations : vous savez de plus en plus de choses qui devraient changer vos actions, mais vous gardez vos PRINCIPES.  <\/p>\n<p>On pourrait vous demander :  <\/p>\n<p>&#8211; Mais pourquoi tu ne veux pas faire \u00e7a ? Donne-moi une bonne raison !  <\/p>\n<p>Et vous r\u00e9pondrez :  <\/p>\n<p>&#8211; J\u2019ai une bonne raison, mais je ne sais plus laquelle&#8230; En tout cas, j\u2019y ai longuement r\u00e9fl\u00e9chi !  <\/p>\n<p>C&#8217;est extr\u00eamement fr\u00e9quent ! Plus votre analyse fut excessive et gourmande en temps par le pass\u00e9, moins vous aurez envie d&#8217;y retourner, alors que le PRINCPE ancr\u00e9 n\u2019a plus lieu d\u2019exister.  <\/p>\n<p>Je vous laisse y r\u00e9fl\u00e9chir, et bien-s\u00fbr, j&#8217;attends votre inscription \ud83d\ude09  <\/p>\n<div style=\"text-align: center; margin: 10px\"><a title=\"Inscrivez-vous\" class=\"buttonize blue\" href=\"http:\/\/www.inscription-minute.fr\/solution.aspx?code=AT47TI07&amp;origine=paypal\" target=\"_blank\">Inscrivez-vous<\/a><\/div>\n<p>&nbsp; <\/p>\n<p>A++  <\/p>\n<p><strong>St\u00e9phane SOLOMON<\/strong><\/p>\n<!--themify_builder_content-->\n<div id=\"themify_builder_content-1873\" data-postid=\"1873\" class=\"themify_builder_content themify_builder_content-1873 themify_builder tf_clear\">\n    <\/div>\n<!--\/themify_builder_content-->\n","protected":false},"excerpt":{"rendered":"<p>Aujourd&#8217;hui, je vais illustrer certains principes de prise de d\u00e9cision, en approfondissant la la technique du TAC au TAC. Prendre une d\u00e9cision n\u2019est pas toujours facile, et il faut parfois passer par une argumentation d\u00e9velopp\u00e9e pour bousculer les paradigmes. Voyons le processus : Je vais agir sur un seul crit\u00e8re d\u00e9cisionnel : l\u2019ARGENT. Mais il [&hellip;]<\/p>\n","protected":false},"author":1,"featured_media":0,"parent":0,"menu_order":0,"comment_status":"open","ping_status":"open","template":"","meta":[],"builder_content":"","_links":{"self":[{"href":"https:\/\/auto-coaching.fr\/index.php\/wp-json\/wp\/v2\/pages\/1873"}],"collection":[{"href":"https:\/\/auto-coaching.fr\/index.php\/wp-json\/wp\/v2\/pages"}],"about":[{"href":"https:\/\/auto-coaching.fr\/index.php\/wp-json\/wp\/v2\/types\/page"}],"author":[{"embeddable":true,"href":"https:\/\/auto-coaching.fr\/index.php\/wp-json\/wp\/v2\/users\/1"}],"replies":[{"embeddable":true,"href":"https:\/\/auto-coaching.fr\/index.php\/wp-json\/wp\/v2\/comments?post=1873"}],"version-history":[{"count":4,"href":"https:\/\/auto-coaching.fr\/index.php\/wp-json\/wp\/v2\/pages\/1873\/revisions"}],"predecessor-version":[{"id":1877,"href":"https:\/\/auto-coaching.fr\/index.php\/wp-json\/wp\/v2\/pages\/1873\/revisions\/1877"}],"wp:attachment":[{"href":"https:\/\/auto-coaching.fr\/index.php\/wp-json\/wp\/v2\/media?parent=1873"}],"curies":[{"name":"wp","href":"https:\/\/api.w.org\/{rel}","templated":true}]}}