{"id":1878,"date":"2014-11-26T22:02:49","date_gmt":"2014-11-26T20:02:49","guid":{"rendered":"http:\/\/www.auto-coaching.fr\/?page_id=1878"},"modified":"2014-11-28T17:38:30","modified_gmt":"2014-11-28T15:38:30","slug":"une-question-de-temps","status":"publish","type":"page","link":"https:\/\/auto-coaching.fr\/index.php\/une-question-de-temps\/","title":{"rendered":"C&rsquo;est une question de temps ?"},"content":{"rendered":"<p>Si vous avez lu mon article de mardi, vous avez compris que lorsque la prise de d\u00e9cision est d\u00e9licate, vous pouvez cadrer votre positionnement ou celui de votre interlocuteur gr\u00e2ce \u00e0 un outil prodigieux : la communication.  <\/p>\n<p>Vous remarquerez que j\u2019ai communiqu\u00e9 autour de l\u2019argent sans rien changer au prix. C\u2019est aussi valable \u00e0 propos des autres axes d\u00e9cisionnels : vous pourrez argumenter \u00e0 propos de la Confiance sans vous abaisser ni humilier votre interlocuteur, au contraire : vous pouvez le motiver et vous mettre en valeur !  <\/p>\n<p>Vous pouvez aussi communiquer autour du temps, sans augmenter ou baisser le nombre d\u2019heures par jour (24 est un tr\u00e8s beau nombre). <\/p>\n<p>Rien de nouveau sous le soleil, et pourtant le monde bouge : le nombre d\u2019adh\u00e9sions au programme ATTRACTION++ en t\u00e9moigne. Merci \u00e0 toutes celle et tous ceux qui ont \u00e9t\u00e9 sensibles \u00e0 cette argumentation.  <\/p>\n<p>Aujourd\u2019hui, je vais vous parler de TEMPS. Ah&#8230; le temps ! Je n\u2019oublie pas que 80% des personnes qui lisent cette newsletter se sont inscrites parce qu\u2019elles voulaient optimiser leur temps.  <\/p>\n<p>Mais une fois de plus, je vais communiquer \u00ab\u00e0 c\u00f4t\u00e9\u00bb. Eh oui, je ne vais pas vous promettre que la Loi de l\u2019Attraction vous permettra de prendre 2, 5 ou 10 ans d\u2019avance sur vos objectifs, car je n\u2019en sais rien, c\u2019est \u00e0 vous qu\u2019appartient votre destin ! Il y a des gens qui s\u2019inscrivent \u00e0 mes programmes et qui ne le lisent pas. Il y en a d\u2019autres qui me lisent mais qui n\u2019en font rien&#8230;&nbsp; Comment voulez-vous que je promette quoi que ce soit ? Par contre, vous pouvez vous promettre beaucoup de choses. Votre performance future d\u00e9pend de cette promesse, souvent appel\u00e9e OBJECTIF.  <\/p>\n<h2>Objectif ou saute d\u2019humeur ?<\/h2>\n<p>Voulez-vous conna\u00eetre la diff\u00e9rence entre un OBJECTIF et une HUMEUR ? Je vais vous l\u2019expliquer : supposons que j\u2019aie r\u00e9ussi \u00e0 vous convaincre de vous inscrire lundi soir, mais qu\u2019en cliquant entre 18h30 et 21h, vous ayez obtenu un message d\u2019erreur du serveur. Instantan\u00e9ment, vous vous \u00eates dit quelque chose du genre :  <\/p>\n<ul>\n<li>C\u2019est un signe !\n<li>Quel dommage, \u00e7a avait l\u2019air int\u00e9ressant !\n<li>Tant pis pour lui !\n<li>Ouf, je viens d\u2019\u00e9conomiser 72 euros\n<li>etc.<\/li>\n<\/ul>\n<p>Dans ce cas, vous avez r\u00e9pondu \u00e0 une humeur&#8230; N\u2019allez pas croire que je l\u2019ai fait expr\u00e8s pour vous tester, j\u2019ai vraiment eu un probl\u00e8me technique et cette \u00e9preuve fut plus d\u00e9licate pour moi que pour vous. J\u2019en suis venu \u00e0 bout apr\u00e8s 3 heures de travail acharn\u00e9, et ce temps que j\u2019ai consacr\u00e9 \u00e0 des probl\u00e8mes techniques au lieu de le passer en famille ne m\u2019arrangeait pas ! Pourtant, j\u2019ai fait ce sacrifice&#8230; La raison : pour moi, le lancement de ce programme n\u2019est pas une simple humeur, c\u2019est un v\u00e9ritable objectif. M\u00eame si je n\u2019aspirais pas aux probl\u00e8mes techniques, j\u2019\u00e9tais pr\u00eat \u00e0 y faire face bien avant de me lancer. La Loi de Murphy, je connais ! Et dans une certaine mesure, j\u2019ai appris \u00e0 l\u2019appr\u00e9cier. Si vous ne comprenez pas con c\u00f4t\u00e9 appr\u00e9ciable, je vous invite \u00e0 vous inscrire \u00e0 mon programme. Je vous expliquerai pourquoi et comment vous servir de ces moments pour renforcer votre motivation.  <\/p>\n<p>Inscrivez-vous !  <\/p>\n<p>Un autre exemple : vous essayez de vous inscrire, et votre carte bancaire est refus\u00e9e par PAYPAL. Vous renoncez ! Peut-\u00eatre pour les m\u00eames raisons que celles que j\u2019ai \u00e9num\u00e9r\u00e9es ci-dessus.  <\/p>\n<p>Une fois que vous avez prononc\u00e9 l\u2019une de ces formules, criez victoire ! Vous venez d\u2019\u00e9conomis\u00e9 72 euros gr\u00e2ce \u00e0 un probl\u00e8me technique qui vous a permis de confirmer que <strong>vous avez r\u00e9pondu \u00e0 une saute d\u2019humeur<\/strong>, mais certainement pas \u00e0 un objectif&#8230;  <\/p>\n<p>\u00abOuf ! L\u2019univers me r\u00e9serve quelque chose de mieux !\u00bb se disent certains&#8230; Si vous avez lu \u00e7a dans un livre sur la Loi de l\u2019Attraction, soit le livre est mal \u00e9crit, soit vous l\u2019avez mal lu&#8230; Dans les deux cas :  <\/p>\n<p>Inscrivez-vous !  <\/p>\n<p>J\u2019ai beaucoup mieux \u00e0 vous offrir que cette inconsistante b\u00e9atitude. Vous allez me dire que je simplifie beaucoup et je vous l\u2019accorde : ici, nous parlons coaching ! En tant que coach, j\u2019ose avancer l\u2019id\u00e9e que si un incident aussi banal vous emp\u00eache d\u2019aller de l\u2019avant, c\u2019est que vous n\u2019\u00e9tiez pas vraiment int\u00e9ress\u00e9 ! <strong>Votre univers vous sert un r\u00e9sultat \u00e0 la hauteur de votre demande.<\/strong> Vous n\u2019avez pas id\u00e9e du nombre de probl\u00e8mes d\u2019informatique qui se situent entre le si\u00e8ge et le clavier&#8230;  <\/p>\n<p>M\u00eame en supposant que vous n\u2019avez pas invers\u00e9 deux chiffres, expliquez-moi :  <\/p>\n<blockquote>\n<p>votre objectif \u00e9tait-il de m\u2019enrichir de 72 euros gr\u00e2ce \u00e0 votre Carte Bancaire ou de participer \u00e0 mon programme ?<\/p>\n<\/blockquote>\n<p>Si vous me dites que l\u2019un d\u00e9pend de l\u2019autre, vous confondez le POURQUOI et le COMMENT. C\u2019est une raison de plus, pour moi, de vous encourager \u00e0 vous inscrire \u00e0 mon programme, car je vais aborder ce sujet essentiel sous le prisme de la Loi de l\u2019Attraction.  <\/p>\n<p>Inscrivez-vous !  <\/p>\n<p>J\u2019ai r\u00e9cemment eu un probl\u00e8me avec la date de p\u00e9remption de ma carte. Ma compagne \u00e9tait en d\u00e9placement, je lui ai envoy\u00e9 le lien, mais sa Mastercard ne passait pas ! J\u2019ai donc appel\u00e9 ma s\u0153ur, et elle m\u2019a inscrit en moins de 3 minutes. Je l\u2019ai rembours\u00e9e quelques jours plus tard.  <\/p>\n<p>Si ma s\u0153ur n\u2019avait pas r\u00e9ussi, j\u2019aurais appel\u00e9 un copain, un confr\u00e8re, un client&#8230; Mais je serai venu \u00e0 bout de l\u2019objectif !  <\/p>\n<p>Je marque une pause pour vous rappeler que je me sers de mon actualit\u00e9 pour vous bousculer, mais ces questions d\u00e9passent largement le cadre de l\u2019univers solomonien. Cette question est universelle : <strong>Quel est votre objectif ?<\/strong> Le D\u00e9veloppement Personnel est-il pour vous un \u00abtruc sympa au passage\u00bb ou saurez-vous investir du Temps de l\u2019Argent et de la Confiance pour d\u2019am\u00e9liorer votre vie ?<\/p>\n<!--themify_builder_content-->\n<div id=\"themify_builder_content-1878\" data-postid=\"1878\" class=\"themify_builder_content themify_builder_content-1878 themify_builder tf_clear\">\n    <\/div>\n<!--\/themify_builder_content-->\n","protected":false},"excerpt":{"rendered":"<p>Si vous avez lu mon article de mardi, vous avez compris que lorsque la prise de d\u00e9cision est d\u00e9licate, vous pouvez cadrer votre positionnement ou celui de votre interlocuteur gr\u00e2ce \u00e0 un outil prodigieux : la communication. Vous remarquerez que j\u2019ai communiqu\u00e9 autour de l\u2019argent sans rien changer au prix. C\u2019est aussi valable \u00e0 propos [&hellip;]<\/p>\n","protected":false},"author":1,"featured_media":0,"parent":0,"menu_order":0,"comment_status":"open","ping_status":"open","template":"","meta":[],"builder_content":"","_links":{"self":[{"href":"https:\/\/auto-coaching.fr\/index.php\/wp-json\/wp\/v2\/pages\/1878"}],"collection":[{"href":"https:\/\/auto-coaching.fr\/index.php\/wp-json\/wp\/v2\/pages"}],"about":[{"href":"https:\/\/auto-coaching.fr\/index.php\/wp-json\/wp\/v2\/types\/page"}],"author":[{"embeddable":true,"href":"https:\/\/auto-coaching.fr\/index.php\/wp-json\/wp\/v2\/users\/1"}],"replies":[{"embeddable":true,"href":"https:\/\/auto-coaching.fr\/index.php\/wp-json\/wp\/v2\/comments?post=1878"}],"version-history":[{"count":6,"href":"https:\/\/auto-coaching.fr\/index.php\/wp-json\/wp\/v2\/pages\/1878\/revisions"}],"predecessor-version":[{"id":1893,"href":"https:\/\/auto-coaching.fr\/index.php\/wp-json\/wp\/v2\/pages\/1878\/revisions\/1893"}],"wp:attachment":[{"href":"https:\/\/auto-coaching.fr\/index.php\/wp-json\/wp\/v2\/media?parent=1878"}],"curies":[{"name":"wp","href":"https:\/\/api.w.org\/{rel}","templated":true}]}}