{"id":1884,"date":"2014-11-27T13:54:29","date_gmt":"2014-11-27T11:54:29","guid":{"rendered":"http:\/\/www.auto-coaching.fr\/?page_id=1884"},"modified":"2014-11-27T15:31:47","modified_gmt":"2014-11-27T13:31:47","slug":"ouf-bientot-la-retraite","status":"publish","type":"page","link":"https:\/\/auto-coaching.fr\/index.php\/ouf-bientot-la-retraite\/","title":{"rendered":"Ouf ! Bient&ocirc;t la retraite !"},"content":{"rendered":"<p>A chaque fois que je lance un programme, j\u2019ai des remarques de ce type : <\/p>\n<ul>\n<li>Je prends ma retraite l\u2019ann\u00e9e prochaine, tout \u00e7a c\u2019est derri\u00e8re moi maintenant !\n<li>Vous savez, \u00e0 l\u2019\u00e2ge de 60 ans, la motivation n\u2019est plus la m\u00eame&#8230;\n<li>J\u2019aspire d\u00e9sormais \u00e0 une retraite tranquille, tous ces discours sur la performance me fatiguent ! <\/li>\n<\/ul>\n<p>D\u2019accord ! Je n\u2019ai rien contre les personnes qui pensent ainsi. J\u2019en fr\u00e9quente beaucoup, j\u2019en appr\u00e9cie un bon nombre, et j\u2019en aime certaines. J\u2019aborde avec les retrait\u00e9s beaucoup de sujets, et je leur sers du D\u00e9veloppement Personnel \u00e0 tr\u00e8s petite dose&#8230; Normal ! ces personnes ne se sont pas inscrites \u00e0 ma Newsletter.  <\/p>\n<p>Mais vous, que faites-vous l\u00e0 ? Je n\u2019ai oblig\u00e9 personne \u00e0 s\u2019inscrire \u00e0 un programme sur la performance : vous avez fait \u00e7a de votre propre chef suite \u00e0 une simple proposition. Une proposition que des millions de personnes ont refus\u00e9e. Quant \u00e0 l\u2019argument de la retraite, permettez-moi d\u2019affirmer que \u00e7a n\u2019a rien \u00e0 voir, c\u2019est une question de temp\u00e9rament !  <\/p>\n<p>Lundi,&nbsp; Lalou a laiss\u00e9 ce commentaire sous mon article :  <\/p>\n<blockquote>\n<p>Je n\u2019avais que 2 oui, et 1 peut-\u00eatre \u2013 car, petite vieille petite pensionn\u00e9e <\/p>\n<\/blockquote>\n<p>Lalou a 20 ans de plus qu\u2019une jeune retrait\u00e9e, et elle s\u2019est inscrite ! Si vous pensez qu\u2019elle n\u2019a pas toute sa t\u00eate et que je profite de la cr\u00e9dulit\u00e9 des personnes \u00e2g\u00e9es, vous n\u2019avez qu\u2019\u00e0 lire la qualit\u00e9 de ses interventions, et surtout \u00e0 vous inscrire pour vous inspirer de ses futures participations \u00e0 ATTRACTION++, car elle partage son exp\u00e9rience avec g\u00e9n\u00e9rosit\u00e9.  <\/p>\n<p>J\u2019ai \u00e9galement enregistr\u00e9 l\u2019inscription d\u2019une jeune-femme de 75 ans, avec laquelle je communique r\u00e9guli\u00e8rement. Cette enseignante, apr\u00e8s avoir pris sa retraite officielle il y a une quinzaine d\u2019ann\u00e9es, a d\u00e9cid\u00e9 de partager son exp\u00e9rience et son savoir dans plusieurs associations, que ce soit pour aider les \u00e9l\u00e8ves en difficult\u00e9 ou les instituteurs d\u00e9rout\u00e9s. Si je ne cite pas son nom, c\u2019est parce qu\u2019elle n\u2019a pas encore communiqu\u00e9 publiquement \u00e0 propos de son \u00e2ge. Mais elle est l\u00e0 ! Elle me lit, et elle participe \u00e0 mes programmes avec enthousiasme.  <\/p>\n<p>Rien que la pr\u00e9sence de ces deux personnes dans les commentaires de mes articles, m\u00e9rite votre inscription. Lorsque j\u2019ai vu leurs noms passer, j\u2019ai eu envie de m\u2019inscrire \u00e0 mon propre programme ! <\/p>\n<div style=\"text-align: center; margin: 10px\"><a title=\"Inscrivez-vous\" class=\"buttonize blue\" href=\"http:\/\/www.inscription-minute.fr\/solution.aspx?code=AT47TI07&amp;origine=retraite\" target=\"_blank\">Inscrivez-vous<\/a><\/div>\n<p>Allez, une petite vid\u00e9o pour la forme&#8230;<\/p>\n<div id=\"scid:5737277B-5D6D-4f48-ABFC-DD9C333F4C5D:18b2e53d-854f-4b53-bd85-cae809058248\" class=\"wlWriterEditableSmartContent\" style=\"float: none; padding-bottom: 0px; padding-top: 0px; padding-left: 0px; margin: 0px; display: inline; padding-right: 0px\">\n<div><object width=\"597\" height=\"335\"><param name=\"movie\" value=\"http:\/\/www.youtube.com\/v\/hjHnWz3EyHs?hl=en&amp;hd=1\"><\/param><\/object><\/div>\n<\/div>\n<p>&nbsp; <\/p>\n<p>Paddy a eu une vie \u00abnormale\u00bb pour une femme de 80 ans : un peu de danse classique dans sa jeunesse, une guerre mondiale, 4 enfants, un travail qui la contraint \u00e0 abandonner ses activit\u00e9s-passion, le d\u00e9c\u00e8s de son homme, et comme tout le monde, le choix de choisir son destin&#8230; <\/p>\n<p>Ce qui m\u2019\u00e9meut le plus dans cette vid\u00e9o (puisqu\u2019il faut faire un choix), c\u2019est le fait qu\u2019elle soit tellement forte pendant la performance, et si fragile au moment de livrer son parcours. J\u2019ai cru qu\u2019elle allait tomber d\u2019\u00e9motion ! A moins que ce soit moi&#8230;  <\/p>\n<p>Nico, son partenaire qui lui a appris \u00e0 danser latino, a dit quelque chose d\u2019int\u00e9ressant apr\u00e8s les bravos :  <\/p>\n<p>&#8211; Si elle peut le faire, chacun de vous peut le faire !  <\/p>\n<p>Croyez-vous qu\u2019il r\u00e9duit la valeur de la prestation de Paddy ? Ou qu\u2019il profite de ce passage t\u00e9l\u00e9 pour faire la promo de son \u00e9cole de danse ??? Ah si seulement les <strong>citations orient\u00e9es D\u00e9veloppement Personnel<\/strong> \u00e9taient comprises \u00e0 leur juste valeur&#8230; Nico nous dit tout simplement, que Paddy est <strong><font color=\"#4f81bd\">all\u00e9e vers<\/font><\/strong> ce qui la fait vibrer, pour vivre pleinement quelque chose de \u00abdiff\u00e9rent\u00bb&#8230; Chacun peut faire ce choix !  <\/p>\n<p>La Loi de l\u2019Attraction vous permet de faire ce choix quel que soit votre \u00e2ge, et d\u2019appliquer des techniques et des outils qui vous permettront de Devenir. <\/p>\n<p>Je ne suis pas de ces motivateurs qui vous promettent de devenir le prochain Albert EINSTEIN, le Victor HUGO du XXI\u00e8me si\u00e8cle, la Mary HIGGINS CLARK fran\u00e7aise, le nouveau Bill GATES ou l\u2019incarnation de S\u0153ur EMMANUELLE&#8230; Je vous propose de d\u00e9couvrir un processus, une attitude. Une fa\u00e7on de penser, de vous \u00e9mouvoir et d\u2019agir, qui vous donneront envie de fixer des objectifs dignes de vous, et de ne jamais vous retirer de la vie&#8230; De votre vie.  <\/p>\n<p>Alors S\u2019il vous pla\u00eet, ne me parlez pas de votre retraite qui approche, de votre banquier pas commode en ce moment, du chocolat prioritaire en cette p\u00e9riode, des huitres hors de prix, de la crise qui n\u2019en finit plus, ou de la fin du monde qui a 2 ans de retard&#8230; C\u2019est hors-sujet ! Il n\u2019y a qu\u2019une seule vraie question :  <\/p>\n<h2>Ce programme vous int\u00e9resse-t-il ou pas ? <\/h2>\n<p>Si NON, ne vous posez plus aucune question et n\u2019argumentez pas autour du Temps, de l\u2019Argent ou de la Confiance, c\u2019est de la procrastination !  <\/p>\n<p>Si OUI, passez \u00e0 l\u2019action : <strong>communiquez autour du T.A.C. !<\/strong> C\u2019est de la curiosit\u00e9, de l\u2019envie, de l\u2019espoir, de l\u2019esprit, de la congruence, du commerce agr\u00e9able&#8230; Parlons-en ! J\u2019aime aider, encourager et motiver les gens qui ont envie de comprendre, qui h\u00e9sitent \u00e0 faire un choix, qui s\u2019interrogent sur l\u2019opportunit\u00e9 \u00e0 saisir, qui ont besoin d\u2019\u00eatre rassur\u00e9s&#8230; Il y a toujours moyen de s\u2019arranger avec les personnes de bonne volont\u00e9. <\/p>\n<div style=\"text-align: center; margin: 10px\"><a title=\"Inscrivez-vous\" class=\"buttonize blue\" href=\"http:\/\/www.inscription-minute.fr\/solution.aspx?code=AT47TI07&amp;origine=retraite\" target=\"_blank\">Inscrivez-vous<\/a><\/div>\n<p>Ou posez-moi&nbsp; des questions qui vous permettront <strong><font color=\"#4f81bd\">d\u2019aller vers<\/font><\/strong>&nbsp; votre inscription. <\/p>\n<p>A++  <\/p>\n<p><strong>St\u00e9phane SOLOMON<\/strong><\/p>\n<!--themify_builder_content-->\n<div id=\"themify_builder_content-1884\" data-postid=\"1884\" class=\"themify_builder_content themify_builder_content-1884 themify_builder tf_clear\">\n    <\/div>\n<!--\/themify_builder_content-->\n","protected":false},"excerpt":{"rendered":"<p>A chaque fois que je lance un programme, j\u2019ai des remarques de ce type : Je prends ma retraite l\u2019ann\u00e9e prochaine, tout \u00e7a c\u2019est derri\u00e8re moi maintenant ! Vous savez, \u00e0 l\u2019\u00e2ge de 60 ans, la motivation n\u2019est plus la m\u00eame&#8230; J\u2019aspire d\u00e9sormais \u00e0 une retraite tranquille, tous ces discours sur la performance me fatiguent [&hellip;]<\/p>\n","protected":false},"author":1,"featured_media":0,"parent":0,"menu_order":0,"comment_status":"open","ping_status":"open","template":"","meta":[],"builder_content":"","_links":{"self":[{"href":"https:\/\/auto-coaching.fr\/index.php\/wp-json\/wp\/v2\/pages\/1884"}],"collection":[{"href":"https:\/\/auto-coaching.fr\/index.php\/wp-json\/wp\/v2\/pages"}],"about":[{"href":"https:\/\/auto-coaching.fr\/index.php\/wp-json\/wp\/v2\/types\/page"}],"author":[{"embeddable":true,"href":"https:\/\/auto-coaching.fr\/index.php\/wp-json\/wp\/v2\/users\/1"}],"replies":[{"embeddable":true,"href":"https:\/\/auto-coaching.fr\/index.php\/wp-json\/wp\/v2\/comments?post=1884"}],"version-history":[{"count":6,"href":"https:\/\/auto-coaching.fr\/index.php\/wp-json\/wp\/v2\/pages\/1884\/revisions"}],"predecessor-version":[{"id":1890,"href":"https:\/\/auto-coaching.fr\/index.php\/wp-json\/wp\/v2\/pages\/1884\/revisions\/1890"}],"wp:attachment":[{"href":"https:\/\/auto-coaching.fr\/index.php\/wp-json\/wp\/v2\/media?parent=1884"}],"curies":[{"name":"wp","href":"https:\/\/api.w.org\/{rel}","templated":true}]}}