{"id":1901,"date":"2014-12-01T10:00:30","date_gmt":"2014-12-01T08:00:30","guid":{"rendered":"http:\/\/www.auto-coaching.fr\/?page_id=1901"},"modified":"2014-12-01T18:59:07","modified_gmt":"2014-12-01T16:59:07","slug":"adhesion-par-leadership","status":"publish","type":"page","link":"https:\/\/auto-coaching.fr\/index.php\/adhesion-par-leadership\/","title":{"rendered":"Adh&eacute;sion par leadership"},"content":{"rendered":"<p>Depuis la semaine derni\u00e8re, je vous propose de vous inscrire au programme ATTRACTION++ sans essayer de vous motiver par son contenu. Pour le moment, \u00e0 part une introduction qui parle de moustiques, ce programme est un myst\u00e8re&#8230;<\/p>\n<p>C\u2019est sacr\u00e9ment gonfl\u00e9 ! Il y a si peu d\u2019informations, qu\u2019on pourrait qualifier d\u2019inconscientes, les personnes qui se sont inscrites !<\/p>\n<p>Vraiment ? Rappelez-vous l\u2019article de ce matin :<\/p>\n<h2>Et si derri\u00e8re tout \u00e7a il y avait une proposition d\u2019auto-coaching ?<\/h2>\n<p>Pourriez-vous en faire autant ? Comprenez ma question : il ne s\u2019agit pas, pour vous, de vendre un programme sur la Loi de l\u2019Attraction, mais de vendre VOS produits ou VOS services sans passer par la case argumentaire&#8230;<\/p>\n<p>M\u00eame si vous n\u2019avez rien \u00e0 vendre, je suis s\u00fbr que vous avez des id\u00e9es, et que vous souhaiteriez que certaines personnes y adh\u00e8rent. Hier, j\u2019ai demand\u00e9 \u00e0 Karine (ma compagne), si elle pouvait me donner 10\u20ac. Elle m\u2019a dit OUI, et elle m\u2019a tendu le billet sans me poser de questions. C\u2019est super ! Je n\u2019ai m\u00eame pas eu besoin de lui dire que c\u2019\u00e9tait pour le calendrier des \u00e9boueurs, et elle ne m\u2019a pas dit que 10\u20ac, c\u2019est 2 fois trop ! Nous avons gagn\u00e9 un temps fou !<\/p>\n<p>Je peux en t\u00e9moigner, car il fut un temps o\u00f9 c\u2019\u00e9tait tr\u00e8s diff\u00e9rent : elle avait un \u00abprogramme mental\u00bb li\u00e9 \u00e0 l\u2019argent, qui face \u00e0 ce genre de demande, lui faisait dire automatiquement :<\/p>\n<p>&#8211; Pourquoi faire ???<\/p>\n<p>Je me souviens m\u00eame qu\u2019une fois nous \u00e9tions sur le quai du m\u00e9tro et je voulais m\u2019acheter une bouteille d\u2019eau dans le distributeur. Je n\u2019avais pas de monnaie, alors j\u2019ai fait ma demande :<\/p>\n<p>&#8211; Tu peux me passer 2\u20ac ?<\/p>\n<p>&#8211; Pourquoi faire ???<\/p>\n<p>Je ne sais pas ce que vous en pensez, mais je trouve \u00e7a terrible de devoir s\u2019expliquer avec sa femme pour 2\u20ac. D\u2019autant que si je les avais sortis de ma poche, elle ne m\u2019aurait pas demand\u00e9 :<\/p>\n<p>&#8211; Attends&#8230; Attends&#8230; Attends !!! Qu\u2019est-ce que tu vas faire avec cet argent ?<\/p>\n<p>\u00abpourquoi faire ???\u00bb \u00e9tait donc un <em>r\u00e9flexe mental<\/em>. Nous avons d\u00e9programm\u00e9 \u00e7a dans la bonne humeur, tout simplement en en discutant avec Amour, patience et g\u00e9n\u00e9rosit\u00e9. Nous avons invent\u00e9 un jeu : \u00e0 chaque fois qu\u2019elle posait cette question, elle devait me donner le double !<\/p>\n<p>Au d\u00e9but j\u2019\u00e9tais tellement s\u00fbr de gagner, que quand je voulais 10 \u20ac, j\u2019en demandais 5. <img decoding=\"async\" class=\"wlEmoticon wlEmoticon-winkingsmile\" style=\"border-top-style: none; border-bottom-style: none; border-right-style: none; border-left-style: none\" alt=\"Clignement d'&oelig;il\" src=\"http:\/\/www.auto-coaching.fr\/images\/a452af9249a4_7DF2\/wlEmoticon-winkingsmile.png\"><\/p>\n<h2>C\u2019est plus fort que moi&#8230;<\/h2>\n<p>Bon&#8230; Je vais m\u2019expliquer, parce que si je continue vous allez conclure que j\u2019ai d\u00e9cid\u00e9 de vous raconter ma vie pour passer le temps. Ce n\u2019est pas du tout l\u2019objet de ma d\u00e9marche. Je voulais juste vous expliquer que Karine n\u2019avait aucun probl\u00e8me de Temps, ni d\u2019Argent, ni de Confiance lorsque je lui demandais de la monnaie, et que son inqui\u00e9tude exprim\u00e9e par ce \u00abpourquoi faire ???\u00bb n\u2019avait absolument rien \u00e0 voir avec moi. C\u2019\u00e9tait inscrit en elle, et <strong>c\u2019\u00e9tait plus fort qu\u2019elle !<\/strong><\/p>\n<p>Il n\u2019emp\u00eache que m\u00eame si je ne le prenais pas personnellement, c\u2019\u00e9tait assez \u00e9nervant pour que je d\u00e9cide de mettre fin \u00e0 cet automatisme. Si vous avez fait un peu de psycho, vous me direz que \u00e7a vient de sa m\u00e8re ou de son p\u00e8re. Probablement&#8230; Nos \u00e9ducateurs sont \u00e0 l\u2019origine de nos r\u00e9flexes mentaux. Mais bon&#8230; Heureusement, nous n\u2019avons pas eu besoin de 10 ann\u00e9es de divan pour \u00e7a. Nous avons r\u00e9gl\u00e9 ce genre de choses entre adultes consentants, en qu\u00eate de Bonheur. Parce que la qu\u00eate du Bonheur, <strong>c\u2019est plus fort que nous<\/strong> aussi ! Je pouvais donc demander \u00e0 notre \u00abqu\u00eate du Bonheur\u00bb de lutter contre son \u00abpourquoi faire ???\u00bb. Le Bonheur a gagn\u00e9 !<\/p>\n<p>C\u2019est important, ce que je viens de dire, parce que si son but avait \u00e9t\u00e9 de me pourrir la vie, je n\u2019aurais m\u00eame pas tent\u00e9 de corriger le probl\u00e8me, quitte \u00e0 mourir d\u00e9shydrat\u00e9 sur le quai du m\u00e9tro ! Au mieux, j\u2019aurais demand\u00e9 \u00e0 un passant de me d\u00e9panner de 2 euros, sous le regard m\u00e9dus\u00e9 de la m\u00e9g\u00e8re&#8230; Mais Karine, c\u2019est ma Princesse, ma Guerri\u00e8re, ma Sir\u00e8ne, ma Berg\u00e8re, mon Autre, ma Moiti\u00e9&#8230; Je n\u2019allais donc pas la laisser avec ce \u00abpourquoi faire ???\u00bb, qui \u00e0 l\u2019image d\u2019un virus informatique, aurait ralenti notre vie, et se serait incrust\u00e9 dans les esprits de nos 4 enfants, polluant l\u2019Univers, g\u00e9n\u00e9ration apr\u00e8s g\u00e9n\u00e9ration, de milliers de ch\u00e9rubins tous marqu\u00e9s au fer rouge du \u00abpourquoi faire ???\u00bb.<\/p>\n<p>C\u2019est une attitude \u00e9colo : il faut parfois s\u2019autoriser \u00e0 reprogrammer ce qui est plus fort que soi&#8230;<\/p>\n<h2>Parlons de nous<\/h2>\n<p>Bon&#8230; Nous ne sommes pas aussi intimes vous et moi, donc vous avez le droit, de me demander \u00abpourquoi faire ???\u00bb lorsque je vous propose un programme \u00e0 72 euros. Je vais donc entrer dans un nouveau style de communication pour tenter de vous convaincre avec patience et g\u00e9n\u00e9rosit\u00e9. Je vais toutefois faire une derni\u00e8re tentative \u00abbizarre\u00bb, en illustrant mes propos avec d\u2019autres r\u00e9f\u00e9rences :<\/p>\n<p>Charles BEIGBEDER est le fondateur de POWEO (entre autres entreprises). Il a \u00e9galement \u00e9crit quelques livres orient\u00e9s D\u00e9veloppement Personnel (\u00e0 ne pas confondre avec son fr\u00e8re Fr\u00e9d\u00e9ric qui cultive un autre style).<\/p>\n<p>Lorsque Charles a cr\u00e9\u00e9 POWEO, il a demand\u00e9 \u00e0 d\u2019anciens coll\u00e8gues de le rejoindre dans l\u2019aventure. Certains ont dit OUI imm\u00e9diatement, parfois en d\u00e9missionnant d\u2019un poste de cadre bien r\u00e9mun\u00e9r\u00e9, et sans m\u00eame lui demander \u00abpourquoi faire ???\u00bb. Ils n\u2019avaient aucune id\u00e9e de ce qu\u2019il allait leur proposer ! La seule chose qui les int\u00e9ressait, c\u2019\u00e9tait de travailler avec Charles, qui \u00e9videmment, n\u2019en \u00e9tait pas \u00e0 son coup d\u2019essai.<\/p>\n<p>Charles BEIGBEDER a du LEADERSHIP ! C\u2019est un pro des affaires ! Il a souvent r\u00e9ussi, il s\u2019est parfois plant\u00e9, il s\u2019est toujours relev\u00e9&#8230;Ses collaborateurs ne sont pas des pantins endormis r\u00e9pondant \u00e0 la moindre suggestion par la positive. Si Charles leur demandait de sauter par la fen\u00eatre, la collaboration cesserait sur le champ.<\/p>\n<p>&nbsp; Il vous est s\u00fbrement d\u00e9j\u00e0 arriv\u00e9 de dire ou d\u2019entendre dire&nbsp; :<\/p>\n<ul>\n<li>Je vais aller voir le dernier Spielberg\n<li>J\u2019ai command\u00e9 le dernier Stephen King\n<li>Je viens d\u2019acheter le dernier Johnny<\/li>\n<\/ul>\n<p>Et si vous demandez \u00e0 ces \u00abfans\u00bb de fredonner une chanson de l\u2019album, d\u2019expliquer de quoi parle le livre ou de donner le titre du film, ils pourraient vous r\u00e9pondre qu\u2019ils n\u2019en savent rien ! Ils adh\u00e8rent parce que ces artistes ont fait leurs preuves : pas besoin de tergiverser autour de l\u2019incontournable !<\/p>\n<h2>A vous de jouer !<\/h2>\n<p>Vous avez un projet ? Vous \u00eates en train de vous arracher les cheveux entre tableaux, graphismes, argumentaires, business-plan et autres pr\u00e9visionnels ? <strong>Et si vous aviez du leadership sans le savoir ?<\/strong> Les adh\u00e9sions par leadership ne sont pas si rares, et vous devriez tenter l\u2019exp\u00e9rience. Il est possible qu\u2019une simple proposition pr\u00e9sent\u00e9e en quelques minutes vous permette d\u2019atteindre votre objectif, ou du moins une partie de l\u2019objectif qui d\u00e9clenchera une belle r\u00e9action en cha\u00eene. <\/p>\n<p>Je ne vous demande pas d\u2019\u00eatre aussi provocateur que moi, car avec cette Newsletter, nous \u00e9voluons dans un contexte o\u00f9 <strong>la d\u00e9monstration fait partie du jeu<\/strong>. Mais vous pourriez travailler votre leadership au point d\u2019attirer vers vous des hommes et des femmes qui n\u2019ont pas besoin de savoir \u00abpourquoi faire ???\u00bb.<\/p>\n<p>Ils diront OUI parce que c\u2019est vous !<\/p>\n<p>Ensuite, vous pourrez comme l\u2019a fait Charles BEIGBEDER, et comme le font tous les artistes, recruter de fa\u00e7on traditionnelle, afin de compl\u00e9ter le noyau dur.<\/p>\n<h2>Cl\u00f4ture de leadership<\/h2>\n<p>Allez ! Je vais laisser mijoter tout \u00e7a encore une journ\u00e9e. L\u2019adh\u00e9sion par leadership sera possible jusqu\u2019\u00e0 mercredi. Ensuite, je vais entrer dans l\u2019argumentaire commercial qui expliquera \u00abpourquoi faire !\u00bb avec patience et g\u00e9n\u00e9rosit\u00e9. Car je n\u2019oublie ni ne m\u00e9prise ceux qui ont <strong>besoin de mati\u00e8re<\/strong>. Je donne juste <strong>priorit\u00e9 \u00e0 l\u2019Energie<\/strong>.<\/p>\n<p>Je d\u00e9die cet article avec Gratitude, aux 31 lecteurs qui ont rejoint ATTRACTION++ par Energie, et \u00e9galement \u00e0 celles et ceux qui rejoindront le mouvement apr\u00e8s avoir \u00e9t\u00e9 convaincus par cette lecture. Vous \u00eates les complices de ma patience et de ma g\u00e9n\u00e9rosit\u00e9.<\/p>\n<div style=\"text-align: center; margin: 10px\"><a title=\"Inscrivez-vous\" class=\"buttonize blue\" href=\"http:\/\/www.inscription-minute.fr\/solution.aspx?code=AT47TI07&amp;origine=leadership\" target=\"_blank\">Inscrivez-vous<\/a><\/div>\n<p>Attractivement v\u00f4tre,<\/p>\n<p><strong>St\u00e9phane SOLOMON<\/strong><\/p>\n<!--themify_builder_content-->\n<div id=\"themify_builder_content-1901\" data-postid=\"1901\" class=\"themify_builder_content themify_builder_content-1901 themify_builder tf_clear\">\n    <\/div>\n<!--\/themify_builder_content-->\n","protected":false},"excerpt":{"rendered":"<p>Depuis la semaine derni\u00e8re, je vous propose de vous inscrire au programme ATTRACTION++ sans essayer de vous motiver par son contenu. Pour le moment, \u00e0 part une introduction qui parle de moustiques, ce programme est un myst\u00e8re&#8230; C\u2019est sacr\u00e9ment gonfl\u00e9 ! Il y a si peu d\u2019informations, qu\u2019on pourrait qualifier d\u2019inconscientes, les personnes qui se [&hellip;]<\/p>\n","protected":false},"author":1,"featured_media":0,"parent":0,"menu_order":0,"comment_status":"open","ping_status":"open","template":"","meta":[],"builder_content":"","_links":{"self":[{"href":"https:\/\/auto-coaching.fr\/index.php\/wp-json\/wp\/v2\/pages\/1901"}],"collection":[{"href":"https:\/\/auto-coaching.fr\/index.php\/wp-json\/wp\/v2\/pages"}],"about":[{"href":"https:\/\/auto-coaching.fr\/index.php\/wp-json\/wp\/v2\/types\/page"}],"author":[{"embeddable":true,"href":"https:\/\/auto-coaching.fr\/index.php\/wp-json\/wp\/v2\/users\/1"}],"replies":[{"embeddable":true,"href":"https:\/\/auto-coaching.fr\/index.php\/wp-json\/wp\/v2\/comments?post=1901"}],"version-history":[{"count":5,"href":"https:\/\/auto-coaching.fr\/index.php\/wp-json\/wp\/v2\/pages\/1901\/revisions"}],"predecessor-version":[{"id":1911,"href":"https:\/\/auto-coaching.fr\/index.php\/wp-json\/wp\/v2\/pages\/1901\/revisions\/1911"}],"wp:attachment":[{"href":"https:\/\/auto-coaching.fr\/index.php\/wp-json\/wp\/v2\/media?parent=1901"}],"curies":[{"name":"wp","href":"https:\/\/api.w.org\/{rel}","templated":true}]}}