{"id":1917,"date":"2014-12-12T17:32:22","date_gmt":"2014-12-12T15:32:22","guid":{"rendered":"http:\/\/www.auto-coaching.fr\/?page_id=1917"},"modified":"2014-12-19T17:27:21","modified_gmt":"2014-12-19T15:27:21","slug":"faites-vous-un-cadeau-2","status":"publish","type":"page","link":"https:\/\/auto-coaching.fr\/index.php\/faites-vous-un-cadeau-2\/","title":{"rendered":"Faites-vous un cadeau"},"content":{"rendered":"<p>Le sujet que j&#8217;ai \u00e9voqu\u00e9 dans mon pr\u00e9c\u00e9dent article est d\u00e9licat. Merci \u00e0 celles et\u00a0 ceux qui ont particip\u00e9, et en particulier aux commentateurs qui se sont livr\u00e9s \u00e0 une r\u00e9flexion concernant leur propre activit\u00e9. Car je vous rappelle que si \u00e0 chaque fois que vous me lisez, vous pensez que je vous raconte MES probl\u00e8mes pour vous inciter \u00e0 me consoler d&#8217;une fa\u00e7on ou d&#8217;une autre, vous ne verrez dans mes propos que des plaintes, des tentatives de culpabilisation, etc.<\/p>\n<p>En revanche, si vous vous servez de l&#8217;histoire de fond et vous vous identifiez en adaptant mon questionnement \u00e0 votre situation, vous allez profiter de l&#8217;objet r\u00e9el de l&#8217;article. Vous vous poserez les bonnes questions et obtiendrez des r\u00e9ponses, tant en participant \u00e0 la discussion qu&#8217;en lisant les autres commentaires.<\/p>\n<p>Je suis loin d&#8217;\u00eatre \u00ab\u00e0 bout\u00bb, au contraire ! Le fait que je me pose des questions est plut\u00f4t bon signe. Bien s\u00fbr que mon activit\u00e9 en ligne est en danger avec 41 inscriptions (44 aujourd&#8217;hui), et bien s\u00fbr que \u00e7a remet en question l&#8217;ensemble du syst\u00e8me, y compris l&#8217;approche gratuite (qui ne convainc plus). Aucune entreprise ne maintient un syst\u00e8me d\u00e9ficitaire. Si c&#8217;est moralement possible, au bout d&#8217;un certain nombre de sacrifices, \u00e7a devient techniquement impossible. Donc je suis en qu\u00eate de solutions.<\/p>\n<ul>\n<li>Il y a la solution d&#8217;abandonner : j&#8217;y pense, comme tout le monde. J&#8217;ai un bon m\u00e9tier, pourquoi m\u2019enquiquiner avec des programmes en ligne ?<\/li>\n<li>Il y a la solution d&#8217;all\u00e9ger les charges : \u00e7a consiste \u00e0 all\u00e9ger le fichier. Envoyer la Newsletter gratuite \u00e0 500 personnes me reviendra moins cher que de l&#8217;envoyer \u00e0 4.000. Et un taux de 44 participants sur 500 envois devient beaucoup plus acceptable sur tous les plans.<\/li>\n<li>Enfin, il y a la solution de trouver d&#8217;autres moyens de s\u00e9duction : c&#8217;est l&#8217;objet de mon pr\u00e9c\u00e9dent courrier, mais c&#8217;est terriblement compliqu\u00e9 pour le produit que je vends. Je vais vous r\u00e9expliquer mon dilemme en prenant une image forte (exag\u00e9r\u00e9e) :<\/li>\n<\/ul>\n<p>Imaginez une association qui lutte contre la prostitution. Elle a besoin d&#8217;argent pour sortir les prostitu\u00e9es de la rue, les rassurer, les prot\u00e9ger, leur proposer de nouveaux choix de vie plus dignes, etc. Bref ! L&#8217;Association d\u00e9fend des valeurs qui lui paraissent importantes.<\/p>\n<p>La collecte des fonds se passe plus ou moins bien selon les b\u00e9n\u00e9voles. Certains arrivent \u00e0 peine \u00e0 couvrir leurs frais de d\u00e9placement. On demande donc \u00e0 Virginie, qui collecte des dizaines de milliers d&#8217;euros quelles techniques elle utilise pour faire autant de chiffre, et elle livre sa botte secr\u00e8te \u00e0 l&#8217;assembl\u00e9e :<\/p>\n<p>Elle couche avec les donateurs !<\/p>\n<p>Le scandale est \u00e9norme ! Comment peut-elle faire une chose pareille ? Mais elle se d\u00e9fend bien : je ne leur fait pas ressentir que c&#8217;est de la prostitution, mais plut\u00f4t une relation intime entre adultes consentants qui passent une belle soir\u00e9e pleine d&#8217;\u00e9motions au profit d&#8217;une bonne cause. C&#8217;est une forme de libertinage&#8230; Elle est tellement convaincante dans son discours qu&#8217;on en arrive \u00e0 tol\u00e9rer sa strat\u00e9gie. Mais beaucoup d&#8217;autres b\u00e9n\u00e9voles ne sont pas pr\u00eates \u00e0 donner leur corps pour d\u00e9fendre la cause des prostitu\u00e9es, elles y voient de l&#8217;incongruence.<\/p>\n<p><strong>Je vous avais dit que je prendrais un exemple exag\u00e9r\u00e9 \ud83d\ude09<\/strong><\/p>\n<p>Revenons au D\u00e9veloppement Personnel : l&#8217;essentiel de ce que je vends se r\u00e9sume \u00e0 \u00abVous \u00eates responsable de votre vie. Si vous voulez vous \u00e9panouir, c&#8217;est \u00e0 vous d&#8217;agir, et il y a plein de solutions \u00e0 votre port\u00e9e. Arr\u00eatez de vous plaindre des autres, cessez de vous dire que vous n&#8217;avez pas ceci ou que vous n&#8217;\u00eates pas celui-l\u00e0&#8230; Prenez votre vie en mains, et faites avec ce qui est en vous et autour de vous pour DEVENIR !\u00bb.<\/p>\n<p>C\u00f4t\u00e9 strat\u00e9gie commercial, j&#8217;ai opt\u00e9 pour la d\u00e9monstration gratuite qui devrait (en th\u00e9orie) suffire \u00e0 prendre une d\u00e9cision pour aller plus loin. Je ne me prostitue pas, au contraire, je suis dans le partage. Le partage est l&#8217;une des valeurs essentielles du D\u00e9veloppement Personnel.<\/p>\n<p>Mais \u00e7a ne marche pas !<\/p>\n<p>Qu&#8217;est-ce qui marcherait ?<\/p>\n<p>Au top niveau, il y a la<strong> th\u00e9orie du complot<\/strong> : <em>luttons contre les marionnettistes qui tirent les ficelles ! D\u00e9jouons leurs plans mal\u00e9fiques&#8230;<\/em> Mais je ne peux pas vous raconter ces \u00e2neries : je n&#8217;arr\u00eate pas de vous dire que vous cr\u00e9ez votre vie.<\/p>\n<p>Ensuite il y L&#8217;<strong>\u00e9litisme<\/strong> : <em>suivez-moi et vous vaudrez mieux que les autres ! Vous ferez partie des 3% qui r\u00e9ussissent. Rejetez les 97% qui vous attirent vers la m\u00e9diocrit\u00e9, et rejoignez le club des gagnants&#8230;<\/em> Mais je ne peux pas vous vendre \u00e7a : m\u00eame si je croyais en cette r\u00e9partition, dans mes programmes j&#8217;invite les 3% \u00e0 aider les 97% \u00e0 relever la t\u00eate&#8230; Je ne me complais pas dans cette proportion. Je veux changer les chiffres !<\/p>\n<p>La <strong>superstition<\/strong> : <em>si vous n&#8217;adh\u00e9rez pas, vous saurez pourquoi vous allez si mal, et ne venez pas vous plaindre, vous avez eu votre chance, et envoyez ce courrier \u00e0 au moins 25 contacts, si vous rompez la\u00a0cha\u00eene, la foudre\u00a0s\u2019abattra\u00a0sur votre maison&#8230;<\/em>\u00a0Mais je ne peux pas vous faire croire \u00e7a ! Je d\u00e9fends l&#8217;id\u00e9e qu&#8217;il y a toujours des chances d&#8217;avancer, de progresser ! Vous \u00eates l&#8217;auteur de votre histoire et vous pouvez la changer \u00e0 tout instant. Quant \u00e0 ce que vous voulez partager avec vos proches : la d\u00e9cision vous appartient, tant au niveau de l&#8217;objet que du nombre.<\/p>\n<p>La <strong>p\u00e9nurie<\/strong> : je vais \u00eatre en rupture de stock ! C&#8217;est ind\u00e9pendant de ma volont\u00e9, alors c&#8217;est maintenant ou jamais\u2026 Mais je ne peux pas vous vendre \u00e7a. Je suis convaincu qu&#8217;il n&#8217;y a pas de p\u00e9nurie ! Et la Loi de l&#8217;Attraction, int\u00e8gre la Loi de l&#8217;Abondance&#8230; M\u00eame si j&#8217;ai des dates \u00e0 respecter, il y a d&#8217;autres possibles, avec d&#8217;autres programmes et d&#8217;autres personnes.<\/p>\n<p>Les meilleurs processus vendeurs vont \u00e0 contrecourant de ce que je vends ! Si j&#8217;utilise l&#8217;un d&#8217;entre eux, je me prostitue comme Virginie : un peu pour la bonne cause, mais beaucoup pour me raconter des histoires ! Et puis en supposant que vous ayez envie de suivre mon exemple en termes de r\u00e9sultats, vous vous arr\u00eaterez peut-\u00eatre devant les moyens&#8230;<\/p>\n<p>Alors je fais quoi ? <strong>Je communique<\/strong> \u00e9videmment ! Toujours sur le m\u00eame canal : c&#8217;est ce que je suis en train de faire. Bien s\u00fbr que c&#8217;est pour vendre ! C&#8217;est important pour moi. Mais m\u00eame si je sais que je pourrais vendre 10 fois plus en abusant de ces leviers, je m&#8217;y refuse.<\/p>\n<p>Nous verrons certainement dans l&#8217;avenir, ce que je pourrais faire de plus (il y a bien d&#8217;autres leviers). En communiquant autour de nos attentes respectives, j&#8217;ai plus de chances de trouver des solutions qu&#8217;en cogitant dans mon coin. Je vais certainement vous proposer des votes&#8230;<\/p>\n<p>En attendant, je suis arriv\u00e9 au bout de mon argumentation concernant le programme ATTRACTION++. Honn\u00eatement, je ne vois pas ce que je pourrais vous dire de plus pour obtenir es r\u00e9sultats significatifs. Malhonn\u00eatement, j&#8217;ai une flop\u00e9e d&#8217;arguments que je ma\u00eetrise ! Si je devais vous vendre autre chose que du D\u00e9veloppement Personnel, j&#8217;en userais avec une certaine jubilation. Mais l\u00e0, je suis coinc\u00e9&#8230; Je ne vais pas vendre des chips light \u00e0 un ob\u00e8se, en lui faisant croire que plus il en mangera, plus il perdra du poids.<\/p>\n<p>Car m\u00eame si c&#8217;est ce dont il a ENVIE, ce n&#8217;est pas ce dont il a BESOIN.<\/p>\n<h2>Faites-vous un cadeau<\/h2>\n<p>Il me reste un dernier argument concernant\u00a0cette session qui a commenc\u00e9 il y a 3 semaines : c&#8217;est bient\u00f4t No\u00ebl, alors faites-vous un cadeau !<\/p>\n<div style=\"text-align: center; margin: 10px;\"><a class=\"buttonize blue\" title=\"Inscrivez-vous\" href=\"http:\/\/www.inscription-minute.fr\/solution.aspx?code=AT47TI07&amp;origine=cadeau\" target=\"_blank\">Inscrivez-vous<\/a><\/div>\n<p>Si vous ne pouvez pas vous offrir ATTRACTION++, vous avez d&#8217;autres solutions. Elles sont diff\u00e9rentes, mais peut-\u00eatre seront-elles salutaires.<\/p>\n<ul>\n<li>Je vous recommande le livre \u00ab<a href=\"http:\/\/www.amazon.fr\/gp\/product\/2290020206\/ref=as_li_tl?ie=UTF8&amp;camp=1642&amp;creative=19458&amp;creativeASIN=2290020206&amp;linkCode=as2&amp;tag=tc07a-21&amp;linkId=AJPXKD537GYGNEY5\">Le pouvoir du moment pr\u00e9sent<\/a>\u00bb d\u2019Eckhart TOLLE, si vous \u00eates en qu\u00eate de Spiritualit\u00e9.<\/li>\n<li>Ou alors \u00ab<a href=\"http:\/\/www.amazon.fr\/gp\/product\/289225504X\/ref=as_li_tl?ie=UTF8&amp;camp=1642&amp;creative=19458&amp;creativeASIN=289225504X&amp;linkCode=as2&amp;tag=tc07a-21&amp;linkId=BJCM7LSKYS2RRKBL\">Tout est dans l\u2019Attitude<\/a>\u00bb, de Jeff KELLER, si vous \u00eates en qu\u00eate d\u2019Action.<\/li>\n<li>Si ce sont les histoires courtes qui vous inspirent, prenez un bon \u00ab<a href=\"http:\/\/www.amazon.fr\/s\/?_encoding=UTF8&amp;camp=1642&amp;creative=19458&amp;field-keywords=bouillon%20de%20poulet&amp;linkCode=ur2&amp;tag=tc07a-21&amp;url=search-alias%3Daps&amp;linkId=75BHEI52WBLFUHUA\">Bouillon de poulet pour l\u2019\u00e2me<\/a>\u00bb, de Jack CANFIELD.<\/li>\n<li>Enfin, si vous voulez le top du top en la mati\u00e8re, c\u2019est-\u00e0-dire un livre qui contient tous les secrets de l\u2019Attraction, entre intrigues, explications psychologiques, \u00e9vocations spirituelles, faits historiques\u2026 optez pour \u00ab<a href=\"http:\/\/www.amazon.fr\/gp\/product\/2266236032\/ref=as_li_tl?ie=UTF8&amp;camp=1642&amp;creative=19458&amp;creativeASIN=2266236032&amp;linkCode=as2&amp;tag=tc07a-21&amp;linkId=A5IBNDXQYLAAXIMB\">Les Mis\u00e9rables<\/a>\u00bb, de Victor HUGO !<\/li>\n<\/ul>\n<p>Ne le lisez pas comme un simple roman, mais comme un livre sur l\u2019Attraction, et vous serez dans la stup\u00e9faction d\u00e8s les premiers chapitres\u2026 Evitez les textes abr\u00e9g\u00e9s car ces \u00abr\u00e9\u00e9critures\u00bb privil\u00e9gient le conte au d\u00e9triment de l\u2019Energie des mots de Victor HUGO. Si vous \u00abn\u2019avez pas le temps\u00bb, optez pour des \u00ab<a href=\"http:\/\/www.amazon.fr\/gp\/product\/2047303591\/ref=as_li_tl?ie=UTF8&amp;camp=1642&amp;creative=19458&amp;creativeASIN=2047303591&amp;linkCode=as2&amp;tag=tc07a-21&amp;linkId=7K55GJ5JPFNKOGK5\">extraits choisis<\/a>\u00bb de l\u2019\u0153uvre originale.<\/p>\n<p>Tous ces livres, vous les payerez entre 4,55\u20ac et 17\u20ac, sachant que Les Mis\u00e9rables est dans le domaine public, donc vous pourrez l\u2019avoir <a href=\"http:\/\/www.gutenberg.org\/ebooks\/search\/?query=les+mis%C3%A9rables\">gratuitement<\/a> pour une version pur-texte, ou pour moins de 5\u20ac pour une version plus travaill\u00e9e ou illustr\u00e9e. Ce livre a aussi un autre avantage sur les autres : vous le trouverez sans aucun doute dans votre biblioth\u00e8que municipale.<\/p>\n<p>Si vous n\u2019aimez pas lire, vous pouvez revoir \u00abToy Story\u00bb, \u00abBilly Eliott\u00bb ou \u00abUn monde parfait\u00bb sous l\u2019angle de la Loi de l\u2019Attraction, et vous resterez bouche b\u00e9e devant la nouvelle perception. Sans oublier \u00abIntouchables\u00bb, que je n\u2019ai pu m\u2019emp\u00eacher de revoir sous ce prisme r\u00e9cemment.<\/p>\n<p>La Loi de l\u2019Attraction se manifeste tout autour de vous chaque seconde. Ce n\u2019est pas mystique, c\u2019est tr\u00e8s concret ! Je sais que certains gourous en ont fait une nouvelle religion bas\u00e9e sur la \u00abpens\u00e9e unique\u00bb qui met l\u2019Univers sous leur botte, mais pour des personnes qui aiment l\u2019action utile, qui ont de l\u2019ambition tout en partage, qui appr\u00e9cient la nuance, et qui cultivent les valeurs humaines, dont le Respect se situe au sommet de la pyramide, la Loi de l\u2019Attraction est d\u2019un autre niveau. Bien plus puissant et enthousiasmant.<\/p>\n<div style=\"text-align: center; margin: 10px;\"><a class=\"buttonize blue\" title=\"Inscrivez-vous\" href=\"http:\/\/www.inscription-minute.fr\/solution.aspx?code=AT47TI07&amp;origine=cadeau\" target=\"_blank\">Inscrivez-vous<\/a><\/div>\n<p>A++<\/p>\n<p><strong>St\u00e9phane SOLOMON<\/strong><\/p>\n<!--themify_builder_content-->\n<div id=\"themify_builder_content-1917\" data-postid=\"1917\" class=\"themify_builder_content themify_builder_content-1917 themify_builder tf_clear\">\n    <\/div>\n<!--\/themify_builder_content-->\n","protected":false},"excerpt":{"rendered":"<p>Le sujet que j&#8217;ai \u00e9voqu\u00e9 dans mon pr\u00e9c\u00e9dent article est d\u00e9licat. Merci \u00e0 celles et\u00a0 ceux qui ont particip\u00e9, et en particulier aux commentateurs qui se sont livr\u00e9s \u00e0 une r\u00e9flexion concernant leur propre activit\u00e9. Car je vous rappelle que si \u00e0 chaque fois que vous me lisez, vous pensez que je vous raconte MES [&hellip;]<\/p>\n","protected":false},"author":1,"featured_media":0,"parent":0,"menu_order":0,"comment_status":"open","ping_status":"open","template":"","meta":[],"builder_content":"","_links":{"self":[{"href":"https:\/\/auto-coaching.fr\/index.php\/wp-json\/wp\/v2\/pages\/1917"}],"collection":[{"href":"https:\/\/auto-coaching.fr\/index.php\/wp-json\/wp\/v2\/pages"}],"about":[{"href":"https:\/\/auto-coaching.fr\/index.php\/wp-json\/wp\/v2\/types\/page"}],"author":[{"embeddable":true,"href":"https:\/\/auto-coaching.fr\/index.php\/wp-json\/wp\/v2\/users\/1"}],"replies":[{"embeddable":true,"href":"https:\/\/auto-coaching.fr\/index.php\/wp-json\/wp\/v2\/comments?post=1917"}],"version-history":[{"count":8,"href":"https:\/\/auto-coaching.fr\/index.php\/wp-json\/wp\/v2\/pages\/1917\/revisions"}],"predecessor-version":[{"id":1937,"href":"https:\/\/auto-coaching.fr\/index.php\/wp-json\/wp\/v2\/pages\/1917\/revisions\/1937"}],"wp:attachment":[{"href":"https:\/\/auto-coaching.fr\/index.php\/wp-json\/wp\/v2\/media?parent=1917"}],"curies":[{"name":"wp","href":"https:\/\/api.w.org\/{rel}","templated":true}]}}