{"id":1920,"date":"2014-12-17T22:49:52","date_gmt":"2014-12-17T20:49:52","guid":{"rendered":"http:\/\/www.auto-coaching.fr\/?page_id=1920"},"modified":"2014-12-18T07:36:52","modified_gmt":"2014-12-18T05:36:52","slug":"on-complote-contre-vous","status":"publish","type":"page","link":"https:\/\/auto-coaching.fr\/index.php\/on-complote-contre-vous\/","title":{"rendered":"On complote contre vous !"},"content":{"rendered":"<p>J&#8217;ai quelque chose de tr\u00e8s important \u00e0 vous dire : on complote contre vous !<\/p>\n<p>Si si\u2026 Je vous assure ! On vous cache des choses&#8230; On conspire dans votre dos&#8230; Si vous saviez ce qu&#8217;on vous cache, vous n&#8217;agiriez pas du tout de la m\u00eame fa\u00e7on. D&#8217;ailleurs, il est temps de vous r\u00e9v\u00e9ler ce secret qui g\u00e2che et d\u00e9truit notre monde. Ne vous laissez pas faire ! Agissez avant qu&#8217;il ne soit trop tard.<\/p>\n<h2>Pr\u00e9ambule<\/h2>\n<p>L&#8217;ann\u00e9e derni\u00e8re, j&#8217;ai aid\u00e9 un p\u00e8re de famille atteint d&#8217;une maladie grave, \u00e0 r\u00e9concilier ses 3 enfants. Ces derniers \u00e9taient en train de se disputer son h\u00e9ritage, avant-m\u00eame que leur p\u00e8re ne quitte ce monde. Rencontre apr\u00e8s rencontre, questionnement apr\u00e8s questionnement, \u00e9motion apr\u00e8s \u00e9motion, j&#8217;ai r\u00e9ussi \u00e0 ramener les 3 gaillards \u00e0 la table des n\u00e9gociations, puis \u00e0 la r\u00e9conciliation. Pour me remercier, avant de quitter ce monde, le vieil homme me livra un secret mill\u00e9naire. Il me fit promettre de le d\u00e9voiler \u00e0 un maximum de personnes, car lui-m\u00eame a souffert toute sa vie de l&#8217;avoir cach\u00e9. Il m&#8217;a m\u00eame confi\u00e9 que c&#8217;est probablement le fait d&#8217;avoir gard\u00e9 le secret qui est \u00e0 l&#8217;origine de son agonie, et aussi du fait de ses 3 enfants soient devenus des ennemis !<\/p>\n<p>Il ne garda pas le myst\u00e8re de ga\u00eet\u00e9 de c\u0153ur, mais\u00a0les quelques hommes qui l&#8217;entretiennent ne veulent pas que le peuple sache ! Ils veulent garder l&#8217;abondance et les bienfaits du secret pour eux et pour leur descendance. Ils sont pr\u00eats \u00e0 tuer pour que le secret demeure&#8230; Mais mon client a vu, alors qu&#8217;il \u00e9tait dans le coma, qu&#8217;il \u00e9tait temps de r\u00e9v\u00e9ler au monde les clefs de la libert\u00e9, quitte \u00e0 d\u00e9fier les conspirateurs.<\/p>\n<p>Si je vous \u00e9cris aujourd&#8217;hui, c&#8217;est parce que je vous ai choisi parmi des milliers de personnes, afin de vous divulguer ce secret. Je vous le d\u00e9voilerai, puis vous pourrez le d\u00e9voiler \u00e0 votre tour. Toutefois, comprenez que pour pouvoir le faire, j&#8217;ai besoin de moyens de diffusion, et aussi de me prot\u00e9ger contre les malfaiteurs qui ne tarderont pas \u00e0 se manifester. Je me sens investi d&#8217;une mission importante, aidez-moi \u00e0 rendre au monde ce qui lui appartient : le secret de la loi de l&#8217;Attraction !<\/p>\n<p>J&#8217;ai cr\u00e9\u00e9 un programme sp\u00e9cialement pour \u00e7a. En 9 semaines, vous d\u00e9couvrirez ce qui vous permettra de transformer votre vie \u00e0 tous les niveaux : Sant\u00e9, Amour, Argent, Spiritualit\u00e9&#8230;<\/p>\n<p>Pour des raisons propres \u00e0 la Loi de l&#8217;Attraction, je dois limiter le nombre d&#8217;inscriptions \u00e0 123, c&#8217;est le nombre d&#8217;or (1,618) multipli\u00e9 par lui-m\u00eame 10 fois. Je vous expliquerai pourquoi lorsque vous serez \u00e0 l&#8217;int\u00e9rieur du programme. C&#8217;est simple comme bonjour, mais il faut passer par quelques explications pr\u00e9alables, que je diluerai progressivement.<\/p>\n<p style=\"text-align: center;\"><a class=\"buttonize blue\" href=\"http:\/\/www.auto-coaching.fr\/index.php\/j-y-crois-pas\/\" target=\"_blank\">Inscrivez-vous !<\/a><\/p>\n<p>Comprenez qu&#8217;avec ma capacit\u00e9 de Communication (vous \u00eates plus de 4.000 \u00e0 recevoir cette invitation), les inscriptions se cl\u00f4tureront dans quelques heures. Je suis d\u00e9sol\u00e9 pour celles et ceux qui recevront ce message trop tard, mais je ne peux pas faire autrement. Cependant, si une place se lib\u00e8re en cours de programme, vous pourrez remplacer la personne qui partira, afin de maintenir l&#8217;\u00e9quilibre \u00e0 123. Ecrivez-moi pour \u00eatre plac\u00e9 sur liste d&#8217;attente.<\/p>\n<p><a href=\"http:\/\/www.auto-coaching.fr\/index.php\/j-y-crois-pas\/\" target=\"_blank\">Cliquez ici si vous vous y \u00eates pris trop tard&#8230;<\/a><\/p>\n<h2>La grande question<\/h2>\n<p>A votre avis, aurais-je fait plus de 41 inscriptions en utilisant ce type de communication ?<\/p>\n<p>Eh oui&#8230; 41 inscriptions, c&#8217;est le score que j&#8217;ai enregistr\u00e9 ce mois-ci pour le programme ATTRACTION++. Souvenez-vous : il y a quelques semaines, je vous ai \u00e9crit un article amusant sur le ph\u00e9nom\u00e8ne d&#8217;attraction des moustiques. J&#8217;expliquais que ces petites b\u00eates \u00e9taient attir\u00e9es par les r\u00e9actions chimiques produites par notre corps, et qu&#8217;il est plus probable de se faire piquer par les moustiques lorsqu&#8217;on en a peur. Aucun myst\u00e8re l\u00e0-dessous, tout s&#8217;explique (ou presque) scientifiquement et psychologiquement.<\/p>\n<p>C&#8217;est une constante de Communication que j&#8217;ai choisie et que j&#8217;entretiens :<\/p>\n<blockquote><p>Soyez proactifs : votre vie est entre vos mains ! Arr\u00eatez de vous plaindre de tout ce qui vous d\u00e9passe&#8230; Il y a bien des ph\u00e9nom\u00e8nes apriori mystiques qui s&#8217;expliquent et que vous pouvez contr\u00f4ler ! En ce qui concerne les myst\u00e8res qui font la beaut\u00e9 de la vie, rassurez-vous ! Il en restera toujours, ils seront juste plac\u00e9s quelques niveaux plus haut, parce que vos nouvelles comp\u00e9tences vous donneront acc\u00e8s \u00e0 d&#8217;autres possibles&#8230;<\/p><\/blockquote>\n<p>Avec cet article et quelques autres bas\u00e9s sur la proactivit\u00e9, j&#8217;ai r\u00e9ussi \u00e0 convaincre 41 personnes de s&#8217;inscrire \u00e0 mon programme&#8230; C&#8217;est tr\u00e8s peu ! En tout cas, si j&#8217;en juge par le nombre d&#8217;inscriptions d&#8217;autres confr\u00e8res, c&#8217;est ridicule&#8230;<\/p>\n<h2>Mauvais vendeur !<\/h2>\n<p>Rien \u00e0 faire, je suis trop mauvais ! Que font les autres ? Ils utilisent quatre vecteurs de vente extr\u00eamement puissants :<\/p>\n<ul>\n<li>La th\u00e9orie du complot (on vous cache des choses !)<\/li>\n<li>L&#8217;\u00e9litisme (ferez-vous partie des 3% qui sortent du lot ?)<\/li>\n<li>La superstition (j&#8217;ai des secrets mystiques \u00e0 vous r\u00e9v\u00e9ler&#8230;)<\/li>\n<li>La p\u00e9nurie (il n&#8217;y en aura pas pour tout le monde)<\/li>\n<\/ul>\n<p>Avec \u00e7a, on peut vendre de l&#8217;air des Pyr\u00e9n\u00e9es dans des boites de conserves pour soigner les insuffisances respiratoires ! Oui&#8230; Avec l&#8217;histoire que j&#8217;ai racont\u00e9e plus haut, j&#8217;aurais fait 123 inscriptions sans aucun probl\u00e8me. M\u00eame avantage, car je ne suis pas oblig\u00e9 de croire ce que je vous raconte pour vendre : Business is Business.<\/p>\n<h2>Un s\u00e9rieux dilemme<\/h2>\n<p>Je suis s\u00fbr, convaincu, persuad\u00e9 \u00e0 200% que mes produits et mes services sont tr\u00e8s bons. Bien meilleurs que tous ceux qu&#8217;on fait miroiter avec les effets bling-bling habituels. Mais que faire lorsque le peuple veut du bling-bling ? Que faire s&#8217;il a \u00e9t\u00e9 conditionn\u00e9 pour acheter seulement si on utilise des vecteurs de vente qui vont \u00e0 contrecourant des valeurs du D\u00e9veloppement Personnel ? Dois-je me contenter de 41 inscriptions, me disant que j&#8217;ai fait mon maximum avec int\u00e9grit\u00e9 ou serais-je plus inspir\u00e9 d&#8217;utiliser les technique qui vendent ?<\/p>\n<p>Non&#8230; Je pose mal la question, car le mot \u00abvendre\u00bb provoque des spasmes chez beaucoup de mes lecteurs, vu qu&#8217;il est question d&#8217;argent dans un processus qui se veut humaniste. Je vais poser la question autrement :<\/p>\n<p>Dans la mesure o\u00f9 je veux AIDER un maximum de personnes, puis-je utiliser la r\u00e9volte, la superstition, l&#8217;\u00e9litisme, le sentiment d&#8217;injustice, de manque, de peur&#8230; pour inviter mes prospects \u00e0 rejoindre un programme qui est cens\u00e9 d\u00e9fendre les valeurs contraires ?<\/p>\n<p>Allez ! Je vous laisse r\u00e9pondre \u00e0 cette question, ce dilemme&#8230; C&#8217;est bien plus qu&#8217;un dilemme, c&#8217;est une contrainte paradoxale :<\/p>\n<ol>\n<li>Si je c\u00e8de je me damne<\/li>\n<li>Si je ne c\u00e8de pas, je me condamne<\/li>\n<li>Le probl\u00e8me se repr\u00e9sentera \u00e0 chaque initiative&#8230;<\/li>\n<\/ol>\n<h2>Et vous ?<\/h2>\n<p>Je me vois oblig\u00e9 de le rappeler \u00e0 chaque fois : puisque nous sommes dans un cadre d&#8217;auto-coaching et que vous m&#8217;avez confi\u00e9 le r\u00f4le d&#8217;animateur, qu&#8217;en pensez-vous concernant vos propres objectifs ?<\/p>\n<p>Entre ces 4 vecteurs de vente, lequel utiliseriez-vous volontiers, et lequel ne pourriez-vous pas utiliser, quitte \u00e0 \u00abfermer boutique\u00bb ?<\/p>\n<p>Je ne suis quand-m\u00eame pas le seul \u00e0 me poser ce genre de questions&#8230;<\/p>\n<p>A vos plumes.<\/p>\n<p>Et A++<\/p>\n<p><b>St\u00e9phane SOLOMON<\/b><\/p>\n<!--themify_builder_content-->\n<div id=\"themify_builder_content-1920\" data-postid=\"1920\" class=\"themify_builder_content themify_builder_content-1920 themify_builder tf_clear\">\n    <\/div>\n<!--\/themify_builder_content-->\n","protected":false},"excerpt":{"rendered":"<p>J&#8217;ai quelque chose de tr\u00e8s important \u00e0 vous dire : on complote contre vous ! Si si\u2026 Je vous assure ! On vous cache des choses&#8230; On conspire dans votre dos&#8230; Si vous saviez ce qu&#8217;on vous cache, vous n&#8217;agiriez pas du tout de la m\u00eame fa\u00e7on. D&#8217;ailleurs, il est temps de vous r\u00e9v\u00e9ler ce [&hellip;]<\/p>\n","protected":false},"author":1,"featured_media":0,"parent":0,"menu_order":0,"comment_status":"open","ping_status":"open","template":"","meta":[],"builder_content":"","_links":{"self":[{"href":"https:\/\/auto-coaching.fr\/index.php\/wp-json\/wp\/v2\/pages\/1920"}],"collection":[{"href":"https:\/\/auto-coaching.fr\/index.php\/wp-json\/wp\/v2\/pages"}],"about":[{"href":"https:\/\/auto-coaching.fr\/index.php\/wp-json\/wp\/v2\/types\/page"}],"author":[{"embeddable":true,"href":"https:\/\/auto-coaching.fr\/index.php\/wp-json\/wp\/v2\/users\/1"}],"replies":[{"embeddable":true,"href":"https:\/\/auto-coaching.fr\/index.php\/wp-json\/wp\/v2\/comments?post=1920"}],"version-history":[{"count":7,"href":"https:\/\/auto-coaching.fr\/index.php\/wp-json\/wp\/v2\/pages\/1920\/revisions"}],"predecessor-version":[{"id":1930,"href":"https:\/\/auto-coaching.fr\/index.php\/wp-json\/wp\/v2\/pages\/1920\/revisions\/1930"}],"wp:attachment":[{"href":"https:\/\/auto-coaching.fr\/index.php\/wp-json\/wp\/v2\/media?parent=1920"}],"curies":[{"name":"wp","href":"https:\/\/api.w.org\/{rel}","templated":true}]}}