{"id":1924,"date":"2014-12-17T22:58:30","date_gmt":"2014-12-17T20:58:30","guid":{"rendered":"http:\/\/www.auto-coaching.fr\/?page_id=1924"},"modified":"2014-12-17T23:09:22","modified_gmt":"2014-12-17T21:09:22","slug":"j-y-crois-pas","status":"publish","type":"page","link":"https:\/\/auto-coaching.fr\/index.php\/j-y-crois-pas\/","title":{"rendered":"J&rsquo;y crois pas !"},"content":{"rendered":"<p>Vous n\u2019allez tout de m\u00eame pas vous inscrire suite \u00e0 un tel argumentaire ???<\/p>\n<p>Si ? C\u2019est \u00e7a que vous voulez ? Euh&#8230; Il faut que je r\u00e9fl\u00e9chisse&#8230;<\/p>\n<p>En attendant, je vous invite \u00e0 (re)lire ceci : <a href=\"http:\/\/www.auto-coaching.fr\/index.php\/changement-de-principe\/\">Changement de principe<\/a><\/p>\n<p><a href=\"http:\/\/www.auto-coaching.fr\/index.php\/on-complote-contre-vous\/\">Ou de retourner \u00e0 votre lecture<\/a><\/p>\n<p>A++<\/p>\n<p>St\u00e9phane<\/p>\n<!--themify_builder_content-->\n<div id=\"themify_builder_content-1924\" data-postid=\"1924\" class=\"themify_builder_content themify_builder_content-1924 themify_builder tf_clear\">\n    <\/div>\n<!--\/themify_builder_content-->\n","protected":false},"excerpt":{"rendered":"<p>Vous n\u2019allez tout de m\u00eame pas vous inscrire suite \u00e0 un tel argumentaire ??? Si ? C\u2019est \u00e7a que vous voulez ? Euh&#8230; Il faut que je r\u00e9fl\u00e9chisse&#8230; En attendant, je vous invite \u00e0 (re)lire ceci : Changement de principe Ou de retourner \u00e0 votre lecture A++ St\u00e9phane<\/p>\n","protected":false},"author":1,"featured_media":0,"parent":0,"menu_order":0,"comment_status":"closed","ping_status":"closed","template":"","meta":[],"builder_content":"","_links":{"self":[{"href":"https:\/\/auto-coaching.fr\/index.php\/wp-json\/wp\/v2\/pages\/1924"}],"collection":[{"href":"https:\/\/auto-coaching.fr\/index.php\/wp-json\/wp\/v2\/pages"}],"about":[{"href":"https:\/\/auto-coaching.fr\/index.php\/wp-json\/wp\/v2\/types\/page"}],"author":[{"embeddable":true,"href":"https:\/\/auto-coaching.fr\/index.php\/wp-json\/wp\/v2\/users\/1"}],"replies":[{"embeddable":true,"href":"https:\/\/auto-coaching.fr\/index.php\/wp-json\/wp\/v2\/comments?post=1924"}],"version-history":[{"count":2,"href":"https:\/\/auto-coaching.fr\/index.php\/wp-json\/wp\/v2\/pages\/1924\/revisions"}],"predecessor-version":[{"id":1928,"href":"https:\/\/auto-coaching.fr\/index.php\/wp-json\/wp\/v2\/pages\/1924\/revisions\/1928"}],"wp:attachment":[{"href":"https:\/\/auto-coaching.fr\/index.php\/wp-json\/wp\/v2\/media?parent=1924"}],"curies":[{"name":"wp","href":"https:\/\/api.w.org\/{rel}","templated":true}]}}