{"id":1938,"date":"2014-12-22T17:28:42","date_gmt":"2014-12-22T15:28:42","guid":{"rendered":"http:\/\/www.auto-coaching.fr\/?page_id=1938"},"modified":"2014-12-22T18:58:31","modified_gmt":"2014-12-22T16:58:31","slug":"la-pensee-magique","status":"publish","type":"page","link":"https:\/\/auto-coaching.fr\/index.php\/la-pensee-magique\/","title":{"rendered":"La pens&eacute;e magique"},"content":{"rendered":"<p>Vendredi dernier je vous ai envoy\u00e9 un article intitul\u00e9 \u00abfaites-vous un cadeau\u00bb. Philippe (qui me lit depuis plus de 5 ans) l&#8217;a comment\u00e9 : <\/p>\n<div class=\"commentaire\">\n<p>Bonjour St\u00e9phane,  <\/p>\n<p>D\u2019apr\u00e8s ce que j\u2019ai compris sur la loi de l\u2019attraction, vous attirez \u00e0 vous ce \u00e0 quoi vous pensez. Alors serait-il possible que vous ayez pens\u00e9 un peu trop fort \u00e0 l\u2019\u00e9chec de ce programme ?  <\/p>\n<p>Je vous pose cette question, car je trouve tr\u00e8s noble de votre part, de ne pas vouloir utiliser des techniques commerciales abusives par respect pour vos lecteurs. Mais n\u2019auriez-vous pas oubli\u00e9 de vous respecter vous-m\u00eame ?  <\/p>\n<p>J\u2019\u00e9tais tent\u00e9 de m\u2019inscrire car j\u2019aime beaucoup votre travail d\u2019\u00e9criture, et 9 semaines avec vous, \u00e7a doit \u00eatre quelque chose ! Mais quand je vois que vous arrivez \u00e0 attirer \u00e0 peine 1% des personnes auxquelles vous vous adressez, \u00e7a ne donne plus envie.  <\/p>\n<p>Si je m\u2019en tiens \u00e0 cette loi, il y a quelque chose qui cloche dans vos pens\u00e9es. Et le fait d\u2019exposer ainsi votre incapacit\u00e9 \u00e0 attirer le succ\u00e8s, va aussi \u00e0 contrecourant de ce que vous vendez.  <\/p>\n<p>J\u2019aurais pr\u00e9f\u00e9r\u00e9 un pieu mensonge qui donne envie d\u2019acheter.  <\/p>\n<p>Philippe <\/p>\n<\/div>\n<p>J&#8217;ai commenc\u00e9 par faire une courte r\u00e9ponse, puis je me suis dit que \u00e7a m\u00e9ritait un article entier. Car Philippe me fait un cadeau : il me livre des arguments, l\u00e0 o\u00f9 je pensais ne plus en avoir. <\/p>\n<h2>Voici donc ma r\u00e9ponse <\/h2>\n<p>Bonjour Philippe,  <\/p>\n<p>Saviez-vous que Victor HUGO \u00e9tait un chaud lapin (comme beaucoup de romantiques) ? Il avait, para\u00eet-il, un app\u00e9tit sexuel d\u00e9mesur\u00e9, et si on se r\u00e9f\u00e8re \u00e0 quelques correspondances croustillantes, sa verve ne lui a jamais fait d\u00e9faut jusqu&#8217;\u00e0 un \u00e2ge tr\u00e8s avanc\u00e9. Toutefois, aucun scandale n&#8217;a \u00e9clat\u00e9 \u00e0 ce propos : ses partenaires \u00e9taient toutes consentantes. Il a beaucoup utilis\u00e9 sa s\u00e9duction naturelle et sa notori\u00e9t\u00e9, mais il n&#8217;a jamais abus\u00e9 de personne.  <\/p>\n<p>Voil\u00e0 qui nous ram\u00e8ne \u00e0 notre sujet : je voudrais, tant que possible, avoir \u00e0 faire \u00e0 des lecteurs consentants qui laissent de beaux t\u00e9moignages apr\u00e8s notre aventure.  <\/p>\n<p>Parlons de pieux mensonges : je n&#8217;ai rien contre, lorsqu&#8217;ils permettent de montrer la voie de la v\u00e9rit\u00e9. De l\u00e0 \u00e0 vous vendre une Loi qui vous permet de gagner \u00e0 la loterie, il y a une marge&#8230; Vous imaginez l&#8217;accroche ?  <\/p>\n<blockquote>\n<p>Vous pouvez obtenir tout ce que vous voulez gr\u00e2ce au pouvoir de votre pens\u00e9e, m\u00eame gagner \u00e0 la loterie ! <\/p>\n<\/blockquote>\n<p>Non seulement je perdrai toute cr\u00e9dibilit\u00e9 aupr\u00e8s des personnes avec lesquelles j\u2019aime \u00e9voluer, mais ceux qui s&#8217;inscriront pour gagner au loto et qui n&#8217;obtiendront pas le retour esp\u00e9r\u00e9 risquent de t\u00e9moigner que je suis un escroc ! Bon&#8230; Je pourrais toujours leur r\u00e9pondre qu&#8217;ils ont pens\u00e9 un peu trop fort aux mauvais num\u00e9ros, qu&#8217;ils ont oubli\u00e9 de se respecter, et que quelque chose cloche dans leurs pens\u00e9es. <\/p>\n<p>Finalement, c\u2019est si facile de tout mettre sur le dos des pens\u00e9es&#8230; <\/p>\n<p>Continuons avec mon auteur pr\u00e9f\u00e9r\u00e9 :  <\/p>\n<p>Vous \u00eates bien d&#8217;accord que limiter Victor HUGO \u00e0 un obs\u00e9d\u00e9 sexuel qui a v\u00e9cu de 1802 \u00e0 1885, serait une vision tr\u00e8s \u00e9triqu\u00e9e du personnage. Eh bien c&#8217;est \u00e0 peu de choses pr\u00e8s la vision que vous avez de la Loi de l&#8217;Attraction : d&#8217;apr\u00e8s ce que vous \u00e9crivez, vous avez gard\u00e9 de vos lectures le sentiment que cette loi se r\u00e9sume \u00e0 : \u00abPensez&#8230; et tout ce \u00e0 quoi vous pensez se r\u00e9alisera !\u00bb.  <\/p>\n<p>Ce n&#8217;est pas ce que je vends ! <b><em>Penser<\/em><\/b> tient effectivement une place essentielle dans le processus, mais il y 3 autres \u00e9tapes importantes \u00e0 franchir pour que les attractions s&#8217;harmonisent et donnent un bon r\u00e9sultat. De plus, la pens\u00e9e attractive est une pens\u00e9e tr\u00e8s particuli\u00e8re. Diff\u00e9rente de ce qu&#8217;on entend en g\u00e9n\u00e9ral par ce mot.  <\/p>\n<p><strong>Voici un exemple :<\/strong> dans votre commentaire, vous avez employ\u00e9 le mot \u00ab\u00e9chec\u00bb, ainsi que le groupe de mots \u00abincapacit\u00e9 \u00e0 attirer le succ\u00e8s\u00bb. O\u00f9 \u00eates-vous all\u00e9 chercher tout \u00e7a ? Si vous avez lu quelque chose de ce genre dans mon article, il y a un vrai probl\u00e8me d&#8217;interpr\u00e9tation, et je vous invite vivement \u00e0 penser autrement :  <\/p>\n<p>Personnellement, je lis que la voie que j&#8217;ai choisie jusqu\u2019\u00e0 pr\u00e9sent va droit au mur. Donc \u00e0 moins de changer le destin de cette newsletter, l\u2019impact est \u00e0 craindre.  <\/p>\n<p>Je vous \u00e9cris donc que j&#8217;arrive face \u00e0 un carrefour aux multiples choix. Ce carrefour, je l&#8217;ai cr\u00e9\u00e9 avec ma pens\u00e9e ! J&#8217;ai d\u00e9cid\u00e9 qu&#8217;il \u00e9tait temps de l&#8217;implanter. Loin d&#8217;imaginer l&#8217;\u00e9chec, je m&#8217;interroge et j\u2019interroge mes lecteurs sur la nouvelle voie \u00e0 suivre pour vous convaincre de passer \u00e0 l&#8217;action. Le fait que je manque d&#8217;arguments convaincants en ce qui VOUS concerne Philippe, ne signifie pas que mon initiative soit un \u00e9chec. <\/p>\n<p>Comme vous avez pu le voir dans les commentaires qui pr\u00e9c\u00e8dent le v\u00f4tre, <a href=\"http:\/\/www.auto-coaching.fr\/index.php\/faites-vous-un-cadeau-2\/#comment-24302\" target=\"_blank\">Suzanne<\/a> et <a href=\"http:\/\/www.auto-coaching.fr\/index.php\/faites-vous-un-cadeau-2\/#comment-24299\" target=\"_blank\">Caroline<\/a> font des t\u00e9moignages positifs concernant ATTRACTION++. Suzanne propose m\u00eame une prise en charge de ce programme par la S\u00e9curit\u00e9 Sociale, avec cet humour que je lui reconnais et qui en dit si long <img decoding=\"async\" class=\"wlEmoticon wlEmoticon-winkingsmile\" style=\"border-top-style: none; border-bottom-style: none; border-right-style: none; border-left-style: none\" alt=\"Clignement d'&oelig;il\" src=\"http:\/\/www.auto-coaching.fr\/images\/86c6bb028eb7_E75C\/wlEmoticon-winkingsmile.png\"> <\/p>\n<p>Voil\u00e0 donc une strat\u00e9gie possible : les t\u00e9moignages ! <\/p>\n<p>Certes ces t\u00e9moignages authentiques ne vous ont pas touch\u00e9s, puisque vous m&#8217;avez \u00e9crit que vous pr\u00e9f\u00e9riez les pieux mensonges, mais qu&#8217;en est-il des cercles d&#8217;influence de Suzanne, de Caroline et des autres participants qui se sont inscrits \u00e0 ATTRACTION++ ? Il suffirait que chacun attire 1 \u00e0 5 personnes vers ce programme, pour que je puisse faire 3 choses qui me tiennent \u00e0 c\u0153ur : <\/p>\n<ol>\n<li>Faire le plein<\/li>\n<li>Faire un bon b\u00e9n\u00e9fice<\/li>\n<li>Baisser les tarifs des prochaines sessions<\/li>\n<\/ol>\n<p>Avouez que la vieille technique du bouche-\u00e0-oreille est bien plus tentante que les accroches \u00abmagiques\u00bb. Mon but n\u2019est pas de vendre \u00e0 tout le monde et \u00e0 tout prix, mais \u00e0 commercer agr\u00e9ablement avec les personnes qui profitent de mon travail. Leur proposer devenir ambassadeurs du programme, et les motiver dans ce sens me para\u00eet tour \u00e0 fait coh\u00e9rent. <\/p>\n<p>Pour conclure, je voulais vous remercier Philippe, car vous m&#8217;avez livr\u00e9 de nouveaux arguments, l\u00e0 o\u00f9 je pensais ne plus en avoir :  <\/p>\n<ul>\n<li>Soit vous croyiez vraiment que la Loi de l&#8217;Attraction se r\u00e9sumait \u00e0 \u00abpenser pour obtenir\u00bb, et qu&#8217;il \u00e9tait inutile de s&#8217;engager dans un programme \u00e0 72\u20ac pour apprendre \u00e0 penser&#8230; A plus forte raison avec un looser qui n\u2019arrive m\u00eame pas \u00e0 \u00abpenser\u00bb \u00e0 vendre sa m\u00e9thode !\n<li>Soit votre intervention \u00e9tait ironique, car \u00e9chaud\u00e9 par diff\u00e9rents marchands de vent, vous avez d\u00e9cid\u00e9 de me titiller, pensant que j&#8217;\u00e9tais leur porte-parole. <\/li>\n<\/ul>\n<p>Dans les deux cas, j&#8217;esp\u00e8re vous avoir \u00e9t\u00e9 utile en vous rappelant que l\u00e0 o\u00f9 une personne voit un \u00e9chec cuisant, une autre envisage de changer de strat\u00e9gie pour gagner. Les deux personnes auront raison ! Au moment de choisir leur vision du monde, elles se s\u00e9pareront pour vivre chacune dans son univers. Univers conformes \u00e0 leurs pens\u00e9es.  <\/p>\n<p>CQFD&#8230; <\/p>\n<p>C\u00f4t\u00e9 strat\u00e9gie, vous recevrez bient\u00f4t une proposition qui permettra aux petits budgets de participer \u00e0 une version light du programme ATTRACTION++. <\/p>\n<p>Les pionniers seront r\u00e9compens\u00e9s pour leur inscription spontan\u00e9e. Je vous encourage encore \u00e0 en faire partie :  <\/p>\n<div style=\"text-align: center; margin: 10px\"><a title=\"Inscrivez-vous\" class=\"buttonize blue\" href=\"http:\/\/www.inscription-minute.fr\/solution.aspx?code=AT47TI07&amp;origine=pensezRealisez\" target=\"_blank\">Inscrivez-vous<\/a><\/div>\n<p>&nbsp; <\/p>\n<p>Dans ma pens\u00e9e comme dans mon monde, la partie n&#8217;est pas finie. Le jeu continue autrement&#8230; <\/p>\n<p>Je continue autrement. <\/p>\n<p>A++  <\/p>\n<p><b>St\u00e9phane SOLOMON<\/b><\/p>\n<!--themify_builder_content-->\n<div id=\"themify_builder_content-1938\" data-postid=\"1938\" class=\"themify_builder_content themify_builder_content-1938 themify_builder tf_clear\">\n    <\/div>\n<!--\/themify_builder_content-->\n","protected":false},"excerpt":{"rendered":"<p>Vendredi dernier je vous ai envoy\u00e9 un article intitul\u00e9 \u00abfaites-vous un cadeau\u00bb. Philippe (qui me lit depuis plus de 5 ans) l&#8217;a comment\u00e9 : Bonjour St\u00e9phane, D\u2019apr\u00e8s ce que j\u2019ai compris sur la loi de l\u2019attraction, vous attirez \u00e0 vous ce \u00e0 quoi vous pensez. Alors serait-il possible que vous ayez pens\u00e9 un peu trop [&hellip;]<\/p>\n","protected":false},"author":1,"featured_media":0,"parent":0,"menu_order":0,"comment_status":"open","ping_status":"open","template":"","meta":[],"builder_content":"","_links":{"self":[{"href":"https:\/\/auto-coaching.fr\/index.php\/wp-json\/wp\/v2\/pages\/1938"}],"collection":[{"href":"https:\/\/auto-coaching.fr\/index.php\/wp-json\/wp\/v2\/pages"}],"about":[{"href":"https:\/\/auto-coaching.fr\/index.php\/wp-json\/wp\/v2\/types\/page"}],"author":[{"embeddable":true,"href":"https:\/\/auto-coaching.fr\/index.php\/wp-json\/wp\/v2\/users\/1"}],"replies":[{"embeddable":true,"href":"https:\/\/auto-coaching.fr\/index.php\/wp-json\/wp\/v2\/comments?post=1938"}],"version-history":[{"count":20,"href":"https:\/\/auto-coaching.fr\/index.php\/wp-json\/wp\/v2\/pages\/1938\/revisions"}],"predecessor-version":[{"id":1959,"href":"https:\/\/auto-coaching.fr\/index.php\/wp-json\/wp\/v2\/pages\/1938\/revisions\/1959"}],"wp:attachment":[{"href":"https:\/\/auto-coaching.fr\/index.php\/wp-json\/wp\/v2\/media?parent=1938"}],"curies":[{"name":"wp","href":"https:\/\/api.w.org\/{rel}","templated":true}]}}