{"id":1960,"date":"2014-12-26T17:37:53","date_gmt":"2014-12-26T15:37:53","guid":{"rendered":"http:\/\/www.auto-coaching.fr\/?page_id=1960"},"modified":"2016-01-14T11:16:55","modified_gmt":"2016-01-14T09:16:55","slug":"cadeau-de-noel","status":"publish","type":"page","link":"https:\/\/auto-coaching.fr\/index.php\/cadeau-de-noel\/","title":{"rendered":"Cadeau de No&euml;l"},"content":{"rendered":"<p>Pour No\u00ebl, j&#8217;ai re\u00e7u un livre en cadeau. Je ne vous donne pas le titre ni l&#8217;auteur imm\u00e9diatement, car il pourrait vous mettre sur la voie de l&#8217;\u00e9nigme ci-dessous. L&#8217;\u00e9nigme tient \u00e0 une question relative \u00e0 un extrait du livre. Le voici :<\/p>\n<p><em>J&#8217;ai fui ma vocation ; j&#8217;avais banni mon chant. L&#8217;important capital dont Anastasia m&#8217;avait fait l&#8217;ayant-droit avait produit sur vingt-trois ans d&#8217;accumulation au prorata, un actif fructifiant qui m&#8217;autorisait \u00e0 avoir un grand train.<\/em><\/p>\n<p>Voyez-vous quelque chose d&#8217;\u00e9trange dans cet extrait ?<\/p>\n<p>Non ? Allez, un autre extrait du m\u00eame livre :<\/p>\n<p><em>Il paraissait souffrir d&#8217;un souci constant, d&#8217;un mal sournois. Il grima\u00e7ait. Il portait \u00e0 tout instant sa main sur un talisman qu&#8217;un fin fil d&#8217;or attachait \u00e0 son talon droit. L&#8217;ayant vu, un jour, par hasard : un truc laid, biscornu, rabougri, on aurait dit du plomb, un gravat pour typo, j&#8217;avais voulu savoir pourquoi il avait fait un gri-gri d&#8217;un bijou aussi vilain ; mais il s&#8217;irrita soudain, bouillant d&#8217;un courroux aussi furibond qu&#8217;inopinant, m&#8217;insultant, m&#8217;accusant \u00e0 tort. J&#8217;ai cru qu&#8217;il allait m&#8217;assaillir. J&#8217;ai fui.<\/em><\/p>\n<p>Alors, vous n&#8217;avez toujours rien trouv\u00e9 de bizarre ? Vous devriez pourtant&#8230; Regardez bien les deux extraits ! Quelque chose devrait vous sauter aux yeux !<\/p>\n<h2>La disparition<\/h2>\n<p>C&#8217;est le titre du livre de Georges PEREC que j&#8217;ai re\u00e7u en cadeau. Si vous vous int\u00e9ressez \u00e0 la litt\u00e9rature contemporaine et en particulier aux prix litt\u00e9raires, l&#8217;auteur et le titre devraient vous rappeler quelque chose. Sinon, vous avez s\u00fbrement entendu parler dans une \u00e9mission radio ou t\u00e9l\u00e9, d&#8217;un livre enti\u00e8rement \u00e9crit sans la lettre E !<\/p>\n<p>Vous pouvez relire les deux extraits du d\u00e9but de cet article&#8230; Etonnant n&#8217;est-ce pas ! Mais ce n&#8217;est rien compar\u00e9 au pav\u00e9 de 312 pages que je tiens dans mes mains en ce moment. Un roman entier sans la lettre E !<\/p>\n<p>Le livre n&#8217;est pas r\u00e9cent. Il date de 1969. J&#8217;en ai entendu parler en 2012, lorsque le roman \u00abLe condotti\u00e8re\u00bb fut publi\u00e9, 30 ans apr\u00e8s la mort de son auteur. Georges PEREC est l&#8217;un des rares \u00e9crivains \u00e0 succ\u00e8s (2 prix litt\u00e9raires de son vivant) \u00e0 avoir publi\u00e9 pr\u00e8s de 20 livres apr\u00e8s sa mort.<\/p>\n<h2>Lipogramme en E<\/h2>\n<p>Mais revenons \u00e0 la disparition de la lettre E. Tant qu&#8217;on ne tient pas le livre dans ses mains, on n&#8217;y croit pas ! Lorsque j&#8217;en ai entendu parler, la premi\u00e8re fois, j&#8217;ai cru (vous allez rire) que c&#8217;\u00e9tait un livre \u00e9crit normalement, mais qu&#8217;ensuite, l&#8217;auteur a d\u00e9cid\u00e9 d&#8217;enlever la lettre E. Ce qui aurait transform\u00e9 cette derni\u00e8re phrase en :<\/p>\n<p>Lorsqu j&#8217;n ai ntndu parlr, la prmi\u00e8r fois, j&#8217;ai cru (vous allz rir) qu c&#8217;\u00e9tait un livr \u00e9crit normalmnt, mais qu&#8217;nsuit, l&#8217;autur a d\u00e9cid\u00e9 d&#8217;nlvr la lttr.<\/p>\n<p>Ce qui aurait demand\u00e9 davantage d&#8217;efforts de lecture que d&#8217;\u00e9criture&#8230; Mais Georges PEREC a fait un travail ph\u00e9nom\u00e9nal ! Mis \u00e0 part quelques mots invent\u00e9s, et d&#8217;autres mal prononc\u00e9s (par des personnages un peu rustres du roman), tous les mots utilis\u00e9s ont \u00e9t\u00e9 choisis parce qu&#8217;ils ne contiennent pas la lettre interdite. On appelle ce style un \u00ablipogramme en E\u00bb. D&#8217;autres auteurs comme Ernest Vincent WRIGHT (Gadsby &#8211; en anglais -) se sont pr\u00eat\u00e9s au d\u00e9fi bien avant PEREC. Jacques ARAGO a fait de son conte \u00abCurieux voyage autour du monde\u00bb un lipogramme en A.<\/p>\n<p>J&#8217;ai tendu le livre \u00e0 plus de 15 invit\u00e9s pendant la soir\u00e9e de No\u00ebl. Chacun l&#8217;a feuillet\u00e9 en sachant qu&#8217;il y avait quelque chose \u00e0 trouver&#8230; Personne, absolument personne n&#8217;a vu qu&#8217;il y manquait une lettre (et pas n&#8217;importe laquelle)&#8230; Mais une fois qu&#8217;on le sait, c&#8217;est subjuguant !<\/p>\n<p>\u00c7a me rappelle vaguement une histoire de gorille \ud83d\ude09<\/p>\n<p>Mais o\u00f9 est-ce que je veux en venir avec tout \u00e7a ? Quel rapport peut-il y avoir entre ce livre et votre auto-coaching ? Est-ce encore un article pour \u00abraconter ma vie\u00bb, ou vais-je trouver dans ce cadeau de No\u00ebl une inspiration pour vous pousser \u00e0 l&#8217;action ?<\/p>\n<h2>La contrainte int\u00e9rieure<\/h2>\n<p>Je pense que nous sommes d&#8217;accord : personne n&#8217;a oblig\u00e9 Georges PEREC \u00e0 \u00e9crire tout un roman sans la lettre E. Ce d\u00e9fi tient au fait qu&#8217;il a rejoint l&#8217;OuLiPo, un groupe de litt\u00e9raires qui aiment jouer avec les mots, la rh\u00e9torique, les contraintes&#8230; Or non seulement la contrainte di Lipogramme est un choix cons\u00e9quent, mais avec une nouvelle de 50 pages il aurait probablement fait sensation aupr\u00e8s de ses paires. 312 pages, c&#8217;est vraiment une initiative personnelle, et c&#8217;est comparable \u00e0 une prouesse olympique. Essayez d&#8217;\u00e9crire, ne serait-ce que 3 lignes coh\u00e9rentes sans la lettre E&#8230; Comment a-t-il fait pour tenir 312 pages ???<\/p>\n<p>La contrainte int\u00e9rieure (ou interne) est un motivateur extr\u00eamement puissant. L&#8217;id\u00e9e n&#8217;est pas uniquement de se lancer un d\u00e9fi-fou, mais d&#8217;y ajouter une contrainte \u00e0 respecter \u00abreligieusement\u00bb. La plupart du temps, nous ob\u00e9issons \u00e0 des contraintes ext\u00e9rieures. Par exemple, la date limite de d\u00e9p\u00f4t de la d\u00e9claration d&#8217;imp\u00f4ts fait partie de ces obligations auxquelles il est pr\u00e9f\u00e9rable de r\u00e9pondre sous peine de p\u00e9nalit\u00e9s et parfois de sanctions. La plupart des gens s&#8217;y prennent au dernier moment.<\/p>\n<p>Si vous vous \u00eates int\u00e9ress\u00e9 \u00e0 un sport d&#8217;endurance et \u00e0 son entrainement, vous devez conna\u00eetre la contrainte int\u00e9rieure : qu&#8217;il pleuve, qu&#8217;il neige, qu&#8217;il vente&#8230; rien ne peut annuler ou repousser le rendez-vous de l&#8217;entrainement. Pour faire face aux impond\u00e9rables, les joggers s&#8217;\u00e9quipent pour courir en toutes circonstances<\/p>\n<p>Et que penser des personnes qui se l\u00e8vent 30 minutes plus t\u00f4t tous les matins pour m\u00e9diter ou pour prier ?<\/p>\n<p>Beaucoup de gens se croient incapables de respecter des contraintes internes, car elles ont trop de contraintes externes. Or l&#8217;un des secrets de la performance est de remplacer ces derni\u00e8res par des contraintes volontaires. Nos journ\u00e9es \u00e9tant limit\u00e9e \u00e0 24 heures, il est \u00e9vident que plus vous aurez de contraintes internes, moins vous aurez de contraintes externes.<\/p>\n<p>\u00c7a peut para\u00eetre trivial, mais \u00e7a ne l&#8217;est pas ! Par exemple, j&#8217;avais une cliente qui n&#8217;arrivait pas \u00e0 se lever \u00e0 l&#8217;heure le matin (vers 7h15 maximum). Cette contrainte lui pesait, et elle arrivait souvent en retard au bureau. Je lui ai donc propos\u00e9 de se lever \u00e0 5h30, c\u2019est-\u00e0-dire presque 2 heures avant que le r\u00e9veil ne devienne une contrainte impos\u00e9e par le monde ext\u00e9rieur&#8230; Au d\u00e9but elle m&#8217;a pris pour un fou ! Mais je lui ai propos\u00e9 de lui t\u00e9l\u00e9phoner chaque matin \u00e0 5h30 pour une discussion positive de 10 minutes. D\u00e9sormais, elle se l\u00e8ve tous les matins naturellement (sans alarme), entre 5h30 et 6h00. Finie la contrainte ext\u00e9rieure ! Elle l&#8217;a rendue int\u00e9rieure et c&#8217;est d\u00e9sormais une <b>motivation<\/b> li\u00e9e \u00e0 son hygi\u00e8ne de vie.<\/p>\n<h2>Le cadeau-cach\u00e9<\/h2>\n<p>Il y a souvent un \u00abcadeau-cach\u00e9\u00bb derri\u00e8re une contrainte int\u00e9rieure. Ce n&#8217;est pas toujours aussi spectaculaire qu&#8217;un prix litt\u00e9raire ou une m\u00e9daille olympique, mais c&#8217;est souvent \u00e0 la hauteur de l&#8217;effort consenti. Parfois, le cadeau est imperceptible, car le lien avec l&#8217;action n&#8217;est pas \u00e9vident \u00e0 faire. Pour reprendre l&#8217;exemple de ma cliente, elle souffrait de migraines chroniques qui ont disparu quelques jours apr\u00e8s l&#8217;initiative. Elle l&#8217;a remarqu\u00e9, mais beaucoup d&#8217;autres n&#8217;auraient pas fait de lien de cause \u00e0 effet. Si je devais donner une raison logique \u00e0 ce ph\u00e9nom\u00e8ne (ce n&#8217;est pas forc\u00e9ment n\u00e9cessaire), je dirais tout simplement qu&#8217;elle a \u00e9limin\u00e9 l&#8217;une de ses plus grosses pressions matinales. \u00c7a \u00e9vite bien des maux de t\u00eate.<\/p>\n<h2>A vous de jouer<\/h2>\n<p>Vous avez ici un mod\u00e8le d&#8217;auto-coaching : prenez conscience de vos contraintes externes, et remplacez-les par des contraintes internes. La solution n&#8217;est pas toujours aussi simple que celle de la cliente l\u00e8ve-t\u00f4t. Autorisez-vous \u00e0 imaginer d&#8217;autres solutions comportementales (que l&#8217;anticipation). Par exemple, si vous avez l&#8217;obligation de remplir un document tous les mois, vous pouvez transformer cette contrainte administrative externe en contrainte mon\u00e9taire interne pour payer une personne qui le fera pour vous. Vous pouvez \u00e9galement opter pour une contrainte de communication pour convaincre quelqu&#8217;un d&#8217;autre de le faire.<\/p>\n<p>Il existe des contraintes que l&#8217;on croit internes, parce qu&#8217;elles sont inscrites en nous depuis notre enfance, mais nous ne les avons pas r\u00e9ellement choisies. Par exemple, la contrainte \u00e9ducative qui nous oblige \u00e0 finir notre assiette m\u00eame lorsque nous n&#8217;avons plus faim&#8230; Vous pourriez la remplacer par la contrainte de mieux mesurer votre app\u00e9tit AVANT de vous servir, et dans le cas o\u00f9 vous auriez encore faim, de laisser une petite place dans votre estomac sans vous resservir (sachant que la sensation de faim va vite dispara\u00eetre).<\/p>\n<p>Et voil\u00e0&#8230; Apr\u00e8s avoir re\u00e7u ce cadeau qui refl\u00e8te une contrainte int\u00e9rieure, et avant la disparition de l&#8217;id\u00e9e qu&#8217;il m&#8217;a souffl\u00e9e, j&#8217;ai voulu vous faire part de mon sentiment. Personne ne m&#8217;a oblig\u00e9 \u00e0 \u00e9crire cet article. C&#8217;est donc un cadeau d&#8217;int\u00e9rieur \u00e0 int\u00e9rieur.<\/p>\n<p>A++<\/p>\n<p><b>St\u00e9phane SOLOMON<\/b><\/p>\n<!--themify_builder_content-->\n<div id=\"themify_builder_content-1960\" data-postid=\"1960\" class=\"themify_builder_content themify_builder_content-1960 themify_builder tf_clear\">\n    <\/div>\n<!--\/themify_builder_content-->\n","protected":false},"excerpt":{"rendered":"<p>Pour No\u00ebl, j&#8217;ai re\u00e7u un livre en cadeau. Je ne vous donne pas le titre ni l&#8217;auteur imm\u00e9diatement, car il pourrait vous mettre sur la voie de l&#8217;\u00e9nigme ci-dessous. L&#8217;\u00e9nigme tient \u00e0 une question relative \u00e0 un extrait du livre. Le voici : J&#8217;ai fui ma vocation ; j&#8217;avais banni mon chant. L&#8217;important capital dont [&hellip;]<\/p>\n","protected":false},"author":1,"featured_media":0,"parent":0,"menu_order":0,"comment_status":"open","ping_status":"open","template":"","meta":[],"builder_content":"","_links":{"self":[{"href":"https:\/\/auto-coaching.fr\/index.php\/wp-json\/wp\/v2\/pages\/1960"}],"collection":[{"href":"https:\/\/auto-coaching.fr\/index.php\/wp-json\/wp\/v2\/pages"}],"about":[{"href":"https:\/\/auto-coaching.fr\/index.php\/wp-json\/wp\/v2\/types\/page"}],"author":[{"embeddable":true,"href":"https:\/\/auto-coaching.fr\/index.php\/wp-json\/wp\/v2\/users\/1"}],"replies":[{"embeddable":true,"href":"https:\/\/auto-coaching.fr\/index.php\/wp-json\/wp\/v2\/comments?post=1960"}],"version-history":[{"count":5,"href":"https:\/\/auto-coaching.fr\/index.php\/wp-json\/wp\/v2\/pages\/1960\/revisions"}],"predecessor-version":[{"id":2816,"href":"https:\/\/auto-coaching.fr\/index.php\/wp-json\/wp\/v2\/pages\/1960\/revisions\/2816"}],"wp:attachment":[{"href":"https:\/\/auto-coaching.fr\/index.php\/wp-json\/wp\/v2\/media?parent=1960"}],"curies":[{"name":"wp","href":"https:\/\/api.w.org\/{rel}","templated":true}]}}