{"id":1965,"date":"2014-12-05T12:45:03","date_gmt":"2014-12-05T12:45:03","guid":{"rendered":"http:\/\/auto-coaching.fr\/attraction\/?p=91"},"modified":"2019-03-04T22:20:24","modified_gmt":"2019-03-04T21:20:24","slug":"la-serendipite","status":"publish","type":"page","link":"https:\/\/auto-coaching.fr\/index.php\/la-serendipite\/","title":{"rendered":"La S\u00e9rendipit\u00e9"},"content":{"rendered":"<p>L&#8217;Histoire se passe en 1492, un navigateur de 41 ans nomm\u00e9 Christophe COLOMB d\u00e9couvre un \u00abnouveau monde\u00bb&#8230; La mission est de rechercher &nbsp;une nouvelle route vers les Indes en faisant escale au Japon. L&#8217;Homme croira jusqu&#8217;\u00e0 sa mort que les terres inconnues qu&#8217;il a d\u00e9couvertes font partie des Indes occidentales.<\/p>\n<p>Tout historien qui vous racontera l&#8217;histoire de Christophe COLOMB vous d\u00e9crira un homme aux &nbsp;convictions in\u00e9branlables, tant au niveau religieux qu&#8217;au niveau des projets qu&#8217;il entreprend. Souvent d\u00e9crit comme le plus grand navigateur de tous les temps, il se fie \u00e0 de nombreux outils et techniques pour progresser dans sa qu\u00eate. Il est l&#8217;un des rares \u00e0 utiliser la boussole, et on raconte que dans un moment de doute, il se fie aux oiseaux pour atteindre la terre ferme. Chose qui n&#8217;\u00e9tait pas si \u00abpragmatique\u00bb \u00e0 l&#8217;\u00e9poque de laquelle nous parlons.<\/p>\n<p>Bien qu&#8217;on reconnaisse ses talents de navigateur et de meneur d&#8217;hommes, sa d\u00e9couverte est souvent r\u00e9duite au Destin, tant le hasard semble prendre une part importante dans le parcours, sans oublier le nombre d&#8217;erreurs d&#8217;interpr\u00e9tation qu&#8217;il commet en empruntant certaines directions : alors qu&#8217;il&nbsp; suit la latitude des Iles Canaries, il croit se diriger vers le Japon.<\/p>\n<p>Pour en revenir \u00e0 notre programme, toutes ces r\u00e9f\u00e9rences au hasard pourraient \u00eatre revisit\u00e9es sous l&#8217;angle de la Loi de l&#8217;Attraction. Je ne parle pas d&#8217;une pratique consciente (Christophe COLOMB ne me lisait pas), mais d&#8217;une <strong>Comp\u00e9tence Inconsciente<\/strong> qui lui aurait permis d&#8217;aiguiser sa perception et d&#8217;adopter une attitude attractive. Tout navigateur ambitieux de l&#8217;\u00e9poque avait pour but ultime, la d\u00e9couverte d&#8217;un \u00abnouveau monde\u00bb. C&#8217;\u00e9tait le r\u00eave d&#8217;une vie, l&#8217;ambition derri\u00e8re chaque voyage&#8230; Le but annonc\u00e9 ne pouvait \u00eatre celui-l\u00e0 pour des motivations politiques. Les bateaux et l&#8217;\u00e9quipage \u00e9taient pr\u00eat\u00e9s pour ramener de l&#8217;or et d&#8217;autres richesses vers l&#8217;Espagne.<\/p>\n<p>Un chercheur en pharmacie est-il motiv\u00e9 par la commercialisation de son m\u00e9dicament ou par la diffusion de la mol\u00e9cule qui gu\u00e9rira la maladie et am\u00e9liorera la vie de millions de personnes ? Lorsqu&#8217;on s&#8217;engage dans une entreprise ambitieuse, l&#8217;objectif est pragmatique. C&#8217;est vital pour le projet. Christophe COLOMB&nbsp;n&#8217;aurait pas obtenu un tel cr\u00e9dit si sa vocation avou\u00e9e avait \u00e9t\u00e9 de d\u00e9couvrir de nouvelles terres. Il s&#8217;est adapt\u00e9 au syst\u00e8me. Mais int\u00e9rieurement, comme tous les navigateurs, il \u00e9tait en qu\u00eate d&#8217;un \u00abcadeau cach\u00e9\u00bb qui va au-del\u00e0 de la mission qu&#8217;on lui a fix\u00e9e.<\/p>\n<p>Le ph\u00e9nom\u00e8ne qui a permis \u00e0 Christophe COLOMB de d\u00e9couvrir l&#8217;Am\u00e9rique porte le nom de S\u00e9rendipit\u00e9. En surface, la S\u00e9rendipit\u00e9 est consid\u00e9r\u00e9e comme une d\u00e9couverte accidentelle, fortuite&#8230; Elle nous ferait d\u00e9couvrir autre chose que ce qu&#8217;on cherchait&#8230; Mais d\u00e8s qu&#8217;on entre dans les profondeurs du concept et si on s&#8217;int\u00e9resse \u00e0 la litt\u00e9rature qui d\u00e9crit le ph\u00e9nom\u00e8ne, que ce soit sous l&#8217;angle mystique ou l&#8217;angle psychologique, la S\u00e9rendipit\u00e9 devient une attitude sublime, un style de vie cr\u00e9atif, une ouverture d&#8217;esprit subtile, une curiosit\u00e9 infinie&#8230;<\/p>\n<p>Par exemple, imaginez un artiste peintre qui fait tomber son caf\u00e9 sur sa palette&#8230; Sans S\u00e9rendipit\u00e9, il serait pris par la col\u00e8re et la frustration, mais en reconnaissant le ph\u00e9nom\u00e8ne, il peut se sentir submerg\u00e9 par des \u00e9motions qui lui donneront un \u00e9lan cr\u00e9atif hors du commun. Et ce n&#8217;est pas tout : dor\u00e9navant le caf\u00e9 fera partie int\u00e9grante de ses m\u00e9langes de couleurs.<\/p>\n<h2>Une croyance&nbsp; int\u00e9ressante<\/h2>\n<p>La plupart des croyances religieuses et philosophiques reconnaissent le libre-arbitre. Toutefois le pr\u00e9d\u00e9terminisme appara\u00eet dans les textes : il est question de dessein. On pourrait donc croire que certaines personnes sont n\u00e9es avec un destin pr\u00e9\u00e9tabli pour servir une cause. Toutefois lorsqu&#8217;on observe la difficult\u00e9 avec laquelle ils accomplissent leur t\u00e2che, on comprend que ce n&#8217;est pas gagn\u00e9 d&#8217;avance. Si on se voulait dogmatique au sens le plus strict du terme, Mo\u00efse n&#8217;aurait pas eu besoin des plaies d&#8217;Egypte pour convaincre Pharaon. Il lui aurait suffi de dire \u00abSalut, c&#8217;est moi ! Tu sais, le lib\u00e9rateur&#8230; Ne r\u00e9siste pas et ne t&#8217;emb\u00eate pas \u00e0 essayer quoi que ce soit, je m&#8217;occupe de tout, je suis n\u00e9 pour \u00e7a&nbsp;!\u00bb.<\/p>\n<p>Apparemment, l&#8217;entreprise fut bien plus compliqu\u00e9e.<\/p>\n<p>Ainsi, m\u00eame dans le saintes \u00e9critures, il y a quelques diff\u00e9rences entre le dessein de D.ieu et la r\u00e9alit\u00e9 humaine.<\/p>\n<p>On pourrait imaginer, en se basant sur cette id\u00e9e, que l&#8217;Am\u00e9rique \u00e9tait destin\u00e9e \u00e0 \u00eatre d\u00e9couverte aux environs de 1492. Les navigateurs de l&#8217;\u00e9poque \u00e9taient comme des athl\u00e8tes qui s&#8217;engageaient dans les jeux olympiques, et le \u00abnouveau monde\u00bb \u00e9tait la m\u00e9daille d&#8217;or. Au moment o\u00f9 les jeux se sont ouverts (je n&#8217;ai aucune id\u00e9e de la date pr\u00e9cise), l&#8217;un d&#8217;entre eux devait gagner ! C&#8217;est une vision spirituelle de la S\u00e9rendipit\u00e9 : toutes les conditions \u00e9taient r\u00e9unies pour que l&#8217;Am\u00e9rique soit d\u00e9couverte, mais l&#8217;homme de la situation n&#8217;\u00e9tait pas sp\u00e9cifiquement d\u00e9sign\u00e9.<\/p>\n<p>De m\u00eame, au moment o\u00f9 l&#8217;\u00e9lectricit\u00e9 devait \u00eatre r\u00e9v\u00e9l\u00e9e au monde de fa\u00e7on industrielle, Thomas EDISON a invent\u00e9 la lampe \u00e9lectrique et a install\u00e9 les centrales n\u00e9cessaires \u00e0 leur fonctionnement. Mais \u00e0 quelques d\u00e9cennies pr\u00e8s, c&#8217;\u00e9tait \u00e0 faire, et il s&#8217;est inscrit au Concours.<\/p>\n<p>Vous avez du mal \u00e0 vous d\u00e9lester du \u00abDestin \u00e9crit d&#8217;avance\u00bb et vous savez que cette croyance vous emp\u00eache d&#8217;agir pour am\u00e9liorer votre vie ? Voici une conciliation possible :<\/p>\n<blockquote><p>L&#8217;univers est d\u00e9termin\u00e9, les \u00eatres sont libres<\/p><\/blockquote>\n<p>Chacun a sa chance dans un environnement qui devient \u00abaidant\u00bb.&nbsp;L&#8217;Univers s&#8217;associe \u00e0 l&#8217;effort de ceux qui s&#8217;inscrivent \u00e0 ses nombreux concours&#8230; Voil\u00e0 une id\u00e9e qui pourrait aider les personnes tr\u00e8s attach\u00e9es au destin de composer avec une croyance qui permet de cr\u00e9er l&#8217;harmonie entre le locus interne et externe. Cette croyance (voire cette th\u00e9orie) ouvre aussi la voie vers d&#8217;autres ph\u00e9nom\u00e8nes \u00e9tranges qui s&#8217;av\u00e8rent particuli\u00e8rement utiles pour ceux qui aiment les utiliser : les Synchornicit\u00e9s. J&#8217;y reviendrai dans un autre article.<\/p>\n<p>Vous pouvez participer activement au ph\u00e9nom\u00e8ne si vous le souhaitez. La S\u00e9rendipit\u00e9 fait partie des aimants qui sont en vous. Vous devez simplement vous autoriser \u00e0 d\u00e9passer le cadre du <em>\u00abhasard qui fait bien les choses\u00bb<\/em>, pour y voir quelque chose de plus ouvert, que ce soit sous l&#8217;angle religieux (inscription au dessein divin) ou sous l&#8217;angle psychologique (focus, vision du monde, acte manqu\u00e9, \u00e9lan d&#8217;optimisme, etc.).<\/p>\n<p>La S\u00e9rendipit\u00e9 n&#8217;est pas d\u00e9di\u00e9e uniquement aux grandes ambitions comme la d\u00e9couverte d&#8217;un nouveau monde ou d&#8217;une nouvelle fa\u00e7on de l&#8217;\u00e9clairer. Vous pouvez la reconna\u00eetre au quotidien et vous en \u00e9merveiller : Vous est-il d\u00e9j\u00e0 arriv\u00e9 de chercher un objet et d&#8217;en trouver un autre que vous pensiez perdu, mais qui est bien plus int\u00e9ressant que l&#8217;objet recherch\u00e9 initialement ? C&#8217;est la S\u00e9rendipit\u00e9 du quotidien.<\/p>\n<p>Enfin, le plus important : la S\u00e9rendipit\u00e9 appara\u00eet en pleine ACTION. Ce n&#8217;est pas une m\u00e9ditation, mais un fait qui s&#8217;accomplit lorsque vous poursuivez un objectif et que vous AGISSEZ dans un sens pr\u00e9cis. C&#8217;est alors qu&#8217;appara\u00eet cet \u00abautre chose de plus grande que l&#8217;objectif\u00bb. Ce qui signifie que le passage \u00e0 l&#8217;action est incontournable et que les erreurs font partie du jeu.<\/p>\n<p>Toute personne qui passe \u00e0 l&#8217;action peut vivre des grandes, comme des petites S\u00e9rendipit\u00e9s.&nbsp;&nbsp;elle peut ensuite d\u00e9cider&nbsp;<strong>d&#8217;observer le ph\u00e9nom\u00e8ne<\/strong>&nbsp;sous le prisme du Cadeau-Cach\u00e9.<\/p>\n<p>A vous de jouer ! J&#8217;attends vos t\u00e9moignages autour de petites ou de grandes choses que vous vivrez ces prochains jours. Le fil reste ouvert, comme les deux pr\u00e9c\u00e9dents, et ceux \u00e0 venir.<\/p>\n<p>A++<\/p>\n<p><strong>St\u00e9phane<\/strong><\/p>\n<!--themify_builder_content-->\n<div id=\"themify_builder_content-1965\" data-postid=\"1965\" class=\"themify_builder_content themify_builder_content-1965 themify_builder tf_clear\">\n    <\/div>\n<!--\/themify_builder_content-->\n","protected":false},"excerpt":{"rendered":"<p>L&#8217;Histoire se passe en 1492, un navigateur de 41 ans nomm\u00e9 Christophe COLOMB d\u00e9couvre un \u00abnouveau monde\u00bb&#8230; La mission est de rechercher &nbsp;une nouvelle route vers les Indes en faisant escale au Japon. L&#8217;Homme croira jusqu&#8217;\u00e0 sa mort que les terres inconnues qu&#8217;il a d\u00e9couvertes font partie des Indes occidentales. Tout historien qui vous racontera [&hellip;]<\/p>\n","protected":false},"author":1,"featured_media":0,"parent":0,"menu_order":0,"comment_status":"open","ping_status":"open","template":"","meta":[],"builder_content":"","_links":{"self":[{"href":"https:\/\/auto-coaching.fr\/index.php\/wp-json\/wp\/v2\/pages\/1965"}],"collection":[{"href":"https:\/\/auto-coaching.fr\/index.php\/wp-json\/wp\/v2\/pages"}],"about":[{"href":"https:\/\/auto-coaching.fr\/index.php\/wp-json\/wp\/v2\/types\/page"}],"author":[{"embeddable":true,"href":"https:\/\/auto-coaching.fr\/index.php\/wp-json\/wp\/v2\/users\/1"}],"replies":[{"embeddable":true,"href":"https:\/\/auto-coaching.fr\/index.php\/wp-json\/wp\/v2\/comments?post=1965"}],"version-history":[{"count":2,"href":"https:\/\/auto-coaching.fr\/index.php\/wp-json\/wp\/v2\/pages\/1965\/revisions"}],"predecessor-version":[{"id":4459,"href":"https:\/\/auto-coaching.fr\/index.php\/wp-json\/wp\/v2\/pages\/1965\/revisions\/4459"}],"wp:attachment":[{"href":"https:\/\/auto-coaching.fr\/index.php\/wp-json\/wp\/v2\/media?parent=1965"}],"curies":[{"name":"wp","href":"https:\/\/api.w.org\/{rel}","templated":true}]}}