{"id":1969,"date":"2014-12-09T13:55:18","date_gmt":"2014-12-09T13:55:18","guid":{"rendered":"http:\/\/auto-coaching.fr\/attraction\/?p=101"},"modified":"2015-01-05T00:01:06","modified_gmt":"2015-01-04T22:01:06","slug":"l-erreur-de-ma-vie","status":"publish","type":"page","link":"https:\/\/auto-coaching.fr\/index.php\/l-erreur-de-ma-vie\/","title":{"rendered":"L&#8217;erreur de ma vie"},"content":{"rendered":"<p>Voici l\u2019histoire vraie d\u2019une \u00ab erreur de d\u00e9butant \u00bb, qui aurait pu me co\u00fbter ma carri\u00e8re de formateur. Malgr\u00e9 cette erreur monumentale j\u2019ai pu exercer mon m\u00e9tier pendant plusieurs dizaines d\u2019ann\u00e9es aupr\u00e8s de clients tr\u00e8s int\u00e9ressants.<\/p>\n<h2>Une erreur peut rapporter gros !<\/h2>\n<p>Je venais de m\u2019installer en tant que formateur Freelance en informatique, et pour me lancer, j\u2019ai pr\u00e9par\u00e9 un beau mailing \u00e0 l\u2019intention de toutes les \u00abbonnes\u00bb soci\u00e9t\u00e9s de formation parisiennes. A l\u2019\u00e9poque, il y en avait une centaine.<\/p>\n<p>Il faut bien comprendre que ma lettre ne vendait pas un simple produit. Elle me vendait moi ! Ce qui signifie que la moindre faute d\u2019orthographe, le moindre d\u00e9rapage de vocabulaire, la moindre incoh\u00e9rence dans mes propos risquait de me mettre hors-jeu. Pour durer dans le m\u00e9tier, un formateur devait multiplier les qualit\u00e9s et les comp\u00e9tences. Une bonne culture g\u00e9n\u00e9rale \u00e9tait de mise, sinon il ne pouvait pr\u00e9tendre encadrer un groupe d\u2019adultes. Je vous parle d\u2019un temps que les moins de vingt ans ne peuvent pas conna\u00eetre\u2026<\/p>\n<p>Me voici donc face \u00e0 mes 100 enveloppes \u00e0 fen\u00eatre, l\u2019adresse est correctement calibr\u00e9e, la police choisie avec soin, l\u2019enveloppe-r\u00e9ponse et le coupon parfaitement pli\u00e9s. Mes yeux fatigu\u00e9s d\u2019avoir travaill\u00e9 plus de 3 jours et 3 nuits sur le contenu de ces courriers p\u00e9tillaient de joie : le jour J est arriv\u00e9 ! Il n\u2019y a plus qu\u2019\u00e0 poster\u2026 C&#8217;est parti !<\/p>\n<h2>Les jeux sont faits, rien en va plus&#8230;<\/h2>\n<p>Cette nuit l\u00e0, je me retournais dans mon lit, impatient ! A chaque fois que je m\u2019endormais, je r\u00eavais que le t\u00e9l\u00e9phone sonnait sans arr\u00eat. Je me r\u00e9veillais au moment de d\u00e9crocher. Puis je me rendormais, et le r\u00eave recommen\u00e7ait&#8230;<\/p>\n<p>Mon r\u00eave se r\u00e9alisa d\u00e8s 10h00 du matin :<\/p>\n<p>\u00ab Allo, ici Forma-plus, nous avons bien re\u00e7u votre courrier, que nous avons pay\u00e9 ! Votre enveloppe p\u00e8se 22 grammes, alors qu\u2019elle est affranchie au tarif de 20 grammes ! Nous avons d\u00fb payer une surtaxe de 5 Francs\u00a0 au facteur, pour constater qu\u2019au final c\u2019\u00e9tait une pub&#8230; \u00bb<\/p>\n<p>J\u2019\u00e9tais sous le choc ! C\u2019est vrai ! Lors de mes tests j\u2019ai utilis\u00e9 un papier ordinaire de 80 grammes et ce n\u2019est qu\u2019au dernier moment que je l\u2019ai remplac\u00e9 par un papier filigran\u00e9 de 90 grammes pour rajouter du charme \u00e0 mon envoi. Quelle erreur ! Quelle horreur ! Le temps de r\u00e9pondre par un mot d\u2019humour (on fait ce qu\u2019on peut), j\u2019entends le bip du double appel. Je crois que certains cheveux blancs que j\u2019assume aujourd\u2019hui, ont commenc\u00e9 \u00e0 appara\u00eetre \u00e0 ce moment pr\u00e9cis.<\/p>\n<p>Le t\u00e9l\u00e9phone sonna une vingtaine de fois dans la matin\u00e9e\u2026 Chaque sonnerie \u00e9veillait en moi un sentiment de d\u00e9go\u00fbt. Moi qui \u00e9tais si s\u00fbr de moi la veille, moi qui projetais\u00a0 une carri\u00e8re de r\u00eave, je me retrouvais en plein cauchemar. La danse des facteurs suivait son cours, je restais l\u00e0 \u00e0 regarder dans le vague, impuissant.<\/p>\n<p>J\u2019\u00e9tais foutu !<\/p>\n<p>Sur mon bureau une dizaine d\u2019exemplaires de\u00a0 \u00ab L\u2019art du temps \u00bb (un best-seller de Jean-Louis Servan Schreiber) me narguait : je projetais d\u2019offrir ce livre \u00e0 chaque d\u00e9cideur qui me donnerait rendez-vous&#8230;<\/p>\n<p>Quel rendez-vous ? Quel client ?\u00a0 Je devenais fou ! J\u2019en voulais aux facteurs, j\u2019en voulais au monde entier ! Comment une chose pareille a pu m\u2019arriver\u2026 Pourquoi moi ?! Il va me falloir des mois pour me faire oublier. Il faut que je change de raison sociale,\u00a0 de logo, d\u2019id\u00e9es\u2026 Toutes ces id\u00e9es que j\u2019avais trouv\u00e9es, qui faisaient ma fiert\u00e9 et qui me d\u00e9marquaient. Je devais tout oublier et reprendre \u00e0 z\u00e9ro\u2026 A cause de 2 grammes de trop ! 2 grammes !<\/p>\n<p>Manu, mon ami graphiste frappa \u00e0 ma porte vers 15 heures : \u00ab Alors \u00e7a se passe comment ? Il plait mon logo ? \u00bb. Je fonds en larmes. Je lui explique la situation. Il essaye de trouver les mots, balbutie quelques \u00ab c\u2019est pas si grave ! \u00bb pour me consoler, et n\u2019y parvenant pas, il prend une feuille et me fait un dessin. Il pose son \u0153uvre pr\u00e8s de moi, et s\u2019\u00e9clipse en douceur. Je rel\u00e8ve la t\u00eate quelques minutes plus tard. J\u2019observe son petit cadeau, et j\u2019arrive \u00e0 d\u00e9crocher un petit sourire :<\/p>\n<p>C\u2019\u00e9tait une caricature repr\u00e9sentant un facteur. Les yeux globuleux, la casquette de travers, le sac rempli de feuilles de cannabis. Il s\u2019adresse au lecteur, d\u2019un air int\u00e9ress\u00e9, une enveloppe \u00e0 la main : \u00ab T\u2019en veux ??? C\u2019est 5 Francs les 2 grammes ! \u00bb. Sacr\u00e9 Manu, toujours le mot pour rire !<\/p>\n<h2>TILT !<\/h2>\n<p>Un fr\u00e9missement parcourt mon corps pendant une dur\u00e9e infinie\u2026 Comme si\u00a0 la foudre venait de frapper ma t\u00eate. Je commence \u00e0 rire et \u00e0 gesticuler comme un fou. Le bonheur de la premi\u00e8re id\u00e9e du jour ! J\u2019appelle les Editions Marabout et je demande si je peux acheter 100 exemplaires de \u00ab L\u2019art du temps \u00bb. Il y en a en stock boulevard Saint Germain. Je fonce ! Au passage je fais 100 photocopies du dessin de Manu et je d\u00e9valise le rayon paquets cadeaux de mon supermarch\u00e9.<\/p>\n<p>Le soir m\u00eame, aid\u00e9 de Manu et de 2 autres copains, nous enveloppons les livres. Je m\u2019applique sur chaque ruban\u2026 J\u2019y joins une lettre d\u2019excuses ainsi que la caricature du facteur. Le lendemain matin, un ami motard porte les cadeaux \u00e0 chaque prospect. En une journ\u00e9e, il livre 75% des clients (la plupart des soci\u00e9t\u00e9s de formation se trouvaient dans le 8<sup>\u00e8me<\/sup> et le 9<sup>\u00e8me<\/sup> arrondissement).<\/p>\n<p>D\u00e8s 10 heures le t\u00e9l\u00e9phone sonne ! Les f\u00e9licitations fusent. Certains prospects n\u2019ayant pas \u00e9t\u00e9 surtax\u00e9s m\u2019appellent pour me demander des explications : je fais connaissance, j&#8217;ironise, je pactise, je transpire l\u2019enthousiasme\u2026<\/p>\n<p>Cette erreur m\u2019a permis de d\u00e9crocher 20 clients qui me sont rest\u00e9s fid\u00e8les tout au long de ma carri\u00e8re. Le fait que je rattrape mon erreur en si peu de temps a impressionn\u00e9 les d\u00e9cideurs. Mon dynamisme a compl\u00e8tement occult\u00e9 l\u2019\u00e9pisode de la veille. Cet incident aurait pu d\u00e9truire ma carri\u00e8re, il l\u2019a d\u00e9clench\u00e9e et acc\u00e9l\u00e9r\u00e9e. Je n\u2019ai pas connu les fameux \u00ab d\u00e9buts difficiles \u00bb dans ce domaine, et je le dois \u00e0 une maladresse.<\/p>\n<p><strong>Faites des erreurs !<\/strong> Je ne dis pas qu\u2019il faut le faire expr\u00e8s, mais qu\u2019il ne faut pas en avoir peur. La peur de l\u2019erreur nous ralentit dans notre travail en nous rendant perfectionniste \u00e0 outrance.\u00a0 Ce perfectionnisme nous fait marcher pas \u00e0 pas, et comme l&#8217;illustre cette histoire nous ne sommes pas \u00e0 l\u2019abri d\u2019un moment d\u2019\u00e9garement\u2026 Or une erreur, si elle est vraiment involontaire, est formatrice. Et si on lui donne un sens, elle peut devenir un v\u00e9ritable acc\u00e9l\u00e9rateur. L\u2019erreur n\u2019est pas une simple source d\u2019Energie, c\u2019est de\u00a0 l\u2019Energie pure !<\/p>\n<p>Je crois intimement, qu\u2019un myst\u00e8re, un message cach\u00e9, se trouve derri\u00e8re chaque erreur que nous commettons. Message Spirituel ou Psychologique, il vous appartient de choisir. J&#8217;avoue que plus j&#8217;\u00e9tudie la question, moins je fais la diff\u00e9rence&#8230;<\/p>\n<p>Les personnes qui se laissent abattre ne parviennent pas \u00e0 entendre le message qui m\u00e8ne vers le cadeau. Elles\u00a0gardent un go\u00fbt amer de l&#8217;exp\u00e9rience. Mais en analysant vos erreurs, vous pourrez utiliser votre Energie comme un tremplin.<\/p>\n<p>A l&#8217;\u00e9poque, je lisais beaucoup de livres orient\u00e9s D\u00e9veloppement Personnel, et \u00e7a a cr\u00e9\u00e9 un \u00e9tat d&#8217;esprit : une perception positive des \u00e9v\u00e9nements, de leur sens et de leur devenir. \u00c7a n&#8217;emp\u00eache pas\u00a0 de se morfondre quelques minutes, de se complaire dans une situation de victime, de bl\u00e2mer le syst\u00e8me, etc. Mais apr\u00e8s le coup de blues, je me suis autoris\u00e9 \u00e0 tilter. Il y avait quelque chose qui bouillonnait en moi et qui voulait r\u00e9ussir malgr\u00e9 \u00ab\u00e7a\u00bb&#8230; Quelque chose qui communiquait avec Manu, qui ne pouvant utiliser le verbal, \u00e0 utilis\u00e9 son talent,\u00a0improvisant avec les circonsatances. Il voulait me r\u00e9conforter par l&#8217;humour&#8230; Il a fait bien plus : il m&#8217;a permis d&#8217;attirer des d\u00e9cideurs qui ont le sens de l&#8217;humour et de la r\u00e9partie.<\/p>\n<p>C&#8217;est ce que j&#8217;appelle un \u00abmiracle ordinaire\u00bb. Le mot \u00abordinaire\u00bb ne r\u00e9duit pas le miracle, bien au contraire, il d\u00e9signe le fait que chaque jour, vous \u00eates capable de co-cr\u00e9er des miracles avec votre univers, c&#8217;est \u00e0 dire avec ce qui est en vous et autour de vous.<\/p>\n<blockquote><p>Vous avez en vous et autour de vous tout ce qu&#8217;il faut pour r\u00e9ussir !<\/p><\/blockquote>\n<p>C&#8217;est certainement cette citation, que l&#8217;on trouve dans de nombreuses lectures orient\u00e9es D\u00e9veloppement Personnel, qui m&#8217;a permis de rebondir. Elle \u00e9tait grav\u00e9e en moi. Je me demande ce que j&#8217;aurais fait si j&#8217;avais choisi :<\/p>\n<blockquote><p>Rien en sert de courir, il faut partir \u00e0 point&#8230;<\/p><\/blockquote>\n<p>Cette citation est \u00e9galement grav\u00e9e en moi, et elle aurait pu prendre le dessus si d&#8217;autres forces ne s&#8217;y \u00e9taient pas oppos\u00e9es&#8230; On n&#8217;efface pas ce qui nous construit ! Je me suis donc autoris\u00e9 \u00e0 faire une chose simple, et je vous invite \u00e0 en faire autant :<\/p>\n<blockquote><p>apr\u00e8s un faux d\u00e9part, prenez un nouveau d\u00e9part, et partez \u00e0 point.<\/p><\/blockquote>\n<p>Tour ce qu&#8217;on vous a inject\u00e9 de r\u00e9ducteur dans votre jeunesse, peut \u00eatre ainsi reprogramm\u00e9.<\/p>\n<p>Et vous ? Avez-vous commis des erreurs miraculeuses ? Si oui, faites- le moi savoir. J&#8217;aime les miracles ! J&#8217;en fais collection, juste par plaisir ;-).<\/p>\n<p>En attendant de vos nouvelles, je vous souhaite une merveilleuse ann\u00e9e 2015, pleine de miracles ordinaires, et ++.<\/p>\n<p>A++<\/p>\n<p><strong>St\u00e9phane SOLOMON<\/strong><\/p>\n<!--themify_builder_content-->\n<div id=\"themify_builder_content-1969\" data-postid=\"1969\" class=\"themify_builder_content themify_builder_content-1969 themify_builder tf_clear\">\n    <\/div>\n<!--\/themify_builder_content-->\n","protected":false},"excerpt":{"rendered":"<p>Voici l\u2019histoire vraie d\u2019une \u00ab erreur de d\u00e9butant \u00bb, qui aurait pu me co\u00fbter ma carri\u00e8re de formateur. Malgr\u00e9 cette erreur monumentale j\u2019ai pu exercer mon m\u00e9tier pendant plusieurs dizaines d\u2019ann\u00e9es aupr\u00e8s de clients tr\u00e8s int\u00e9ressants. Une erreur peut rapporter gros ! Je venais de m\u2019installer en tant que formateur Freelance en informatique, et pour [&hellip;]<\/p>\n","protected":false},"author":1,"featured_media":0,"parent":0,"menu_order":0,"comment_status":"open","ping_status":"open","template":"","meta":[],"builder_content":"","_links":{"self":[{"href":"https:\/\/auto-coaching.fr\/index.php\/wp-json\/wp\/v2\/pages\/1969"}],"collection":[{"href":"https:\/\/auto-coaching.fr\/index.php\/wp-json\/wp\/v2\/pages"}],"about":[{"href":"https:\/\/auto-coaching.fr\/index.php\/wp-json\/wp\/v2\/types\/page"}],"author":[{"embeddable":true,"href":"https:\/\/auto-coaching.fr\/index.php\/wp-json\/wp\/v2\/users\/1"}],"replies":[{"embeddable":true,"href":"https:\/\/auto-coaching.fr\/index.php\/wp-json\/wp\/v2\/comments?post=1969"}],"version-history":[{"count":10,"href":"https:\/\/auto-coaching.fr\/index.php\/wp-json\/wp\/v2\/pages\/1969\/revisions"}],"predecessor-version":[{"id":1979,"href":"https:\/\/auto-coaching.fr\/index.php\/wp-json\/wp\/v2\/pages\/1969\/revisions\/1979"}],"wp:attachment":[{"href":"https:\/\/auto-coaching.fr\/index.php\/wp-json\/wp\/v2\/media?parent=1969"}],"curies":[{"name":"wp","href":"https:\/\/api.w.org\/{rel}","templated":true}]}}