{"id":1980,"date":"2015-01-07T21:52:27","date_gmt":"2015-01-07T19:52:27","guid":{"rendered":"http:\/\/www.auto-coaching.fr\/?page_id=1980"},"modified":"2015-01-07T22:25:07","modified_gmt":"2015-01-07T20:25:07","slug":"je-suis-charlie","status":"publish","type":"page","link":"https:\/\/auto-coaching.fr\/index.php\/je-suis-charlie\/","title":{"rendered":"Je suis CHARLIE"},"content":{"rendered":"<p>En hommage \u00e0 toutes les victimes de ce jour, voici 4 pens\u00e9es de 4 d&#8217;entre-elles :<\/p>\n<p><strong>Georges WOLINSKY<\/strong><br \/>\n(28 juin 1934 &#8211; 7 janvier 2015)<\/p>\n<blockquote><p>L&#8217;humour est le plus court chemin d&#8217;un homme \u00e0 un autre.<\/p><\/blockquote>\n<p><strong><br \/>\nJean CABUT alias Cabu<br \/>\n<\/strong>(13 janvier 1938 &#8211; 7 janvier 2015)<\/p>\n<blockquote><p>Faire la guerre \u00e0 son propre peuple&#8230; \u00e7a permet de rentrer chez soi tous les soirs !<\/p><\/blockquote>\n<p><strong><br \/>\nBernard VERLHAC alias Tignous<br \/>\n<\/strong>(*1957 &#8211; 7 janvier 2015)<\/p>\n<blockquote><p>A.llah est assez grand pour d\u00e9fendre Mahomet tout seul&#8230; Compris ?<\/p><\/blockquote>\n<p><strong><br \/>\nSt\u00e9phane CHARBONNIER alias Charb<\/strong><br \/>\n(21 ao\u00fbt 1967 &#8211; 7 janvier 2015)<\/p>\n<blockquote><p>Je pr\u00e9f\u00e8re mourir debout que vivre \u00e0 genoux.<\/p><\/blockquote>\n<p>&nbsp;<\/p>\n<p>Je vous invite de d\u00e9poser ci-dessous, telle une fleur, une citation de ces penseurs contemporains.<\/p>\n<p><a href=\"http:\/\/www.auto-coaching.fr\/images\/Je-suis-CHARLIE_12C24\/tlchargement.jpg\"><img decoding=\"async\" loading=\"lazy\" style=\"background-image: none; padding-top: 0px; padding-left: 0px; display: inline; padding-right: 0px; border: 0px;\" title=\"t\u00e9l\u00e9chargement\" src=\"http:\/\/www.auto-coaching.fr\/images\/Je-suis-CHARLIE_12C24\/tlchargement_thumb.jpg\" alt=\"t\u00e9l\u00e9chargement\" width=\"244\" height=\"138\" border=\"0\" \/><\/a><\/p>\n<!--themify_builder_content-->\n<div id=\"themify_builder_content-1980\" data-postid=\"1980\" class=\"themify_builder_content themify_builder_content-1980 themify_builder tf_clear\">\n    <\/div>\n<!--\/themify_builder_content-->\n","protected":false},"excerpt":{"rendered":"<p>En hommage \u00e0 toutes les victimes de ce jour, voici 4 pens\u00e9es de 4 d&#8217;entre-elles : Georges WOLINSKY (28 juin 1934 &#8211; 7 janvier 2015) L&#8217;humour est le plus court chemin d&#8217;un homme \u00e0 un autre. Jean CABUT alias Cabu (13 janvier 1938 &#8211; 7 janvier 2015) Faire la guerre \u00e0 son propre peuple&#8230; \u00e7a [&hellip;]<\/p>\n","protected":false},"author":1,"featured_media":0,"parent":0,"menu_order":0,"comment_status":"open","ping_status":"open","template":"","meta":[],"builder_content":"","_links":{"self":[{"href":"https:\/\/auto-coaching.fr\/index.php\/wp-json\/wp\/v2\/pages\/1980"}],"collection":[{"href":"https:\/\/auto-coaching.fr\/index.php\/wp-json\/wp\/v2\/pages"}],"about":[{"href":"https:\/\/auto-coaching.fr\/index.php\/wp-json\/wp\/v2\/types\/page"}],"author":[{"embeddable":true,"href":"https:\/\/auto-coaching.fr\/index.php\/wp-json\/wp\/v2\/users\/1"}],"replies":[{"embeddable":true,"href":"https:\/\/auto-coaching.fr\/index.php\/wp-json\/wp\/v2\/comments?post=1980"}],"version-history":[{"count":5,"href":"https:\/\/auto-coaching.fr\/index.php\/wp-json\/wp\/v2\/pages\/1980\/revisions"}],"predecessor-version":[{"id":1985,"href":"https:\/\/auto-coaching.fr\/index.php\/wp-json\/wp\/v2\/pages\/1980\/revisions\/1985"}],"wp:attachment":[{"href":"https:\/\/auto-coaching.fr\/index.php\/wp-json\/wp\/v2\/media?parent=1980"}],"curies":[{"name":"wp","href":"https:\/\/api.w.org\/{rel}","templated":true}]}}