{"id":1988,"date":"2015-01-12T23:25:54","date_gmt":"2015-01-12T21:25:54","guid":{"rendered":"http:\/\/www.auto-coaching.fr\/?page_id=1988"},"modified":"2015-01-13T01:30:31","modified_gmt":"2015-01-12T23:30:31","slug":"porteurs-d-esperance","status":"publish","type":"page","link":"https:\/\/auto-coaching.fr\/index.php\/porteurs-d-esperance\/","title":{"rendered":"Porteurs d&rsquo;esp&eacute;rance"},"content":{"rendered":"<blockquote>\n<p>Les \u00e9poques d\u00e9gueulasses sont propices aux chefs-d&#8217;\u0153uvre.<br \/>(Georges WOLINSKI)<\/p>\n<\/blockquote>\n<p>Dimanche 11 janvier 2015. Pr\u00e8s de 4 millions de personnes d\u00e9filent dans les rues de France, plus de 50 chefs d&#8217;Etat qui se tiennent la main, des centaines de politiques de tous bords, dans l&#8217;unit\u00e9, des citoyens de toutes croyances et de toutes origines, des jeunes et des moins jeunes&#8230; tous unis pour rendre hommage aux 17 victimes des attentats de la semaine derni\u00e8re, et au-del\u00e0, pour affirmer qu&#8217;ils ne c\u00e8deront pas \u00e0 la peur ou \u00e0 la haine. La marche du 11 janvier 2015 fait d\u00e9sormais partie de l&#8217;Histoire de France. <\/p>\n<p>Mercredi soir, j&#8217;ai publi\u00e9 un article intitul\u00e9 \u00abJe suis Charlie !\u00bb et vendredi j&#8217;ai failli faire de m\u00eame en \u00e9crivant \u00abJe suis juif !\u00bb, mais Shabbat venait de rentrer&#8230; Et puis vous parlez d&#8217;un scoop ! Il n&#8217;y a que monsieur PIVERT dans \u00abRabbi Jacob\u00bb qui pourrait s&#8217;\u00e9tonner d&#8217;entendre que SOLOMON est juif&#8230; <\/p>\n<p>Je retrouve peu \u00e0 peu mon sens de l&#8217;humour&#8230; et je dois avouer que la journ\u00e9e de dimanche y est pour beaucoup. Sans cet \u00e9lan de solidarit\u00e9, sans tous ces \u00abCharlies\u00bb, ces policiers, et ces juifs de circonstance qui se tenaient par la main dans les rues, je n&#8217;aurais pas ressenti en si peu de temps, ce profond soulagement d&#8217;\u00eatre. <\/p>\n<p>Il est possible que vous n&#8217;ayez rien trouv\u00e9 de dr\u00f4le dans ce que je viens d&#8217;\u00e9crire, car si vous ne connaissez pas le mot Shabbat ni ce qu&#8217;il signifie pour le juda\u00efsme, cet humour ne peux pas chatouiller vos neurones. <\/p>\n<p>Mais \u00e7a me va ! Je sais tr\u00e8s bien que les millions de <em>Charlies<\/em> qui ont rendu hommage aux victimes d\u00e8s mercredi soir, n&#8217;avaient pas tous \u00abl&#8217;humour Charlie Hebdo\u00bb. Je sais tr\u00e8s bien que les centaines de milliers de personnes qui se pr\u00e9cipiteront dans les kiosks pour acheter Charlie Hebdo mercredi matin, feuill\u00e8teront le journal en se demandant souvent ce qu&#8217;il y a de dr\u00f4le, ou en entendant une voix int\u00e9rieure chuchoter dans leur t\u00eate \u00abQuand-m\u00eame&#8230; Ils exag\u00e8rent !\u00bb. Mais ils ne regretteront pas leur geste. Nos valeurs profondes nous d\u00e9passent souvent, et c&#8217;est tr\u00e8s bien ainsi. En tout cas moi, \u00e7a me va ! <\/p>\n<p>Et puis, comment peut-on aimer Charlie Hebdo ??? Tout le monde, absolument tout le monde peut avoir des centaines de raisons de d\u00e9tester ce journal ! Par exemple, Fran\u00e7ois Hollande et Nicolas Sarkozy y ont \u00e9t\u00e9 caricatur\u00e9s des milliers de fois dans des postures improbables, alors que leur vie priv\u00e9e battait de l&#8217;aile et que leur sensibilit\u00e9 \u00e9tait \u00e0 fleur de peau. Mais hier, ils \u00e9taient l\u00e0 ! Le fran\u00e7ais moyen en prend r\u00e9guli\u00e8rement pour son grade&#8230; Mais hier, il \u00e9tait l\u00e0 ! Les f\u00e9ministes, les homos, les chasseurs, les militaires, la police, les commer\u00e7ants, les patrons, les salari\u00e9s, les syndiqu\u00e9s, les croyants, les ath\u00e9es&#8230; ont tous eu des raisons de grincer des dents en se voyant caricatur\u00e9s. Hier, ils \u00e9taient l\u00e0 ! Les illustrateurs avaient m\u00eame des raisons des se d\u00e9tester entre-eux, puisqu&#8217;ils se caricaturaient mutuellement&#8230; <\/p>\n<p>Ils \u00e9taient l\u00e0 aussi&#8230; <\/p>\n<p>Vraiment ! C&#8217;est facile de d\u00e9tester Charlie Hebdo ! Il suffit de prendre un num\u00e9ro au hasard, de le feuilleter un peu, et tr\u00e8s vite, vous trouverez un truc d\u00e9testable ! Il suffit de se focaliser dessus, et hop ! Le tour est jou\u00e9&#8230; <\/p>\n<p>Et puis comment peut-on aimer les juifs ??? Tout le monde, absolument tout le monde peut avoir des centaines de raisons de d\u00e9tester les juifs ! Feuilletez la Torah, et tr\u00e8s vite vous trouverez un truc insupportable. Il suffit de focaliser dessus, et hop ! Scandale, blasph\u00e8me, horreur !!! C&#8217;est aussi facile \u00e0 faire avec le Coran pour d\u00e9tester les musulmans, et avec le Nouveau Testament pour frapper les chr\u00e9tiens sur la joue droite. <\/p>\n<p>Il faut tr\u00e8s peu de moyens pour d\u00e9tester son monde ! Ca se fait en quelques secondes, c\u2019est souvent gratuit, et en piochant quelques pens\u00e9es disponibles, la r\u00e9action s\u2019op\u00e8re.&nbsp; <\/p>\n<p>Y a-t-il une solution pour \u00e9viter \u00e7a ? Oui ! Il y en a m\u00eame plusieurs&#8230; Je vais vous en proposer une qui est de circonstance : on l&#8217;appelle le <strong>\u00absecond degr\u00e9\u00bb<\/strong>. Le second degr\u00e9 est accessible \u00e0 tous ceux qui lui ouvrent les bras. Toutes les personnes que je connais qui ne parviennent pas \u00e0 comprendre le second degr\u00e9 y sont <strong>volontairement herm\u00e9tiques<\/strong>. Que ce soit pour interpr\u00e9ter la Bible, le Coran, la Torah ou Charlie Hebdo, ils ont exactement le m\u00eame probl\u00e8me : ils restent coinc\u00e9s au premier degr\u00e9\u2026 D&#8217;ailleurs les assassins du 7 janvier avaient ce m\u00eame probl\u00e8me&#8230; <\/p>\n<p>Le second degr\u00e9, \u00e7a s&#8217;apprend ! Mais c&#8217;est un peu comme l&#8217;intuition : il y a beaucoup de gens qui n&#8217;en veulent pas ! Qui n&#8217;en comprennent pas l&#8217;utilit\u00e9 et qui attendent un message clair, d\u00e9nu\u00e9 de toute nuance, qu&#8217;il vienne des hommes ou du ciel&#8230; Ils sont d\u00e9sorient\u00e9s au moindre jeu de mot ! A la moindre ironie, d\u00e9rision, parodie&#8230; Et les m\u00e9taphores, ils trouvent \u00e7a fatiguant \u00e0 interpr\u00e9ter ! <\/p>\n<h2>Hommage, dommage&#8230;<\/h2>\n<p>Mon billet de mercredi avait une seule vocation : rendre hommage \u00e0 toutes les victimes. <\/p>\n<p>J\u2019ai \u00e9t\u00e9 bless\u00e9 de voir que le lieu de l\u2019hommage s\u2019est parfois transform\u00e9 en tribune pour discourir \u00e0 propos des puissants et des mis\u00e9rables, de politique, de la peine de mort&#8230; J\u2019ai failli effacer tout ce que je trouvais d\u00e9plac\u00e9 dans un lieu de recueillement, mais je n\u2019ai pas pu censurer&#8230; Je me suis consol\u00e9 en me disant que la peine que nous endurions nous faisait perdre tout discernement. D\u2019ailleurs en me sentant bless\u00e9, n\u2019\u00e9tais-je pas moi-m\u00eame perdu ? Perdu, comme ces professeurs qui ne parvenaient pas \u00e0 expliquer \u00e0 leurs \u00e9l\u00e8ves pas-Charlie, que la minute de silence avait pour but de rendre hommage aux victimes froidement assassin\u00e9es, et non \u00e0 leurs dessins. <\/p>\n<p>Mais autre chose m\u2019a troubl\u00e9 ce soir-l\u00e0 puis les jours suivants : le corps des victimes \u00e9tait encore chaud, que les \u00abth\u00e9oriciens du complot\u00bb ont fait leur apparition dans les r\u00e9seaux sociaux ou sur diff\u00e9rents blogs. M\u00eame sous mon article d\u2019hommage, vous avez peut-\u00eatre vu appara\u00eetre ce commentaire : <\/p>\n<p>&#8211; A qui va profiter le crime&#8230;? Posons-nous la question ! <\/p>\n<p>Apr\u00e8s ce que j&#8217;ai \u00e9crit sur la th\u00e9orie du complot il y a deux semaines, j&#8217;ai \u00e9t\u00e9 tr\u00e8s \u00e9tonn\u00e9 de voir \u00e7a dans mes colonnes. Je suis donc oblig\u00e9 de le prendre au second degr\u00e9, du moins dans un premier temps. Je vais donc donner cette r\u00e9ponse pour commencer : <\/p>\n<p>Les premiers profiteurs seront, bien \u00e9videmment, les th\u00e9oriciens du complot, puisqu\u2019ils commencent \u00e0 raisonner bien avant les autres ! Depuis le temps qu&#8217;ils attendaient quelque chose de croustillant \u00e0 se mettre sous la dent, ils vont s&#8217;en donner \u00e0 c\u0153ur joie ! Je me demande d&#8217;ailleurs dans quelle mesure, ils auraient commandit\u00e9 l&#8217;attentat pour cracher leur haine et jeter la suspicion sur les m\u00eames personnes ou communaut\u00e9s, tout en salissant la m\u00e9moire des victimes. Depuis le 11 septembre 2001, on commen\u00e7ait \u00e0 s&#8217;ennuyer de votre angle de prise de vue ! <\/p>\n<p>Si je d\u00e9teste tant ces th\u00e9ories, c&#8217;est parce qu&#8217;elles utilisent nos \u00e9motions les plus basses pour cr\u00e9er un cercle vicieux : suspicion, m\u00e9fiance, haine, peur, culpabilit\u00e9&#8230; Ca ronge le cerveau ! <\/p>\n<p>Mais puisque la question est pos\u00e9e, essayons de faire le point sur ceux qui m\u00e9ritent de profiter. Je sais que le mot \u00abprofiter\u00bb est un peu d\u00e9licat, mais il va dans le sens de ce que les proches des victimes souhaitent : <strong>ils ne sont pas morts pour rien !<\/strong> <\/p>\n<p>Alors voil\u00e0 :  <\/p>\n<ul>\n<li>Ces crimes profitent \u00e0 la population fran\u00e7aise, qui le temps d\u2019un apr\u00e8s-midi a d\u00e9cid\u00e9 de descendre dans les rues en scandant des messages d&#8217;Amour et de Paix. Bravant la terreur sugg\u00e9r\u00e9e par ses ennemis, elle a pens\u00e9 uniquement \u00e0 ceux qu\u2019elle ch\u00e9rissait.<\/li>\n<li>Ces crimes profiteront aux valeurs r\u00e9publicaines, qui avant tout, sont des valeurs morales, humanistes, en qu\u00eate de Bonheur, et de mieux vivre ensemble.<\/li>\n<li>Ces crimes profiteront aux musulmans de France qui ont su \u00e0 travers leurs porte-paroles, et surtout en affirmant qu&#8217;ils \u00e9taient eux aussi CHARLIE, d\u00e9samorcer une bombe qui aurait pu exploser dans nos rues. Les m\u00e9dias et les politiques ont eux aussi particip\u00e9 \u00e0 la diffusion de ce sentiment pacificateur : la majorit\u00e9 des musulmans de France est bless\u00e9e par cet attentat, et n\u2019y ont pas reconnu leur religion. Ces crimes leur ont permis de sortir dans les rues pour afficher leur libert\u00e9, \u00e9galit\u00e9, fraternit\u00e9&#8230; Bravo ! Avec les stigmatisations qui commen\u00e7aient \u00e0 na\u00eetre, ce n&#8217;\u00e9tait pas gagn\u00e9 d&#8217;avance.<\/li>\n<li>Ces crimes profiteront aux juifs de France dont les institutions, les lieux de culte et de culture seront d\u00e9sormais mieux prot\u00e9g\u00e9s, et par extension, les lieux sensibles de toutes les communaut\u00e9s qui ont besoin de protection<\/li>\n<li>Ces crimes profiteront \u00e0 la presse qui a fait un travail remarquable<\/li>\n<li>Ces crimes profiteront aux nouveaux artistes engag\u00e9s, qu&#8217;ils soient illustrateurs, auteurs, chanteurs, com\u00e9diens&#8230; Car il est \u00e9vident que ce que nous avons v\u00e9cu ces derniers jours attend un \u00e9cho culturel \u00e0 la hauteur des \u00e9motions.<\/li>\n<li>Ces crimes profiteront, bien \u00e9videmment \u00e0 Charlie Hebdo, qui se pr\u00e9pare \u00e0 imprimer 3 millions d&#8217;exemplaires pour mercredi, soit 60 fois le tirage habituel, puis \u00e0 poursuivre sa route avec les survivants.<\/li>\n<\/ul>\n<p>Beaucoup de commentateurs craignent un mouvement \u00e9ph\u00e9m\u00e8re. C\u2019est sous-estimer le peuple fran\u00e7ais, que le monde entier regarde avec admiration.<\/p>\n<p>Enfin, une d\u00e9dicace sp\u00e9ciale \u00e0 ces personnes qui profitent rarement, mais qui n&#8217;ont pas \u00e9t\u00e9 oubli\u00e9es ce soir-l\u00e0 : en regardant la t\u00e9l\u00e9, j&#8217;ai vu diff\u00e9rentes images \u00e9mouvantes, mais je retenais mes larmes de peur de m&#8217;effondrer devant mes enfants. M\u00eame lorsque j\u2019ai vu Patrick PELLOUX se jeter dans les bras du Pr\u00e9sident de la R\u00e9publique, j&#8217;avais les yeux humides mais je ne pleurais pas.<\/p>\n<p>Puis j&#8217;ai vu ceci, et c&#8217;est parti tout seul&#8230;<\/p>\n<div id=\"scid:5737277B-5D6D-4f48-ABFC-DD9C333F4C5D:bf06c6bb-e442-4ef9-94d2-73a6586c6762\" class=\"wlWriterEditableSmartContent\" style=\"float: none; padding-bottom: 0px; padding-top: 0px; padding-left: 0px; margin: 0px; display: inline; padding-right: 0px\">\n<div><object width=\"574\" height=\"322\"><param name=\"movie\" value=\"http:\/\/www.youtube.com\/v\/BuXgnIREHgo?hl=en&amp;hd=1\"><\/param><\/object><\/div>\n<\/div>\n<p>A partir de ce moment-l\u00e0, j\u2019ai senti que je pouvais \u00e0 nouveau \u00e9crire&#8230; Je ne saurais pas vous dire ce qui a d\u00e9clench\u00e9 ce retour. Peut-\u00eatre est-ce parce que j&#8217;ai toujours \u00e9t\u00e9 sensible au free hugs&#8230; <\/p>\n<p>A+++++++++++++++++ <\/p>\n<p><strong>St\u00e9phane SOLOMON<\/strong><\/p>\n<!--themify_builder_content-->\n<div id=\"themify_builder_content-1988\" data-postid=\"1988\" class=\"themify_builder_content themify_builder_content-1988 themify_builder tf_clear\">\n    <\/div>\n<!--\/themify_builder_content-->\n","protected":false},"excerpt":{"rendered":"<p>Les \u00e9poques d\u00e9gueulasses sont propices aux chefs-d&#8217;\u0153uvre.(Georges WOLINSKI) Dimanche 11 janvier 2015. Pr\u00e8s de 4 millions de personnes d\u00e9filent dans les rues de France, plus de 50 chefs d&#8217;Etat qui se tiennent la main, des centaines de politiques de tous bords, dans l&#8217;unit\u00e9, des citoyens de toutes croyances et de toutes origines, des jeunes et [&hellip;]<\/p>\n","protected":false},"author":1,"featured_media":0,"parent":0,"menu_order":0,"comment_status":"open","ping_status":"open","template":"","meta":[],"builder_content":"","_links":{"self":[{"href":"https:\/\/auto-coaching.fr\/index.php\/wp-json\/wp\/v2\/pages\/1988"}],"collection":[{"href":"https:\/\/auto-coaching.fr\/index.php\/wp-json\/wp\/v2\/pages"}],"about":[{"href":"https:\/\/auto-coaching.fr\/index.php\/wp-json\/wp\/v2\/types\/page"}],"author":[{"embeddable":true,"href":"https:\/\/auto-coaching.fr\/index.php\/wp-json\/wp\/v2\/users\/1"}],"replies":[{"embeddable":true,"href":"https:\/\/auto-coaching.fr\/index.php\/wp-json\/wp\/v2\/comments?post=1988"}],"version-history":[{"count":7,"href":"https:\/\/auto-coaching.fr\/index.php\/wp-json\/wp\/v2\/pages\/1988\/revisions"}],"predecessor-version":[{"id":1995,"href":"https:\/\/auto-coaching.fr\/index.php\/wp-json\/wp\/v2\/pages\/1988\/revisions\/1995"}],"wp:attachment":[{"href":"https:\/\/auto-coaching.fr\/index.php\/wp-json\/wp\/v2\/media?parent=1988"}],"curies":[{"name":"wp","href":"https:\/\/api.w.org\/{rel}","templated":true}]}}