{"id":2020,"date":"2015-02-12T12:55:45","date_gmt":"2015-02-12T10:55:45","guid":{"rendered":"http:\/\/www.auto-coaching.fr\/?page_id=2020"},"modified":"2015-02-12T16:05:46","modified_gmt":"2015-02-12T14:05:46","slug":"le-tac-au-tac-en-video-live","status":"publish","type":"page","link":"https:\/\/auto-coaching.fr\/index.php\/le-tac-au-tac-en-video-live\/","title":{"rendered":"La technique du TAC au TAC<br \/>en vid&eacute;o et en direct"},"content":{"rendered":"<p>Dans mes pr\u00e9c\u00e9dents articles*, je vous expos\u00e9 le cas de Franck, qui procrastinait son inscription \u00e0 une Formation \u00e0 la lecture rapide, qu&#8217;un organisme de renom et dont il reconnaissait les comp\u00e9tences lui proposait. J&#8217;ai beaucoup insist\u00e9 sur le fait que Franck avait besoin de cette formation qui lui ferait <strong>gagner des dizaines d&#8217;heures par mois, soit plusieurs semaines par an, toute sa vie&#8230;<\/strong> Et j&#8217;ai \u00e9galement pr\u00e9cis\u00e9 qu&#8217;il ne souffrait d&#8217;aucun trouble particulier.<\/p>\n<blockquote><p>SI j\u2019ai tant insist\u00e9, c\u2019est pour que vous portiez votre attention sur la technique du TAC AU TAC, qui est d\u2019une simplicit\u00e9 enfantine, mais que Franck a essay\u00e9 d&#8217;appliquer, sans succ\u00e8s.<\/p><\/blockquote>\n<p>Visiblement, il r\u00e9unit les 3 conditions : il a le Temps et l&#8217;Argent, et c\u00f4t\u00e9 Confiance, l&#8217;organisme formateur est fiable et fait du bon boulot. Alors qu&#8217;est-ce qui manque ?<\/p>\n<p>&#8211; un quatri\u00e8me crit\u00e8re ?<br \/>\n&#8211; ou n&#8217;a-t-il pas compris quelque chose ?<\/p>\n<p>J&#8217;ai pos\u00e9 cette question \u00e0 mes lecteurs, et une bonne trentaine \u00e0 r\u00e9pondu. La r\u00e9ponse la plus fr\u00e9quente fut <strong>LE MANQUE D&#8217;ENVIE<\/strong> de suivre cette Formation.<\/p>\n<p>C&#8217;est une bonne id\u00e9e ! Si j&#8217;avais voulu vous poser une question pi\u00e8ge, \u00e7a ne pouvait \u00eatre que \u00e7a ! Car rappelez-vous qu&#8217;il est inutile de vous poser les 3 questions concernant le Temps, l\u2019Argent et la Confiance si vous n&#8217;avez pas ENVIE ou BESOIN d&#8217;acqu\u00e9rir \u00abl&#8217;objet\u00bb de la prise de d\u00e9cision.<\/p>\n<p>Mais ma question n&#8217;\u00e9tait pas un pi\u00e8ge. C&#8217;\u00e9tait une question beaucoup plus profonde qui partait (toujours) du principe que Franck est s\u00e9rieux, qu\u2019il conna\u00eet ses besoins et ses envies, sait calculer, \u00e9valuer, comparer, etc.<\/p>\n<p>Alors\u2026 O\u00f9 est le myst\u00e8re ?<\/p>\n<p>Je l\u2019ai laiss\u00e9 planer quelques jours, et comme je viens d&#8217;acqu\u00e9rir un outil formidable pour animer des conf\u00e9rences sur Internet, avec des dizaines (voire des centaines) de participants, j&#8217;ai d\u00e9cid\u00e9 de d\u00e9voiler ce myst\u00e8re en vous parlant face \u00e0 face, et en images.<\/p>\n<p>Je vous propose donc de me rejoindre ce soir, <strong>jeudi 12 f\u00e9vrier \u00e0 20h30<\/strong> (heure de Paris) pour 30 minutes de pr\u00e9sentation de la technique du TAC au TAC. 30 minutes pour faire le tour de cette technique d\u00e9cisionnelle, qui pourrait devenir votre meilleur alli\u00e9e. Elle vous fera <strong>gagner des dizaines d&#8217;heures par mois ! Plusieurs semaines par an, toute votre vie&#8230;<\/strong><\/p>\n<div style=\"margin-bottom: 36px; text-align: center;\"><a class=\"buttonize blue\" href=\"http:\/\/webinarjam.net\/webinar\/go\/14014\/bbf5cf3bbb\" target=\"_blank\">Inscrivez-vous gratuitement<\/a><\/div>\n<h2>Environnement technique<\/h2>\n<p>Vous pourrez suivre ma pr\u00e9sentation o\u00f9 que vous soyez et quel que soit votre \u00e9quipement (iOS, Windows, Linux, Andro\u00efd, Internet Explorer, Chrome, Firefox, Safari&#8230;). Si vous pouvez lire une vid\u00e9o Youtube, vous pourrez participer \u00e0 cette pr\u00e9sentation, <strong>sans aucune installation logicielle <\/strong>sur votre ordinateur, votre tablette ou votre smartphone. Vous pourrez \u00e9galement poser des questions en direct par \u00e9crit, gr\u00e2ce \u00e0 un petite fen\u00eatre de \u00abchat\u00bb, je vous expliquerai comment communiquer avec cet outil, les deux premi\u00e8res minutes.<\/p>\n<p>L\u00e0 encore j\u2019insiste sur la facilit\u00e9 d\u2019utilisation. Je sais \u00e0 quel point certains produits sont difficiles \u00e0 appr\u00e9hender. J\u2019ai volontairement choisi un outil trivial, pour que vous puissiez vous concentrer sur le contenu, et non sur le logiciel qui permet de l\u2019afficher.<\/p>\n<p><a href=\"http:\/\/webinarjam.net\/webinar\/go\/14014\/bbf5cf3bbb\" target=\"_blank\"><img decoding=\"async\" loading=\"lazy\" style=\"background-image: none; padding-top: 0px; padding-left: 0px; display: inline; padding-right: 0px; border: 0px;\" title=\"image\" src=\"http:\/\/www.auto-coaching.fr\/wp-content\/uploads\/2015\/02\/webinarjam2.jpg\" alt=\"image\" width=\"604\" height=\"359\" border=\"0\" \/><\/a><\/p>\n<div style=\"margin-bottom: 36px; text-align: center;\"><a class=\"buttonize blue\" href=\"http:\/\/webinarjam.net\/webinar\/go\/14014\/bbf5cf3bbb\" target=\"_blank\">Inscrivez-vous gratuitement<\/a><\/div>\n<h2>Quelques mots encore<\/h2>\n<p>Je vous recommande vivement de vous inscrire \u00e0 cette pr\u00e9sentation, m\u00eame si vous pensez avoir compris la technique. Comme je l\u2019ai \u00e9crit pr\u00e9c\u00e9demment, Franck a appliqu\u00e9 le TAC au TAC avec succ\u00e8s, dans bien d\u2019autres occasions. Il est donc possible que malgr\u00e9 un bon niveau de compr\u00e9hension et des succ\u00e8s r\u00e9p\u00e9t\u00e9s, vous vous retrouviez face \u00e0 son blocage un jour ou l\u2019autre. Vous saurez le d\u00e9verrouiller.gr\u00e2ce \u00e0 ce dernier apport.<\/p>\n<p>J&#8217;invite en particulier celles et ceux qui ont pris la (mauvaise) habitude de <strong>peser le POUR et le CONTRE<\/strong> pendant des heures avant de prendre une d\u00e9cision&#8230; Vous apprendrez pourquoi la multiplication des crit\u00e8res d\u00e9cisionnels n&#8217;est d&#8217;aucune utilit\u00e9 et ne sert \u00e0 qu\u2019\u00e0 enclencher la procrastination. Mon exp\u00e9rience aupr\u00e8s de cadres et de chefs d&#8217;entreprises m&#8217;a permis de d\u00e9montrer que chaque individu a tendance \u00e0 CONSTRUIRE une prise de d\u00e9cision complexe, alors qu\u2019elle est prise d\u2019avance&#8230;<\/p>\n<p>Nous \u00e9voquerons ce biais cognitif, ainsi que d\u2019autres leurres, qui une fois identifi\u00e9s, acc\u00e9l\u00e8reront vos prises de d\u00e9cision, tout en vous permettant de ne pas les regretter.<\/p>\n<div style=\"margin-bottom: 36px; text-align: center;\"><a class=\"buttonize blue\" href=\"http:\/\/webinarjam.net\/webinar\/go\/14014\/bbf5cf3bbb\" target=\"_blank\">Inscrivez-vous gratuitement<\/a><\/div>\n<p>Si vous avez des questions, vous pouvez les poser ci-dessous.<\/p>\n<p>A ce soir,<\/p>\n<p><strong>St\u00e9phane SOLOMON<\/strong><\/p>\n<p>_________________<br \/>\n* Pr\u00e9c\u00e9dents articles : <a href=\"http:\/\/www.auto-coaching.fr\/index.php\/il-manque-quelque-chose\" target=\"_blank\">Il manque quelque chose<\/a> et <a href=\"http:\/\/www.auto-coaching.fr\/index.php\/il-manque-quelque-chose-suite\" target=\"_blank\">Il manque quelque chose (suite)<\/a><\/p>\n<!--themify_builder_content-->\n<div id=\"themify_builder_content-2020\" data-postid=\"2020\" class=\"themify_builder_content themify_builder_content-2020 themify_builder tf_clear\">\n    <\/div>\n<!--\/themify_builder_content-->\n","protected":false},"excerpt":{"rendered":"<p>Dans mes pr\u00e9c\u00e9dents articles*, je vous expos\u00e9 le cas de Franck, qui procrastinait son inscription \u00e0 une Formation \u00e0 la lecture rapide, qu&#8217;un organisme de renom et dont il reconnaissait les comp\u00e9tences lui proposait. J&#8217;ai beaucoup insist\u00e9 sur le fait que Franck avait besoin de cette formation qui lui ferait gagner des dizaines d&#8217;heures par [&hellip;]<\/p>\n","protected":false},"author":1,"featured_media":0,"parent":0,"menu_order":0,"comment_status":"open","ping_status":"open","template":"","meta":[],"builder_content":"","_links":{"self":[{"href":"https:\/\/auto-coaching.fr\/index.php\/wp-json\/wp\/v2\/pages\/2020"}],"collection":[{"href":"https:\/\/auto-coaching.fr\/index.php\/wp-json\/wp\/v2\/pages"}],"about":[{"href":"https:\/\/auto-coaching.fr\/index.php\/wp-json\/wp\/v2\/types\/page"}],"author":[{"embeddable":true,"href":"https:\/\/auto-coaching.fr\/index.php\/wp-json\/wp\/v2\/users\/1"}],"replies":[{"embeddable":true,"href":"https:\/\/auto-coaching.fr\/index.php\/wp-json\/wp\/v2\/comments?post=2020"}],"version-history":[{"count":26,"href":"https:\/\/auto-coaching.fr\/index.php\/wp-json\/wp\/v2\/pages\/2020\/revisions"}],"predecessor-version":[{"id":2049,"href":"https:\/\/auto-coaching.fr\/index.php\/wp-json\/wp\/v2\/pages\/2020\/revisions\/2049"}],"wp:attachment":[{"href":"https:\/\/auto-coaching.fr\/index.php\/wp-json\/wp\/v2\/media?parent=2020"}],"curies":[{"name":"wp","href":"https:\/\/api.w.org\/{rel}","templated":true}]}}