{"id":2055,"date":"2015-02-13T14:41:04","date_gmt":"2015-02-13T12:41:04","guid":{"rendered":"http:\/\/www.auto-coaching.fr\/?page_id=2055"},"modified":"2015-02-13T14:49:48","modified_gmt":"2015-02-13T12:49:48","slug":"compte-rendu-de-webinaire","status":"publish","type":"page","link":"https:\/\/auto-coaching.fr\/index.php\/compte-rendu-de-webinaire\/","title":{"rendered":"Compte-rendu de webinaire"},"content":{"rendered":"<p>Le webinaire d&#8217;hier s&#8217;est tr\u00e8s bien pass\u00e9 pour une premi\u00e8re. Je sentais une belle \u00e9nergie se d\u00e9gager, et nous avons eu au total plus de 40 participants (presque toutes les personnes qui se sont inscrites ont tenu leur promesse, et \u00e9taient l\u00e0 \u00e0 l&#8217;heure).  <\/p>\n<p>Un grand MERCI \u00e0 Patrick, qui a accept\u00e9 de m&#8217;assister en me lisant les questions et les commentaires des participants. D\u00e8s les premi\u00e8res minutes, c&#8217;\u00e9tait tr\u00e8s vivant. L&#8217;essai est transform\u00e9 : <strong>attendez-vous \u00e0 ce que je recommence<\/strong>.  <\/p>\n<p>Bien-s\u00fbr, ce n&#8217;\u00e9tait pas parfait : nous avons d\u00e9bord\u00e9 sur le sujet, et donc sur la dur\u00e9e, mais je pense qu&#8217;une fois que nous saurons tous quelles r\u00e8gles il convient de respecter \u00e0 l&#8217;avenir, \u00e7a se passera beaucoup mieux.  <\/p>\n<p>Par exemple, hier, le but \u00e9tait d&#8217;approfondir une technique pr\u00e9cise (celle du TAC AU TAC), et lorsqu&#8217;une personne \u00e9voquait son probl\u00e8me d\u00e9cisionnel, j&#8217;ai rapidement associ\u00e9 sa probl\u00e9matique au TAC au TAC, afin de garder le cap. C&#8217;est le but !  <\/p>\n<p>Mais&#8230; Parce qu&#8217;il y a un \u00abmais\u00bb&#8230; C&#8217;\u00e9tait sans compter sur la propension naturelle des \u00eatres gr\u00e9gaires que nous sommes : nous avons une forte propension \u00e0 vouloir aider les autres (surtout en ce qui concerne mon public). De ce fait, chaque participant qui a r\u00e9ussi \u00e0 se sortir d&#8217;une difficult\u00e9 par le pass\u00e9, a voulu aider son prochain en proposant des techniques, des outils, des m\u00e9thodes&#8230; : Visualisation, EFT, EMDR, chamanisme&#8230;  <\/p>\n<p>C&#8217;est ce qu&#8217;on appelle \u00abpartir dans le d\u00e9cor\u00bb !  <\/p>\n<p>Je ne dis pas que ce n&#8217;est pas int\u00e9ressant, je pense m\u00eame que c&#8217;est TRES int\u00e9ressant ! Mais gardons le FOCUS sur l&#8217;objectif : le but \u00e9tait de ma\u00eetriser la technique du TAC au TAC en solo (en auto-coach).  <\/p>\n<p>Voil\u00e0 ce que je dois mieux contr\u00f4ler les prochaines fois : les interventions amicales, enthousiastes, fraternelles&#8230; qui malgr\u00e9 leur intention g\u00e9n\u00e9reuse, risquent de nous sortir du cadre, d&#8217;interrompre mon expos\u00e9, et surtout, d&#8217;allonger le temps de la prestation, qui se veut volontairement courte.  <\/p>\n<h2>Webinaires spontan\u00e9s \/ webinaires planifi\u00e9s<\/h2>\n<p>Avant que le webinaire commence, j&#8217;ai re\u00e7u quelques courriers (et commentaires) de la part de personnes qui auraient aim\u00e9 \u00eatre l\u00e0, mais qui ne le pouvaient pas. Parfois, ces commentaires commen\u00e7aient par un reproche, et le plus courant \u00e9tait de ce type :  <\/p>\n<p><em>&#8211; Pr\u00e9venez-nous \u00e0 l&#8217;avance ! Vous nous pr\u00e9venez en d\u00e9but d&#8217;apr\u00e8s midi pour le soir m\u00eame ! C&#8217;est injouable !<\/em>  <\/p>\n<p>Mais \u00e7a se terminait souvent en douceur, avec des propositions comme :  <\/p>\n<p><em>&#8211; J&#8217;esp\u00e8re que vous ferez une autre session (planifi\u00e9e d&#8217;avance)<br \/>&#8211; Y aura-t-il un \u00abreplay\u00bb que nous pourrions regarder apr\u00e8s la session<\/em>  <\/p>\n<p><strong>Je r\u00e9ponds par deux OUI<\/strong>, car je prends ces attentes comme des propositions pour avancer dans mon programme (parfois, l&#8217;\u00e9crit ne suffit pas). Je ne dis pas que je garderai toutes les propositions, mais vous pouvez sugg\u00e9rer ! Je ferai mes choix.  <\/p>\n<p>Toutefois, plus de 40 participants instantan\u00e9s, c\u2019est un tr\u00e8s bon score ! Je garderai donc les webinaires improvis\u00e9s pour une raison tr\u00e8s simple : il m&#8217;arrive souvent d&#8217;avoir du temps disponible (un d\u00e9sistement, une gr\u00e8ve des transports, une panne&#8230; la liste \u00e9num\u00e9rant les temps soudainement lib\u00e9r\u00e9s est longue)&#8230; Donc, le webinaire spontan\u00e9 peut faire partie de mes pratiques, autant que lire un livre, appeler un ami, faire de la musique, regarder la t\u00e9l\u00e9, etc.  <\/p>\n<p>Hier, en d\u00e9but d\u2019apr\u00e8s-midi, ce temps a \u00e9t\u00e9 soudainement lib\u00e9r\u00e9. Ce webinaire \u00e9tait dans ma liste de choses A FAIRE.<b> Ce n&#8217;\u00e9tait pas URGENT, mais IMPORTANT.<\/b> J&#8217;ai donc invit\u00e9 les personnes disponibles le soir-m\u00eame, \u00e0 s&#8217;inscrire imm\u00e9diatement. Si vous n&#8217;\u00e9tiez pas disponible ce soir-l\u00e0, alors l&#8217;invitation n&#8217;\u00e9tait pas pour vous. Ce sera pour la prochaine fois.  <\/p>\n<p>J&#8217;improviserai des webinaires dans bien d&#8217;autres occasions. Parfois m\u00eame en vous pr\u00e9venant seulement une heure \u00e0 l&#8217;avance. Ceci ne signifie pas que vous \u00eates \u00aboblig\u00e9\u00bb de vous inscrire (sous peine d&#8217;\u00eatre \u00e9tiquet\u00e9 \u00abmauvais lecteur\u00bb), mais que si vous le pouvez, vous pouvez saisir l&#8217;opportunit\u00e9. C\u2019est un cadeau, en chemin&#8230;  <\/p>\n<p>Pour faire une m\u00e9taphore naturaliste, voici l&#8217;id\u00e9e :  <\/p>\n<ul>\n<li>Si vous avez un jardin, vous pouvez y planter des fleurs par rang\u00e9es aux endroits pr\u00e9cis o\u00f9 vous souhaitez les voir fleurir&#8230; \u00c7a, c&#8217;est le webinaire planifi\u00e9 : <strong>vous r\u00e9servez un espace pr\u00e9cis<\/strong> dans votre agenda, et rien d&#8217;autre ne pourra \u00abpousser\u00bb dans cet espace, sans \u00eatre arrach\u00e9.<\/li>\n<li>Mais parfois, je dirais m\u00eame tr\u00e8s souvent, vous verrez une fleur pousser dans l&#8217;herbe, alors que vous n&#8217;avez rien fait pour qu&#8217;elle apparaisse\u2026 C&#8217;est le genre de cadeaux que re\u00e7oivent <strong>les personnes qui aiment les fleurs<\/strong>. Tel est le sens des webinaires-minute. Ce sont des cadeaux \u00e0 observer, humer, cueillir&#8230; Et le plaisir est partag\u00e9 par la fleur et par la Nature, j&#8217;en suis certain.<\/li>\n<\/ul>\n<p>Merci encore \u00e0 toutes celles et tous ceux qui ont particip\u00e9 \u00e0 cette premi\u00e8re, ainsi qu&#8217;aux personnes ont exprim\u00e9 leur d\u00e9ception de ne pouvoir \u00eatre l\u00e0. Dans le courant de l&#8217;apr\u00e8s-midi, vous recevrez une nouvelle proposition. Cette fois-ci, vous pourrez planifier tranquillement.  <\/p>\n<p>A++  <\/p>\n<p><b>St\u00e9phane SOLOMON<\/b>  <\/p>\n<p>PS : J\u2019attends des suggestions d\u2019am\u00e9lioration, en particulier de la part de ceux qui \u00e9taient l\u00e0 hier.<\/p>\n<!--themify_builder_content-->\n<div id=\"themify_builder_content-2055\" data-postid=\"2055\" class=\"themify_builder_content themify_builder_content-2055 themify_builder tf_clear\">\n    <\/div>\n<!--\/themify_builder_content-->\n","protected":false},"excerpt":{"rendered":"<p>Le webinaire d&#8217;hier s&#8217;est tr\u00e8s bien pass\u00e9 pour une premi\u00e8re. Je sentais une belle \u00e9nergie se d\u00e9gager, et nous avons eu au total plus de 40 participants (presque toutes les personnes qui se sont inscrites ont tenu leur promesse, et \u00e9taient l\u00e0 \u00e0 l&#8217;heure). Un grand MERCI \u00e0 Patrick, qui a accept\u00e9 de m&#8217;assister en [&hellip;]<\/p>\n","protected":false},"author":1,"featured_media":0,"parent":0,"menu_order":0,"comment_status":"open","ping_status":"open","template":"","meta":[],"builder_content":"","_links":{"self":[{"href":"https:\/\/auto-coaching.fr\/index.php\/wp-json\/wp\/v2\/pages\/2055"}],"collection":[{"href":"https:\/\/auto-coaching.fr\/index.php\/wp-json\/wp\/v2\/pages"}],"about":[{"href":"https:\/\/auto-coaching.fr\/index.php\/wp-json\/wp\/v2\/types\/page"}],"author":[{"embeddable":true,"href":"https:\/\/auto-coaching.fr\/index.php\/wp-json\/wp\/v2\/users\/1"}],"replies":[{"embeddable":true,"href":"https:\/\/auto-coaching.fr\/index.php\/wp-json\/wp\/v2\/comments?post=2055"}],"version-history":[{"count":6,"href":"https:\/\/auto-coaching.fr\/index.php\/wp-json\/wp\/v2\/pages\/2055\/revisions"}],"predecessor-version":[{"id":2061,"href":"https:\/\/auto-coaching.fr\/index.php\/wp-json\/wp\/v2\/pages\/2055\/revisions\/2061"}],"wp:attachment":[{"href":"https:\/\/auto-coaching.fr\/index.php\/wp-json\/wp\/v2\/media?parent=2055"}],"curies":[{"name":"wp","href":"https:\/\/api.w.org\/{rel}","templated":true}]}}