{"id":2094,"date":"2015-03-03T17:34:13","date_gmt":"2015-03-03T15:34:13","guid":{"rendered":"http:\/\/www.auto-coaching.fr\/?page_id=2094"},"modified":"2015-03-03T17:34:35","modified_gmt":"2015-03-03T15:34:35","slug":"le-rapport-a","status":"publish","type":"page","link":"https:\/\/auto-coaching.fr\/index.php\/le-rapport-a\/","title":{"rendered":"Le rapport &agrave;&#8230;"},"content":{"rendered":"<p>Dans moins de 2 heures j&#8217;animerai en direct un webinaire sur le rapport \u00e0 l&#8217;argent. J&#8217;ai fait l&#8217;annonce la semaine derni\u00e8re : la premi\u00e8re session est pour ce soir 18h30, la deuxi\u00e8me est pour jeudi \u00e0 20h30 (apr\u00e8s-demain).  <\/p>\n<p>Si vous souhaitez participer \u00e0 la session de ce soir, Si vous avez la possibilit\u00e9 de participer \u00e0 la session de ce soir, il est encore temps de vous inscrire. Sinon, inscrivez-vous d&#8217;avance pour jeudi, car je n&#8217;aurai peut-\u00eatre pas la possibilit\u00e9 de vous relancer.  <\/p>\n<p>Inscrivez-vous !  <\/p>\n<p>C&#8217;est quoi \u00able rapport \u00e0 l&#8217;argent ?\u00bb  <\/p>\n<p>D&#8217;une mani\u00e8re g\u00e9n\u00e9rale, vous entretenez un \u00abrapport\u00bb avec tout ce qui vous entoure. Ce \u00abrapport\u00bb implique un certain nombre de croyances, de valeurs, de pens\u00e9es, d&#8217;\u00e9motions et de comportements. On peut \u00e9voquer :  <\/p>\n<ul>\n<li>Le rapport aux Technologies\n<li>Le rapport \u00e0 la Musique\n<li>Le rapport \u00e0 l&#8217;Art\n<li>Le rapport \u00e0 la Spiritualit\u00e9\n<li>Le rapport aux Hommes ou aux Femmes\n<li>Le rapport aux Enfants\n<li>Le rapport \u00e0 lEeau\n<li>Le rapport \u00e0 TIME-COACH \ud83d\ude09\n<li>&#8230;<\/li>\n<\/ul>\n<p>Prenons l&#8217;exemple de l&#8217;eau : Mathilde ne supporte pas l&#8217;id\u00e9e qu&#8217;on puisse g\u00e2cher l&#8217;eau. En voyant ses amis se verser un seau d&#8217;eau froide sur la t\u00eate, m\u00eame pour une action solidaire, elle enrage et les traite de tous les noms ! C&#8217;est son \u00abrapport \u00e0 l&#8217;eau\u00bb qui la met dans l&#8217;\u00e9tat \u00e9motionnel (insupportable) lorsqu&#8217;elle voit ses amis se pr\u00eater \u00e0 ce d\u00e9fi symbolique. Elle a envie de tordre le cou \u00e0 celui qui a invent\u00e9 ce \u00abchallenge idiot\u00bb ! N&#8217;aurait-il pas pu trouver autre chose ?!!!  <\/p>\n<p>Bien s\u00fbr, autour d&#8217;elle on tente de la calmer :  <\/p>\n<p>&#8211; Tu sais, la plupart des gens font \u00e7a dans leur jardin. Ca arrose la pelouse, le surplus va dans les nappes phr\u00e9atiques. Il n&#8217;y a de g\u00e2chis, c&#8217;est juste un jeu&#8230;  <\/p>\n<p>Et Mathilde r\u00e9pond :  <\/p>\n<p>&#8211; Ce n&#8217;est pas bien de jouer avec de l&#8217;eau, alors qu&#8217;en Afrique on meurt de soif !  <\/p>\n<p>L\u00e0 encore, on essaye de la raisonner avec des arguments pragmatiques :  <\/p>\n<p>&#8211; C&#8217;est s\u00fbr qu&#8217;en Afrique il ne faudrait pas faire \u00e7a. Mais ici, en France, nous avons de l&#8217;eau \u00e0 profusion ! Tous les ans des villages entiers sont inond\u00e9s parce que les nappes phr\u00e9atiques sont pleines. Tu ne peux pas parler de g\u00e2chis, car le contexte n&#8217;est pas le m\u00eame qu&#8217;en Afrique.  <\/p>\n<p>Mathilde marque un temps d&#8217;arr\u00eat, puis versant des larmes sinc\u00e8res, et explosant en sanglots, elle dira :  <\/p>\n<p>&#8211; C&#8217;est parce que vous ne respectez pas l&#8217;eau ici, que les gens meurent de soif l\u00e0-bas !  <\/p>\n<p>Cette fois, ses amis se sentent outr\u00e9s. L&#8217;accusation est grave : les voil\u00e0 responsables de millions de morts, et Mathilde le croit sinc\u00e8rement, visc\u00e9ralement&#8230; Les arguments pragmatiques ne servent plus \u00e0 rien. Le \u00abrapport \u00e0 l&#8217;eau\u00bb e Mathilde n&#8217;est pas bas\u00e9 uniquement sur des valeurs \u00e9cologiques discutables, mais sur des lois de cause \u00e0 effet qui d\u00e9passent le cadre rationnel. Il est donc inutile d&#8217;insister !  <\/p>\n<p>L&#8217;atmosph\u00e8re est tendue&#8230;  <\/p>\n<p>Toute \u00e0 l&#8217;heure, dans mon webinaire, je vous expliquerai de quelle fa\u00e7on il est encore possible de dialoguer avec Mathilde pour qu&#8217;elle revienne vers de meilleurs sentiments envers ses amis. Car s&#8217;il est \u00e9vident qu&#8217;elle ne jouera pas aux jeux d&#8217;eau avec eux, il est encore possible de pacifier.  <\/p>\n<p>C&#8217;est mon \u00abrapport aux amis\u00bb qui me donne envie d&#8217;appliquer une technique de communication (ou plut\u00f4t un canal de Communication) que vous d\u00e9couvrirez.  <\/p>\n<p>Apr\u00e8s cet exemple, nous glisserons d\u00e9licatement vers le \u00abrapport \u00e0 l&#8217;argent\u00bb. L\u00e0 aussi, nous relaterons des conflits et des parades pacificatrices autour de 3 axes essentiels. Dans quel but ? Am\u00e9liorer votre perception de l&#8217;argent, dans tous les sens du terme, et ++&#8230; <\/p>\n<p>Inscrivez-vous !  <\/p>\n<p>A++  <\/p>\n<p>St\u00e9phane SOLOMON<\/p>\n<!--themify_builder_content-->\n<div id=\"themify_builder_content-2094\" data-postid=\"2094\" class=\"themify_builder_content themify_builder_content-2094 themify_builder tf_clear\">\n    <\/div>\n<!--\/themify_builder_content-->\n","protected":false},"excerpt":{"rendered":"<p>Dans moins de 2 heures j&#8217;animerai en direct un webinaire sur le rapport \u00e0 l&#8217;argent. J&#8217;ai fait l&#8217;annonce la semaine derni\u00e8re : la premi\u00e8re session est pour ce soir 18h30, la deuxi\u00e8me est pour jeudi \u00e0 20h30 (apr\u00e8s-demain). Si vous souhaitez participer \u00e0 la session de ce soir, Si vous avez la possibilit\u00e9 de participer [&hellip;]<\/p>\n","protected":false},"author":1,"featured_media":0,"parent":0,"menu_order":0,"comment_status":"open","ping_status":"open","template":"","meta":[],"builder_content":"","_links":{"self":[{"href":"https:\/\/auto-coaching.fr\/index.php\/wp-json\/wp\/v2\/pages\/2094"}],"collection":[{"href":"https:\/\/auto-coaching.fr\/index.php\/wp-json\/wp\/v2\/pages"}],"about":[{"href":"https:\/\/auto-coaching.fr\/index.php\/wp-json\/wp\/v2\/types\/page"}],"author":[{"embeddable":true,"href":"https:\/\/auto-coaching.fr\/index.php\/wp-json\/wp\/v2\/users\/1"}],"replies":[{"embeddable":true,"href":"https:\/\/auto-coaching.fr\/index.php\/wp-json\/wp\/v2\/comments?post=2094"}],"version-history":[{"count":1,"href":"https:\/\/auto-coaching.fr\/index.php\/wp-json\/wp\/v2\/pages\/2094\/revisions"}],"predecessor-version":[{"id":2095,"href":"https:\/\/auto-coaching.fr\/index.php\/wp-json\/wp\/v2\/pages\/2094\/revisions\/2095"}],"wp:attachment":[{"href":"https:\/\/auto-coaching.fr\/index.php\/wp-json\/wp\/v2\/media?parent=2094"}],"curies":[{"name":"wp","href":"https:\/\/api.w.org\/{rel}","templated":true}]}}