{"id":2101,"date":"2015-03-06T12:40:55","date_gmt":"2015-03-06T10:40:55","guid":{"rendered":"http:\/\/www.auto-coaching.fr\/?page_id=2101"},"modified":"2015-03-06T17:16:40","modified_gmt":"2015-03-06T15:16:40","slug":"contournez-vos-blocages","status":"publish","type":"page","link":"https:\/\/auto-coaching.fr\/index.php\/contournez-vos-blocages\/","title":{"rendered":"Contournez vos blocages"},"content":{"rendered":"<p>De plus en plus de lecteurs me demandent pourquoi je ne tourne pas de vid\u00e9os en solo afin de les rendre accessibles sur Youtube ad vitam aeternam, au lieu de proposer un webinaire \u00e0 une date et une heure pr\u00e9cise.<\/p>\n<p>C\u2019est parce que j\u2019ai deux blocages :<\/p>\n<ol>\n<li>La premi\u00e8re vient du fait que je n&#8217;aime pas parler \u00e0 une cam\u00e9ra. <strong>J\u2019ai besoin de parler \u00e0 des gens<\/strong>, sinon je n\u2019ai aucune motivation et je suis tr\u00e8s tendu. J&#8217;ai besoin de savoir qu&#8217;il y a un public qui me suit, \u00e0 tel point que j&#8217;invite toujours des participants en visuel (je peux les voir r\u00e9agir sur les vignettes en bas de l&#8217;\u00e9cran). \u00c7a me met vraiment \u00e0 l&#8217;aise, car je retrouve l&#8217;ambiance de Formation qui m&#8217;est famili\u00e8re.<\/li>\n<li>De plus, une fois la session enregistr\u00e9e, le fichier est facile \u00e0 placer sur Youtube, tel quel. Cela me demande \u00e0 peine une heure de travail. Dans un webinaire, je peux bafouiller, me tromper dans l&#8217;ordre des diapos, exploser de rire, etc. Du moment que je me rattrape, \u00e7a passe ! En replay \u00e7a passe aussi, car les spectateurs savent que c&#8217;est un direct rediffus\u00e9. Par contre, une vid\u00e9o enregistr\u00e9e et mont\u00e9e, ce doit \u00eatre beaucoup plus \u00abpropre\u00bb : si on se trompe, on coupe et on la refait ! Pas question d&#8217;avoir une image floue, pas question de r\u00e9p\u00e9ter la m\u00eame phrase deux fois, etc. \u00c7a repr\u00e9sente des heures d&#8217;enregistrement et de montage.<\/li>\n<\/ol>\n<p>C&#8217;est la diff\u00e9rence qu&#8217;il y a entre le cin\u00e9ma et le th\u00e9\u00e2tre.<\/p>\n<p>Ainsi, vos participations \u00e0 ces sessions permettent au produit de faire son entr\u00e9e, et \u00e0 moyen-terme, d\u2019exister pleinement. C\u2019est comme une version b\u00eata en informatique : les b\u00eata-testeurs l\u2019utilisent gratuitement pendant une p\u00e9riode. C\u2019est du Gagnant\/Gagnant, et c\u2019est un v\u00e9ritable confort de pouvoir faire ce genre de choses avec un public volontaire et impliqu\u00e9 (donc parfois grognon).<\/p>\n<h2>Pas de REPLAY sur le rapport \u00e0 l&#8217;argent.<\/h2>\n<p>Mardi et jeudi, il y a eu beaucoup de coupures dues \u00e0 des caprices de mon ordinateur (que je dois compl\u00e8tement reconfigurer). De ce fait, pour vous proposer un REPLAY correct, il me faudrait des heures de montage. Peut-\u00eatre une journ\u00e9e&#8230; C&#8217;est impossible pour moi ! Je pr\u00e9f\u00e8re refaire un webinaire sur le m\u00eame sujet, avec du mat\u00e9riel enti\u00e8rement r\u00e9vis\u00e9. Je vous tiendrai au courant de la date, car comme toujours, j\u2019aurai besoin de votre pr\u00e9sence.<\/p>\n<h2>La technique<\/h2>\n<p>Ceci nous ram\u00e8ne \u00e0 une r\u00e9flexion int\u00e9ressante : aujourd&#8217;hui, dans mon m\u00e9tier, la pr\u00e9sence en vid\u00e9o est indispensable (les sites qui contiennent des vid\u00e9os attirent 3 \u00e0 7 fois plus de monde que les sites en mode texte). Mais tourner des vid\u00e9os est hors de mes limites pour deux raisons (qui se rejoignent). Apr\u00e8s ce que je viens d\u2019exposer, vous comprenez que je peux contourner mes deux blocages en transformant quelque chose de d\u00e9licat (une vid\u00e9o)\u00a0en quelque chose de plus familier (une prestation publique\u00a0film\u00e9e).<\/p>\n<p>Ce Gagnant\/Gagnant nous responsabilise\u00a0tous les deux :<\/p>\n<ul>\n<li>D&#8217;un c\u00f4t\u00e9 je dois am\u00e9liorer mes prestations et proposer des sujets int\u00e9ressants pour vous faire venir<\/li>\n<li>D&#8217;un autre c\u00f4t\u00e9, c&#8217;est en participant \u00e0 ces webinaires que vous rendez l&#8217;enregistrement possible<\/li>\n<\/ul>\n<p>Si personne ne s\u2019inscrit \u00e0 la prochaine session (se disant que de toute fa\u00e7on il y aura une redif), je ne pourrai pas l\u2019enregistrer, et il n&#8217;y aura toujours pas de replay. <strong>Ca va ENSEMBLE !<\/strong><\/p>\n<h2>Et vous ?<\/h2>\n<p>Et vous, que pourriez-vous faire pour aller de l\u2019avant malgr\u00e9 une limite mentale ? Si vous observez mon exp\u00e9rience comme une m\u00e9taphore, une source d&#8217;inspiration qui a pour but de vous amener \u00e0 r\u00e9fl\u00e9chir \u00e0 vos propres initiatives, que pourriez-vous mettre en place pour aller de l\u2019avant en contournant un blocage ? Et peut-\u00eatre un jour, exp\u00e9rience apr\u00e8s exp\u00e9rience, parvenir \u00e0 lever la limite.<\/p>\n<p>Je vous laisse y r\u00e9fl\u00e9chir&#8230;<\/p>\n<h2>Ca va ENSEMBLE !<\/h2>\n<p>Encore un mot \u00e0 propos de <strong>ce qui va ENSEMBLE<\/strong> :<\/p>\n<p>Vous venez de lire un article gratuit. Il vous a peut-\u00eatre inspir\u00e9. Si ce n\u2019est pas le cas, j\u2019ose croire que ce fut le cas d\u2019autres \u00e9crits qui ont pr\u00e9c\u00e9d\u00e9s. Cette gratuit\u00e9 doit son existence aux programmes payants. Si personne ne s\u2019y inscrivait, il n\u2019y aurait plus de Newsletter gratuite : .<strong>\u00e7a va ENSEMBLE !<\/strong><\/p>\n<p>Sans boulangerie, Emilie ne pourrait pas offrir de chouquettes aux enfants. <strong>Ca va ENSEMBLE !<\/strong><\/p>\n<p>Vous aimez cette gratuit\u00e9 ? Alors int\u00e9grez cet argument dans votre prise de d\u00e9cision, afin d\u2019\u00e9valuer si OUI ou NON, vous souhaitez rejoindre la session printani\u00e8re de mon programme sur la loi de l\u2019Attraction. Ca commence lundi (dans 3 jours).<\/p>\n<p><a href=\"http:\/\/www.inscription-minute.fr\/solution.aspx?code=AT47TI07&amp;origine=webinaireSB\"><img decoding=\"async\" style=\"float: none; margin-left: auto; display: block; margin-right: auto;\" src=\"http:\/\/www.auto-coaching.fr\/images\/logoAttraction.jpg\" alt=\"\" \/><\/a><\/p>\n<p align=\"center\"><a class=\"buttonize blue\" href=\"inscription-minute.fr\/solution.aspx?code=AT47TI07&amp;origine=webinaireSB\">Cliquez ici pour vous inscrire \u00e0 ATTRACTION++<\/a><\/p>\n<h2>Gratitude<\/h2>\n<p>A chaque fois que je cr\u00e9e un nouveau programme, de nombreux lecteurs me rappellent que la newsletter gratuite leur suffit, et ils me \u00abremercient infiniment\u00bb pour \u00e7a. Or je ne suis pas le seul \u00e0 m\u00e9riter vos remerciements. Cette Gratitude concerne aussi les 43 participants de la premi\u00e8re session d\u2019ATTRACTION++. Ils ont permis \u00e0 cette newsletter de tenir jusqu\u2019au Printemps.<\/p>\n<p>Vous pouvez rejoindre ces pionniers, ces optimistes de la premi\u00e8re heure que je remercie \u00e0 mon tour :<\/p>\n<blockquote><p>Je fais un m\u00e9tier que j\u2019aime, et vous nourrissez son essence. Pour \u00e7a et pour tant d\u2019autres choses qui sont propres \u00e0 notre exp\u00e9rience hivernale, je vous renouvelle ma Gratitude.<\/p><\/blockquote>\n<p>A++<\/p>\n<p><strong>St\u00e9phane SOLOMON<\/strong><\/p>\n<p>PS : Vous pouvez commenter cet article en <a href=\"http:\/\/www.auto-coaching.fr\/index.php\/ca-va-ensemble\/\">cliquant ici<\/a>.<\/p>\n<!--themify_builder_content-->\n<div id=\"themify_builder_content-2101\" data-postid=\"2101\" class=\"themify_builder_content themify_builder_content-2101 themify_builder tf_clear\">\n    <\/div>\n<!--\/themify_builder_content-->\n","protected":false},"excerpt":{"rendered":"<p>De plus en plus de lecteurs me demandent pourquoi je ne tourne pas de vid\u00e9os en solo afin de les rendre accessibles sur Youtube ad vitam aeternam, au lieu de proposer un webinaire \u00e0 une date et une heure pr\u00e9cise. C\u2019est parce que j\u2019ai deux blocages : La premi\u00e8re vient du fait que je n&#8217;aime [&hellip;]<\/p>\n","protected":false},"author":1,"featured_media":0,"parent":0,"menu_order":0,"comment_status":"open","ping_status":"open","template":"","meta":[],"builder_content":"","_links":{"self":[{"href":"https:\/\/auto-coaching.fr\/index.php\/wp-json\/wp\/v2\/pages\/2101"}],"collection":[{"href":"https:\/\/auto-coaching.fr\/index.php\/wp-json\/wp\/v2\/pages"}],"about":[{"href":"https:\/\/auto-coaching.fr\/index.php\/wp-json\/wp\/v2\/types\/page"}],"author":[{"embeddable":true,"href":"https:\/\/auto-coaching.fr\/index.php\/wp-json\/wp\/v2\/users\/1"}],"replies":[{"embeddable":true,"href":"https:\/\/auto-coaching.fr\/index.php\/wp-json\/wp\/v2\/comments?post=2101"}],"version-history":[{"count":23,"href":"https:\/\/auto-coaching.fr\/index.php\/wp-json\/wp\/v2\/pages\/2101\/revisions"}],"predecessor-version":[{"id":2124,"href":"https:\/\/auto-coaching.fr\/index.php\/wp-json\/wp\/v2\/pages\/2101\/revisions\/2124"}],"wp:attachment":[{"href":"https:\/\/auto-coaching.fr\/index.php\/wp-json\/wp\/v2\/media?parent=2101"}],"curies":[{"name":"wp","href":"https:\/\/api.w.org\/{rel}","templated":true}]}}