{"id":2152,"date":"2015-03-10T20:10:53","date_gmt":"2015-03-10T18:10:53","guid":{"rendered":"http:\/\/www.auto-coaching.fr\/?page_id=2152"},"modified":"2015-03-11T05:18:05","modified_gmt":"2015-03-11T03:18:05","slug":"je-vous-prete-ma-puce","status":"publish","type":"page","link":"https:\/\/auto-coaching.fr\/index.php\/je-vous-prete-ma-puce\/","title":{"rendered":"Je vous pr&ecirc;te ma puce"},"content":{"rendered":"<p>Oui ++prenom++, je sais ! Je vous ai promis de ne plus vous parler de mon programme sur la Loi de l&#8217;Attraction sur ce canal, et vous allez voir que je ne vais pas en parler !  <\/p>\n<p>Je vous ai \u00e9galement promis que je vous laisserai tranquille pendant 3 semaines, et je tiendrai aussi cette promesse. Mais j&#8217;ai encore 2 ou 3 trucs \u00e0 vous dire avant de vous abandonner et de consacrer mon \u00e9nergie \u00e0 d&#8217;autres axes de mon activit\u00e9.  <\/p>\n<p>Je vais vous parler auto-coaching, et je vais commencer par une question :  <\/p>\n<p>&#8211; Est-ce que vous avez parfois besoin de convaincre des gens ?  <\/p>\n<p>Oui ? Incroyable ! Alors expliquez-moi pourquoi vous n&#8217;adh\u00e9rez pas \u00e0 mon mini-programme sur la persuasion ? Lorsque je vous ai propos\u00e9 de rejoindre les webinaires et les rediffusions sur la technique d\u00e9cisionnelle du TAC au TAC, vous avez \u00e9t\u00e9 plus de 300. Le webinaire sur le rapport \u00e0 l&#8217;argent fera un peu plus de 200&#8230; Je m\u2019attendais \u00e0 au moins autant ! Vous n\u2019aimez pas convaincre ? Pourtant \u00e7a pourrait vous \u00eatre utile&#8230;  <\/p>\n<div class=\"dialogue\">\n<p>&#8211; Ah mais St\u00e9phane, vous n\u2019avez pas du tout pr\u00e9sent\u00e9 la chose de cette fa\u00e7on ! Vous avez \u00e9crit que ce programme gratuit avait pour objet de me convaincre d\u2019acheter votre programme payant.  <\/p>\n<p>&#8211; Et alors ?  <\/p>\n<p>&#8211; Et alors, ce n&#8217;est pas la m\u00eame chose !  <\/p>\n<p>&#8211; Mais si&#8230; \u00c7a d\u00e9pend du regard que vous posez sur la chose.  <\/p>\n<p>&#8211; Oh mais arr\u00eatez avec \u00e7a ! Les choses sont ce qu&#8217;elles sont ! Elles ne d\u00e9pendent pas du regard que je pose dessus, mais de l&#8217;intention des personnes qui les cr\u00e9ent !  <\/p>\n<p>&#8211; D&#8217;accord ! Alors imaginez que mon intention, entre autres, \u00e9tait de vous livrer gratuitement des techniques de persuasion. Et au lieu de vous faire un cours th\u00e9orique, je vous mets face \u00e0 une application pratique : une \u00e9tude de cas en direct.  <\/p>\n<p>&#8211; Alors il fallait le dire !  <\/p>\n<p>&#8211; Vous vouliez que je vous mette le nez dessus ?  <\/p>\n<p>&#8211; Bein oui !  <\/p>\n<p>&#8211; Vous ne pouviez pas trouver \u00e7a tout seul ?  <\/p>\n<p>&#8211; Bein non !  <\/p>\n<p>&#8211; Et c&#8217;est comme \u00e7a uniquement avec moi, ou c\u2019est ce que vous attendez de la vie en g\u00e9n\u00e9ral ?  <\/p>\n<p>&#8211; Comment \u00e7a ? <\/p>\n<\/div>\n<p>Depuis votre naissance, votre vie vous sert des opportunit\u00e9s en abondance. Par exemple, demain vers 7h00 du matin, \u00e0 200 m\u00e8tres de chez-vous, il y aura un lever de soleil de toute beaut\u00e9 ! Et les lever de soleil sont souvent aussi beaux que les couchers.  <\/p>\n<p>Voil\u00e0 une info int\u00e9ressante, mais c&#8217;est juste une info. Je ne r\u00e8gle pas votre r\u00e9veil \u00e0 6h30, c&#8217;est \u00e0 vous de le faire en transformant l&#8217;information en quelque chose d&#8217;utile pour vous. Je vous glisse en filigrane que \u00e7a va vous plaire (l&#8217;info n&#8217;est pas innocente), parce que je sais que vous appr\u00e9ciez les couchers de soleil, et vous m&#8217;avez demand\u00e9 le jour de votre inscription de vous aider \u00e0 faire le plein d&#8217;\u00e9nergie pour lutter contre la procrastination. Je ne vais pas venir vous tirer du lit. C&#8217;est \u00e0 vous de prendre votre billet pour assister au spectacle !  <\/p>\n<p>Le probl\u00e8me de la plupart des gens qui ne passent pas \u00e0 l&#8217;action, est de vouloir que leur univers leur pr\u00e9sente les opportunit\u00e9s sur un plateau d\u2019argent, avec un maximum de clart\u00e9, et en donnant AVANT l&#8217;\u00e9v\u00e8nement des informations d\u00e9taill\u00e9es sur tout ce qui se passera PENDANT et APRES. Or dans la vie, \u00e7a ne se passe pas comme \u00e7a ! Vous pouvez observer un spectacle de magie en vous \u00e9merveillant, mais vous pouvez aussi vous inspirer du magicien pour cr\u00e9er vos propres tours.  <\/p>\n<p>Je viens de consulter la liste des participants \u00e0 mon initiative d&#8217;hier : sur les 68 personnes, 22 ont d\u00e9j\u00e0 suivi le programme payant cet hiver. Vous vous rendez-compte ? Ils connaissent le produit, ils l&#8217;ont achet\u00e9 la semaine de sa sortie, et ils veulent quand-m\u00eame que je les convainque ? Ca ne veut rien dire !  <\/p>\n<p>J\u2019imagine que certains d\u2019entre-eux veulent voir comment je vais argumenter avec des h\u00e9sitants. D&#8217;autres veulent convaincre des proches \u00e0 appr\u00e9cier ce genre de produit, et ont besoin d&#8217;arguments. D&#8217;autres encore savent que je vais parler d&#8217;un sujet qui leur tient \u00e0 c\u0153ur, et ils en veulent encore : c&#8217;est un bonus gratuit du programme payant.  <\/p>\n<p>Vous me direz que je leur ai mis la puce \u00e0 l&#8217;oreille, puisque je leur ai envoy\u00e9 l\u2019article d\u2019hier, alors qu\u2019ils ne sont pas concern\u00e9s.  <\/p>\n<p>Il est vrai que je n\u2019ai qu\u2019une case \u00e0 cocher pour faire ce filtrage, et je ne l\u2019ai pas fait. Mais je ne le fais quasiment jamais ! Donc ils auraient pu en d\u00e9duire que je ne sais pas utiliser mon logiciel et qu\u2019ils ont re\u00e7u ce courrier par erreur. Vu la fa\u00e7on dont ce courrier est r\u00e9dig\u00e9, ils avaient juste une ligne \u00e0 lire pour conclure que \u00e7a ne les concernait plus. Mais ils sont all\u00e9s jusqu\u2019au bout !  <\/p>\n<p>M\u00eame la puce \u00e0 l\u2019oreille ne d\u00e9pend pas de moi. Tout le monde a une puce portative \u00e0 mettre dans son oreille pour entendre les messages cach\u00e9s en de\u00e7\u00e0 de ce qui est dit. Certains l\u2019utilisent pour entendre quelque chose de joli, d\u2019autres l\u2019utilisent pour parasiter le message original et le rendre toxique, et enfin, il y a ceux qui ont dress\u00e9 leur puce pour qu\u2019elle leur glisse une opportunit\u00e9.  <\/p>\n<p>Parfois, l\u2019Univers dans son immense g\u00e9n\u00e9rosit\u00e9, vous donne bien plus que ce que vous demandez. Comme je fais partie de votre univers, je vous pr\u00eate ma puce pour qu\u2019elle parle \u00e0 votre puce (je ne parle pas puce !). Elle lui dit :  <\/p>\n<p>Pour recevoir gratuitement des mod\u00e8les de courriers convaincants,  <\/p>\n<p>Cliquez ici !  <\/p>\n<div><img decoding=\"async\" loading=\"lazy\" alt=\"\" src=\"http:\/\/sg-autorepondeur.com\/tauxouverture\/form.gif?membreid=2072&amp;listeid=41380\" width=\"1\" height=\"1\"><\/div>\n<div align=\"center\">\n<div style=\"border-top: #ffffff 5px solid; border-right: #ffffff 5px solid; width: 220px; border-bottom: #ffffff 5px solid; padding-bottom: 10px; padding-top: 10px; padding-left: 10px; margin: auto; border-left: #ffffff 5px solid; padding-right: 10px; background-color: #228061; -moz-box-shadow: 0px 0px 2px #9b9b9b; -webkit-box-shadow: 0px 0px 2px #9b9b9b; box-shadow: 0px 0px 2px #9b9b9b; -moz-border-radius: 10px; border-radius: 10px; -webkit-border-radius: 10px; -o-box-shadow: 0px 0px 2px #9b9b9b\">\n<div style=\"font-size: 16px; font-family: 'Comic Sans MS', verdana; color: #ffffff; text-align: center; text-shadow: 0px 0px 1px #9b9b9b\">\n<p>Je m&#8217;inscris gratuitement<br \/>au programme<br \/>PRE-ATTRACTION++<\/p>\n<\/div>\n<form style=\"text-align: center\" accept-charset=\"UTF-8\" enctype=\"utf-8\" method=\"post\" action=\"http:\/\/sg-autorepondeur.com\/inscriptionabonne.php\" target=\"_blank\"><input onfocus=\"if (this.value=='Entrez votre pr&eacute;nom') this.value='';\" onblur=\"if (this.value=='') this.value='Entrez votre pr&eacute;nom';\" style=\"margin-bottom: 5px; font-size: 16px; border-top: #bcbcbc 1px solid; height: 30px; border-right: #bcbcbc 1px solid; width: 220px; border-bottom: #bcbcbc 1px solid; color: #2a333a; text-align: left; padding-left: 3px; margin-left: -3px; border-left: #bcbcbc 1px solid; margin-top: 15px; line-height: 30px; -moz-box-shadow: 0px 0px 0px #bcbcbc; -webkit-box-shadow: 0px 0px 0px #bcbcbc; box-shadow: 0px 0px 0px #bcbcbc; -moz-border-radius: 2px; border-radius: 2px; -webkit-border-radius: 2px\" value=\"Entrez votre pr&eacute;nom\" name=\"prenom\" required=\"\" placeholder=\"Votre pr&eacute;nom ici\"><br \/><input onfocus=\"if (this.value=='Entrez votre email') this.value='';\" onblur=\"if (this.value=='') this.value='Entrez votre email';\" style=\"margin-bottom: 5px; font-size: 16px; border-top: #bcbcbc 1px solid; height: 30px; border-right: #bcbcbc 1px solid; width: 220px; border-bottom: #bcbcbc 1px solid; color: #2a333a; text-align: left; padding-left: 3px; margin-left: -3px; border-left: #bcbcbc 1px solid; margin-top: 15px; line-height: 30px; -moz-box-shadow: 0px 0px 0px #bcbcbc; -webkit-box-shadow: 0px 0px 0px #bcbcbc; box-shadow: 0px 0px 0px #bcbcbc; -moz-border-radius: 2px; border-radius: 2px; -webkit-border-radius: 2px\" value=\"Entrez votre email\" name=\"email\" required=\"\" placeholder=\"Votre email ici\"><\/p>\n<p><input style=\"border-left-width: 0px; cursor: pointer; font-size: 18px; height: 40px; border-right-width: 0px; border-top-color: #f2f2f2; width: 220px; border-bottom-width: 0px; border-left-color: #f2f2f2; font-weight: bold; color: #393b3f; border-bottom-color: #f2f2f2; text-align: center; margin-top: 20px; border-right-color: #f2f2f2; border-top-width: 0px; background-color: #f2f2f2; -moz-border-radius: 4px; border-radius: 4px; -webkit-border-radius: 4px\" type=\"submit\" value=\"Je m'inscris\" name=\"valider\"><input type=\"hidden\" value=\"41380\" name=\"listeid\"><input type=\"hidden\" value=\"2072\" name=\"membreid\"><\/form>\n<div style=\"font-size: 10pt; font-family: verdana, geneva, sans-serif; color: #000000; text-align: center; margin: 10px 10px 15px; text-shadow: 1px 1px 2px #878787\">J&#8217;ai bien compris que ce programme est constitu\u00e9 de courriers qui ont pour vocation d&#8217;aider les h\u00e9sitants \u00e0 s&#8217;inscrire \u00e0 Attraction++. Toutefois ce programme peut \u00eatre utilis\u00e9 pour d&#8217;autres raisons, notamment pour m&#8217;aider \u00e0 cr\u00e9er mon propre argumentaire en me basant sur certaines id\u00e9es.<\/div>\n<\/div>\n<\/div>\n<p>A++  <\/p>\n<p>St\u00e9phane SOLOMON<\/p>\n<!--themify_builder_content-->\n<div id=\"themify_builder_content-2152\" data-postid=\"2152\" class=\"themify_builder_content themify_builder_content-2152 themify_builder tf_clear\">\n    <\/div>\n<!--\/themify_builder_content-->\n","protected":false},"excerpt":{"rendered":"<p>Oui ++prenom++, je sais ! Je vous ai promis de ne plus vous parler de mon programme sur la Loi de l&#8217;Attraction sur ce canal, et vous allez voir que je ne vais pas en parler ! Je vous ai \u00e9galement promis que je vous laisserai tranquille pendant 3 semaines, et je tiendrai aussi cette [&hellip;]<\/p>\n","protected":false},"author":1,"featured_media":0,"parent":0,"menu_order":0,"comment_status":"open","ping_status":"open","template":"","meta":[],"builder_content":"","_links":{"self":[{"href":"https:\/\/auto-coaching.fr\/index.php\/wp-json\/wp\/v2\/pages\/2152"}],"collection":[{"href":"https:\/\/auto-coaching.fr\/index.php\/wp-json\/wp\/v2\/pages"}],"about":[{"href":"https:\/\/auto-coaching.fr\/index.php\/wp-json\/wp\/v2\/types\/page"}],"author":[{"embeddable":true,"href":"https:\/\/auto-coaching.fr\/index.php\/wp-json\/wp\/v2\/users\/1"}],"replies":[{"embeddable":true,"href":"https:\/\/auto-coaching.fr\/index.php\/wp-json\/wp\/v2\/comments?post=2152"}],"version-history":[{"count":4,"href":"https:\/\/auto-coaching.fr\/index.php\/wp-json\/wp\/v2\/pages\/2152\/revisions"}],"predecessor-version":[{"id":2156,"href":"https:\/\/auto-coaching.fr\/index.php\/wp-json\/wp\/v2\/pages\/2152\/revisions\/2156"}],"wp:attachment":[{"href":"https:\/\/auto-coaching.fr\/index.php\/wp-json\/wp\/v2\/media?parent=2152"}],"curies":[{"name":"wp","href":"https:\/\/api.w.org\/{rel}","templated":true}]}}