{"id":2157,"date":"2015-03-12T19:48:11","date_gmt":"2015-03-12T17:48:11","guid":{"rendered":"http:\/\/www.auto-coaching.fr\/?page_id=2157"},"modified":"2015-03-16T19:34:48","modified_gmt":"2015-03-16T17:34:48","slug":"premier-argument-le-prix","status":"publish","type":"page","link":"https:\/\/auto-coaching.fr\/index.php\/premier-argument-le-prix\/","title":{"rendered":"Premier argument : le prix !"},"content":{"rendered":"<p>Saviez-vous que je suis un peu joueur ? J&#8217;adore faire des surprises. Alors voil\u00e0 :<\/p>\n<p>Vous \u00eates actuellement 108 \u00e0 vous \u00eatre inscrits \u00e0 ce programme de PRE-ATTRACTION. Vous avez accept\u00e9 de vous laisser convaincre, et pour vous remercier, j&#8217;ai d\u00e9cid\u00e9 de vous offrir un ch\u00e8que cadeau de 36\u20ac qui vous servira de r\u00e9duction. Eh oui, mon premier argument sera le prix, et j&#8217;y vais fort : 50% de r\u00e9duction !<\/p>\n<p>C\u2019est la promotion du Printemps ! Tout doit dispara\u00eetre !!!<\/p>\n<p>Ce ch\u00e8que-cadeau se pr\u00e9sente sous forme de code. \u00e0 saisir au moment de votre inscription.\u00a0Vous le trouverez dans le courrier que vous venez de recevoir, sous la signature.<\/p>\n<p>Evidemment, si pour vous ce n\u2019\u00e9tait pas une question d\u2019argent, vous pourrez toujours vous inscrire au tarif plein ou un autre jour, car j\u2019ai d\u2019autres arguments \u00e0 l\u2019attention de celles et ceux qui ont besoin d\u2019\u00eatre convaincus autrement. Mais je sais que pour beaucoup de gens, il est inutile de d\u00e9ployer l\u2019artillerie lourde : la question d\u2019argent est dans le TOP 3 de la prise de d\u00e9cision en Occident.<\/p>\n<p>Je vais aussi vous demander d\u2019\u00eatre honn\u00eate avec vous-m\u00eame. Il y a quelques jours, j\u2019ai re\u00e7u un courrier qui disait ceci :<\/p>\n<blockquote><p>Je ne peux pas m\u2019inscrire \u00e0 Attraction++ car je n\u2019aurai pas le temps de vous lire. Par contre, je m\u2019inscris \u00e0 ce programme pr\u00e9liminaire, parce que j\u2019aime beaucoup votre fa\u00e7on de pr\u00e9senter les choses, et je suis s\u00fbr que je vais apprendre \u00e9norm\u00e9ment sur la fa\u00e7on de convaincre. Merci encore pour toutes ces initiatives gratuites.<\/p><\/blockquote>\n<p>J\u2019aime beaucoup ce genre de messages. En tout cas, la forme ne me d\u00e9range pas, elle est flatteuse. Mais il y a une contradiction qui m\u00e9rite d\u2019\u00eatre relev\u00e9e : d\u2019un c\u00f4t\u00e9 cette personnes dit qu\u2019elle n\u2019a pas le temps de me lire, et d\u00e8s la phrase suivante, elle affirme qu\u2019elle aime ce que j\u2019\u00e9cris ! Et curieusement, elle trouve le temps de me lire lorsque c\u2019est gratuit.<\/p>\n<p>Je ne suis pas l\u00e0 pour vous m\u00e9nager et vous conforter dans vos choix habituels. Au contraire ! Comment voulez-vous changer quoi que ce soit dans votre vie, si vous continuez \u00e0 penser, \u00e0 vous \u00e9mouvoir et \u00e0 agir toujours de la m\u00eame fa\u00e7on ? Mon objectif est de vous aider \u00e0 sortir de votre \u00abzone de confort\u00bb, car c\u2019est en dehors que se trouvent les clefs de votre confort.<\/p>\n<p>Ca vous para\u00eet paradoxal ? Pensez \u00e0 la nourriture que vous pr\u00e9parez dans votre cuisine. O\u00f9 se trouvait-elle avant ? Hors de la cuisine : au mieux dans votre jardin, sinon dans les commerces de proximit\u00e9, et parfois \u00e0 plusieurs kilom\u00e8tres de votre maison. Et il faut aller la chercher, r\u00e9guli\u00e8rement&#8230; Sortir, pour revenir renforc\u00e9. Alors je vais vous pousser \u00e0 aller chercher ce qui ne se trouve pas dans les lieux habituels. Je vais pointer vos biais du doigt, et j\u2019esp\u00e8re que vous appr\u00e9cierez tout ce que je vous r\u00e9v\u00e9lerai sur vous-m\u00eame. Ce sera agr\u00e9able et amusant si vous acceptez l\u2019id\u00e9e que je ne vous bouscule pas par m\u00e9chancet\u00e9, que je ne vous juge pas, que je ne me venge pas&#8230; mais que je veux vous aider \u00e0 aller au bon endroit au bon moment pour vous fournir en ingr\u00e9dients d\u00e9licieux. Ces ingr\u00e9dients qui ajoutent des saveurs \u00e0 votre existence.<\/p>\n<p>Votre bouche se nourrit de bons petits plats. Votre esprit en m\u00e9rite autant. Et si vous reconnaissez que la nourriture que je vous procure est \u00e0 la hauteur de vos attentes, arr\u00eatez de vous mentir en vous cachant derri\u00e8re le temps, surtout si vous pensez que cet alibi est meilleur que la question d\u2019argent&#8230;<\/p>\n<p>En r\u00e9alit\u00e9, lorsqu\u2019une personne me dit \u00abje n\u2019ai pas de temps pour toi !\u00bb, je suis profond\u00e9ment bless\u00e9. Et si j\u2019en souris (aujourd\u2019hui), c\u2019est parce que tout le reste du message indique que le malaise est ailleurs&#8230; C\u2019est comme si vous disiez NON, tout en opinant verticalement de la t\u00eate.<\/p>\n<p>Alors si jusque-l\u00e0 votre v\u00e9ritable probl\u00e8mes \u00e9tait une question d\u2019argent, acceptez-le, acceptez mon cadeau, et <a href=\"http:\/\/www.inscription-minute.fr\/solution.aspx?code=AT47TI07&amp;origine=argumentPrix\">inscrivez-vous \u00e0 la session du 23 mars<\/a>.<\/p>\n<p>A++<\/p>\n<p><strong>St\u00e9phane SOLOMON<\/strong><\/p>\n<!--themify_builder_content-->\n<div id=\"themify_builder_content-2157\" data-postid=\"2157\" class=\"themify_builder_content themify_builder_content-2157 themify_builder tf_clear\">\n    <\/div>\n<!--\/themify_builder_content-->\n","protected":false},"excerpt":{"rendered":"<p>Saviez-vous que je suis un peu joueur ? J&#8217;adore faire des surprises. Alors voil\u00e0 : Vous \u00eates actuellement 108 \u00e0 vous \u00eatre inscrits \u00e0 ce programme de PRE-ATTRACTION. Vous avez accept\u00e9 de vous laisser convaincre, et pour vous remercier, j&#8217;ai d\u00e9cid\u00e9 de vous offrir un ch\u00e8que cadeau de 36\u20ac qui vous servira de r\u00e9duction. Eh [&hellip;]<\/p>\n","protected":false},"author":1,"featured_media":0,"parent":0,"menu_order":0,"comment_status":"open","ping_status":"open","template":"","meta":[],"builder_content":"","_links":{"self":[{"href":"https:\/\/auto-coaching.fr\/index.php\/wp-json\/wp\/v2\/pages\/2157"}],"collection":[{"href":"https:\/\/auto-coaching.fr\/index.php\/wp-json\/wp\/v2\/pages"}],"about":[{"href":"https:\/\/auto-coaching.fr\/index.php\/wp-json\/wp\/v2\/types\/page"}],"author":[{"embeddable":true,"href":"https:\/\/auto-coaching.fr\/index.php\/wp-json\/wp\/v2\/users\/1"}],"replies":[{"embeddable":true,"href":"https:\/\/auto-coaching.fr\/index.php\/wp-json\/wp\/v2\/comments?post=2157"}],"version-history":[{"count":9,"href":"https:\/\/auto-coaching.fr\/index.php\/wp-json\/wp\/v2\/pages\/2157\/revisions"}],"predecessor-version":[{"id":2167,"href":"https:\/\/auto-coaching.fr\/index.php\/wp-json\/wp\/v2\/pages\/2157\/revisions\/2167"}],"wp:attachment":[{"href":"https:\/\/auto-coaching.fr\/index.php\/wp-json\/wp\/v2\/media?parent=2157"}],"curies":[{"name":"wp","href":"https:\/\/api.w.org\/{rel}","templated":true}]}}