{"id":2168,"date":"2015-03-18T12:32:31","date_gmt":"2015-03-18T10:32:31","guid":{"rendered":"http:\/\/www.auto-coaching.fr\/?page_id=2168"},"modified":"2016-12-01T09:35:38","modified_gmt":"2016-12-01T07:35:38","slug":"je-n-ai-pas-le-temps","status":"publish","type":"page","link":"https:\/\/auto-coaching.fr\/index.php\/je-n-ai-pas-le-temps\/","title":{"rendered":"Je n&rsquo;ai pas le temps"},"content":{"rendered":"<p>Il y a 3 ans, j&#8217;ai invit\u00e9 mon meilleur ami d&#8217;adolescence \u00e0 l&#8217;anniversaire de ma fille. Il a des enfants lui aussi, et je voulais qu&#8217;ils se joignent \u00e0 la f\u00eate. Cela nous faisait une belle occasion de nous revoir. Heureusement, il y a des \u00e9v\u00e8nements et des c\u00e9l\u00e9brations qui permettent de confirmer la relation \u00e9tablie des ann\u00e9es plus t\u00f4t.<\/p>\n<p>Le jour de l&#8217;anniversaire, au moment de souffler les bougies, j&#8217;ai demand\u00e9 \u00e0 ma compagne d&#8217;attendre encore un peu\u2026 Mon ami n&#8217;\u00e9tait toujours pas arriv\u00e9, et il ne r\u00e9pondait pas au t\u00e9l\u00e9phone. J&#8217;ai r\u00e9ussi \u00e0 joindre sa femme, et elle me m&#8217;a pass\u00e9 Nicolas\u00a0:<\/p>\n<div class=\"dialogue\">\n<p>&#8211; Eh bien Nicolas\u2026 Tu es toujours chez toi ? Mais on t&#8217;attend pour couper le g\u00e2teau !<\/p>\n<p>&#8211; Je ne peux pas venir St\u00e9phane !<\/p>\n<p>&#8211; Qu&#8217;est-ce qui t&#8217;arrive ?<\/p>\n<p>&#8211; Je n&#8217;ai pas le temps ! J\u2019ai un boulot de dingue en ce moment, je suis hyper charrette !<\/p>\n<p>&#8211; Comment \u00e7a ? Je t&#8217;ai pr\u00e9venu il y a deux semaines&#8230; Tu es m\u00eame la premi\u00e8re personne que j&#8217;ai pr\u00e9venue.<\/p>\n<p>&#8211; Oui mais il y a deux semaines je pensais que j&#8217;aurais le temps, et l\u00e0, <strong>c&#8217;est mat\u00e9riellement impossible !<\/strong> N&#8217;insiste pas !<\/p>\n<\/div>\n<p>Je n&#8217;ai pas insist\u00e9&#8230; J\u2019avais un anniversaire \u00e0 f\u00eater avec ma famille, des convives que j\u2019appr\u00e9ciais et m\u00eame quelques inconnus qui sont venus en accompagnateurs. Mais le lendemain j\u2019ai rendu visite \u00e0 mon ami pour discuter un peu&#8230; Je savais que quelque chose n&#8217;allait pas, et je voulais l&#8217;aider. C&#8217;\u00e9tait important pour notre relation.<\/p>\n<p>Il m&#8217;a confi\u00e9 qu&#8217;il traversait une p\u00e9riode financi\u00e8re compliqu\u00e9e : la banque lui avait retir\u00e9 tous ses moyens de paiement, et le temps de retrouver une vie normale, il a d\u00e9cid\u00e9 de se faire discret. Deux semaines plus t\u00f4t, il s&#8217;imaginait faire un crochet chez TOY&#8217;SR&#8217;US avant de passer chez moi, mais l\u00e0, <strong>c&#8217;\u00e9tait mat\u00e9riellement impossible<\/strong>. Il ne se voyait pas arriver les mains vides, il a donc pr\u00e9f\u00e9r\u00e9 me dire qu&#8217;il \u00e9tait d\u00e9bord\u00e9&#8230;<\/p>\n<p>Je comprends tr\u00e8s bien les \u00abbiais\u00bb, c&#8217;est mon m\u00e9tier de les comprendre ! Et comme je suis humain, j&#8217;en ai aussi. En plus, si vous avez des enfants, c&#8217;est tr\u00e8s pratique de savoir interpr\u00e9ter leurs biais. Reconna\u00eetre un biais, \u00e7a permet au Parent de prendre son Enfant dans ses bras et de lui dire \u00abje t&#8217;aime\u00bb, au lieu de lui foutre une torgnole et de l&#8217;envoyer au lit.<\/p>\n<blockquote><p>Identifier un biais, c&#8217;est faire preuve de psychologie. Tenir compte d&#8217;un biais et agir en cons\u00e9quence, c&#8217;est faire preuve d&#8217;Amour ou d&#8217;Amiti\u00e9.<\/p><\/blockquote>\n<p>J\u2019ai donc expliqu\u00e9 \u00e0 Nicolas, m\u00eame s\u2019il le savait, que sa pr\u00e9sence m\u2019importait davantage que son cadeau. Nous sommes \u00e9galement tomb\u00e9s d&#8217;accord sur le fait qu&#8217;il savait qu&#8217;il allait s&#8217;en sortir et\u00a0que la promesse d&#8217;un cadeau aurait tr\u00e8s bien fait l&#8217;affaire pour passer incognito. \u00abFich\u00e9\u00bb n&#8217;\u00e9tait pas \u00e9crit sur son front&#8230; Puis nous avons \u00e9voqu\u00e9 une multitude de moyens de garder une posture haute malgr\u00e9 les circonstances et de se projeter vers l\u2019avenir, sans outrager ses amis.<\/p>\n<h2>Un outrage ? Quel outrage ?<\/h2>\n<p>Nicolas\u00a0a utilis\u00e9 le biais \u00abJe n\u2019ai pas le temps !\u00bb. C\u2019est une annonce terrible qui cache souvent quelque chose de beaucoup moins grave, mais il est loin d&#8217;\u00eatre le seul \u00e0 utiliser ce pr\u00e9texte : la plupart des gens l\u2019utilisent sans se rendre compte de la gravit\u00e9 de leurs propos. Je vous explique :<\/p>\n<p>Lorsque vous dites \u00abje n&#8217;ai pas ceci\u00bb, c&#8217;est un raccourci&#8230; Pour que la phrase ait du sens, il faudrait s&#8217;autoriser \u00e0 dire \u00abJe n&#8217;ai pas ceci <strong>pour cela<\/strong>\u00bb.<\/p>\n<p>Par exemple :<\/p>\n<ul>\n<li>Je n&#8217;ai pas assez de temps <strong>pour aller au cin\u00e9ma<\/strong><\/li>\n<li>Je n&#8217;ai pas d&#8217;argent <strong>pour m&#8217;acheter des jantes en allu<\/strong><\/li>\n<li>Je n&#8217;ai pas assez confiance en moi <strong>pour sauter \u00e0 l&#8217;\u00e9lastique<\/strong><\/li>\n<\/ul>\n<p>Car en pratique, vous avez du Temps, vous avez de l&#8217;Argent et vous avez Confiance, mais vous r\u00e9servez ces ressources <strong>pour autre chose<\/strong>. C&#8217;est tr\u00e8s important de l&#8217;affirmer pour bien comprendre que vous faites des CHOIX. Entra\u00eenez-vous \u00e0 aller jusqu&#8217;au bout de votre phrase et vous d\u00e9couvrirez bien des choses \u00e9vocatrices. Certaines de ces \u00e9vocations vous surprendront et vous m\u00e8neront vers des solutions.<\/p>\n<p>Mon ami aurait pu me dire\u00a0qu&#8217;il n&#8217;avait <b>pas d&#8217;argent <\/b><strong>pour le cadeau de ma fille<\/strong>, mais il a pr\u00e9f\u00e9r\u00e9 la formule \u00abje n&#8217;ai pas le temps !\u00bb. En compl\u00e9tant, \u00e7a donne :<\/p>\n<p>&#8211; Je n&#8217;ai <b>pas de temps <\/b><strong>pour toi et ta famille<\/strong> !<\/p>\n<p>Le fait qu&#8217;il ait menti n&#8217;est pas le probl\u00e8me, nous sommes parfois amen\u00e9s \u00e0 mentir temporairement pour nous prot\u00e9ger, et je suis partisan du pieu mensonge. Ce qui est \u00e9tonnant de la part d&#8217;un ami, c&#8217;est qu&#8217;en me donnant son pr\u00e9texte, il avait l&#8217;impression de me dire quelque chose de banal&#8230; \u00abJe n&#8217;ai pas le temps !\u00bb. On entend \u00e7a des dizaines de fois par jour. Rien de grave en apparence&#8230;<\/p>\n<p>Cette formule est pourtant vexatoire pour celui qui est en face et qui sait prendre la mesure des mots ! Pour moi et pour beaucoup d&#8217;entrepreneurs, <strong>le temps est une ressource importante<\/strong>. C\u2019est une Valeur : un capital pr\u00e9cieux. C\u2019est plus important que l&#8217;argent.<\/p>\n<blockquote><p>Avec le temps on peut faire\u00a0de l&#8217;argent, mais rien ne permet de fabriquer du temps&#8230;<\/p><\/blockquote>\n<p>Pensez-y la prochaine fois que vous direz \u00e0 quelqu&#8217;un \u00abje n&#8217;ai pas le temps (pour toi) !\u00bb. \u00c7a vous donne peut-\u00eatre de l&#8217;importance, \u00e7a vous permet peut-\u00eatre de vous prot\u00e9ger, mais \u00e7a lui enl\u00e8ve de l&#8217;estime&#8230; Surtout s&#8217;il a une grande estime de son temps, donc DU temps.<\/p>\n<p>A l\u2019inverse, si une personne vous dit \u00abje n\u2019ai pas de temps (pour toi ou pour ce que tu me propose) !\u00bb, rappelez-vous que dans 95% des cas il s\u2019agit d\u2019un biais, et si vous tenez \u00e0 la relation, proposez-lui votre aide.<\/p>\n<p>A++<\/p>\n<p><strong>St\u00e9phane SOLOMON<\/strong><\/p>\n<!--themify_builder_content-->\n<div id=\"themify_builder_content-2168\" data-postid=\"2168\" class=\"themify_builder_content themify_builder_content-2168 themify_builder tf_clear\">\n    <\/div>\n<!--\/themify_builder_content-->\n","protected":false},"excerpt":{"rendered":"<p>Il y a 3 ans, j&#8217;ai invit\u00e9 mon meilleur ami d&#8217;adolescence \u00e0 l&#8217;anniversaire de ma fille. Il a des enfants lui aussi, et je voulais qu&#8217;ils se joignent \u00e0 la f\u00eate. Cela nous faisait une belle occasion de nous revoir. Heureusement, il y a des \u00e9v\u00e8nements et des c\u00e9l\u00e9brations qui permettent de confirmer la relation [&hellip;]<\/p>\n","protected":false},"author":1,"featured_media":0,"parent":0,"menu_order":0,"comment_status":"open","ping_status":"open","template":"","meta":[],"builder_content":"","_links":{"self":[{"href":"https:\/\/auto-coaching.fr\/index.php\/wp-json\/wp\/v2\/pages\/2168"}],"collection":[{"href":"https:\/\/auto-coaching.fr\/index.php\/wp-json\/wp\/v2\/pages"}],"about":[{"href":"https:\/\/auto-coaching.fr\/index.php\/wp-json\/wp\/v2\/types\/page"}],"author":[{"embeddable":true,"href":"https:\/\/auto-coaching.fr\/index.php\/wp-json\/wp\/v2\/users\/1"}],"replies":[{"embeddable":true,"href":"https:\/\/auto-coaching.fr\/index.php\/wp-json\/wp\/v2\/comments?post=2168"}],"version-history":[{"count":13,"href":"https:\/\/auto-coaching.fr\/index.php\/wp-json\/wp\/v2\/pages\/2168\/revisions"}],"predecessor-version":[{"id":2174,"href":"https:\/\/auto-coaching.fr\/index.php\/wp-json\/wp\/v2\/pages\/2168\/revisions\/2174"}],"wp:attachment":[{"href":"https:\/\/auto-coaching.fr\/index.php\/wp-json\/wp\/v2\/media?parent=2168"}],"curies":[{"name":"wp","href":"https:\/\/api.w.org\/{rel}","templated":true}]}}