{"id":2182,"date":"2015-03-19T20:00:52","date_gmt":"2015-03-19T18:00:52","guid":{"rendered":"http:\/\/www.auto-coaching.fr\/?page_id=2182"},"modified":"2015-03-19T20:08:10","modified_gmt":"2015-03-19T18:08:10","slug":"je-n-ai-pas-d-argent","status":"publish","type":"page","link":"https:\/\/auto-coaching.fr\/index.php\/je-n-ai-pas-d-argent\/","title":{"rendered":"Je n\u2019ai pas d\u2019argent"},"content":{"rendered":"<p>Bien&#8230; Hier, je vous ai racont\u00e9 l\u2019histoire d\u2019un biais (\u00e0 relire ici).<\/p>\n<p>Apparemment Mon ami Alain veut \u00e9viter de parler de son probl\u00e8me d\u2019argent et pr\u00e9f\u00e8re me dire qu\u2019il n\u2019a pas de temps. Il a choisi comme biais, quelque chose de tr\u00e8s \u00abpopulaire\u00bb, mais de tr\u00e8s vexant, du moins, si son interlocuteur ne sait pas lire entre les lignes.<\/p>\n<p>Saviez-vous que beaucoup de mes lecteurs utilisent syst\u00e9matiquement la formule \u00abje ne peux pas adh\u00e9rer, je n\u2019aurai pas le temps de vous lire&#8230;\u00bb pour d\u00e9cliner ma proposition de s\u2019inscrire \u00e0 mes programmes payants\u00a0? Pourtant, j\u2019ai volontairement cr\u00e9\u00e9 un syst\u00e8me pour gens press\u00e9s\u00a0: il faut entre 3 et 7 minutes pour me lire, et en g\u00e9n\u00e9ral, c\u2019est pour en tirer un b\u00e9n\u00e9fice&#8230; Quand je fais un effort, j\u2019arrive \u00e0 comprendre que ce soit un sacrifice pour certaines personnes qui ont \u00e0 peine le temps de se laver, de manger de dormir&#8230; Mais ce que je trouve \u00e9patant, c\u2019est que ces lecteurs trouvent le temps de me lire gratuitement (m\u00eame si j\u2019\u00e9cris plusieurs fois par semaine).<\/p>\n<p>En th\u00e9orie, je devrais le prendre tr\u00e8s mal, pour une raison pr\u00e9cise\u00a0: \u00e7a fait penser \u00e0 une pique\u00a0! Une esp\u00e8ce de revendication qui m\u2019est sp\u00e9cialement d\u00e9di\u00e9e. J&#8217;entends ceci :<\/p>\n<p><em>St\u00e9phane, j\u2019ai adh\u00e9r\u00e9 \u00e0 votre programme il y a 3 ans et je manque toujours de temps\u00a0! Je ne pourrai donc pas vous lire si j\u2019adh\u00e8re \u00e0 votre truc&#8230; Je n\u2019ai fait aucun progr\u00e8s avec vous. J\u2019en suis toujours au m\u00eame point depuis le d\u00e9but\u00a0: pas de temps\u00a0!<\/em><\/p>\n<p>Comment puis-je faire abstraction du contexte\u00a0? Que faire de mon sentiment d\u2019utilit\u00e9, lorsqu\u2019au bout de plusieurs ann\u00e9es de bons et loyaux services, vous n\u2019avez toujours pas le temps\u00a0? Heureusement, je m\u2019autorise \u00e0 lire \u00e7a autrement. Et comme nous sommes dans un contexte de coaching, je vous fais part de mes r\u00e9flexions. On ne sait jamais, je pourrais soudainement devenir utile&#8230; Et par la m\u00eame occasion, peut-\u00eatre trouverez-vous des formules plus acceptables pour me dire NON, et par extensions \u00e0 toutes ces personnes que vous pourriez blesser sans le vouloir.<\/p>\n<p>Voici une piste\u00a0:<\/p>\n<p>J\u2019ai r\u00e9ussi \u00e0 faire comprendre \u00e0 Alain que je pr\u00e9f\u00e9rais qu\u2019il me dise \u00abje n\u2019ai pas d\u2019argent (pour acheter le cadeau d\u2019anniversaire)\u00bb plut\u00f4t que \u00abje n\u2019ai pas le temps (pour toi et les tiens)\u00bb. Dans ce cas pr\u00e9cis, la v\u00e9rit\u00e9 est moins cruelle que ce qu\u2019il pensait \u00eatre une substitution tol\u00e9rable. Mais je n\u2019allais pas laisser Alain avec le sentiment qu\u2019il avait un probl\u00e8me d\u2019argent. Il avait juste un probl\u00e8me de tr\u00e9sorerie temporaire assortie d\u2019une contrainte administrative relativement simple \u00e0 ex\u00e9cuter. J\u2019avais le temps pour mon ami, et je voulais lui toucher un mot sur la v\u00e9ritable raison de son absence \u00e0 l\u2019anniversaire.<\/p>\n<p>Le probl\u00e8me affich\u00e9 au-dessus de la ligne de flottaison est le manque de temps. Juste en dessous, c\u2019est l\u2019argent qui est mis en cause. Mais qu\u2019en est-il en profondeur\u00a0? N\u2019oublions pas qu\u2019Alain aurait pu venir sans cadeau et trouver une strat\u00e9gie pour se justifier&#8230; Alain travaille dans la Communication, \u00e7a ne devrait lui poser aucun probl\u00e8me. Et pourtant, quelque chose l\u2019emp\u00eachait de trouver la bonne strat\u00e9gie. On appelle \u00e7a\u00a0:<\/p>\n<h2>La Confiance<\/h2>\n<p>Lorsque je propose cette r\u00e9flexion en formation, la plupart des stagiaires me proposent de me remettre en question\u00a0:<\/p>\n<p>&#8211; Votre ami a eu peur d\u2019\u00eatre jug\u00e9. \u00c7a veut dire qu\u2019il y a un probl\u00e8me dans votre relation. Normalement, si c\u2019est votre ami, vous ne devriez pas le juger s\u00e9v\u00e8rement. Vous avez peut-\u00eatre eu un comportement par le pass\u00e9, qui lui a laiss\u00e9 croire qu\u2019il allait \u00eatre mis sur la sellette.<\/p>\n<p>J\u2019aime bien cette r\u00e9ponse, car la remise en question de soi est au c\u0153ur du D\u00e9veloppement Personnel. Comment \u00e9voluer si on est toujours s\u00fbr d\u2019avoir raison de faire ce qu\u2019on fait\u00a0? il faut bien changer quelque chose pour obtenir de nouveau r\u00e9sultats.<\/p>\n<p>J\u2019accepte donc la remarque, elle est pertinente. Mais il y a une autre possibilit\u00e9\u00a0: lorsqu\u2019on se retrouve fich\u00e9 en banque, c\u2019est un jugement\u00a0! Et si les moyens de paiement sont retir\u00e9s, la sentence est tr\u00e8s s\u00e9v\u00e8rement per\u00e7ue. La plupart des gens ressentent une privation de libert\u00e9, alors qu\u2019en pratique, c\u2019est juste un manque de confort (certes d\u00e9sagr\u00e9able, mais souvent passager). Il y a aussi la r\u00e9action du banquier\u00a0: si habituellement vous avez \u00e0 faire \u00e0 quelqu\u2019un d\u2019agr\u00e9able et de cordial, le fait qu\u2019il se transforme soudainement en p\u00e8re fouettard est surprenant. Lorsqu\u2019on est jug\u00e9 par des personnes qui sont habituellement respectueuses, voire admiratives, c\u2019est extr\u00eamement violent.<\/p>\n<p>Certaines personnes (dont le banquier d\u2019Alain) ont tendance \u00e0 dramatiser lorsque la personne responsable semble dire que ce n\u2019est pas grave. Et ce fut la premi\u00e8re r\u00e9action d\u2019Alain. Il a dit \u00e0 son banquier que ce n\u2019\u00e9tait qu\u2019un incident, et \u00e7a n\u2019a pas plu \u00e0 l\u2019autre bout du fil&#8230; De plates excuses lui auraient permis de garder sa carte bancaire, mais c\u2019est sa \u00abnonchalance\u00bb qui a \u00e9t\u00e9 jug\u00e9e.<\/p>\n<p>Par extension, Alain avait peur d\u2019\u00eatre jug\u00e9 en venant les mains vides.<\/p>\n<p>Enfin, une derni\u00e8re piste, qui sous ma plume, comme vous le savez s\u00fbrement est le bouquet final. C\u2019est probablement la raison num\u00e9ro un dans la plupart des cas, et c\u2019est celle que nous avons retenue avec Alain\u00a0:<\/p>\n<p>Alain n\u2019avait pas peur d\u2019\u00eatre jug\u00e9 par son ami, et malgr\u00e9 la r\u00e9action violente du banquier, il savait que j\u2019aurais \u00e9t\u00e9 davantage dans l\u2019empathie que dans le jugement. Par contre, Nous savons aujourd\u2019hui que la peur d\u2019\u00eatre jug\u00e9 est intra-personnelle\u00a0: c\u2019est avant tout un manque de tol\u00e9rance vis-\u00e0-vis de soi. Alain n\u2019aime pas les gens qui d\u00e9barquent sans cadeau d\u2019anniversaire, et ce jour-l\u00e0, pour pr\u00e9server son \u00abestime de soi\u00bb, il a pr\u00e9f\u00e9r\u00e9 \u00e9viter un auto-proc\u00e8s. Le jugement des autres n\u2019a aucune importance lorsque le jugement personnel est s\u00e9v\u00e8re.<\/p>\n<p>Je l\u2019ai donc invit\u00e9 hors contexte, \u00e0 reconna\u00eetre que ce genre de situation peut arriver. En \u00e9tant plus tol\u00e9rant envers les autres, il saura \u00eatre plus tol\u00e9rant envers lui-m\u00eame la prochaine fois. Et quand je dis la prochaine fois, je ne parle pas du m\u00eame incident. Je parle de toute situation qu\u2019il serait amen\u00e9 \u00e0 juger s\u00e9v\u00e8rement, alors qu\u2019en pratique, \u00e7a peut arriver.<\/p>\n<h2>Pour conclure\u00a0:<\/h2>\n<p>Dans la plupart des cas, lorsque vous prononcez \u00abje n\u2019ai pas ceci\u00bb, \u00abje ne suis pas celui-l\u00e0\u00bb, etc. La v\u00e9ritable nature du probl\u00e8me est un manque de Confiance en soi. Et m\u00eame lorsque vous croyez, en surface, que c\u2019est un manque de confiance en l\u2019autre, c\u2019est toujours le dialogue intra-personnel qui prime.<\/p>\n<p>A chaque fois que je vois des messages du type \u00abje n\u2019aurai pas le temps de vous lire\u00bb ou \u00abc\u2019est trop cher pour moi\u00a0!\u00bb, je sais que le probl\u00e8me n\u2019est ni le temps ni l\u2019argent. Ca n\u2019a rien \u00e0 voir avec mon programme, mes tarifs, ma m\u00e9thode&#8230; Ce sont des biais qui expriment le manque de confiance en soi.<\/p>\n<p>Or la solution se trouve justement dans les discours et les pratiques que mes programmes gratuits et payants proposent (et ont propos\u00e9). Ils sont tous, quels qu\u2019ils soient, li\u00e9s \u00e0 la confiance en soi et \u00e0 l\u2019estime de soi. M\u00eame MEMORY-COACH (pr\u00e9sent\u00e9 comme une technique de m\u00e9morisation) est un programme sur la confiance en ses capacit\u00e9s intellectuelles et cr\u00e9atives. Le webinaire de ce soir est un programme sur la confiance en sa richesse int\u00e9rieure (qui finit par se manifester \u00e0 l\u2019ext\u00e9rieur). Attraction++ est un \u00e9norme programme de Confiance en votre parcours de vie (qui a du sens) et en votre univers, que vous avez tiss\u00e9 avec SENS.<\/p>\n<p>Vous avez une \u00e9norme puissance en vous\u00a0: un ensemble de forces collect\u00e9es jour apr\u00e8s jour qui aspirent\u00a0 \u00e0 vous propulser. Mais c\u2019est \u00e0 vous qu\u2019il appartient de trouver les ressources n\u00e9cessaire pour lib\u00e9rer tout \u00e7a. Ces ressources s\u2019appellent Temps, Argent et Confiance. Et m\u00eame si parfois certaines choses tombent du ciel, au bout d&#8217;un temps, c&#8217;est \u00e0 vous d&#8217;aller les chercher :<\/p>\n<ul>\n<li>Investissez du temps\u00a0: <a href=\"http:\/\/webinarjam.net\/webinar\/go\/14014\/44dbd4c0d1\" target=\"_blank\">Inscrivez-vous au webinaire de ce soir<\/a><\/li>\n<li>Investissez de l\u2019argent\u00a0: <a href=\"http:\/\/www.inscription-minute.fr\/solution.aspx?code=AT47TI07&amp;origine=pasArgent\" target=\"_blank\">inscrivez-vous \u00e0 Attraction++<\/a><\/li>\n<li>Investissez de la Confiance\u00a0: <strong>LES DEUX\u00a0!<\/strong><\/li>\n<\/ul>\n<p>A++<\/p>\n<p><strong>St\u00e9phane SOLOMON<\/strong><\/p>\n<!--themify_builder_content-->\n<div id=\"themify_builder_content-2182\" data-postid=\"2182\" class=\"themify_builder_content themify_builder_content-2182 themify_builder tf_clear\">\n    <\/div>\n<!--\/themify_builder_content-->\n","protected":false},"excerpt":{"rendered":"<p>Bien&#8230; Hier, je vous ai racont\u00e9 l\u2019histoire d\u2019un biais (\u00e0 relire ici). Apparemment Mon ami Alain veut \u00e9viter de parler de son probl\u00e8me d\u2019argent et pr\u00e9f\u00e8re me dire qu\u2019il n\u2019a pas de temps. Il a choisi comme biais, quelque chose de tr\u00e8s \u00abpopulaire\u00bb, mais de tr\u00e8s vexant, du moins, si son interlocuteur ne sait pas [&hellip;]<\/p>\n","protected":false},"author":1,"featured_media":0,"parent":0,"menu_order":0,"comment_status":"open","ping_status":"open","template":"","meta":[],"builder_content":"","_links":{"self":[{"href":"https:\/\/auto-coaching.fr\/index.php\/wp-json\/wp\/v2\/pages\/2182"}],"collection":[{"href":"https:\/\/auto-coaching.fr\/index.php\/wp-json\/wp\/v2\/pages"}],"about":[{"href":"https:\/\/auto-coaching.fr\/index.php\/wp-json\/wp\/v2\/types\/page"}],"author":[{"embeddable":true,"href":"https:\/\/auto-coaching.fr\/index.php\/wp-json\/wp\/v2\/users\/1"}],"replies":[{"embeddable":true,"href":"https:\/\/auto-coaching.fr\/index.php\/wp-json\/wp\/v2\/comments?post=2182"}],"version-history":[{"count":4,"href":"https:\/\/auto-coaching.fr\/index.php\/wp-json\/wp\/v2\/pages\/2182\/revisions"}],"predecessor-version":[{"id":2186,"href":"https:\/\/auto-coaching.fr\/index.php\/wp-json\/wp\/v2\/pages\/2182\/revisions\/2186"}],"wp:attachment":[{"href":"https:\/\/auto-coaching.fr\/index.php\/wp-json\/wp\/v2\/media?parent=2182"}],"curies":[{"name":"wp","href":"https:\/\/api.w.org\/{rel}","templated":true}]}}