{"id":2198,"date":"2015-03-26T17:54:51","date_gmt":"2015-03-26T15:54:51","guid":{"rendered":"http:\/\/www.auto-coaching.fr\/?page_id=2198"},"modified":"2015-03-26T17:54:51","modified_gmt":"2015-03-26T15:54:51","slug":"jouons-le-jeu","status":"publish","type":"page","link":"https:\/\/auto-coaching.fr\/index.php\/jouons-le-jeu\/","title":{"rendered":"Jouons le jeu"},"content":{"rendered":"<p>Comme vous avez pu le constater, je n\u2019ai pas eu le temps de m\u2019occuper du programme de PRE-ATTRACTION la semaine derni\u00e8re. Du coup j\u2019ai d\u00e9cal\u00e9 ATTRACTION++ \u00e0 la semaine prochaine, car je pensais que j&#8217;aurais le temps cette semaine.<\/p>\n<p>Mais non ! Pas moyen. Pas le temps !<\/p>\n<p>\u00c7a vous fait bizarre de m\u2019entendre dire \u00abje n\u2019ai pas le temps\u00bb, surtout apr\u00e8s ce que j\u2019ai \u00e9crit sur les biais&#8230; En fait pour tout vous dire, j\u2019avais le temps (24h par jour), mais je l\u2019ai utilis\u00e9 ailleurs. Dans des trucs plus utiles !<\/p>\n<h2>Comment \u00e7a ???<\/h2>\n<p>Ce fil sp\u00e9cial est sp\u00e9cialement d\u00e9di\u00e9 aux 108 personne qui ont accept\u00e9 de me laisser les convaincre, et aussi aux curieux qui veulent apprendre \u00e0 convaincre&#8230; J\u2019avais l\u2019intention de d\u00e9ployer un argumentaire costaud !<\/p>\n<p>Optimiste, je sais qu&#8217;avec un auditoire attentif, j&#8217;arriverai \u00e0 convaincre environ 30% des personnes int\u00e9ress\u00e9es. Ce qui fait une trentaine de personnes sur les 108 inscrites. Evidemment j\u2019aurais pr\u00e9f\u00e9r\u00e9 avoir 300 ou 400 personnes \u00e0 s\u00e9duire. Mais je ne peux pas obliger autant de lecteurs \u00e0 lire des trucs qui ne les int\u00e9ressent pas. J&#8217;\u00e9tais donc d\u00e9\u00e7u, mais tout de m\u00eame pr\u00eat \u00e0 m&#8217;occuper de vous.<\/p>\n<p>Suite \u00e0 mon premier courrier proposant une r\u00e9duction substantielle, je m\u2019attendais \u00e0 remplir la moiti\u00e9 des si\u00e8ges pr\u00e9vus, soit environ 15 inscriptions. Ensuite, j\u2019allais enchainer avec 4 autres arguments pour remplir encore 15 si\u00e8ges \u00e0 raison de 3 ou 4 par jour.<\/p>\n<p>Mais ce premier courrier n\u2019a fait que 7 inscriptions&#8230; La honte ! J\u2019en ai donc conclu que j\u2019\u00e9tais \u00e0 c\u00f4t\u00e9 de la plaque et que ma strat\u00e9gie \u00e9tait mauvaise. Moi qui croyais que j\u2019allais vous donner des id\u00e9es pour votre Marketing&#8230; Laissez tomber ! Je suis trop nul !!!<\/p>\n<p>Aujourd\u2019hui je regarde les statistiques d\u2019ouverture de mon premier courrier et je tombe \u00e0 la renverse ! Ma strat\u00e9gie est bonne, voire tr\u00e8s bonne ! Car sur 108 personnes inscrites, seulement 45 ont lu mon premier courrier. Eh oui : 63 personnes n\u2019ont pas eu le temps de me lire depuis la semaine derni\u00e8re ! Je commence \u00e0 comprendre mon probl\u00e8me : le manque de temps c\u2019est contagieux !<\/p>\n<p>Mais avouez que c\u2019est hyper rassurant&#8230; Avec 7 personnes s\u00e9duites sur 45, je suis pile-poil dans mes pr\u00e9visions : 15,5% ! Alors ? C\u2019est qui le meilleur ?<\/p>\n<p>Attendez ! Attendez ! Attendez !!! Parmi ces 45 personne, il y en a qui sont l\u00e0 uniquement pour s&#8217;inspirer de mon argumentaire ! Ils ne sont pas l\u00e0 pour acheter. Je ne connais pas la r\u00e9partition exacte, mais dans ce dernier groupe, il y a des participants qui ont d\u00e9j\u00e0 adh\u00e9r\u00e9 \u00e0 ATTRACTION++ en d\u00e9cembre dernier. J\u2019ai les noms ! Donc je fais un petit comptage, et sur mes 45 lecteurs du premier jour, j\u2019en trouve 11 qui ont d\u00e9j\u00e0 achet\u00e9 le produit et qui ne l\u2019ach\u00e8teront pas une deuxi\u00e8me fois. Il y a donc 34 lectures pertinentes sur les 45.<\/p>\n<p>Vous vous rendez compte ? J\u2019ai obtenu 7 inscriptions sur 34 lectures ! Ce qui fait un bon 20% d\u2019impact en un seul courrier ! C\u2019est moi le meilleur !!! En continuant ainsi, je vais convaincre 40% de l\u2019auditoire. C\u2019est beaucoup mieux que ce que j&#8217;esp\u00e9rais\u00a0!<\/p>\n<p>Ah si seulement les gens avaient le temps de me lire !&#8230; (\u00a4 soupir \u00a4).<\/p>\n<p>J\u2019ai quand-m\u00eame une question \u00e0 poser aux 63 personnes qui m&#8217;ont demand\u00e9 de leur envoyer mes courriers et qui n&#8217;ont pas lu le premier&#8230;<\/p>\n<h2>Pourriez-vous jouer le jeu ?<\/h2>\n<p>Je ne vous demande pas d\u2019acheter le produit si vous n\u2019en voulez pas. Mais m\u00eame si vous \u00eates entr\u00e9s dans le but de m\u2019observer me d\u00e9battre\u00a0au jour le jour, vous serait-il possible de me lire au jour le jour ?<\/p>\n<p>Ceci me permettra d\u2019\u00e9crire au jour le jour, car je vais vous dire un secret (ne le r\u00e9p\u00e9tez pas) :<\/p>\n<p>C&#8217;est pour vous que j&#8217;\u00e9cris !<\/p>\n<p>A++<\/p>\n<p><strong>St\u00e9phane SOLOMON<\/strong><\/p>\n<!--themify_builder_content-->\n<div id=\"themify_builder_content-2198\" data-postid=\"2198\" class=\"themify_builder_content themify_builder_content-2198 themify_builder tf_clear\">\n    <\/div>\n<!--\/themify_builder_content-->\n","protected":false},"excerpt":{"rendered":"<p>Comme vous avez pu le constater, je n\u2019ai pas eu le temps de m\u2019occuper du programme de PRE-ATTRACTION la semaine derni\u00e8re. Du coup j\u2019ai d\u00e9cal\u00e9 ATTRACTION++ \u00e0 la semaine prochaine, car je pensais que j&#8217;aurais le temps cette semaine. Mais non ! Pas moyen. Pas le temps ! \u00c7a vous fait bizarre de m\u2019entendre dire [&hellip;]<\/p>\n","protected":false},"author":1,"featured_media":0,"parent":0,"menu_order":0,"comment_status":"open","ping_status":"open","template":"","meta":[],"builder_content":"","_links":{"self":[{"href":"https:\/\/auto-coaching.fr\/index.php\/wp-json\/wp\/v2\/pages\/2198"}],"collection":[{"href":"https:\/\/auto-coaching.fr\/index.php\/wp-json\/wp\/v2\/pages"}],"about":[{"href":"https:\/\/auto-coaching.fr\/index.php\/wp-json\/wp\/v2\/types\/page"}],"author":[{"embeddable":true,"href":"https:\/\/auto-coaching.fr\/index.php\/wp-json\/wp\/v2\/users\/1"}],"replies":[{"embeddable":true,"href":"https:\/\/auto-coaching.fr\/index.php\/wp-json\/wp\/v2\/comments?post=2198"}],"version-history":[{"count":1,"href":"https:\/\/auto-coaching.fr\/index.php\/wp-json\/wp\/v2\/pages\/2198\/revisions"}],"predecessor-version":[{"id":2199,"href":"https:\/\/auto-coaching.fr\/index.php\/wp-json\/wp\/v2\/pages\/2198\/revisions\/2199"}],"wp:attachment":[{"href":"https:\/\/auto-coaching.fr\/index.php\/wp-json\/wp\/v2\/media?parent=2198"}],"curies":[{"name":"wp","href":"https:\/\/api.w.org\/{rel}","templated":true}]}}