{"id":2210,"date":"2015-04-08T18:39:36","date_gmt":"2015-04-08T16:39:36","guid":{"rendered":"http:\/\/www.auto-coaching.fr\/?page_id=2210"},"modified":"2015-04-08T19:26:35","modified_gmt":"2015-04-08T17:26:35","slug":"c-est-un-signe","status":"publish","type":"page","link":"https:\/\/auto-coaching.fr\/index.php\/c-est-un-signe\/","title":{"rendered":"C&#8217;est un signe !"},"content":{"rendered":"<p>Il vient de se passer quelque chose de tr\u00e8s int\u00e9ressant\u00a0!<\/p>\n<p>Isabelle, qui s\u2019est inscrite il y a presque deux semaines me fait part de sa surprise de ne pas recevoir le programme ATTRACTION++ comme pr\u00e9vu. Je vais jeter un coup d\u2019\u0153il sur la plateforme d\u2019envois, et je constate ceci\u00a0:<\/p>\n<p>&nbsp;<\/p>\n<figure id=\"attachment_2211\" aria-describedby=\"caption-attachment-2211\" style=\"width: 921px\" class=\"wp-caption aligncenter\"><a href=\"http:\/\/www.auto-coaching.fr\/wp-content\/uploads\/2015\/04\/tb.jpg\" target=\"_blank\"><img decoding=\"async\" loading=\"lazy\" class=\"wp-image-2211\" src=\"http:\/\/www.auto-coaching.fr\/wp-content\/uploads\/2015\/04\/tb.jpg\" alt=\"Tableau de bord autor\u00e9pondeur\" width=\"921\" height=\"838\" srcset=\"https:\/\/auto-coaching.fr\/wp-content\/uploads\/2015\/04\/tb-300x272.jpg 300w, https:\/\/auto-coaching.fr\/wp-content\/uploads\/2015\/04\/tb-330x300.jpg 330w\" sizes=\"(max-width: 921px) 100vw, 921px\" \/><\/a><figcaption id=\"caption-attachment-2211\" class=\"wp-caption-text\">Cliquez sur l&#8217;image pour l&#8217;agrandir<\/figcaption><\/figure>\n<p>Tous les envois sont bloqu\u00e9s (loupiote rouge en face de chaque envoi).<\/p>\n<p><strong>Donc la session printani\u00e8re n\u2019a pas commenc\u00e9\u00a0!<\/strong><\/p>\n<p>La raison\u00a0: une maladresse de ma part&#8230;<\/p>\n<p>Comme vous le savez s\u00fbrement\u00a0? ATTRACTION++ existe depuis d\u00e9cembre 2014. Pour cr\u00e9er votre session, je n\u2019ai qu\u2019\u00e0 copier les messages et leur donner une nouvelle date de d\u00e9part. La plateforme que j\u2019utilise me permet de le faire, mais suite \u00e0 la copie, les envois doivent \u00eatre r\u00e9activ\u00e9s manuellement&#8230; Je le savais, mais j\u2019avais compl\u00e8tement zapp\u00e9\u00a0!<\/p>\n<p>Si vous croyez aux signes, vous vous dites s\u00fbrement que c\u2019est le moment de vous inscrire\u00a0: ce programme vous appelle\u00a0! Je n\u2019exclue pas cette possibilit\u00e9, donc bien \u00e9videmment, je ne vais pas tenter de vous contrarier\u00a0;-). Vous pouvez donc vous inscrire\u00a0:<\/p>\n<p style=\"text-align: center;\"><a class=\"buttonize blue\" title=\"Inscrivez-vous !\" href=\"inscription-minute.fr\/solution.aspx?code=AT47TI07&amp;origine=Signe1\" target=\"_blank\">Inscrivez-vous\u00a0!<\/a><\/p>\n<p>Mais comme je le promets dans le sous-titre de mon\u00a0programme\u00a0: il s\u2019agit <strong>d\u2019expliquer<\/strong> la Loi de l\u2019Attraction\u00a0! Le public avide de COMPRENDRE comment \u00e7a marche ne peut donc pas se contenter d\u2019une version \u00e9sot\u00e9rique, comme il\u00a0resterait sur sa faim si ma seule explication \u00e9tait \u00abune maladresse\u00bb&#8230;<\/p>\n<p>Alors voyons \u00e7a sous d\u2019autres angles\u00a0!<\/p>\n<p>Cliquez ici pour lire la suite<\/p>\n<h2>Les trois enfants<\/h2>\n<p>Voici un synopsis qui pourrait faire l\u2019objet d\u2019une belle histoire d\u2019Amour\u00a0: le h\u00e9ros de l\u2019histoire oublie son parapluie dans le restaurant o\u00f9 il a din\u00e9, apr\u00e8s avoir remarqu\u00e9 les sourires envoutants de la serveuse&#8230; Il marche lentement une dizaine de minute, un orage \u00e9clate, et il fait demi-tour se souvenant qu\u2019il avait pos\u00e9 son parapluie sur le porte-manteau du restaurant. Il arrive tout tremp\u00e9\u00a0! La jolie serveuse \u00e9clate de rire, lui tend une serviette, et comme elle vient de terminer son service, ils repartent ensemble&#8230; 30 ans plus tard, ils raconteront \u00e0 leurs 3 enfants l\u2019histoire de leur rencontre.<\/p>\n<p>Le premier enfant, un po\u00e8te romantique, leur dira qu\u2019ils \u00e9taient destin\u00e9s l\u2019un \u00e0 l\u2019autre, ce qui explique ce coup du sort\u00a0: papa est sorti trop t\u00f4t, et des forces invisibles ont rectifi\u00e9 l\u2019Histoire, lui faisant oublier son parapluie. Puis d\u2019autres forces ont provoqu\u00e9 un orage, ce qui a cr\u00e9\u00e9 une nouvelle Attraction vers maman.<\/p>\n<p><em>C\u2019est joli \u00e7a&#8230;<\/em><\/p>\n<p>Le deuxi\u00e8me enfant a fait psycho\u00a0: il a lu tout Freud, et va donc expliquer \u00e0 son p\u00e8re qu\u2019il \u00e9tait compl\u00e8tement sous le charme de la serveuse, et que son subconscient a tout fait pour qu\u2019il revienne dans ce restaurant\u00a0! Sentant qu\u2019un orage allait \u00e9clater, il a d\u00e9cid\u00e9 de lui faire oublier son parapluie, ce qui allait irr\u00e9m\u00e9diablement le faire revenir vers sa maman. On appelle \u00e7a un acte manqu\u00e9\u00a0! Notre inconscient est si puissant, qu\u2019il est capable de nous faire commettre des actes r\u00e9v\u00e9lateurs\u00a0: malgr\u00e9 \u00abl\u2019ordre normal des choses\u00bb, il cr\u00e9era les incidents qui vont dans le sens de nos aspirations profondes. Papa \u00e9tait amoureux\u00a0! S\u2019il n\u2019y avait eu ni orage ni parapluie, il aurait trouv\u00e9 autre chose&#8230;<\/p>\n<p><em>C\u2019est joli \u00e7a aussi\u00a0!<\/em><\/p>\n<p>Le troisi\u00e8me enfant a fait HEC. Il dira \u00e0 son p\u00e8re\u00a0:<\/p>\n<p>&#8211; Bien jou\u00e9, le coup du parapluie\u00a0!<\/p>\n<p>La maman jettera vers son mari avec un regard interrogateur :<\/p>\n<p>&#8211; Tu l\u2019as fait expr\u00e8s\u00a0?<\/p>\n<p>Et avant m\u00eame qu\u2019il ne puisse r\u00e9pondre, elle ajoutera\u00a0:<\/p>\n<p>&#8211; Tu as dr\u00f4lement bien fait\u00a0!<\/p>\n<p><em>Bein, c\u2019est joli aussi\u00a0!<\/em><\/p>\n<p>D\u00e9cid\u00e9ment, les histoires d\u2019Amour sont toujours jolies, quoi qu\u2019on fasse&#8230; Ceci-dit, l\u2019auteur est y est souvent pour quelque chose.<\/p>\n<p>Revenons \u00e0 cette session manqu\u00e9e, et retard\u00e9 de 3 semaines. La raison pragmatique vous a \u00e9t\u00e9 donn\u00e9e\u00a0: j\u2019ai oubli\u00e9 une op\u00e9ration technique simple, mais importante. Mais pourquoi ai-je oubli\u00e9\u00a0alors que je le savais\u00a0?<\/p>\n<ul>\n<li>Le premier enfant vous dira qu\u2019il ne fallait pas que je vous oublie&#8230; Ce train ne devait pas partir sans vous, et le destin a \u00e9t\u00e9 rectifi\u00e9 malgr\u00e9 ma <a href=\"http:\/\/www.auto-coaching.fr\/index.php\/jouons-le-jeu\">saute d\u2019humeur d\u2019il y a 15 jours.<\/a><\/li>\n<li>Le deuxi\u00e8me enfant vous dira que je ne voulais pas vous oublier. Si je suis tourment\u00e9 par le fait que certains lecteurs ne jouent pas le jeu, je n\u2019ai pas \u00e0 laisser les autre sur leur faim, qu\u2019ils soient 99 ou 2\u00a0! Mon subconscient a donc fait ce qu\u2019il fallait pour rattraper mon erreur.<\/li>\n<li>Le troisi\u00e8me enfant vous dira que tout ceci n\u2019est qu\u2019une mise en sc\u00e8ne et que je suis trop fort\u00a0! Bien s\u00fbr, si vous le croyez, il vous appartient de d\u00e9cider si \u00abj\u2019ai dr\u00f4lement bien fait\u00bb&#8230;<\/li>\n<\/ul>\n<p style=\"text-align: center;\"><span style=\"color: #993300;\"><strong>Comment\u00a0? Vous voulez conna\u00eetre la v\u00e9rit\u00e9\u00a0???<\/strong><\/span><\/p>\n<p>Bon&#8230; Alors voil\u00e0\u00a0:<\/p>\n<p>Je l\u2019avoue\u00a0: je suis trop fort\u00a0! Et si je le suis, c\u2019est parce que j\u2019ai en moi des compagnons de voyage, que les psys appellent \u00absubconscient\u00bb et \u00abinconscient\u00bb. Ces compagnons me donnent la capacit\u00e9 de faire des trucs qui me d\u00e9passent compl\u00e8tement, et comme je leur ai fait lire ma feuille de route, ils me filent un coup de main pour ME d\u00e9passer \u00abmalgr\u00e9 moi\u00bb. Ceci dit, en toute humilit\u00e9, je m\u2019incline devant l\u2019Intelligence Infinie qui a cr\u00e9\u00e9 cette complexit\u00e9 et me l\u2019a offerte pour que je m&#8217;en serve. Complexit\u00e9 qui permet \u00e0 chacun d\u2019entre nous d\u2019Etre unique et sublime.<\/p>\n<p>C\u2019est dans cet esprit que j\u2019ai cr\u00e9\u00e9 le programme Attraction++.<\/p>\n<p style=\"text-align: center;\"><a class=\"buttonize blue\" title=\"Servez-vous !\" href=\"inscription-minute.fr\/solution.aspx?code=AT47TI07&amp;origine=Signe2\" target=\"_blank\">Inscrivez-vous\u00a0!<\/a><\/p>\n<p>A++<\/p>\n<p><strong>St\u00e9phane SOLOMON<\/strong><\/p>\n<p>&nbsp;<\/p>\n<p>&nbsp;<\/p>\n<!--themify_builder_content-->\n<div id=\"themify_builder_content-2210\" data-postid=\"2210\" class=\"themify_builder_content themify_builder_content-2210 themify_builder tf_clear\">\n    <\/div>\n<!--\/themify_builder_content-->\n","protected":false},"excerpt":{"rendered":"<p>Il vient de se passer quelque chose de tr\u00e8s int\u00e9ressant\u00a0! Isabelle, qui s\u2019est inscrite il y a presque deux semaines me fait part de sa surprise de ne pas recevoir le programme ATTRACTION++ comme pr\u00e9vu. Je vais jeter un coup d\u2019\u0153il sur la plateforme d\u2019envois, et je constate ceci\u00a0: &nbsp; Tous les envois sont bloqu\u00e9s [&hellip;]<\/p>\n","protected":false},"author":1,"featured_media":0,"parent":0,"menu_order":0,"comment_status":"open","ping_status":"open","template":"","meta":[],"builder_content":"","_links":{"self":[{"href":"https:\/\/auto-coaching.fr\/index.php\/wp-json\/wp\/v2\/pages\/2210"}],"collection":[{"href":"https:\/\/auto-coaching.fr\/index.php\/wp-json\/wp\/v2\/pages"}],"about":[{"href":"https:\/\/auto-coaching.fr\/index.php\/wp-json\/wp\/v2\/types\/page"}],"author":[{"embeddable":true,"href":"https:\/\/auto-coaching.fr\/index.php\/wp-json\/wp\/v2\/users\/1"}],"replies":[{"embeddable":true,"href":"https:\/\/auto-coaching.fr\/index.php\/wp-json\/wp\/v2\/comments?post=2210"}],"version-history":[{"count":10,"href":"https:\/\/auto-coaching.fr\/index.php\/wp-json\/wp\/v2\/pages\/2210\/revisions"}],"predecessor-version":[{"id":2221,"href":"https:\/\/auto-coaching.fr\/index.php\/wp-json\/wp\/v2\/pages\/2210\/revisions\/2221"}],"wp:attachment":[{"href":"https:\/\/auto-coaching.fr\/index.php\/wp-json\/wp\/v2\/media?parent=2210"}],"curies":[{"name":"wp","href":"https:\/\/api.w.org\/{rel}","templated":true}]}}