{"id":2223,"date":"2015-04-14T15:18:04","date_gmt":"2015-04-14T13:18:04","guid":{"rendered":"http:\/\/www.auto-coaching.fr\/?page_id=2223"},"modified":"2015-04-14T15:49:27","modified_gmt":"2015-04-14T13:49:27","slug":"jy-crois-pas","status":"publish","type":"page","link":"https:\/\/auto-coaching.fr\/index.php\/jy-crois-pas\/","title":{"rendered":"J&#8217;y crois pas !"},"content":{"rendered":"<p>Maryline m\u2019a \u00e9crit\u00a0:<\/p>\n<p>\u00abPour le programme d\u2019attraction ++ c\u2019est quelque chose qui me rend curieuse, mais je n\u2019y crois pas encore suffisamment pour sauter le pas\u00bb.<\/p>\n<p>C\u2019\u00e9tait avant mon article sur les trois fr\u00e8res (<a title=\"C\u2019est un signe !\" href=\"http:\/\/www.auto-coaching.fr\/index.php\/c-est-un-signe\/\" target=\"_blank\">c&#8217;est un signe !<\/a>)&#8230;<\/p>\n<p>Mais \u00e0 la lumi\u00e8re de cet article, vous voyez qu\u2019il est impossible de ne pas y croire, \u00e0 moins que vous ayez d\u00e9cr\u00e9t\u00e9 que l\u2019\u00eatre humain n\u2019est que chair, os et \u00e9ventuellement instincts incontr\u00f4lables&#8230; Mais dans ce cas, notre rencontre est un accident, et votre inscription au processus de PRE-ATTRACTION est un deuxi\u00e8me accident&#8230; \u00c7a peut arriver\u00a0!<\/p>\n<p>La Loi de l\u2019Attraction existe\u00a0! La question n\u2019est pas de savoir si vous y croyez, mais COMMENT vous y croyez et en QUOI elle peut vous servir\u00a0:<\/p>\n<h2>Allez-vous la laisser se manifester sans en profiter\u00a0?<\/h2>\n<p>Dans mon pr\u00e9c\u00e9dent article, j\u2019ai explor\u00e9 3 niveaux de croyances, tout en affirmant que je croyais aux trois \u00e0 la fois. Mais vous avez le droit d\u2019y croire uniquement sous un ou deux angles. L\u2019essentiel, c\u2019est d\u2019en profiter, en attirant vers vous les bonnes personnes, et les bons \u00e9v\u00e8nements.<\/p>\n<p>Par\u00a0exemple\u00a0:<\/p>\n<ol>\n<li>En d\u00e9cembre, j\u2019ai propos\u00e9 ce programme \u00e0 72\u20ac. Je n\u2019ai donn\u00e9 aucun explication, ni sur le contenu, ni sur les objectifs, ni m\u00eame un extrait&#8230; J\u2019ai attir\u00e9 43 personnes. Il s\u2019agit de lecteurs qui appr\u00e9cient ce que j\u2019\u00e9cris et qui consid\u00e8rent que gratuit ou payant, \u00e7a m\u00e9rite d\u2019\u00eatre lu et relu. SI j\u2019avais propos\u00e9 un \u00abprogramme myst\u00e8re\u00bb, ils s\u2019y seraient inscrits de la m\u00eame fa\u00e7on, parce qu\u2019il y a une attraction entre nous : j\u2019\u00e9cris pour eux, et ils lisent pour moi. 15 autres personnes les ont rejointes en avril, sans argumentation particuli\u00e8re\u00a0: le simple fait que j\u2019ouvre une nouvelle session les a attir\u00e9s (en d\u00e9cembre, ce n\u2019\u00e9tait pas le moment).<\/li>\n<li>Ensuite, j\u2019ai propos\u00e9 ce programme de PRE-ATTRATION. Cette fois il s\u2019agit de CONVAINCRE les h\u00e9sitants, ce qui est un autre type d\u2019attraction.\u00a0 En baissant le tarif de moiti\u00e9, j\u2019ai attir\u00e9 les personnes qui ont l\u2019habitude d\u2019acheter en promotion, en soldes, suite \u00e0 une remise, un cadeau, etc. C\u2019est humain&#8230; Mais c\u2019est du Marketing pur (je ne vois rien de p\u00e9joratif dans ce mot), et comme pour toute autre chose, \u00e7a donne une chance \u00e0 des personnes qui n\u2019ach\u00e8teraient pas ce type de produit en temps normal. Si j\u2019accepte de baisser mes tarifs, c\u2019est uniquement dans ce but\u00a0: j\u2019appelle \u00e7a une \u00abaction solidaire\u00bb. D\u2019ailleurs, je trouve que le Marketing est\u00a0 une d\u00e9marche solidaire, puisqu\u2019en aidant les gens \u00e0 acheter en utilisant diff\u00e9rentes motivations, on leur donne plusieurs chances de d\u00e9couvrir un produit ou un service consid\u00e9r\u00e9 comme \u00abinaccessible\u00bb. Quoi qu\u2019il en soit, ce n\u2019est pas du tout le m\u00eame public, qui adh\u00e8re au premier \u00e9lan.<\/li>\n<li>En supposant que je propose ce programme gratuitement, j\u2019attirerai ceux qui ne jurent que par la gratuit\u00e9\u00a0! Si c\u2019est ce que vous attendez, sachez que je ne le ferai pas, car mes tentatives pass\u00e9es m\u2019ont d\u00e9montr\u00e9 que c&#8217;\u00e9tait tr\u00e8s mauvais pour l&#8217;ambiance g\u00e9n\u00e9rale du programme. Les personnes qui ne paient pas leur entr\u00e9e et qui ont du mal \u00e0 l\u2019accepter \u00abquelque part\u00bb, se baladent avec une culpabilit\u00e9 qui les m\u00e8ne vers une certaine agressivit\u00e9. Ils se sentent ill\u00e9gitimes (ce qui explique leur faible participation &#8211; alors que \u00e7a fait partie du programme -) et ils tentent de me transmettre une part de leur culpabilit\u00e9, puisque je suis en partie responsable de ce non-paiement.<\/li>\n<\/ol>\n<p>Le prix cr\u00e9e un type d\u2019Attraction. Le style de Communication cr\u00e9e un type d\u2019attraction. Tout ce que vous faites attire (ou repousse) des personnes. Ces personnes interagissent avec vous ou autour de vous et cr\u00e9ent des \u00e9v\u00e8nements. Vous avez donc la responsabilit\u00e9 de votre Attraction et des ph\u00e9nom\u00e8nes qui leur sont li\u00e9s.<\/p>\n<blockquote><p>Nous vivons dans un univers d\u2019abondance. Il vous appartient d\u2019attirer ce que vous souhaitez et de repousser ce que vous ne souhaitez pas.<\/p><\/blockquote>\n<p>La Loi de l\u2019Attraction existe\u00a0! Il ne s\u2019agit pas d\u2019une croyance, mais d\u2019un outil de D\u00e9veloppement Personnel bas\u00e9 sur une th\u00e9orie qui se confirme exp\u00e9rience apr\u00e8s exp\u00e9rience (comme la plupart des lois psychologiques et scientifiques). Cette th\u00e9orie sera vraie tant que les exp\u00e9riences bas\u00e9es sur elle la confirmeront. La Loi de l\u2019Attraction bas\u00e9e uniquement sur la croyance <em>\u00abpense fort et tu recevras ce \u00e0 quoi tu penses avec force\u00bb<\/em>, c\u2019est un peu l\u00e9ger&#8230; C\u2019est un bon raccourci du processus global, mais il n\u2019y a pas de quoi \u00e9crire tout un programme\u00a0!<\/p>\n<p>Dans mon programme, la question n\u2019est pas d\u2019y \u00abcroire assez\u00bb, mais de profiter de la Loi\u00a0! C\u2019est un peu comme la Loi de l\u2019Attraction terrestre\u00a0: soit on constate, que les objets tombent de haut en bas, soit on profite de la Loi et de bien d\u2019autres lois, pour construire des monuments solides, des moyens de transport et des tours de magie qui rendent le monde meilleur, plus agr\u00e9able et plus surprenant jour apr\u00e8s jours.<\/p>\n<p><a class=\"buttonize blue\" href=\"inscription-minute.fr\/solution.aspx?code=AT47TI07&amp;origine=croispas\" target=\"_blank\">Inscrivez-vous<\/a><\/p>\n<p>A++<\/p>\n<p>St\u00e9phane SOLOMON<\/p>\n<p>PS\u00a0: Le programme a d\u00e9j\u00e0 commenc\u00e9, mais la premi\u00e8re semaine est une mise en bouche. Vous rattraperez facilement les deux premiers articles.<\/p>\n<!--themify_builder_content-->\n<div id=\"themify_builder_content-2223\" data-postid=\"2223\" class=\"themify_builder_content themify_builder_content-2223 themify_builder tf_clear\">\n    <\/div>\n<!--\/themify_builder_content-->\n","protected":false},"excerpt":{"rendered":"<p>Maryline m\u2019a \u00e9crit\u00a0: \u00abPour le programme d\u2019attraction ++ c\u2019est quelque chose qui me rend curieuse, mais je n\u2019y crois pas encore suffisamment pour sauter le pas\u00bb. C\u2019\u00e9tait avant mon article sur les trois fr\u00e8res (c&#8217;est un signe !)&#8230; Mais \u00e0 la lumi\u00e8re de cet article, vous voyez qu\u2019il est impossible de ne pas y croire, [&hellip;]<\/p>\n","protected":false},"author":1,"featured_media":0,"parent":0,"menu_order":0,"comment_status":"open","ping_status":"open","template":"","meta":[],"builder_content":"","_links":{"self":[{"href":"https:\/\/auto-coaching.fr\/index.php\/wp-json\/wp\/v2\/pages\/2223"}],"collection":[{"href":"https:\/\/auto-coaching.fr\/index.php\/wp-json\/wp\/v2\/pages"}],"about":[{"href":"https:\/\/auto-coaching.fr\/index.php\/wp-json\/wp\/v2\/types\/page"}],"author":[{"embeddable":true,"href":"https:\/\/auto-coaching.fr\/index.php\/wp-json\/wp\/v2\/users\/1"}],"replies":[{"embeddable":true,"href":"https:\/\/auto-coaching.fr\/index.php\/wp-json\/wp\/v2\/comments?post=2223"}],"version-history":[{"count":5,"href":"https:\/\/auto-coaching.fr\/index.php\/wp-json\/wp\/v2\/pages\/2223\/revisions"}],"predecessor-version":[{"id":2230,"href":"https:\/\/auto-coaching.fr\/index.php\/wp-json\/wp\/v2\/pages\/2223\/revisions\/2230"}],"wp:attachment":[{"href":"https:\/\/auto-coaching.fr\/index.php\/wp-json\/wp\/v2\/media?parent=2223"}],"curies":[{"name":"wp","href":"https:\/\/api.w.org\/{rel}","templated":true}]}}