{"id":2241,"date":"2015-04-17T20:17:17","date_gmt":"2015-04-17T18:17:17","guid":{"rendered":"http:\/\/www.auto-coaching.fr\/?page_id=2241"},"modified":"2015-04-17T20:30:09","modified_gmt":"2015-04-17T18:30:09","slug":"expliquee-ou-presque","status":"publish","type":"page","link":"https:\/\/auto-coaching.fr\/index.php\/expliquee-ou-presque\/","title":{"rendered":"Expliqu\u00e9e, ou presque&#8230;"},"content":{"rendered":"<p>J\u2019arrive un peu tard pour parler de la Loi de l\u2019Attraction ! Trop tard, car beaucoup d\u2019auteurs en ont fait le tour, et les aprioris (positifs ou n\u00e9gatifs) ont cr\u00e9\u00e9 deux clans\u00a0:<\/p>\n<p>Le premier clan est dans la b\u00e9atitude mystique. En ce sens, cette loi ne doit pas s\u2019expliquer\u00a0! Le fait que je tente de la pr\u00e9senter sous le prisme psychologique ou scientifique est un crime&#8230; C\u2019est comme si j\u2019essayais de vous expliquer D.ieu\u00a0! Pour ceux qui y croient, la Loi de l\u2019Attraction se r\u00e9sume \u00e0 \u00abpense \u00e0 ce que tu veux obtenir, et tu l\u2019obtiendras\u00bb. On y croit ou on n\u2019y croit pas, point barre\u00a0! Donc lorsque je pr\u00e9sente la tenue vestimentaire ou la communication comme des \u00abaimants\u00bb qui attirent ou repoussent, j\u2019entre dans l\u2019explication et \u00e7a d\u00e9range beaucoup ceux qui aimeraient juste croire au raccourci \u00abpense bien et tout ira bien\u00bb.<\/p>\n<p>Le deuxi\u00e8me clan, celui des rationnels est plut\u00f4t dans le D\u00e9ni\u00a0! Pour les personnes qui en font partie, tout s\u2019explique de fa\u00e7on rationnelle, et la Loi de l\u2019Attraction n\u2019est qu\u2019une fumisterie\u00a0! Pour les convaincre de s&#8217;inscrire, un autre titre de programme, sans le mot ATTRACTION, aurait \u00e9t\u00e9 plus appropri\u00e9. Par exemple\u00a0:<\/p>\n<ul>\n<li>OPTIMISTE++\u00a0: 9 semaines pour am\u00e9liorer votre vie<\/li>\n<li>DEFI-COACH\u00a0: Les 9 \u00e9tapes du succ\u00e8s<\/li>\n<li>CHANGEMENTS++\u00a0: les petits changements qui cr\u00e9ent de grands r\u00e9sultats, en 9 semaines<\/li>\n<li><\/li>\n<\/ul>\n<p>Bref, lorsque je d\u00e9cris la Loi de l\u2019Attraction, on dirait que je n\u2019y crois pas et \u00e7a repousse les \u00abmystiques\u00bb. Il n\u2019attire pas pour autant les pragmatiques puisque j\u2019utilise le terme ATTRACTION&#8230; Le premier clan ne veut pas de mes explications, le deuxi\u00e8me ne veut pas de mes croyances. Quelle id\u00e9e ai-je eu d\u2019appeler mon programme ainsi\u00a0! \u00c7a n\u2019attire personne\u00a0!<\/p>\n<h2>Mon ami bourguignon<\/h2>\n<p>J\u2019ai un ami qui habite un village pr\u00e8s de M\u00e2con. Gilles a un pouvoir\u00a0! Avant de sortir, il sait s\u2019il faut prendre un parapluie ou pas. Lorsqu\u2019il \u00e9tait jeune, vous ne pouviez pas lui demander son secret, il n\u2019avait aucune id\u00e9e de la fa\u00e7on dont \u00e7a fonctionnait. Mais il ne se trompait jamais\u00a0: s\u2019il prenait son parapluie, vous aviez int\u00e9r\u00eat \u00e0 en faire autant, et s\u2019il ne le prenait pas, il \u00e9tait inutile de vous encombrer&#8230;<\/p>\n<p>Un jour, j\u2019ai avanc\u00e9 \u00e0 Gilles une th\u00e9orie concernant son pouvoir\u00a0: il avait, selon moi, la capacit\u00e9 d\u2019interpr\u00e9ter le croassement des grenouilles. Celles-ci savent plusieurs heures \u00e0 l\u2019avance quand la pluie va arriver. Rien de nouveau\u00a0: cette \u00e9coute de la Nature est mill\u00e9naire. Ce qui est int\u00e9ressant c\u2019est que Gilles ne le savait pas. On appelle \u00e7a une comp\u00e9tence inconsciente.<\/p>\n<p>En d\u00e9couvrant mon explication, Gilles a-t-il perdu son pouvoir\u00a0? Pas du tout\u00a0! Au contraire, il l\u2019a affin\u00e9\u00a0: il a compris qu\u2019il avait une intelligence naturaliste, et depuis cette p\u00e9riode, il lit dans la Nature bien d\u2019autres signes que la probabilit\u00e9 d\u2019un orage. L\u2019explication n\u2019a pas supprim\u00e9 son pouvoir, elle lui a donn\u00e9 un super-pouvoir\u00a0!<\/p>\n<p>C\u2019est ainsi que fonctionne une r\u00e9v\u00e9lation chez la plupart des gens. SI vous \u00eates un adepte de la Gratitude et que cette pratique fonctionne de fa\u00e7on \u00abmagique\u00bb pour vous, vous pourriez avoir peur qu\u2019une explication psychologique sur la pratique de la Gratitude vienne supprimer cette magie. C\u2019est une croyance extr\u00eamement limitante, car en r\u00e9alit\u00e9, le fait de comprendre comment \u00e7a marche, va vous donner acc\u00e8s \u00e0 de nouvelles magies de niveau sup\u00e9rieur, toujours inexplicables, mais bien plus puissantes. Et si un jour ces nouvelles magies s\u2019expliquent, vous acc\u00e9derez \u00e0 un niveau encore sup\u00e9rieure. L\u2019\u00e9rudition ne supprime pas la magie, les croyances, les pouvoirs&#8230; Elle vous permet d\u2019atteindre le niveau ++. Si vous \u00eates en qu\u00eate de magie, vous ne la perdrez jamais. Elle fait partie de vous.<\/p>\n<p>Par contre, si le c\u00f4t\u00e9 magique de la Loi de l\u2019Attraction vous gonfle (ou vous fait peur) au point que chaque pratique propos\u00e9e provoque en vous un profond d\u00e9ni, l\u2019approche psychologique et cart\u00e9sienne que je vous proposerai vous permettra d\u2019accepter de tenter quelques exp\u00e9riences. Personne ne vous reprochera d\u2019exprimer votre Gratitude, et si vous pensez que tout flatteur vit aux d\u00e9pens de celui qui l\u2019\u00e9coute, vous avez mal compris la morale de l\u2019Histoire&#8230; Il est temps de recadrer \u00e7a\u00a0!<\/p>\n<p>Bref, quelle que soit votre profil, l\u2019approche que je propose vous permettra de profiter des techniques sans alt\u00e9rer votre personnalit\u00e9. Je ne vais pas vous convertir ni vous aseptiser\u00a0;-).<\/p>\n<h2>ATTR-ACTION\u00a0!!!<\/h2>\n<p>La \u00abLoi de l\u2019Attraction\u00bb est la loi qui ATTIRE l\u2019ACTION\u00a0: ses principes poussent \u00e0 l\u2019action, et en ce sens, c\u2019est une boite \u00e0 outils anti-procrastination. Ces outils vous permettent de faire la clart\u00e9 dans vos croyances, vos valeurs, vos objectifs et vos bonnes et mauvaises habitudes, afin de r\u00e9ordonner tout \u00e7a pour obtenir plus facilement et plus rapidement ce que vous d\u00e9sirez dans la vie.<\/p>\n<p>La PENSEE est centrale dans le processus, mais elle n\u2019est pas la seule chose \u00e0 travailler. D\u2019une part parce que vos \u00abg\u00e9n\u00e9rateurs de pens\u00e9es\u00bb ont leur r\u00f4le \u00e0 jouer, et d\u2019autre part, parce que la pens\u00e9e sans action est vaine. Ce que la Loi de l\u2019Attraction propose, c\u2019est de <strong>cr\u00e9er des pens\u00e9es qui poussent \u00e0 l\u2019Action\u00a0!<\/strong> Il s\u2019agit donc de pens\u00e9es sp\u00e9ciales, conscientes, contr\u00f4l\u00e9es, volontairement dirig\u00e9es vers un but&#8230; C\u2019est pour cette raison que l\u2019apprentissage est possible. Tout le monde \u00e0 des pens\u00e9es, mais les \u00abpens\u00e9es attractives\u00bb n\u2019ont rien \u00e0 voir avec les \u00abpens\u00e9es vagabondes\u00bb qui surgissent d\u2019on ne sait o\u00f9&#8230;<\/p>\n<p>Je vous rappelle que le programme a commenc\u00e9 lundi, et j\u2019ai volontairement opt\u00e9 pour un d\u00e9marrage en douceur, afin que les retardataires puissent s\u2019inscrire au cours de la premi\u00e8re semaine ou \u00e9ventuellement le week-end. Toutefois, lundi matin, le formulaire d\u2019inscription sera d\u00e9sactiv\u00e9 et vous ne pourrez plus vous inscrire.<\/p>\n<p>C&#8217;est donc MAINTENANT :<\/p>\n<p><a href=\"http:\/\/www.inscription-minute.fr\/solution.aspx?code=AT47TI07&amp;origine=expliqueePresque\" target=\"_blank\" class=\"buttonize blue\">Inscrivez-vous<\/a><\/p>\n<p>Je vous remercie d\u2019avoir accept\u00e9 de lire mon argumentation. Elle est d\u00e9sormais termin\u00e9e.<\/p>\n<p>A++<\/p>\n<p>St\u00e9phane<\/p>\n<!--themify_builder_content-->\n<div id=\"themify_builder_content-2241\" data-postid=\"2241\" class=\"themify_builder_content themify_builder_content-2241 themify_builder tf_clear\">\n    <\/div>\n<!--\/themify_builder_content-->\n","protected":false},"excerpt":{"rendered":"<p>J\u2019arrive un peu tard pour parler de la Loi de l\u2019Attraction ! Trop tard, car beaucoup d\u2019auteurs en ont fait le tour, et les aprioris (positifs ou n\u00e9gatifs) ont cr\u00e9\u00e9 deux clans\u00a0: Le premier clan est dans la b\u00e9atitude mystique. En ce sens, cette loi ne doit pas s\u2019expliquer\u00a0! Le fait que je tente de [&hellip;]<\/p>\n","protected":false},"author":1,"featured_media":0,"parent":0,"menu_order":0,"comment_status":"open","ping_status":"open","template":"","meta":[],"builder_content":"","_links":{"self":[{"href":"https:\/\/auto-coaching.fr\/index.php\/wp-json\/wp\/v2\/pages\/2241"}],"collection":[{"href":"https:\/\/auto-coaching.fr\/index.php\/wp-json\/wp\/v2\/pages"}],"about":[{"href":"https:\/\/auto-coaching.fr\/index.php\/wp-json\/wp\/v2\/types\/page"}],"author":[{"embeddable":true,"href":"https:\/\/auto-coaching.fr\/index.php\/wp-json\/wp\/v2\/users\/1"}],"replies":[{"embeddable":true,"href":"https:\/\/auto-coaching.fr\/index.php\/wp-json\/wp\/v2\/comments?post=2241"}],"version-history":[{"count":5,"href":"https:\/\/auto-coaching.fr\/index.php\/wp-json\/wp\/v2\/pages\/2241\/revisions"}],"predecessor-version":[{"id":2246,"href":"https:\/\/auto-coaching.fr\/index.php\/wp-json\/wp\/v2\/pages\/2241\/revisions\/2246"}],"wp:attachment":[{"href":"https:\/\/auto-coaching.fr\/index.php\/wp-json\/wp\/v2\/media?parent=2241"}],"curies":[{"name":"wp","href":"https:\/\/api.w.org\/{rel}","templated":true}]}}