{"id":2302,"date":"2015-05-01T18:13:07","date_gmt":"2015-05-01T16:13:07","guid":{"rendered":"http:\/\/www.auto-coaching.fr\/?page_id=2302"},"modified":"2015-05-01T19:21:03","modified_gmt":"2015-05-01T17:21:03","slug":"en-mai-fais-ce-qu-il-te-plait","status":"publish","type":"page","link":"https:\/\/auto-coaching.fr\/index.php\/en-mai-fais-ce-qu-il-te-plait\/","title":{"rendered":"En mai, fais ce qu&#8217;il te pla&icirc;t"},"content":{"rendered":"<p>Pour commencer, je voudrais vous souhaiter une tr\u00e8s belle soir\u00e9e de F\u00eate du Travail. Quel plaisir d&#8217;encha\u00eener un jour f\u00e9ri\u00e9 par un week-end ! A quand la semaine de 4 jours ?<\/p>\n<p>Sachant que je jour gagn\u00e9 sera consacr\u00e9 majoritairement \u00e0 notre D\u00e9veloppement Personnel, bien-s\u00fbr ;-).<\/p>\n<h2>Faites un v\u0153u !<\/h2>\n<p>Vous connaissez certainement le proverbe \u00abEn mai, fais ce qu\u2019il te pla\u00eet !\u00bb. C\u2019est sympa comme proposition, mais comment oser faire certaines choses lorsque la Confiance en soi manque \u00e0 l&#8217;appel ? Je vous propose de d\u00e9couvrir de nouvelles ressources \u00e0 travers le programme d\u2019auto-coaching du mois de mai :<\/p>\n<p style=\"text-align: center\"><img decoding=\"async\" loading=\"lazy\" src=\"http:\/\/www.auto-coaching.fr\/wp-content\/uploads\/2015\/05\/bandeauConfiancePlusPlus.jpg\" width=\"760\" height=\"100\"><br \/>CONFIANCE++ : les meilleurs pratiques de la confiance en soi.<\/p>\n<p>Le prix de ce programme est de 39\u20ac, mais vous pouvez vous inscrire avec le code de r\u00e9duction de 10 \u20ac : <span style=\"font-size: 12pt; font-family: courier; font-weight: bold\">CPP417TILA<\/span>. Ce code est valable pour les 50 premi\u00e8res inscriptions.<\/p>\n<p style=\"text-align: center; margin: 12px auto 32px\"><a class=\"buttonize blue\" href=\"http:\/\/www.inscription-minute.fr\/solution.aspx?code=CO80PL09&amp;origine=MaiPlait\" target=\"_blank\">Inscrivez-vous !<\/a><\/p>\n<p>Dans les prochains jours, je vous parlerai de Confiance. C\u2019est une th\u00e9matique essentielle \u00e0 d\u00e9couvrir dans les colonnes de cette newsletter gratuite, et ces articles serviront aussi d&#8217;avant-go\u00fbt, donc d&#8217;argumentaire, aux les lecteurs qui ont besoin d&#8217;arguments. Nous allons donc en disserter ensemble. Je compte sur votre participation.<\/p>\n<h2>Une vieille histoire<\/h2>\n<p>Commen\u00e7ons par un commentaire que j\u2019ai trouv\u00e9 dans mon historique de courriers :<\/p>\n<p>La premi\u00e8re fois que j\u2019ai pr\u00e9sent\u00e9 un programme sur la Confiance en soi, c\u2019\u00e9tait il y a 4 ans, dans TIME-COACH. Un lecteur m\u2019a alors fait une remarque :<\/p>\n<blockquote>\n<p>Je ne vois pas le rapport entre la Confiance en soi et la gestion du temps !<\/p>\n<\/blockquote>\n<p>La suite de son courrier palabrait autour du fait que je n\u2019avais pas le droit (\u00e9thique et juridique) d\u2019\u00e9crire \u00e0 mes lecteurs sur ce sujet, puisqu\u2019ils se sont inscrits \u00e0 un programme sur la gestion du temps ! Il a donc cliqu\u00e9 sur le bouton SPAM, consid\u00e9rant qu&#8217;il ne s&#8217;est pa inscrit pour \u00e7a&#8230; Il s\u2019excusa par la suite, lorsque je lui ai d\u00e9montr\u00e9 que la <strong>Confiance<\/strong> et <strong>la gestion du Temps<\/strong> \u00e9taient intimement li\u00e9es. Il \u00e9tait m\u00eame g\u00ean\u00e9 d\u2019avoir fait une \u00abb\u00eatise aussi monumentale\u00bb&#8230;<\/p>\n<p>Cependant, malgr\u00e9 son action agressive, il a fait quelque chose d&#8217;int\u00e9ressant : il a su ouvrir la communication, ce qui nous a permis de transformer le n\u00e9gatif en positif ENSEMBLE. Il avait donc confiance \u00abquelque part\u00bb. Chose qu\u2019une bonne trentaine d\u2019autres lecteurs n\u2019a pas su exprimer : ils se sont d\u00e9sinscrits sans autre forme de proc\u00e8s.<\/p>\n<p><strong>Qu\u2019en pensez-vous ?<\/strong> Quelle r\u00e9ponse donneriez-vous \u00e0 une personne qui ne voit pas le rapport entre la Confiance et la Gestion du Temps ?<\/p>\n<p>J\u2019attends vos r\u00e9actions, que vous soyez employeur ou employ\u00e9.<\/p>\n<p>A++<\/p>\n<p><strong>St\u00e9phane SOLOMON<\/strong><\/p>\n<!--themify_builder_content-->\n<div id=\"themify_builder_content-2302\" data-postid=\"2302\" class=\"themify_builder_content themify_builder_content-2302 themify_builder tf_clear\">\n    <\/div>\n<!--\/themify_builder_content-->\n","protected":false},"excerpt":{"rendered":"<p>Pour commencer, je voudrais vous souhaiter une tr\u00e8s belle soir\u00e9e de F\u00eate du Travail. Quel plaisir d&#8217;encha\u00eener un jour f\u00e9ri\u00e9 par un week-end ! A quand la semaine de 4 jours ? Sachant que je jour gagn\u00e9 sera consacr\u00e9 majoritairement \u00e0 notre D\u00e9veloppement Personnel, bien-s\u00fbr ;-). Faites un v\u0153u ! Vous connaissez certainement le proverbe [&hellip;]<\/p>\n","protected":false},"author":1,"featured_media":0,"parent":0,"menu_order":0,"comment_status":"open","ping_status":"open","template":"","meta":[],"builder_content":"","_links":{"self":[{"href":"https:\/\/auto-coaching.fr\/index.php\/wp-json\/wp\/v2\/pages\/2302"}],"collection":[{"href":"https:\/\/auto-coaching.fr\/index.php\/wp-json\/wp\/v2\/pages"}],"about":[{"href":"https:\/\/auto-coaching.fr\/index.php\/wp-json\/wp\/v2\/types\/page"}],"author":[{"embeddable":true,"href":"https:\/\/auto-coaching.fr\/index.php\/wp-json\/wp\/v2\/users\/1"}],"replies":[{"embeddable":true,"href":"https:\/\/auto-coaching.fr\/index.php\/wp-json\/wp\/v2\/comments?post=2302"}],"version-history":[{"count":11,"href":"https:\/\/auto-coaching.fr\/index.php\/wp-json\/wp\/v2\/pages\/2302\/revisions"}],"predecessor-version":[{"id":2314,"href":"https:\/\/auto-coaching.fr\/index.php\/wp-json\/wp\/v2\/pages\/2302\/revisions\/2314"}],"wp:attachment":[{"href":"https:\/\/auto-coaching.fr\/index.php\/wp-json\/wp\/v2\/media?parent=2302"}],"curies":[{"name":"wp","href":"https:\/\/api.w.org\/{rel}","templated":true}]}}