{"id":2326,"date":"2015-05-05T12:59:47","date_gmt":"2015-05-05T10:59:47","guid":{"rendered":"http:\/\/www.auto-coaching.fr\/?page_id=2326"},"modified":"2015-05-05T13:33:59","modified_gmt":"2015-05-05T11:33:59","slug":"c-est-injuste","status":"publish","type":"page","link":"https:\/\/auto-coaching.fr\/index.php\/c-est-injuste\/","title":{"rendered":"C&rsquo;est injuste !"},"content":{"rendered":"<p>Dans mon dernier article, je vous invitais \u00e0 rejoindre AUTO-COACHING.FR. Pr\u00e8s de 100 personnes l\u2019ont fait sans h\u00e9siter (en plus des 541 qui \u00e9taient s\u00e9lectionn\u00e9s d\u2019office). Or, d\u2019apr\u00e8s les quelques messages que j\u2019ai re\u00e7us depuis, il semble que ma proposition ait \u00e9t\u00e9 per\u00e7ue comme dissuasive&#8230; Alors passons en mode persuasion :  <\/p>\n<p><b>J\u2019ai tr\u00e8s envie de vous retrouver dans AUTO-COACHING.FR<\/b>. Or s\u2019agissant d\u2019un nouveau programme, je n\u2019ai pas le droit de vous inscrire d\u2019office. C\u2019est \u00e0 vous de faire la d\u00e9marche. C\u2019est possible en un seul clic ! Vous pouvez donc poursuivre l\u2019aventure de l\u2019auto-coaching avec moi, tr\u00e8s facilement, mais il s\u2019agit d\u2019une action volontaire qui vous appartient. <\/p>\n<p>Ce que j\u2019ai \u00e9crit dans le paragraphe ci-dessus n\u2019est pas tout \u00e0 fait juste&#8230; Parmi les lecteurs de cet article, il y a des clients qui ont achet\u00e9 un programme (un seul) par le pass\u00e9. En Marketing on les appelle des clients \u00abOne-Shot\u00bb ! La traduction litt\u00e9rale est \u00abun coup\u00bb&#8230; Or les clients One-Shot sont tout de m\u00eame des clients et je peux l\u00e9galement les inscrire \u00e0 AUTO-COACHING.FR. Pourquoi je ne le fais pas ? Pourquoi ai-je r\u00e9inscrit d\u2019office, uniquement les CLIENTS qui ont adh\u00e9r\u00e9 \u00e0 <b>au moins deux programmes ?<\/b>  <\/p>\n<p>Parce que du propre aveu d\u2019un nombre non n\u00e9gligeable de clients \u00abOne-Shot\u00bb, ils sont pass\u00e9s \u00e0 la caisse parce que j\u2019insistais (et ils pensaient que j\u2019insisterais moins une fois qu\u2019ils auront fait un effort). Quelques-uns ont m\u00eame adh\u00e9r\u00e9 par sentiment de culpabilit\u00e9, se sentant oblig\u00e9s de payer TIME-COACH \u00abvu qu\u2019il s\u2019agit d\u2019un travail consid\u00e9rable et que tout travail m\u00e9rite salaire !\u00bb. Ils ont donc sold\u00e9 leur compte, consid\u00e9rant que leur dette envers moi \u00e9tait pay\u00e9e.  <\/p>\n<p>C\u2019est une d\u00e9marche particuli\u00e8re : ils se sont servis d\u2019un programme payant pour payer le programme gratuit&#8230;  <\/p>\n<p>Les personnes qui ont adh\u00e9r\u00e9 \u00e0 au moins deux programmes ne sont pas du tout dans la m\u00eame dynamique : ils n\u2019ont pas pay\u00e9 TIME-COACH, ils ont adh\u00e9r\u00e9 \u00e0 des produits qui les ont int\u00e9ress\u00e9s.  <\/p>\n<p>Si vous avez achet\u00e9 un seul produit dans la m\u00eame dynamique (sans culpabilit\u00e9, en achetant ce qui vous int\u00e9resse vraiment), vous pourriez me trouver injuste envers vous. En r\u00e9alit\u00e9, je ne le suis pas, car mon jugement n\u2019est pas personnel. Il part d\u2019un constat global, et comme la relation coupable est la pire qui puisse exister entre deux \u00eatres, je pr\u00e9f\u00e8re m\u2019en pr\u00e9server. Personne ne peut \u00e9voluer dans un cadre qui cr\u00e9e de la culpabilit\u00e9. C\u2019est un \u00e9norme danger pour celui qui la ressent, pour celui qui cr\u00e9e ce sentiment malgr\u00e9 lui, et aussi pour l\u2019ensemble des h\u00e9sitants. La culpabilit\u00e9 entraine tout le monde vers le bas. Je pr\u00e9f\u00e8re mille fois les personnes qui n\u2019ont rien achet\u00e9 et qui me lisent sereinement : qui lisent UTILE !  <\/p>\n<p>Je comprends que si vous avez adh\u00e9r\u00e9 au programme payant tout en \u00e9tant bien dans vos baskets, vous puissiez consid\u00e9rer mon jugement comme INJUSTE, et je vais vous r\u00e9v\u00e9ler un secret :  <\/p>\n<blockquote>\n<p>L\u2019injustice est le premier facteur de d\u00e9motivation ! <\/p>\n<\/blockquote>\n<p>Mais ce secret n\u2019aurait aucune valeur sans la grande solution qui va avec :  <\/p>\n<blockquote>\n<p>La personne la mieux plac\u00e9e pour r\u00e9parer une injustice, est celle qui la ressent ! <\/p>\n<\/blockquote>\n<p>En ce qui vous concerne, si vous ressentez que j\u2019ai \u00e9t\u00e9 injuste, vous pouvez redresser cette injustice en cliquant sur le lien d\u2019adh\u00e9sion \u00e0 AUTO-COACHING.FR. R\u00e9parer une injustice en un clic, avouez que c\u2019est rare !  <\/p>\n<p>Ce bouton est fait pour \u00e7a, pour r\u00e9parer ! Comprenez par-l\u00e0 que si je vous invite \u00e0 vous r\u00e9inscrire au lieu de vous mettre dehors sans autre forme de proc\u00e8s, c\u2019est parce que je ressens \u00e9galement une certaine injustice dans mon jugement global. C\u2019est donc ENSEMBLE que nous pouvons r\u00e9parer cette injustice, puisque nous sommes deux \u00e0 la ressentir.  <\/p>\n<p>C\u2019est le sens (profond) de l\u2019article du jour.  <\/p>\n<p>Avez-vous le droit de me rejoindre si vous ne m\u2019avez jamais rien achet\u00e9 ? Ma r\u00e9ponse a d\u00e9j\u00e0 \u00e9t\u00e9 donn\u00e9e lors de ma derni\u00e8re communication, mais je vais la reformuler.  <\/p>\n<p>Si vous vous \u00eates jur\u00e9 que vous ne m\u2019ach\u00e8terez jamais rien, que vous en avez fait une question de principe, et que votre principal d\u00e9fi d\u2019auto-coaching consiste \u00e0 r\u00e9sister \u00e0 mes propositions payantes&#8230; je consid\u00e8re que la relation est malsaine, et je pr\u00e9f\u00e8re \u00e9viter de la poursuivre. Par contre, si vous h\u00e9sitez, si vous sentez qu\u2019il est possible que vous adh\u00e9riez \u00e0 un programme \u00e9crit, un webinaire, une formation en pr\u00e9sentiel, etc. un jour ou l\u2019autre, Alors nous pourrons continuer dans un esprit de paix qui se r\u00e9sume ainsi :  <\/p>\n<blockquote>\n<p>J\u2019ai le droit de vendre, vous avez le droit de ne pas acheter. <\/p>\n<\/blockquote>\n<p>Rejoignez les clients et les prospects d\u2019AUTO-COACHING.FR, qui \u00e9voluent dans un espace serein.  <\/p>\n<p>A++  <\/p>\n<p><strong>St\u00e9phane SOLOMON<\/strong><\/p>\n<!--themify_builder_content-->\n<div id=\"themify_builder_content-2326\" data-postid=\"2326\" class=\"themify_builder_content themify_builder_content-2326 themify_builder tf_clear\">\n    <\/div>\n<!--\/themify_builder_content-->\n","protected":false},"excerpt":{"rendered":"<p>Dans mon dernier article, je vous invitais \u00e0 rejoindre AUTO-COACHING.FR. Pr\u00e8s de 100 personnes l\u2019ont fait sans h\u00e9siter (en plus des 541 qui \u00e9taient s\u00e9lectionn\u00e9s d\u2019office). Or, d\u2019apr\u00e8s les quelques messages que j\u2019ai re\u00e7us depuis, il semble que ma proposition ait \u00e9t\u00e9 per\u00e7ue comme dissuasive&#8230; Alors passons en mode persuasion : J\u2019ai tr\u00e8s envie de [&hellip;]<\/p>\n","protected":false},"author":1,"featured_media":0,"parent":0,"menu_order":0,"comment_status":"open","ping_status":"open","template":"","meta":[],"builder_content":"","_links":{"self":[{"href":"https:\/\/auto-coaching.fr\/index.php\/wp-json\/wp\/v2\/pages\/2326"}],"collection":[{"href":"https:\/\/auto-coaching.fr\/index.php\/wp-json\/wp\/v2\/pages"}],"about":[{"href":"https:\/\/auto-coaching.fr\/index.php\/wp-json\/wp\/v2\/types\/page"}],"author":[{"embeddable":true,"href":"https:\/\/auto-coaching.fr\/index.php\/wp-json\/wp\/v2\/users\/1"}],"replies":[{"embeddable":true,"href":"https:\/\/auto-coaching.fr\/index.php\/wp-json\/wp\/v2\/comments?post=2326"}],"version-history":[{"count":9,"href":"https:\/\/auto-coaching.fr\/index.php\/wp-json\/wp\/v2\/pages\/2326\/revisions"}],"predecessor-version":[{"id":2335,"href":"https:\/\/auto-coaching.fr\/index.php\/wp-json\/wp\/v2\/pages\/2326\/revisions\/2335"}],"wp:attachment":[{"href":"https:\/\/auto-coaching.fr\/index.php\/wp-json\/wp\/v2\/media?parent=2326"}],"curies":[{"name":"wp","href":"https:\/\/api.w.org\/{rel}","templated":true}]}}