{"id":2351,"date":"2015-05-07T16:09:47","date_gmt":"2015-05-07T14:09:47","guid":{"rendered":"http:\/\/www.auto-coaching.fr\/?page_id=2351"},"modified":"2015-05-12T14:54:44","modified_gmt":"2015-05-12T12:54:44","slug":"retour-au-pwyw","status":"publish","type":"page","link":"https:\/\/auto-coaching.fr\/index.php\/retour-au-pwyw\/","title":{"rendered":"Retour au PWYW"},"content":{"rendered":"<blockquote><p>Qui craint de souffrir souffre de la crainte<br \/>\n(Proverbe fran\u00e7ais)<\/p><\/blockquote>\n<p>&#8212;&#8212;&#8212;&#8212;&#8212;&#8212;&#8212;<\/p>\n<p>Depuis plusieurs semaines je m\u2019interroge :<\/p>\n<p><strong>Devrais-je relancer le \u00abPay What You Want\u00bb ?<br \/>\n<\/strong>(Traduction : Payez Ce Que Vous Voulez \/ Abr\u00e9viation : PWYW).<\/p>\n<p>Ce mod\u00e8le \u00e9conomique ayant provoqu\u00e9 de nombreuses critiques et 347 d\u00e9sinscriptions, j\u2019h\u00e9site ! Je me suis interrog\u00e9 en bon auto-coach et je me suis r\u00e9pondu ceci :<\/p>\n<blockquote><p>Chat \u00e9chaud\u00e9 craint l\u2019eau froide !<\/p><\/blockquote>\n<p>Comme je ne suis pas un chat, ce dicton ne me concerne pas ! D\u2019ailleurs, je ne comprends m\u00eame pas qu\u2019on puisse \u00e9crire ce genre de choses puisque les chats ne savent pas lire. Mais bon&#8230; Il y a tellement de gens idiots sur cette plan\u00e8te ! Je ne vais pas m\u2019arr\u00eater \u00e0 \u00e7a. Allez Go go go ! Ton subconscient t\u2019as souffl\u00e9 un truc, alors d\u00e9veloppe !<\/p>\n<p>Jean de LA FONTAINE a clairement affirm\u00e9 un jour <em>\u00abje me sers d\u2019animaux pour instruire les hommes\u00bb<\/em>. Je m\u2019en souviens parce que cette r\u00e9v\u00e9lation a fait l\u2019objet d\u2019une dissertation lorsque j\u2019\u00e9tais en classe de seconde, et c\u2019est la seule fois o\u00f9 j\u2019ai eu une note sup\u00e9rieure \u00e0 2. Le \u00abchat \u00e9chaud\u00e9\u00bb n\u2019est pas de mon Jeannot pr\u00e9f\u00e9r\u00e9, mais \u00e7a reste une m\u00e9taphore int\u00e9ressante. Alors voyons ce que mon esprit peut tirer de cette pens\u00e9e :<\/p>\n<p>Apriori, le chat \u00e9chaud\u00e9 a peur de l\u2019eau froide parce que quand on a chaud, l\u2019eau froide est encore plus froide que froide&#8230; Je ne comprends pas pourquoi cette citation m\u2019est venue \u00e0 l\u2019esprit, \u00e7a n\u2019a rien \u00e0 voir avec mon probl\u00e8me !<\/p>\n<p>Je contacte mon auto-coach (c\u2019est \u00e0 dire moi-m\u00eame) et je dialogue avec lui. Comme il a un niveau d\u2019intelligence plus \u00e9lev\u00e9 que le mien, j\u2019essaye de me mettre \u00e0 niveau :<\/p>\n<p>&#8211; Dis-moi cher auto-coach, je comprends le probl\u00e8me du chat et je compatis, mais je n\u2019ai pas du tout le m\u00eame probl\u00e8me ! Moi, j\u2019ai \u00e9t\u00e9 \u00e9chaud\u00e9 avec le PWYW, et je n\u2019ai pas peur d&#8217;une sceau d&#8217;eau froide, j\u2019ai peur de vivre la m\u00eame chose !<\/p>\n<p>(Important : je sais qu\u2019on \u00e9crit un \u00abseau d\u2019eau\u00bb, et non un \u00absceau d\u2019eau\u00bb. Mais mon auto-coach n\u2019est pas l\u00e0 pour me juger, il est l\u00e0 pour m\u2019\u00e9couter. Et quand il m\u2019\u00e9coute, il ne voit pas la faute d\u2019orthographe).<\/p>\n<p>Mon auto-coach me r\u00e9pond :<\/p>\n<p>&#8211; Le chat craint l\u2019eau chaude aussi !<\/p>\n<p>&#8211; Ce n\u2019est pas du tout ce qui est dit !<\/p>\n<p>&#8211; Alors t\u2019as eu raison de me contacter&#8230; Je vais t\u2019expliquer : le chat craint l\u2019eau froide, l\u2019eau chaude, et m\u00eame l\u2019eau ti\u00e8de !<\/p>\n<p>&#8211; Ah non ! On \u00e9tait dans la m\u00e9taphore ! Alors ne va pas me dire que les chats ont peur de l\u2019eau, point barre ! Je veux comprendre le fin-fond de l\u2019histoire !<\/p>\n<p>&#8211; C\u2019est bien ce que je suis en train de t\u2019expliquer ! Le chat a re\u00e7u de l\u2019eau chaude et il n\u2019a pas aim\u00e9&#8230; Si tu arrives avec un seau d\u2019eau froide, il va se sauver ! Toi tu sais que ce n\u2019est pas la m\u00eame chose, et qu\u2019il pourrait aimer \u00e7a. Mais lui, il ne sait pas que c\u2019est de l\u2019eau froide : c\u2019est un chat ! Il voit juste de l\u2019eau et il a peur de vivre la m\u00eame chose que la premi\u00e8re fois&#8230;<\/p>\n<p>&#8211; C\u2019est vachement recherch\u00e9 !<\/p>\n<p>&#8211; Heureux de t\u2019avoir rendu service&#8230;<\/p>\n<p>&#8211; Mais quel rapport avec moi ?<\/p>\n<p>&#8211; Tu ne vois pas ?<\/p>\n<p>&#8211; Attends ! Je sens que \u00e7a vient&#8230;<\/p>\n<p>&#8211; Prends ton temps<\/p>\n<p>&#8211; Donc tu es en train de me dire que cette ann\u00e9e, je ne vivrai pas forc\u00e9ment la m\u00eame chose que l\u2019ann\u00e9e derni\u00e8re, mais que j\u2019ai peur quand-m\u00eame parce que je m\u2019appr\u00eate \u00e0 faire la m\u00eame action !<\/p>\n<p>&#8211; Voil\u00e0 ! Chat \u00e9chaud\u00e9 craint l\u2019eau froide, croyant qu\u2019il s\u2019agit toujours d\u2019eau chaude&#8230;<\/p>\n<p>&#8211; Mais mon subconscient ne pouvait pas me dire directement un truc du genre \u00abun an est pass\u00e9, les choses ont chang\u00e9 entre temps, tu peux r\u00e9essayer !\u00bb ?<\/p>\n<p>&#8211; Bein non !<\/p>\n<p>&#8211; Pourquoi ?<\/p>\n<p>&#8211; Parce que si tu avais compris tout de suite, \u00e7\u2019aurait \u00e9t\u00e9 moins dr\u00f4le ! Au moins-l\u00e0 \u00e7a t\u2019a inspir\u00e9 un article rigolo. \u00c7a se peut, il y a des gens qui vont te payer pour \u00e7a : tu leur donnes des id\u00e9es profondes, avec l\u2019humour en prime&#8230;<\/p>\n<p>&#8211; Mais il para\u00eet que l\u2019humour \u00e7a ne vend pas !<\/p>\n<p>&#8211; Demande \u00e0 Gad ELMALEH si l\u2019humour ne vend pas !!!<\/p>\n<p>&#8211; C\u2019est un humoriste ; l\u2019humour ne vend pas du D\u00e9veloppement Personnel&#8230;<\/p>\n<p>&#8211; Arr\u00eate de dire n\u2019importe quoi ! Ta fa\u00e7on d\u2019\u00e9crire attire des gens qui font des choses s\u00e9rieuses sans se prendre au s\u00e9rieux. Donc soit tu assumes \u00e7a, soit tu retournes vendre des chemises au march\u00e9 de Montreuil. Tu l\u2019as d\u00e9j\u00e0 fait, tu peux le refaire !<\/p>\n<p>&#8211; Donc selon toi, je devrais r\u00e9essayer le PWYW !<\/p>\n<p>&#8211; Dis moi, les gens qui t\u2019ont critiqu\u00e9 l\u2019ann\u00e9e derni\u00e8re font partie des 347 personnes qui ont claqu\u00e9 la porte ou de ceux qui te lisent encore ?<\/p>\n<p>&#8211; Euh&#8230; Il me para\u00eet \u00e9vident que ceux qui n\u2019ont pas support\u00e9 le PWYW au point de me dire des choses d\u00e9sagr\u00e9ables sont partis ! Majoritairement en tout cas.<\/p>\n<p>&#8211; Donc tu as une partie de ta r\u00e9ponse : le PWYW a fait fuir les lecteurs qui ont la critique facile. Tu leur as rendu service, parce que les gens qui critiquent la moindre initiative audacieuse ne sont pas auto-coachables&#8230;<\/p>\n<p>&#8211; Pourquoi tu dis que j\u2019ai \u00abune partie de ma r\u00e9ponse\u00bb ? Il y a autre chose ?<\/p>\n<p>&#8211; Lorsque tu \u00e9tais jeune, ton p\u00e8re veillait \u00e0 tes fr\u00e9quentations&#8230;<\/p>\n<p>&#8211; Oui&#8230;<\/p>\n<p>&#8211; Aujourd\u2019hui, tu veilles aux fr\u00e9quentations de tes enfants !<\/p>\n<p>&#8211; Oui !<\/p>\n<p>&#8211; Tu as raison ! Les fr\u00e9quentations, c\u2019est tr\u00e8s important, \u00e7a peut changer un homme ! L\u2019ann\u00e9e derni\u00e8re, 347 personnes qui te prenaient pour un charlot ont quitt\u00e9 ta sph\u00e8re. \u00c7a a forc\u00e9ment eu un impact sur toi.<\/p>\n<p>&#8211; C\u2019est vrai&#8230;<\/p>\n<p>&#8211; Tu as progress\u00e9 depuis ! M\u00eame si pragmatiquement parlant tu t\u2019appr\u00eates \u00e0 faire la m\u00eame chose que l\u2019ann\u00e9e derni\u00e8re, tes pens\u00e9es et tes \u00e9motions ne sont pas les m\u00eames. M\u00eame tes valeurs et tes croyances ont \u00e9volu\u00e9&#8230; De la m\u00eame fa\u00e7on qu\u2019on observe deux personnes diff\u00e9rentes faire la m\u00eame chose et obtenir des r\u00e9sultats totalement diff\u00e9rents, le Toi d\u2019aujourd\u2019hui n\u2019aura pas le m\u00eame r\u00e9sultat que le Toi de l\u2019ann\u00e9e derni\u00e8re !<\/p>\n<p>&#8211; Waouw ! Moi, si j\u2019\u00e9tais un de mes lecteurs, je payerai cet article ! Il y a tellement de choses dedans&#8230;<\/p>\n<p>&#8211; Bein voil\u00e0, t\u2019as tout compris !<\/p>\n<p>Payez ce que vous voulez !<\/p>\n<p>A++<\/p>\n<p><strong>St\u00e9phane SOLOMON<\/strong><\/p>\n<!--themify_builder_content-->\n<div id=\"themify_builder_content-2351\" data-postid=\"2351\" class=\"themify_builder_content themify_builder_content-2351 themify_builder tf_clear\">\n    <\/div>\n<!--\/themify_builder_content-->\n","protected":false},"excerpt":{"rendered":"<p>Qui craint de souffrir souffre de la crainte (Proverbe fran\u00e7ais) &#8212;&#8212;&#8212;&#8212;&#8212;&#8212;&#8212; Depuis plusieurs semaines je m\u2019interroge : Devrais-je relancer le \u00abPay What You Want\u00bb ? (Traduction : Payez Ce Que Vous Voulez \/ Abr\u00e9viation : PWYW). Ce mod\u00e8le \u00e9conomique ayant provoqu\u00e9 de nombreuses critiques et 347 d\u00e9sinscriptions, j\u2019h\u00e9site ! Je me suis interrog\u00e9 en bon [&hellip;]<\/p>\n","protected":false},"author":1,"featured_media":0,"parent":0,"menu_order":0,"comment_status":"open","ping_status":"open","template":"","meta":[],"builder_content":"","_links":{"self":[{"href":"https:\/\/auto-coaching.fr\/index.php\/wp-json\/wp\/v2\/pages\/2351"}],"collection":[{"href":"https:\/\/auto-coaching.fr\/index.php\/wp-json\/wp\/v2\/pages"}],"about":[{"href":"https:\/\/auto-coaching.fr\/index.php\/wp-json\/wp\/v2\/types\/page"}],"author":[{"embeddable":true,"href":"https:\/\/auto-coaching.fr\/index.php\/wp-json\/wp\/v2\/users\/1"}],"replies":[{"embeddable":true,"href":"https:\/\/auto-coaching.fr\/index.php\/wp-json\/wp\/v2\/comments?post=2351"}],"version-history":[{"count":5,"href":"https:\/\/auto-coaching.fr\/index.php\/wp-json\/wp\/v2\/pages\/2351\/revisions"}],"predecessor-version":[{"id":2357,"href":"https:\/\/auto-coaching.fr\/index.php\/wp-json\/wp\/v2\/pages\/2351\/revisions\/2357"}],"wp:attachment":[{"href":"https:\/\/auto-coaching.fr\/index.php\/wp-json\/wp\/v2\/media?parent=2351"}],"curies":[{"name":"wp","href":"https:\/\/api.w.org\/{rel}","templated":true}]}}