{"id":2374,"date":"2015-05-15T20:33:23","date_gmt":"2015-05-15T18:33:23","guid":{"rendered":"http:\/\/www.auto-coaching.fr\/?page_id=2374"},"modified":"2015-05-15T20:33:53","modified_gmt":"2015-05-15T18:33:53","slug":"retour-a-la-chanson","status":"publish","type":"page","link":"https:\/\/auto-coaching.fr\/index.php\/retour-a-la-chanson\/","title":{"rendered":"Retour &agrave; la chanson"},"content":{"rendered":"<p>Depuis plusieurs semaines je m\u2019interroge\u2026 Devrais-je retenter ma chance dans la chanson ? <\/p>\n<p>Cette activit\u00e9 m\u2019a achev\u00e9 il y a quelques ann\u00e9es, entre les animateurs radio qui ne s\u2019int\u00e9ressaient qu\u2019\u00e0 l\u2019audience, les professionnels qui me disaient que le temps des chansons engag\u00e9es \u00e9tait r\u00e9volu, la famille proche qui avait toujours tennis ou piscine les soirs o\u00f9 je me produisais, les organisateurs de spectacle qui voulaient que je chante du BREL, mais surtout pas mes propres chansons, sous peine d\u2019exclusion&#8230;  <\/p>\n<p>Vous comprenez mon h\u00e9sitation cette ann\u00e9e ! Je me suis interrog\u00e9 en bon auto-coach et mon subconscient m\u2019a r\u00e9pondu ceci : <\/p>\n<blockquote>\n<p>Chat \u00e9chaud\u00e9 craint l\u2019eau froide !<\/p>\n<\/blockquote>\n<p>Comme je ne suis pas un chat [&#8230;] <\/p>\n<p><a href=\"http:\/\/www.auto-coaching.fr\/index.php\/retour-au-potager\/\" target=\"_blank\">(voir article pr\u00e9c\u00e9dent pour l\u2019interpr\u00e9tation de l\u2019expression populaire)<\/a>. <\/p>\n<p>\u2013 Voil\u00e0 ! Chat \u00e9chaud\u00e9 craint l\u2019eau froide, croyant qu\u2019il s\u2019agit toujours d\u2019eau chaude\u2026 <\/p>\n<p>\u2013 Donc selon toi, je devrais retenter l\u2019exp\u00e9rience. <\/p>\n<p>\u2013 Oui, la question ne se pose m\u00eame pas. Sauf si ta peur de la critique ou de la moquerie est plus forte que ton envie de faire plaisir en chantant\u2026 <\/p>\n<p>\u2013 Euh\u2026 Il me para\u00eet \u00e9vident que les gens qui m\u2019ont mal jug\u00e9 ont consid\u00e9rablement r\u00e9duit ma motivation. <\/p>\n<p>\u2013 Bien ! Alors tu dois limiter la critique. Je vais te dire ce qui sera critiqu\u00e9 en premier, car dans le cas des m\u00e9tiers artistiques, c\u2019est \u00e9vident : il y a des gens qui n\u2019acceptent pas l\u2019id\u00e9e qu\u2019on puisse gagner de l\u2019argent tout en faisant ce qui nous pla\u00eet ! Ce n\u2019est pas de leur faute, ils ont \u00e9t\u00e9 \u00e9lev\u00e9s comme \u00e7a : \u00absi tu veux gagner ta vie, il faut travailler dans la contrainte !\u00bb. Donc en te voyant vibrer sur sc\u00e8ne, ils vont se dire que c\u2019est d\u00e9gueulasse de gagner autant d\u2019argent en 2 heures de plaisir, alors que d\u2019autres ont besoin de travailler 2 ans \u00e0 l\u2019usine pour gagner autant. D\u2019ailleurs, si tu avais des discussions profondes avec eux, ils te diront qu\u2019ils appr\u00e9cieront bien mieux ta voix, si tu travaillais \u00e0 l\u2019usine comme tout le monde, et que tu poussais la chansonnette pendant la f\u00eate de fin d\u2019ann\u00e9e organis\u00e9e par le Comit\u00e9 d\u2019Entreprise. Tu auras m\u00eame un petit billet par les camarades. Mais en faire un m\u00e9tier, c\u2019est d\u00e9gueulasse ! Tu crois qu\u2019il y avait des gens comme \u00e7a dans ton public ? <\/p>\n<p>\u2013 Oh oui\u2026 J\u2019ai re\u00e7u 347 critiques de ce type, d\u00e8s que j\u2019essayais de vendre mes disques, il y avait des gens qui me regardaient de travers, alors que 5 minutes plus t\u00f4t, ils applaudissaient ma chanson debout !&#8230; <\/p>\n<p>\u2013 Tu te rends compte que tu essayais de vendre des disques \u00e0 347 personnes qui n\u2019\u00e9coutent que les chansons non-commerciales ou t\u00e9l\u00e9chargeables ill\u00e9galement ? <\/p>\n<p>\u2013 Oui&#8230; Et en plus ils me donnaient des conseils \u00e0 n\u2019en plus finir&#8230; <\/p>\n<p>\u2013 Evidemment, puisqu\u2019ils voulaient que tu changes, contrairement aux autre qui voulaient que tu restes toi-m\u00eame ! Et toi, au lieu de te consacrer \u00e0 ceux qui aimaient ton art et qui t\u2019\u00e9coutaient religieusement, tu as essay\u00e9 de convaincre ceux qui voulaient te changer que c\u2019est \u00e0 eux de changer de regard&#8230; <\/p>\n<p>\u2013 Tu veux dire que c\u2019est moi qui ai attir\u00e9 les gens qui n\u2019accordaient aucune valeur \u00e0 ce qui me faisait vibrer ? <\/p>\n<p>\u2013 Voil\u00e0 ! Tu as une partie de ta r\u00e9ponse : ton attitude attire certaines personnes et en fait fuir d\u2019autres. Si tu veux rectifier cette attraction\/r\u00e9pulsion, change d\u2019attitude ! Ceux qui ach\u00e8tent tes disques sont bien mieux plac\u00e9s pour donner des conseils que ceux qui ont toujours un pr\u00e9texte d\u2019avance pour attendre le disque suivant&#8230; <\/p>\n<p>\u2013 C\u2019est vrai ! Mais pourquoi dis-tu que j\u2019ai une partie de ma r\u00e9ponse ? Il y a autre chose ? <\/p>\n<p>\u2013 Lorsque tu \u00e9tais jeune, ton p\u00e8re veillait \u00e0 tes fr\u00e9quentations\u2026 <\/p>\n<p>\u2013 Oui\u2026 <\/p>\n<p>\u2013 Aujourd\u2019hui, tu veilles aux fr\u00e9quentations de tes enfants ! <\/p>\n<p>\u2013 Oui ! <\/p>\n<p>\u2013 Tu as raison ! Les fr\u00e9quentations, c\u2019est tr\u00e8s important, \u00e7a peut changer un homme ! En tant qu\u2019adulte, la meilleure fa\u00e7on de changer de fr\u00e9quentation consiste \u00e0 changer d\u2019Attitude. Je te donne un exemple : les gens qui te regardent avec de la piti\u00e9 dans les yeux et qui te disent que \u00abtu as tout pour r\u00e9ussir, mais que les producteurs et les maisons de disque ont de la merde dans les oreilles\u00bb semblent vouloir te consoler lorsque tu vis une exp\u00e9rience malheureuse&#8230; Mais beaucoup d\u2019entre eux se moquent compl\u00e8tement de ton art. Ce qui leur pla\u00eet, c\u2019est de consoler un perdant. Ils en cherchent partout, et si tu adoptes une attitude de perdant, ils jettent leur d\u00e9volu sur toi. Cette image de l\u2019artiste qui n\u2019y arrive pas alors qu\u2019il a tout pour r\u00e9ussir, c\u2019est un truc qu\u2019ils adorent ! Mais d\u00e8s qu\u2019il faut faire la queue en billetterie, ils n\u2019auront soudainement plus le temps ou plus d\u2019argent pour \u00e9couter ta musique. Ils pr\u00e9f\u00e9reront en \u00e9couter une autre, d\u2019une personne qui gal\u00e8re : c\u2019est leur trip ! <\/p>\n<p>\u2013 C\u2019est vrai qu\u2019on et tr\u00e8s attir\u00e9 par les empathiques&#8230; Ils sont plus agr\u00e9ables que ceux qui s\u2019en foutent ! <\/p>\n<p>\u2013 Oui, l\u2019empathie est le meilleur des sentiments humains. C\u2019est m\u00eame celui qui nous rend humain&#8230; Mais un sentiment mal utilis\u00e9 fait des ravages. Entoure-toi de personnes qui ont \u00abl\u2019empathie du gagnant\u00bb. Ceux qui crient \u00abBRAVO !\u00bb plus facilement que \u00abmon pov\u2019 ch\u00e9ri !\u00bb ou pire : \u00abje le savais ! C\u2019\u00e9tait pas la peine d\u2019essayer&#8230;\u00bb. Ne te laisse pas s\u00e9duire par ceux qui ont toujours un lot de consolation pr\u00e9par\u00e9 d\u2019avance. Va vers ceux qui te diront : \u00abpuisque THE VOICE n\u2019a pas voulu de toi, viens chanter dans ma salle&#8230; Il me reste quelques dates, prends celles que tu veux ! En plus, ton passage \u00e9clair \u00e0 la t\u00e9l\u00e9 et une bonne chose pour remplir les salles avec les t\u00e9l\u00e9spectateurs qui ne sont pas toujours d\u2019accord avec Jennifer \u00bb. <\/p>\n<p>\u2013 Donc je peux rester moi-m\u00eame dans mon art, tout en changeant d\u2019attitude pour attirer un public diff\u00e9rent. Celui qui aime mes chansons, et non celui qui est toujours pr\u00eat \u00e0 me secourir pourvu que je tombe&#8230; <\/p>\n<p>\u2013 Sinon, tu peux essayer un autre truc : prends tes chanson, exactement les m\u00eames, et fais-les chanter par quelqu\u2019un d\u2019autre qui a compris cette histoire d\u2019attitude. Tu verras qu\u2019avec exactement le m\u00eame \u00abmat\u00e9riel\u00bb que toi, il fera des choses extraordinaires. On observe \u00e7a tr\u00e8s souvent : deux personnes qui s\u2019engagent dans la m\u00eame action avec les m\u00eames moyens et les m\u00eames comp\u00e9tences n\u2019obtiennent pas le m\u00eame r\u00e9sultat ! Pourquoi ? Parce qu\u2019il y en a une qui sait s\u2019entourer, et une autre qui veut que tout le monde l\u2019aime !  <\/p>\n<p>A++ <\/p>\n<p><strong>St\u00e9phane SOLOMON<\/strong><\/p>\n<!--themify_builder_content-->\n<div id=\"themify_builder_content-2374\" data-postid=\"2374\" class=\"themify_builder_content themify_builder_content-2374 themify_builder tf_clear\">\n    <\/div>\n<!--\/themify_builder_content-->\n","protected":false},"excerpt":{"rendered":"<p>Depuis plusieurs semaines je m\u2019interroge\u2026 Devrais-je retenter ma chance dans la chanson ? Cette activit\u00e9 m\u2019a achev\u00e9 il y a quelques ann\u00e9es, entre les animateurs radio qui ne s\u2019int\u00e9ressaient qu\u2019\u00e0 l\u2019audience, les professionnels qui me disaient que le temps des chansons engag\u00e9es \u00e9tait r\u00e9volu, la famille proche qui avait toujours tennis ou piscine les soirs [&hellip;]<\/p>\n","protected":false},"author":1,"featured_media":0,"parent":0,"menu_order":0,"comment_status":"open","ping_status":"open","template":"","meta":[],"builder_content":"","_links":{"self":[{"href":"https:\/\/auto-coaching.fr\/index.php\/wp-json\/wp\/v2\/pages\/2374"}],"collection":[{"href":"https:\/\/auto-coaching.fr\/index.php\/wp-json\/wp\/v2\/pages"}],"about":[{"href":"https:\/\/auto-coaching.fr\/index.php\/wp-json\/wp\/v2\/types\/page"}],"author":[{"embeddable":true,"href":"https:\/\/auto-coaching.fr\/index.php\/wp-json\/wp\/v2\/users\/1"}],"replies":[{"embeddable":true,"href":"https:\/\/auto-coaching.fr\/index.php\/wp-json\/wp\/v2\/comments?post=2374"}],"version-history":[{"count":1,"href":"https:\/\/auto-coaching.fr\/index.php\/wp-json\/wp\/v2\/pages\/2374\/revisions"}],"predecessor-version":[{"id":2375,"href":"https:\/\/auto-coaching.fr\/index.php\/wp-json\/wp\/v2\/pages\/2374\/revisions\/2375"}],"wp:attachment":[{"href":"https:\/\/auto-coaching.fr\/index.php\/wp-json\/wp\/v2\/media?parent=2374"}],"curies":[{"name":"wp","href":"https:\/\/api.w.org\/{rel}","templated":true}]}}