{"id":2377,"date":"2015-05-18T17:40:18","date_gmt":"2015-05-18T15:40:18","guid":{"rendered":"http:\/\/www.auto-coaching.fr\/?page_id=2377"},"modified":"2015-05-18T19:20:18","modified_gmt":"2015-05-18T17:20:18","slug":"la-webinaire-de-valerie","status":"publish","type":"page","link":"https:\/\/auto-coaching.fr\/index.php\/la-webinaire-de-valerie\/","title":{"rendered":"Le webinaire de Val&eacute;rie"},"content":{"rendered":"<p>Eh bien voil\u00e0 !<\/p>\n<p>Apr\u00e8s environ 3 heures de pr\u00e9paration \u00e0 deux, une bonne quinzaine d\u2019heures en solo de la part de Val\u00e9rie, deux webinaires en direct (de 3 heures chacun si on inclut les questions\/r\u00e9ponses), et un montage interminable, je peux enfin vous proposer la page de Val\u00e9rie FERNADE-ORTEGA, l\u2019auto-coach du mois d\u2019Avril.<\/p>\n<h2>Replay<\/h2>\n<p>Pour voir le replay du webianire, planifiez un moment de 40 minutes, et respectez ce rendez-vous avec vous-m\u00eame. Rappelez-vous que les rendez-vous que vous prenez avec vous-m\u00eame sont aussi importants que ceux que vous prenez avec un client, un m\u00e9decin ou le prochain \u00e9v\u00e8nement sportif.<\/p>\n<p><strong>Au moment choisi dans votre agenda<\/strong>, cliquez sur le bouton ci-dessous pour vivre ce moment d\u2019exception :<\/p>\n<p align=\"center\"><a class=\"buttonize blue\" href=\"http:\/\/app.webinarjam.net\/replay\/2214\/9bab54d34c\/0\/0\" target=\"_blank\">Voir le replay du webinaire de Val\u00e9rie<\/a><\/p>\n<p>Je n\u2019ai pas inclus les questions\/r\u00e9ponses qui ont suivi la pr\u00e9sentation, et pourtant, c\u2019\u00e9tait vraiment un moment riche de sens. J\u2019ai d\u00e9cid\u00e9 de r\u00e9server ce moment d\u2019interaction aux personnes pr\u00e9sentes au direct.<\/p>\n<p>Je garderai cette ligne de conduite quelques temps. Nous en reparlerons.<\/p>\n<h2>Les 5 livres de chevet de Val\u00e9rie<\/h2>\n<p>Ce sera une habitude : l\u2019auto-coach du mois vous dressera la listes des 5 livres qui l\u2019ont inspir\u00e9. Voici ceux de Val\u00e9rie :<\/p>\n<ol>\n<li><a href=\"http:\/\/www.amazon.fr\/gp\/product\/2922405419\/ref=as_li_tl?ie=UTF8&amp;camp=1642&amp;creative=19458&amp;creativeASIN=2922405419&amp;linkCode=as2&amp;tag=tc07a-21&amp;linkId=JE2NYSBB6S3524SW\" target=\"_blank\">Les secrets d&#8217;un esprit millionnaire &#8211; T Harv Eker<\/a> (version Kindle <a href=\"http:\/\/www.amazon.fr\/gp\/product\/B007HDVC78\/ref=as_li_tl?ie=UTF8&amp;camp=1642&amp;creative=19458&amp;creativeASIN=B007HDVC78&amp;linkCode=as2&amp;tag=tc07a-21&amp;linkId=TBRT35YCRJC2OC2E\" target=\"_blank\">ici<\/a>)\n<li><a href=\"http:\/\/www.amazon.fr\/gp\/product\/2290353027\/ref=as_li_tl?ie=UTF8&amp;camp=1642&amp;creative=19458&amp;creativeASIN=2290353027&amp;linkCode=as2&amp;tag=tc07a-21&amp;linkId=6NZK4VHNMGDFY3GY\" target=\"_blank\">Le pouvoir de l&#8217;intention &#8211; Wayne Dyer<\/a>\n<li><a href=\"http:\/\/www.amazon.fr\/gp\/product\/8393222230\/ref=as_li_tl?ie=UTF8&amp;camp=1642&amp;creative=19458&amp;creativeASIN=8393222230&amp;linkCode=as2&amp;tag=tc07a-21&amp;linkId=RYLP5VIUVTGVN5FP\" target=\"_blank\">L&#8217;effet cumul\u00e9 &#8211; Darren Hardy<\/a>\n<li><a href=\"http:\/\/www.amazon.fr\/gp\/product\/2212558422\/ref=as_li_tl?ie=UTF8&amp;camp=1642&amp;creative=19458&amp;creativeASIN=2212558422&amp;linkCode=as2&amp;tag=tc07a-21&amp;linkId=MPT6TSQU2WYKW55F\" target=\"_blank\">Wake up &#8211; Christine Lewicki<\/a>\n<li><a href=\"http:\/\/www.amazon.fr\/gp\/product\/2253016497\/ref=as_li_tl?ie=UTF8&amp;camp=1642&amp;creative=19458&amp;creativeASIN=2253016497&amp;linkCode=as2&amp;tag=tc07a-21&amp;linkId=UCU5L2H4WNZJU3GF\" target=\"_blank\">Un petit pas peut changer votre vie &#8211; la voie du Kaizen &#8211; Robert Maurer<\/a><\/li>\n<\/ol>\n<p>Bon choix ! J\u2019ai lu les 4 premiers. Je m\u2019empresse de commander le cinqui\u00e8me !<\/p>\n<p>Val\u00e9rie m\u2019a gliss\u00e9 au passage :<\/p>\n<ul>\n<li>Le livre que je lis en ce moment? <a href=\"http:\/\/www.amazon.fr\/gp\/product\/250108800X\/ref=as_li_tl?ie=UTF8&amp;camp=1642&amp;creative=19458&amp;creativeASIN=250108800X&amp;linkCode=as2&amp;tag=tc07a-21&amp;linkId=AW3JCDQ6QSOEMVVT\" target=\"_blank\">un zeste de conscience dans la cuisine d&#8217;Isabelle Filliozat<\/a>. Et sans jeux de mots&#8230;. je me r\u00e9gale!!! <\/li>\n<\/ul>\n<h2><font color=\"#373737\">Quelques bribes de Val\u00e9rie<\/font><\/h2>\n<ul>\n<li>La premi\u00e8re chose que je fais le matin ? M&#8217;\u00e9tirer, respirer et poser une belle intention pour la journ\u00e9e! \ud83d\ude42\n<li>La derni\u00e8re chose que je fais ? Me f\u00e9liciter pour ce que j&#8217;ai accompli dans la journ\u00e9e et \u00eatre heureuse de ce que j&#8217;ai appris.\n<li>Des projets ? Un livre en cours d&#8217;\u00e9criture, plein de nouvelles formations techniques pour enseigner mon art en ligne. Fini les fronti\u00e8res g\u00e9ographiques! Je ne pouvais plus me d\u00e9placer de la r\u00e9gion Centre aux R\u00e9gions Rh\u00f4ne Alpes et PACA et agir en Poitou Charente&#8230; Tous les lieux o\u00f9 j&#8217;ai sem\u00e9s avec l&#8217;entreprise !<\/li>\n<\/ul>\n<p>Comment je vois l&#8217;\u00e9volution de Mobilia Dell arte ? Le d\u00e9veloppement personnel et les neurosciences viennent se m\u00ealer \u00e0 la cr\u00e9ation artistique. Cr\u00e9er devient accessible \u00e0 tous ceux qui veulent mais n&#8217;osent pas. <a href=\"https:\/\/www.youtube.com\/watch?v=pHDTbkAylCE\" target=\"_blank\">Tu as pu voir un exercice de PNL dans une de mes vid\u00e9os<\/a> afin de d\u00e9montrer que les limites (cr\u00e9atives) peuvent \u00eatre d\u00e9pass\u00e9es. Cette fois, je me suis amus\u00e9e avec le cerveau droit cr\u00e9atif et le cerveau gauche analogique. \ud83d\ude42 Finit le manque d&#8217;inspiration! On sollicite d&#8217;abord le gauche, on nourrit le droit et magie&#8230; la main saisit le crayon et le dessin apparait ! Cela fonctionne \u00e0 tous les coups mais je viens seulement de prendre conscience de la d\u00e9marche que je mettais moi m\u00eame en place \ud83d\ude42<\/p>\n<h2><\/h2>\n<h2>Remerciements<\/h2>\n<p>Un \u00e9norme merci \u00e0 toi Val\u00e9rie ! Tu as ouvert le bal avec brio, et ta prestation sera pour longtemps, un mod\u00e8le d\u2019inspiration pour les auto-coachs \u00e0 suivre&#8230; J\u2019ai admir\u00e9 ton Energie tout au long du parcours, et ton calme olympien pendant que je gal\u00e9rais avec la technique <img decoding=\"async\" class=\"wlEmoticon wlEmoticon-winkingsmile\" style=\"border-top-style: none; border-bottom-style: none; border-right-style: none; border-left-style: none\" alt=\"Clignement d'&oelig;il\" src=\"http:\/\/www.auto-coaching.fr\/wp-content\/uploads\/2015\/05\/wlEmoticon-winkingsmile.png\"><\/p>\n<h2>L\u2019auto-coach du mois de mai<\/h2>\n<p>Dans quelques jours je vous proposerai une date pour la prestation de Jos\u00e9, l\u2019auto-coach du mois de mai. J\u2019ai choisi Jos\u00e9, parce que les personnes qui s\u2019offrent <strong>une ann\u00e9e sabbatique<\/strong> ont forc\u00e9ment quelque chose d\u2019inspirant \u00e0 partager. Alors imaginez ce qu\u2019il pourrait vous raconter au bout de 3 ann\u00e9es sabbatiques !<\/p>\n<p>A++<\/p>\n<p><strong>St\u00e9phane SOLOMON<\/strong><\/p>\n<!--themify_builder_content-->\n<div id=\"themify_builder_content-2377\" data-postid=\"2377\" class=\"themify_builder_content themify_builder_content-2377 themify_builder tf_clear\">\n    <\/div>\n<!--\/themify_builder_content-->\n","protected":false},"excerpt":{"rendered":"<p>Eh bien voil\u00e0 ! Apr\u00e8s environ 3 heures de pr\u00e9paration \u00e0 deux, une bonne quinzaine d\u2019heures en solo de la part de Val\u00e9rie, deux webinaires en direct (de 3 heures chacun si on inclut les questions\/r\u00e9ponses), et un montage interminable, je peux enfin vous proposer la page de Val\u00e9rie FERNADE-ORTEGA, l\u2019auto-coach du mois d\u2019Avril. Replay [&hellip;]<\/p>\n","protected":false},"author":1,"featured_media":0,"parent":0,"menu_order":0,"comment_status":"open","ping_status":"open","template":"","meta":[],"builder_content":"","_links":{"self":[{"href":"https:\/\/auto-coaching.fr\/index.php\/wp-json\/wp\/v2\/pages\/2377"}],"collection":[{"href":"https:\/\/auto-coaching.fr\/index.php\/wp-json\/wp\/v2\/pages"}],"about":[{"href":"https:\/\/auto-coaching.fr\/index.php\/wp-json\/wp\/v2\/types\/page"}],"author":[{"embeddable":true,"href":"https:\/\/auto-coaching.fr\/index.php\/wp-json\/wp\/v2\/users\/1"}],"replies":[{"embeddable":true,"href":"https:\/\/auto-coaching.fr\/index.php\/wp-json\/wp\/v2\/comments?post=2377"}],"version-history":[{"count":9,"href":"https:\/\/auto-coaching.fr\/index.php\/wp-json\/wp\/v2\/pages\/2377\/revisions"}],"predecessor-version":[{"id":2386,"href":"https:\/\/auto-coaching.fr\/index.php\/wp-json\/wp\/v2\/pages\/2377\/revisions\/2386"}],"wp:attachment":[{"href":"https:\/\/auto-coaching.fr\/index.php\/wp-json\/wp\/v2\/media?parent=2377"}],"curies":[{"name":"wp","href":"https:\/\/api.w.org\/{rel}","templated":true}]}}