{"id":2387,"date":"2015-05-19T17:26:55","date_gmt":"2015-05-19T15:26:55","guid":{"rendered":"http:\/\/www.auto-coaching.fr\/?page_id=2387"},"modified":"2015-05-19T19:14:57","modified_gmt":"2015-05-19T17:14:57","slug":"retour-au-sentiment-d-utilite","status":"publish","type":"page","link":"https:\/\/auto-coaching.fr\/index.php\/retour-au-sentiment-d-utilite\/","title":{"rendered":"Retour au sentiment d&rsquo;utilit&eacute;"},"content":{"rendered":"<p>Dans mes trois pr\u00e9c\u00e9dents articles, je me suis un peu r\u00e9p\u00e9t\u00e9. Le m\u00eame th\u00e8me, expos\u00e9 trois fois ! J\u2019ai juste pris trois exemples diff\u00e9rents. Je pourrais continuer ainsi \u00e0 l\u2019infini, mais je pense que vous m\u2019avez compris, et je voudrais rappeler, une r\u00e8gle de lecture me concernant :  <\/p>\n<blockquote>\n<p>Quoi que j\u2019\u00e9crive, quel que soit le discours, le ton, la forme&#8230; rappelez-vous que vous \u00eates dans un programme orient\u00e9 D\u00e9veloppement Personnel, et que mon but est de vous <strong>\u00eatre utile<\/strong> dans ce domaine pr\u00e9cis.<\/p>\n<\/blockquote>\n<p>C\u2019est tr\u00e8s important de le rappeler car j\u2019ai beaucoup de lecteurs qui s\u2019\u00e9garent en se focalisant sur mes exemples. Il suffit que je cite AMAZON pour illustrer mes propos, pour qu\u2019on me saute dessus, comme si mon article entier \u00e9tait consacr\u00e9 \u00e0 la promo de la librairie controvers\u00e9e.  <\/p>\n<p>J\u2019ai \u00e9crit un article sur les chats \u00e9chaud\u00e9s qui craignent l\u2019eau froide ! Un super th\u00e8me de D\u00e9veloppement Personnel, concernant la <strong>deuxi\u00e8me chance<\/strong>. J\u2019ai donn\u00e9 un cheminement de pens\u00e9e tr\u00e8s avanc\u00e9 permettant de reprogrammer plusieurs paradigmes. Vraiment, si vous \u00eates coach professionnel, vous n\u2019avez plus qu\u2019\u00e0 adapter l\u2019article \u00e0 la situation personnelle d\u2019un client \u00ab\u00e9chaud\u00e9\u00bb pour l\u2019aider \u00e0 se remettre sur les rails&#8230; Ca demande un travail sp\u00e9cifique, mais notre m\u00e9tier est de savoir faire \u00e7a&#8230;  <\/p>\n<p>Pour l\u2019auto-coach que vous \u00eates, c\u2019est le m\u00eame principe, mais vous \u00eates \u00e0 la fois coach et coach\u00e9 : le th\u00e8me principal de ma proposition peut \u00eatre adapt\u00e9 \u00e0 votre situation personnelle. <\/p>\n<p>La question de l\u2019auto-coach est :  <\/p>\n<blockquote>\n<p>&#8211; Et moi, qu\u2019est-ce que je pourrais faire de \u00e7a ?<\/p>\n<\/blockquote>\n<p>J\u2019ai fait une sacr\u00e9e s\u00e9lection le mois dernier : je suis pass\u00e9 de 4.000 lecteurs \u00e0 moins de 700 ! J\u2019ai gard\u00e9 uniquement les lecteurs qui m\u2019ont dit (d\u2019une fa\u00e7on ou d\u2019une autre) que mes partages leur \u00e9taient utiles&#8230; Je croyais ainsi pouvoir \u00e9crire l\u2019esprit tranquille, car mon \u00e9criture devenait terriblement douloureuse (plus de 10 heures d\u2019\u00e9criture par article, depuis le d\u00e9but de l\u2019ann\u00e9e).  <\/p>\n<p>J\u2019ai donc cru que j\u2019\u00e9tais \u00e0 nouveau libre, et PAN ! Dans les dents ! Bien fait pour moi ! Comme j\u2019ai utilis\u00e9 le PWYW pour illustrer mes propos, je me suis retrouv\u00e9 avec des anti-PWYW \u00e0 dos ! Ils n\u2019ont pas vu que je parlais de D\u00e9veloppement Personnel, ils n\u2019ont vu que du PWYW&#8230; Il a fallu que je me rattrape en parlant potager et musique. Que je justifie la pertinence de mon article c\u00f4t\u00e9 D\u00e9veloppement Personnel&#8230; C\u2019est dingue \u00e7a ! C\u2019est comme si, pour expliquer les croyances, je prenais POUR EXEMPLE le p\u00e8re No\u00ebl, et que mes lecteurs religieux me reprochaient de vouloir faire la propagande d\u2019un mythe pa\u00efen !  <\/p>\n<p>Du calme ! C\u2019est un EXEMPLE&#8230; Mettez-vous 3 minutes dans la peau d\u2019un enfant \u00e9lev\u00e9 au p\u00e8re-No\u00ebl et vous comprendrez ais\u00e9ment ce qu\u2019est une Croyance ! Bien s\u00fbr que je pourrais trouver d\u2019autres exemples ! J\u2019aurais pu penser aux \u00abenfants-martyrs\u00bb qui s\u2019entourent d\u2019explosifs pour tuer un maximum de \u00abchiens infid\u00e8les\u00bb afin d\u2019\u00eatre r\u00e9compens\u00e9s par 70 vierges au paradis (ou 70 verges pour les jeunes-filles courageuses)&#8230; Mais cet exemple est trop \u00ab\u00e9loign\u00e9\u00bb pour que vous puissiez comprendre ce qu\u2019une Croyance peut provoquer comme action. Le p\u00e8re-No\u00ebl est pr\u00e9sent dans nos rues, nos magasins, nos t\u00e9l\u00e9s&#8230; C\u2019est plus \u00e0 proximit\u00e9. Et honn\u00eatement, c\u2019est plus rafraichissant.  <\/p>\n<p>Cette ann\u00e9e, comme l\u2019ann\u00e9e derni\u00e8re, comme ces 6 derni\u00e8res ann\u00e9es, \u00e0 chaque fois que je vous \u00e9crirai \u00e0 propos du P\u00e8re-No\u00ebl, rappelez-vous que je ne vends pas de jouets mais du D\u00e9veloppement Personnel. Cela vous aidera \u00e0 comprendre la profondeur de ce que j\u2019\u00e9cris, au lieu de vous acharner \u00e0 coups de barre de fer sur le pauvre petit bonhomme au chapeau pointu&#8230; Ca se peut, c\u2019est m\u00eame pas lui ! Il para\u00eet qu\u2019il y a plein de gens qui se d\u00e9guisent en d\u00e9cembre&#8230;  <\/p>\n<p>Bref, si l\u2019exemple vous fait mal, ne vous \u00e9talez pas dessus. Regardez le fond, pas la forme&#8230; Je ne vais quand-m\u00eame pas vous \u00e9crire des articles sans exemples ! <\/p>\n<h2>J\u2019ai un challenge pour vous !<\/h2>\n<p>Mais non&#8230; Je rigole, ce n\u2019est pas un challenge, c\u2019est juste un d\u00e9fi ! Ah oui, parce que \u00e7a aussi c\u2019est un probl\u00e8me : l\u2019anglais ! Il para\u00eet que si j\u2019avais utilis\u00e9 le PCQVV \u00e0 la place du PWYW, j\u2019aurais fait fortune !  <\/p>\n<p>Oh la la&#8230; Mais vous m\u2019imaginez en train de suractiver mes neurones pendant une \u00e9criture, pour chercher un synonyme fran\u00e7ais de \u00abpull-over\u00bb ? Autant rester en tee-shirt ! Je ne peux pas faire \u00e7a&#8230; J\u2019ai trop de trucs \u00e0 vous raconter qui sont au-dessus de \u00e7a. Alors parfois, permettez-moi de vous challenger, au lieu de vous lancer un d\u00e9fi&#8230; Je sais, je suis dur ! Mais en quittant TIME-COACH et en acc\u00e9dant \u00e0 AUTO-COACHING.FR, vous avez chang\u00e9 de niveau. Vous \u00eates d\u00e9sormais challengeable. <\/p>\n<p>Alors voil\u00e0 l\u2019id\u00e9e : j\u2019aime bien le rewriting ! C\u2019\u00e9tait cool de revisiter mon post sur \u00able chat \u00e9chaud\u00e9\u00bb, tant c\u00f4t\u00e9 potager que c\u00f4t\u00e9 chanson ! En plus, en parlant de courgettes j\u2019ai pu publier mon article sur Facebook. Si j\u2019avais gard\u00e9 mon exemple initial, aucun Facebooker n\u2019aurait compris, car le PWYW est r\u00e9serv\u00e9 \u00e0 mes lecteurs pr\u00e9f\u00e9r\u00e9s qui ont v\u00e9cu l\u2019\u00e9pisode l\u2019ann\u00e9e derni\u00e8re (ma pr\u00e9sence sur Facebook est r\u00e9cente; aucun de mes \u00abamis\u00bb n\u2019a entendu parler du PWYW).  <\/p>\n<p>Donc je vous propose de recommencer l\u2019exercice ! Allez ! Prenez n\u2019importe quel article de l\u2019ann\u00e9e derni\u00e8re qui (d\u2019apr\u00e8s vous) ne parlait que de PWYW, et j\u2019en ferai une version plus acceptable en supprimant compl\u00e8tement le mot qui f\u00e2che. Vous reconna\u00eetrez le th\u00e8me initial puisque c\u2019est le but du jeu, mais vous pourrez enfin le lire sous le prisme du D\u00e9veloppement Personnel, et non en vous focalisant sur \u00abl\u2019arnaque du si\u00e8cle\u00bb. Je ferai un dernier effort, en ne parlant ni de PWYW ni de pull-over. Un truc bien rond&#8230; <\/p>\n<p>Faites-le vraiment, je ne rigole pas ! Prenez l\u2019article qui vous a le plus \u00e9nerv\u00e9, culpabilis\u00e9, boulevers\u00e9&#8230; et je ferai exactement la m\u00eame chose que ce que j\u2019ai fait la semaine derni\u00e8re : je vous le rendrai utile.  <\/p>\n<p>A++  <\/p>\n<p><b>St\u00e9phane SOLOMON<\/b><\/p>\n<!--themify_builder_content-->\n<div id=\"themify_builder_content-2387\" data-postid=\"2387\" class=\"themify_builder_content themify_builder_content-2387 themify_builder tf_clear\">\n    <\/div>\n<!--\/themify_builder_content-->\n","protected":false},"excerpt":{"rendered":"<p>Dans mes trois pr\u00e9c\u00e9dents articles, je me suis un peu r\u00e9p\u00e9t\u00e9. Le m\u00eame th\u00e8me, expos\u00e9 trois fois ! J\u2019ai juste pris trois exemples diff\u00e9rents. Je pourrais continuer ainsi \u00e0 l\u2019infini, mais je pense que vous m\u2019avez compris, et je voudrais rappeler, une r\u00e8gle de lecture me concernant : Quoi que j\u2019\u00e9crive, quel que soit le [&hellip;]<\/p>\n","protected":false},"author":1,"featured_media":0,"parent":0,"menu_order":0,"comment_status":"open","ping_status":"open","template":"","meta":[],"builder_content":"","_links":{"self":[{"href":"https:\/\/auto-coaching.fr\/index.php\/wp-json\/wp\/v2\/pages\/2387"}],"collection":[{"href":"https:\/\/auto-coaching.fr\/index.php\/wp-json\/wp\/v2\/pages"}],"about":[{"href":"https:\/\/auto-coaching.fr\/index.php\/wp-json\/wp\/v2\/types\/page"}],"author":[{"embeddable":true,"href":"https:\/\/auto-coaching.fr\/index.php\/wp-json\/wp\/v2\/users\/1"}],"replies":[{"embeddable":true,"href":"https:\/\/auto-coaching.fr\/index.php\/wp-json\/wp\/v2\/comments?post=2387"}],"version-history":[{"count":10,"href":"https:\/\/auto-coaching.fr\/index.php\/wp-json\/wp\/v2\/pages\/2387\/revisions"}],"predecessor-version":[{"id":2397,"href":"https:\/\/auto-coaching.fr\/index.php\/wp-json\/wp\/v2\/pages\/2387\/revisions\/2397"}],"wp:attachment":[{"href":"https:\/\/auto-coaching.fr\/index.php\/wp-json\/wp\/v2\/media?parent=2387"}],"curies":[{"name":"wp","href":"https:\/\/api.w.org\/{rel}","templated":true}]}}