{"id":239,"date":"2012-11-02T12:15:30","date_gmt":"2012-11-02T12:15:30","guid":{"rendered":"http:\/\/www.auto-coaching.fr\/?page_id=239"},"modified":"2012-11-02T12:40:37","modified_gmt":"2012-11-02T12:40:37","slug":"decidez-du-tac-au-tac-2-2","status":"publish","type":"page","link":"https:\/\/auto-coaching.fr\/index.php\/decidez-du-tac-au-tac-2-2\/","title":{"rendered":"D&eacute;cidez du TAC au TAC (2\/2)"},"content":{"rendered":"<p>Cet article est la deuxi\u00e8me partie d\u2019un message que je vous ai envoy\u00e9 il y a quelques jours. Si vous n\u2019avez pas lu la premi\u00e8re partie, je vous propose de la lire ici :<\/p>\n<p><a title=\"D&eacute;cidez du TAC au TAC\" href=\"http:\/\/www.auto-coaching.fr\/index.php\/decidez-du-tac-au-tac\/\" target=\"_blank\">http:\/\/www.auto-coaching.fr\/index.php\/decidez-du-tac-au-tac\/<\/a><\/p>\n<p>Passons aux choses s\u00e9rieuses : comment pourriez-vous prendre certaines d\u00e9cisions plus rapidement ? Des d\u00e9cisions comme :<\/p>\n<ul>\n<li>Accepter un rendez-vous\n<li>Acheter un produit\n<li>Changer de m\u00e9tier (ou accepter une promotion)\n<li>Suivre une formation\n<li>Demander de l\u2019aide\n<li>D\u00e9m\u00e9nager\n<li>Embaucher\n<li>Etc. <\/li>\n<\/ul>\n<h2>C\u2019est VOTRE probl\u00e8me<\/h2>\n<p>J\u2019aime rappeler que personne ne vous demande de r\u00e9gler les probl\u00e8mes de Microsoft, d\u2019Apple ou du d\u00e9ficit de la S\u00e9curit\u00e9 Sociale. On vous demande de r\u00e9gler VOS probl\u00e8mes. Des probl\u00e8mes qui font partie de VOTRE univers. Si vous pensez que la r\u00e9solution du probl\u00e8me vous d\u00e9passe et qu\u2019elle ne vous concerne pas, il n\u2019y a pas lieu d\u2019y consacrer une quelconque analyse. Autant la remettre entre les mains de l\u2019int\u00e9ress\u00e9.<\/p>\n<p>On me dit parfois que ce n\u2019est pas toujours vrai : par exemple, un avocat peut \u00eatre amen\u00e9 \u00e0 prendre des d\u00e9cisions qui ne le concernent pas directement. La r\u00e9ponse est simple : si l\u2019avocat a accept\u00e9 de d\u00e9fendre une affaire, alors cette affaire fait partie de son univers. Beaucoup de d\u00e9cisions lui appartiennent, parce qu\u2019il a fait ce CHOIX.<\/p>\n<h2>Les leviers d\u00e9cisionnels<\/h2>\n<p>Nous avons une multitude de leviers d\u00e9cisionnels. C\u2019est tout l\u2019int\u00e9r\u00eat d\u2019\u00eatre humain : nous d\u00e9cidons en fonction de nos valeurs, qui une fois r\u00e9unies dans un seul \u00eatre, repr\u00e9sentent une exception : vous \u00eates unique, car votre \u00ab syst\u00e8me de valeurs \u00bb est unique. L\u2019expression \u00ab si j\u2019\u00e9tais \u00e0 ta place, je ferais ceci \u00bb est un non sens ou un abus de langage. Personne ne peut \u00eatre \u00e0 \u00ab votre place \u00bb.<\/p>\n<p>Prenons un exemple : vous pensez \u00e0 d\u00e9m\u00e9nager dans un logement moins co\u00fbteux. Une agence immobili\u00e8re vous fait une proposition, et apr\u00e8s un calcul logico-math\u00e9matique, vous prenez conscience de l\u2019\u00e9conomie que vous r\u00e9aliserez. Et pourtant, d\u2019autres choses pourraient vous retenir&#8230; Je ne citerai que le fait de faire changer d\u2019\u00e9cole \u00e0 vos enfants : pour certaines personnes ce probl\u00e8me est sans importance (en particulier pour celles qui ont d\u00e9m\u00e9nag\u00e9 plusieurs fois dans leur vie). Mais pour d\u2019autres, c\u2019est un v\u00e9ritable param\u00e8tre, qui va amoindrir l\u2019importance de l\u2019\u00e9conomie financi\u00e8re.<\/p>\n<p>Certains chercheurs (Boltanski et Th\u00e9venot) donnent un nom tr\u00e8s int\u00e9ressant aux \u00ab syst\u00e8mes de valeurs \u00bb : ils les appellent des \u00ab cit\u00e9s \u00bb&#8230; C\u2019est vous dire \u00e0 quel point vous r\u00e9gissez quelque chose de complexe. En tant que maire de votre cit\u00e9, vous devez tenir compte d\u2019une multitude de param\u00e8tres.<\/p>\n<h2>Vers une simplification<\/h2>\n<p>La notion de valeur humaine ou de valeur universelle est relativement complexe. Certains sociologues en d\u00e9nombrent 10, d\u2019autres pr\u00e9f\u00e8rent en distinguer 49 qui se subdivisent encore\u2026 Le sujet est vaste. Pour simplifier le concept, remplacez \u00ab VALEUR \u00bb par \u00ab IMPORTANCE \u00bb.<\/p>\n<p>Quelles sont vos importances ? La famille, le travail, l\u2019amiti\u00e9, les loisirs, l\u2019argent, la sant\u00e9, la spiritualit\u00e9, la communication, le succ\u00e8s ? La liste est longue&#8230;<\/p>\n<p>A chaque fois que vous devez prendre une d\u00e9cision, certaines IMPORTANCES vont se manifester. Dans l\u2019exemple que j\u2019ai cit\u00e9 (d\u00e9m\u00e9nagement), l\u2019ARGENT et le CONFORT des enfants rappellent leur importance. L\u2019importance du TRAVAIL pourrait \u00e9galement faire son apparition si vous vous \u00e9loignez de votre lieu d\u2019activit\u00e9. Idem pour les LOISIRS, si vous d\u00e9m\u00e9nagez de la ville \u00e0 la campagne. Pour un cin\u00e9phile, la proximit\u00e9 du cin\u00e9ma le plus proche p\u00e8sera sur la balance d\u00e9cisionnelle&#8230;<\/p>\n<p>Vos importance se r\u00e9v\u00e8lent, s\u2019opposent, se confrontent, se recadrent&#8230; de fa\u00e7on plus ou moins consciente. Elles vous r\u00e9v\u00e8lent ce que vous pourriez perdre ou gagner. Voyez \u00e0 quel point vos \u00ab cit\u00e9s \u00bb sont subtiles et uniques.<\/p>\n<p>Dans le cadre d\u2019un auto-coaching de d\u00e9cision, la conscience de vos importances, m\u00eame sous forme simplifi\u00e9e permet de prendre des d\u00e9cisions plus rapides et plus sereines.<\/p>\n<h2>Les 3 piliers d\u00e9cisionnels<\/h2>\n<p>Pour simplifier la prise de d\u00e9cision, dans la plupart des cas, vos importances peuvent \u00eatre rattach\u00e9es \u00e0 3 grands th\u00e8mes. Les voici :<\/p>\n<ul>\n<li>Le TEMPS\n<li>L\u2019ARGENT\n<li>La CONFIANCE <\/li>\n<\/ul>\n<p>Pour vous en souvenir, pensez au \u00ab TAC \u00bb ! <strong>T<\/strong> pour Temps, <strong>A<\/strong> pour Argent, <strong>C<\/strong> pour Confiance&#8230; Sachant que la CONFIANCE regroupe \u00e0 la fois la confiance int\u00e9rieure (confiance en soi), et la confiance ext\u00e9rieure.<\/p>\n<p>Par exemple, si on vous propose une promotion professionnelle, vous pourriez \u00eatre amen\u00e9 \u00e0 ressentir quelques r\u00e9sistances. Commencez par vous poser 3 questions sur le mod\u00e8le :<\/p>\n<ul>\n<li>Est-ce une question de [pilier] ? <\/li>\n<\/ul>\n<p>Ce qui donne :<\/p>\n<ul>\n<li>Est-ce que question de <strong>TEMPS<\/strong> ?\n<li>Est-ce une question d\u2019<strong>ARGENT<\/strong> ?\n<li>Est-ce une question de <strong>CONFIANCE<\/strong> ? <\/li>\n<\/ul>\n<p>Votre probl\u00e8me peut \u00eatre li\u00e9 \u00e0 un, deux ou trois piliers. Une fois que vous avez identifi\u00e9 votre ou vos piliers, vous pouvez enchainer sur ces questions :<\/p>\n<ul>\n<li>Qu\u2019est-ce que je ferais si j\u2019avais [pilier] ?\n<li>Qu\u2019est-ce que je ferais si je n\u2019avais pas PEUR de MANQUER de [pilier] ?\n<li>Sous quels d\u00e9lais pourrais-je avoir plus de [pilier] ?\n<li>Qu\u2019est-ce que je gagnerai en me lib\u00e9rant de ce probl\u00e8me de [pilier]\n<li>Comment puis-je proc\u00e9der pour lib\u00e9rer le [pilier] n\u00e9cessaire ?\n<li>Qui peut m\u2019aider \u00e0 r\u00e9duire ou \u00e0 simplifier mon probl\u00e8me de [pilier] ? <\/li>\n<\/ul>\n<p>Chaque r\u00e9ponse peut vous apporter votre solution. Vous pourriez trouver d\u00e8s la premi\u00e8re r\u00e9ponse, \u00e0 la troisi\u00e8me \u00e0 la sixi\u00e8me&#8230;<\/p>\n<p>Vous pouvez vous poser ces questions dans l\u2019ordre que vous voulez, et si vous avez identifi\u00e9 plusieurs piliers, vous pouvez alterner les questions \u00e0 votre convenance. En vous exer\u00e7ant, vous vous surprendrez \u00e0 vous poser imm\u00e9diatement les bonnes questions, en premier&#8230;<\/p>\n<p>L\u2019art du questionnement est appel\u00e9 \u00ab ma\u00efeutique \u00bb. On dit qu\u2019Abraham pratiquait la ma\u00efeutique sous sa tente pour amener ses h\u00f4tes vers le monoth\u00e9isme. Les grandes civilisations ont \u00e9merg\u00e9 gr\u00e2ce \u00e0 la sagesse des ma\u00efeuticiens qui accompagnaient les rois dans leurs d\u00e9cisions. Socrate, qui a formalis\u00e9 la pratique et lui a donn\u00e9 son nom, disait de la ma\u00efeutique qu\u2019elle \u00ab accouchait les \u00e2mes \u00bb&#8230;<\/p>\n<p>Aujourd\u2019hui, la ma\u00efeutique est une m\u00e9thodologie d\u2019accompagnement. C\u2019est un art complexe et passionnant qui s\u2019utilise dans bien des m\u00e9tiers, en particulier le coaching et la th\u00e9rapie.<\/p>\n<p>Evidemment les philosophes, les sages, les th\u00e9rapeutes, les coaches, les formateurs&#8230; ne se limitent pas aux interrogations autour du \u00ab TAC \u00bb. Ce serait tr\u00e8s r\u00e9ducteur. Mais il s\u2019av\u00e8re qu\u2019au quotidien, pour r\u00e9soudre des cas pratiques, les questionnements honn\u00eates et sereins autour du TEMPS, de l\u2019ARGENT et de la CONFIANCE, permettent de prendre des d\u00e9cisions du TAC au TAC.<\/p>\n<h2>Un exercice pratique<\/h2>\n<p>Ici, je m\u2019adresse \u00e0 mes lecteurs h\u00e9sitants, qui ne parviennent pas \u00e0 se d\u00e9cider concernant les programmes d\u2019auto-coaching payants. D\u2019apr\u00e8s la derni\u00e8re enqu\u00eate de satisfaction, ce profil repr\u00e9sente 38% des lecteurs. Sachant que 43% des lecteurs ont r\u00e9pondu honn\u00eatement \u00ab JAMAIS je ne passerai du gratuit au payant ! \u00bb.<\/p>\n<p>C\u2019est un CHOIX que je respecte.<\/p>\n<p>Mais si vous h\u00e9sitez, cela signifie que TIME-COACH et ses d\u00e9riv\u00e9s font partie de vos importances. Une petite s\u00e9ance de ma\u00efeutique peut vous aider \u00e0 \u00abaccoucher\u00bb d\u2019une solution. Car ce que je propose, comme beaucoup d\u2019offres commerciales, rel\u00e8ve strictement du \u00ab TAC \u00bb.<\/p>\n<p>Qu\u2019est-ce qui vous fait h\u00e9siter ? Est-ce une question de temps, d\u2019argent ou de confiance ? Soyez honn\u00eate avec vous-m\u00eame. C\u2019est tout l\u2019int\u00e9r\u00eat d\u2019une contemplation en solo. Vous pourrez ensuite vous poser les questions qui en d\u00e9coulent. Elles vous permettront de passer \u00e0 l\u2019action.<\/p>\n<p>Bonne d\u00e9livrance,<\/p>\n<p><strong>St\u00e9phane SOLOMON<\/strong><\/p>\n<!--themify_builder_content-->\n<div id=\"themify_builder_content-239\" data-postid=\"239\" class=\"themify_builder_content themify_builder_content-239 themify_builder tf_clear\">\n    <\/div>\n<!--\/themify_builder_content-->\n","protected":false},"excerpt":{"rendered":"<p>Cet article est la deuxi\u00e8me partie d\u2019un message que je vous ai envoy\u00e9 il y a quelques jours. Si vous n\u2019avez pas lu la premi\u00e8re partie, je vous propose de la lire ici : http:\/\/www.auto-coaching.fr\/index.php\/decidez-du-tac-au-tac\/ Passons aux choses s\u00e9rieuses : comment pourriez-vous prendre certaines d\u00e9cisions plus rapidement ? Des d\u00e9cisions comme : Accepter un rendez-vous [&hellip;]<\/p>\n","protected":false},"author":1,"featured_media":0,"parent":0,"menu_order":0,"comment_status":"open","ping_status":"open","template":"","meta":[],"builder_content":"","_links":{"self":[{"href":"https:\/\/auto-coaching.fr\/index.php\/wp-json\/wp\/v2\/pages\/239"}],"collection":[{"href":"https:\/\/auto-coaching.fr\/index.php\/wp-json\/wp\/v2\/pages"}],"about":[{"href":"https:\/\/auto-coaching.fr\/index.php\/wp-json\/wp\/v2\/types\/page"}],"author":[{"embeddable":true,"href":"https:\/\/auto-coaching.fr\/index.php\/wp-json\/wp\/v2\/users\/1"}],"replies":[{"embeddable":true,"href":"https:\/\/auto-coaching.fr\/index.php\/wp-json\/wp\/v2\/comments?post=239"}],"version-history":[{"count":7,"href":"https:\/\/auto-coaching.fr\/index.php\/wp-json\/wp\/v2\/pages\/239\/revisions"}],"predecessor-version":[{"id":247,"href":"https:\/\/auto-coaching.fr\/index.php\/wp-json\/wp\/v2\/pages\/239\/revisions\/247"}],"wp:attachment":[{"href":"https:\/\/auto-coaching.fr\/index.php\/wp-json\/wp\/v2\/media?parent=239"}],"curies":[{"name":"wp","href":"https:\/\/api.w.org\/{rel}","templated":true}]}}