{"id":2414,"date":"2015-05-22T21:07:27","date_gmt":"2015-05-22T19:07:27","guid":{"rendered":"http:\/\/www.auto-coaching.fr\/?page_id=2414"},"modified":"2015-05-22T21:29:37","modified_gmt":"2015-05-22T19:29:37","slug":"deux-webinaires","status":"publish","type":"page","link":"https:\/\/auto-coaching.fr\/index.php\/deux-webinaires\/","title":{"rendered":"Deux webinaires !"},"content":{"rendered":"<p>J\u2019ai le plaisir de vous inviter \u00e0 deux webinaires la semaine prochaine. Une fois que vous aurez d\u00e9couvert ce courrier, vous pourriez vous demander lequel choisir. Ma r\u00e9ponse, vous la connaissez, car vous me connaissez : <strong>LES DEUX !<\/strong>  <\/p>\n<p>A condition bien s\u00fbr que vous soyez disponible.  <\/p>\n<p>Mais que signifie \u00eatre disponible ? La question m\u00e9rite d\u2019\u00eatre d\u00e9velopp\u00e9e :  <\/p>\n<p>Si je vous invitais au concert de votre chanteur ou de votre groupe musical pr\u00e9f\u00e9r\u00e9, vous allez r\u00e9server votre soir\u00e9e, sauf si vous avez d\u00e9j\u00e0 un rendez-vous par ailleurs. Dans ce cas, vous me direz que c\u2019est dommage, parce que vous auriez bien voulu venir, et je vous r\u00e9pondrai que ce sera pour la prochaine fois. C\u2019est efficace et encourageant pour les deux partis !  <\/p>\n<p>L\u2019autre comportement, toujours efficace, consiste \u00e0 r\u00e9server votre soir\u00e9e, et si quelqu\u2019un d\u2019autre vous propose autre chose en m\u00eame temps par la suite, de lui r\u00e9pondre <em>\u00abd\u00e9sol\u00e9, mais je ne suis pas disponible ce soir-l\u00e0 ! Il est r\u00e9serv\u00e9 depuis plusieurs jours\u00bb<\/em>. Pour peu que vous osiez affirmer votre int\u00e9r\u00eat pour le D\u00e9veloppement Personnel, vous pourrez ajouter <em>\u00abJ\u2019ai une soir\u00e9e auto-coaching\u00bb<\/em>. Ce n\u2019est pas plus b\u00eate que <em>\u00abJ\u2019ai th\u00e9\u00e2tre\u00bb<\/em> ou <em>\u00abj\u2019ai tennis\u00bb<\/em> ou <em>\u00abj\u2019ai piscine\u00bb<\/em>. Je vous assure que \u00e7a s\u2019assume ce genre de choses ;-).  <\/p>\n<p>Toujours dans un souci d\u2019efficacit\u00e9, si vous ne savez pas ce que vous ferez le jour J, vous pouvez noter dans votre agenda <b>un rendez-vous de prise de d\u00e9cision<\/b>. Par exemple, si l\u2019\u00e9v\u00e8nement est pour mercredi \u00e0 20h30, vous pouvez noter dans votre agenda un rendez-vous mercredi \u00e0 16h15, afin de d\u00e9cider si OUI ou NON, vous pouvez vous inscrire. Ainsi, si vous attendiez quelques \u00e9l\u00e9ments avant de vous engager, vous n\u2019oublierez pas de vous inscrire une fois que vous aurez toutes les infos en mains.  <\/p>\n<p>Bon&#8230; Parlons maintenant du comportement inefficace : si vous r\u00e9servez votre soir\u00e9e imm\u00e9diatement, en vous disant \u00abje r\u00e9serve toujours ma place, on verra bien si je suis dispo \u00e0 ce moment-l\u00e0&#8230;\u00bb, n\u2019y croyez pas trop, car cela signifie que n\u2019importe quel \u00e9v\u00e8nement viendra remplacer votre premier engagement (qui n\u2019est pas un engagement d\u2019ailleurs). C\u2019est un peu comme si un jeune-homme disait \u00e0 sa fianc\u00e9e : \u00abon va se marier le 15 juillet, sauf bien-s\u00fbr si une file plus belle que toi s\u2019int\u00e9resse \u00e0 moi !\u00bb. Je peux vous assurer qu\u2019une fille plus belle se pr\u00e9sentera la veille du mariage au plus tard ! Et si elle n\u2019est pas plus belle, le jeune-homme en fera une affaire de perception, et lui trouvera des attraits qu\u2019il remettra en question quelques semaines plus tard.  <\/p>\n<p>J\u2019esp\u00e8re que cet exemple humoristique vous permet de comprendre le <strong>concept essentiel<\/strong> que j\u2019expose, car ce que vous \u00eates en train de lire devrait vous interpeler au-del\u00e0 des deux webinaires qui se pr\u00e9parent. Il y a une \u00e9norme diff\u00e9rence d\u2019engagement entre <em>\u00abje r\u00e9serve, pour le moment je suis libre, je verrai bien&#8230;\u00bb<\/em> et<em> \u00abJe r\u00e9serve ma soir\u00e9e, c\u2019est planifi\u00e9 et engag\u00e9 !\u00bb<\/em>. Et c\u2019est valable pour TOUTE CHOSE dans votre vie, tout au long de votre vie, que je vous souhaite pleine et heureuse.  <\/p>\n<p>Voici donc les dates des deux prochains webinaires, ainsi que les liens d\u2019inscription :  <\/p>\n<h2>L\u2019auto-Coach du mois de mai : Jos\u00e9 LALLOUM<\/h2>\n<p><strong>Le mercredi 27 mai \u00e0 20h30<\/strong>, Jos\u00e9 vous parlera pendant 30 minutes du parcours qui lui a permis d\u2019atteindre la libert\u00e9 financi\u00e8re. Il vous racontera aussi son histoire d\u2019homme d\u2019affaires toujours accompagn\u00e9 de sa guitare (alors qu\u2019il travaillait dans un milieu \u00abtr\u00e8s s\u00e9rieux\u00bb et non artistique). Jos\u00e9 vous expliquera pourquoi il n\u2019est pas bon de se r\u00e9veiller le matin en n\u2019\u00e9tant QUE chef d\u2019entreprise&#8230; Vous voulez passer une partie de votre soir\u00e9e avec une personne qui vit une ann\u00e9e sabbatique depuis 3 ans ?  <\/p>\n<p align=\"center\"><a class=\"buttonize blue\" href=\"http:\/\/app.webinarjam.net\/register\/2214\/3f7816284a\" target=\"_blank\">Inscrivez-vous<\/a>  <\/p>\n<p>Pour ma part, j\u2019\u00e9voquerai des concepts comme \u00ables intelligences multiples\u00bb et \u00abla synchronicit\u00e9\u00bb en laissant Jos\u00e9 les commenter pour vous donner des exemples concrets li\u00e9s \u00e0 son parcours. Cette prestation fait partie du programme gratuit. Profitez-en !  <\/p>\n<h2>Le processus de manifestation<\/h2>\n<p>J\u2019animerai ce webinaire le lendemain, <strong>jeudi 28 mai \u00e0 20h30<\/strong>. Cette fois-ci-il s\u2019agit d\u2019une formation \u00e0 une technique d\u2019auto-coaching r\u00e9serv\u00e9e au <b>passage \u00e0 l\u2019action<\/b>. Le \u00abprocessus de manifestation\u00bb est un outil anti-procrastination dont je vous expliquerai les rouages pendant 30 minutes. Je vous donnerai ensuite de nombreux exemples d\u2019application et des id\u00e9es pendant encore 30 minutes. Enfin, la derni\u00e8re demi-heure sera r\u00e9serv\u00e9e aux questions\/r\u00e9ponses. La dur\u00e9e totale est donc de 90 minutes.  <\/p>\n<p>Cette prestation est payante selon le mod\u00e8le \u00e9conomique \u00abpayez ce que vous voulez\u00bb. Ce qui signifie que vous ne payerez pas \u00e0 l\u2019inscription, mais \u00e0 la fin de la prestation. Vous pourrez payer ce que vous voudrez, si vous estimez que cet outil a de la valeur POUR VOUS. Vous d\u00e9ciderez \u00e9galement de la somme \u00e0 payer.  <\/p>\n<p align=\"center\"><a class=\"buttonize blue\" href=\"http:\/\/app.webinarjam.net\/register\/2214\/2ae8254774\" target=\"_blank\">Inscrivez-vous<\/a>  <\/p>\n<p>J\u2019attends votre ou vos inscriptions avec une certaine f\u00e9brilit\u00e9. Je vous remercie d\u2019avance pour l\u2019int\u00e9r\u00eat que vous portez \u00e0 cette partie de mon activit\u00e9.  <\/p>\n<p>A++  <\/p>\n<p><strong>St\u00e9phane SOLOMON<\/strong><\/p>\n<!--themify_builder_content-->\n<div id=\"themify_builder_content-2414\" data-postid=\"2414\" class=\"themify_builder_content themify_builder_content-2414 themify_builder tf_clear\">\n    <\/div>\n<!--\/themify_builder_content-->\n","protected":false},"excerpt":{"rendered":"<p>J\u2019ai le plaisir de vous inviter \u00e0 deux webinaires la semaine prochaine. Une fois que vous aurez d\u00e9couvert ce courrier, vous pourriez vous demander lequel choisir. Ma r\u00e9ponse, vous la connaissez, car vous me connaissez : LES DEUX ! A condition bien s\u00fbr que vous soyez disponible. Mais que signifie \u00eatre disponible ? La question [&hellip;]<\/p>\n","protected":false},"author":1,"featured_media":0,"parent":0,"menu_order":0,"comment_status":"open","ping_status":"open","template":"","meta":[],"builder_content":"","_links":{"self":[{"href":"https:\/\/auto-coaching.fr\/index.php\/wp-json\/wp\/v2\/pages\/2414"}],"collection":[{"href":"https:\/\/auto-coaching.fr\/index.php\/wp-json\/wp\/v2\/pages"}],"about":[{"href":"https:\/\/auto-coaching.fr\/index.php\/wp-json\/wp\/v2\/types\/page"}],"author":[{"embeddable":true,"href":"https:\/\/auto-coaching.fr\/index.php\/wp-json\/wp\/v2\/users\/1"}],"replies":[{"embeddable":true,"href":"https:\/\/auto-coaching.fr\/index.php\/wp-json\/wp\/v2\/comments?post=2414"}],"version-history":[{"count":5,"href":"https:\/\/auto-coaching.fr\/index.php\/wp-json\/wp\/v2\/pages\/2414\/revisions"}],"predecessor-version":[{"id":2419,"href":"https:\/\/auto-coaching.fr\/index.php\/wp-json\/wp\/v2\/pages\/2414\/revisions\/2419"}],"wp:attachment":[{"href":"https:\/\/auto-coaching.fr\/index.php\/wp-json\/wp\/v2\/media?parent=2414"}],"curies":[{"name":"wp","href":"https:\/\/api.w.org\/{rel}","templated":true}]}}