{"id":2428,"date":"2015-06-02T15:12:57","date_gmt":"2015-06-02T13:12:57","guid":{"rendered":"http:\/\/www.auto-coaching.fr\/?page_id=2428"},"modified":"2015-06-04T09:39:09","modified_gmt":"2015-06-04T07:39:09","slug":"recadrage-3-3","status":"publish","type":"page","link":"https:\/\/auto-coaching.fr\/index.php\/recadrage-3-3\/","title":{"rendered":"Recadrage 3\/3"},"content":{"rendered":"<p>Mercredi dernier, au commencement du webinaire, mon compteur n\u2019affichait que 14 participants sur 60 inscriptions. J\u2019ai donc attendu quelques minutes avant de commencer. Ayant men\u00e9 une campagne de recadrage concernant L\u2019ENGAGEMENT apr\u00e8s INSCRIPTION, je pensais que le taux d\u2019absent\u00e9isme allait \u00eatre faible, mais je me suis tromp\u00e9 ! M\u00eame apr\u00e8s un \u00abquart d\u2019heure parisien\u00bb, mon compteur affichait 27 participants seulement&#8230; Nous avons donc commenc\u00e9 avec une salle \u00e0 moiti\u00e9 pleine. Je surveillais r\u00e9guli\u00e8rement le compteur : nous avons atteint un pic de 40 participants au bout d\u2019une vingtaine minutes.<\/p>\n<h2>Absent\u00e9isme naturel<\/h2>\n<p>La plupart des organisateurs de spectacles pratiquent le surbooking \u00e0 hauteur de 8%. La raison est simple : il y a un absent\u00e9isme naturel d\u2019environ 10%, m\u00eame lorsque les spectateurs ont pay\u00e9 leur place. La cause peut \u00eatre un pneu crev\u00e9, un rhume, une dispute, etc. Ce sont des cas de force majeure, et un taux d\u2019absent\u00e9isme de 10% \u00e0 15% est tout \u00e0 fait pr\u00e9visible et \u00abnaturel\u00bb. Bon&#8230; Il est vrai que lorsque le spectacle est tr\u00e8s tr\u00e8s cher, les spectateurs pr\u00e9f\u00e8rent prendre le m\u00e9tro (pour \u00e9viter les crevaisons, le trafic, les parkings pleins&#8230;). Pour ce qui est du rhume, ils se soignent avec un traitement de cheval pour tenir la soir\u00e9e (quitte \u00e0 \u00eatre malades toute la semaine). Et en ce qui concerne la dispute, ils la replanifient pour apr\u00e8s le spectacle.<\/p>\n<p>C\u2019est une question de bon sens ;-).<\/p>\n<h2>Absent\u00e9isme surnaturel<\/h2>\n<p>C\u00f4t\u00e9 webinaire, et en particulier lorsque l\u2019action est gratuite, j\u2019ai remarqu\u00e9 que plus l\u2019inscription se faisait t\u00f4t, plus le pourcentage de d\u00e9sistement est important \u00e0 l\u2019arriv\u00e9e. C\u2019est la raison pour laquelle j\u2019ai tant insist\u00e9 : l\u2019inscription est facile, mais la v\u00e9ritable action consiste \u00e0 \u00eatre pr\u00e9sent au moment du webinaire.<\/p>\n<p>Pourquoi souligner \u00e7a ? Eh bien parce que je fais du D\u00e9veloppement Personnel !<\/p>\n<p>Pour moi, animer un webinaire pour 40 ou pour 60 personnes ne change rien ! Surtout s&#8217;il est gratuit&#8230;<br \/>Mais qu\u2019en est-il pour vous ? Quelle importance accordez-vous \u00e0 vos engagements ? C\u2019est une bonne question pour un auto-coach.<\/p>\n<p>Ceci dit, avec seulement 33% d\u2019absences, j\u2019ai fait tr\u00e8s fort ! Pour vous donner un ordre d\u2019id\u00e9e, lors du premier webinaire de Val\u00e9rie (auto-coach du mois d\u2019avril), nous avions 139 inscriptions pour 79 participations, soit 43% d\u2019absents ! Dans mes propres webinaires, j\u2019ai atteint jusqu\u2019\u00e0 49% d\u2019absent\u00e9isme ! Et je ne suis pas le recordman : j\u2019ai consult\u00e9 quelques stats de vieux briscards qui partagent leurs r\u00e9sultats, ils ont beau relancer jusqu\u2019\u00e0 14 fois, ils atteignent parfois le record insolent de 70% d\u2019absences !<\/p>\n<p>Vous imaginez le nombre de pneus crev\u00e9s que \u00e7a repr\u00e9sente ? C\u2019est surnaturel, je vous dis !<\/p>\n<h2>Malgr\u00e9 tout&#8230;<\/h2>\n<p>Ceci-dit, je dois me rendre \u00e0 l\u2019\u00e9vidence : m\u00eame lorsque j\u2019enregistrais 50% d\u2019absent\u00e9isme, il y avait quand-m\u00eame plus de 100 participants (pour 200 inscrits). La semaine derni\u00e8re, en devenant plus rigoureux, je me suis tir\u00e9 une balle dans le pied : mon discours a emp\u00each\u00e9 beaucoup de personnes de s&#8217;inscrire ! <\/p>\n<p>Ainsi, ce troisi\u00e8me recadrage ne concerne plus mes lecteurs, c\u2019est \u00e0 moi qu\u2019il s\u2019adresse. Je suis auto-coach : <strong>je me recadre moi-m\u00eame !<\/strong> Je me f\u00e9licite d\u2019\u00eatre pass\u00e9 \u00e0 l\u2019action&#8230; d\u2019avoir tent\u00e9 l\u2019exp\u00e9rience au lieu de procrastiner, car sans actions effectives et mesurables,&nbsp; je n\u2019aurais pas pu comparer les r\u00e9sultats. Mais \u00e0 pr\u00e9sent que je les compare, je sais que ma premi\u00e8re d\u00e9marche \u00e9tait meilleure. Elle consistait \u00e0 dire :<\/p>\n<p><strong>&#8211; Inscrivez-vous librement, et venez comme vous voudrez et quand vous voudrez !<\/strong><\/p>\n<p>La d\u00e9marche qui permet d\u2019ALLER VERS doit \u00eatre FACILE, surtotu en cas d\u2019innovation. Le but du jeu n\u2019est pas de dissuader les \u00absimples curieux\u00bb en rendant le d\u00e9cision difficile, mais plut\u00f4t de cr\u00e9er la curiosit\u00e9 pour qu\u2019ils entrent dans la danse en s\u2019inscrivant. Une fois la curiosit\u00e9 enclench\u00e9e, c\u2019est par la motivation que vous pourrez augmenter votre taux de participation, et comme vous vous adresserez \u00e0 davantage de monde, vous aurez un beau public.<\/p>\n<h2>Conclusion<\/h2>\n<p>Il est possible qu\u2019apr\u00e8s avoir lu ce courrier, vous ayez envie de me dire que c\u2019est ma <em>tambouille interne<\/em>, et que tout \u00e7a ne vous regarde pas, parce que vous n\u2019avez pas de newsletter ni de blog, ni de webinaires&#8230;<\/p>\n<p>OK ! Ca, c\u2019est le niveau maternelle du coaching&#8230; Validons votre passage en CP :<\/p>\n<p>L\u2019un des grands principes du coaching est de cr\u00e9er des associations d\u2019id\u00e9es \u00e0 partir d\u2019histoires vraies ou m\u00e9taphoriques. A l\u2019inverse d\u2019une formation, un coaching ne vous d\u00e9livre pas une d\u00e9marche \u00e0 appliquer \u00abtelle quelle\u00bb. Au contraire, il VOUS appartient de r\u00e9\u00e9crire l\u2019histoire autrement en changeant d\u2019acteur, de produit, de d\u00e9cor, de contexte&#8230; Ainsi, si vous voulez innover dans votre entreprise, dans votre commerce ou m\u00eame dans votre foyer, vous savez d\u00e9sormais, chiffres \u00e0 l\u2019appui, qu\u2019<strong>une communication rigoureuse repousse les \u00abcurieux\u00bb sans forc\u00e9ment attirer les \u00ab\u00e9lites\u00bb<\/strong>.<\/p>\n<p>Vous pourriez aussi me dire que tout \u00e7a n\u2019a pas de rapport \u00e0 avec la gestion du temps ! Ah bon ? Savez-vous combien de temps il m\u2019a fallu pour \u00e9crire un mode d\u2019emploi rigoureux, alors qu\u2019en \u00e9crivant \u00abvenez nombreux !\u00bb, j\u2019aurais obtenu de biens meilleurs r\u00e9sultats ? Le TEMPS est partout !  <\/p>\n<p>Exercez-vous \u00e0 me lire de cette fa\u00e7on, et vous accroitrez votre capacit\u00e9 \u00e0 vous auto-coacher. beaucoup trop de lecteurs perdent le focus, pensant que je raconte ma vie&#8230;  <\/p>\n<p>Pour finir, je vais vous livrer un secret d\u2019expert : je ne suis pas le seul auteur \u00e0 lire de cette fa\u00e7on. LA VIE se lit de cette fa\u00e7on !  <\/p>\n<p>A++<\/p>\n<p><strong>St\u00e9phane SOLOMON<\/strong><\/p>\n<!--themify_builder_content-->\n<div id=\"themify_builder_content-2428\" data-postid=\"2428\" class=\"themify_builder_content themify_builder_content-2428 themify_builder tf_clear\">\n    <\/div>\n<!--\/themify_builder_content-->\n","protected":false},"excerpt":{"rendered":"<p>Mercredi dernier, au commencement du webinaire, mon compteur n\u2019affichait que 14 participants sur 60 inscriptions. J\u2019ai donc attendu quelques minutes avant de commencer. Ayant men\u00e9 une campagne de recadrage concernant L\u2019ENGAGEMENT apr\u00e8s INSCRIPTION, je pensais que le taux d\u2019absent\u00e9isme allait \u00eatre faible, mais je me suis tromp\u00e9 ! M\u00eame apr\u00e8s un \u00abquart d\u2019heure parisien\u00bb, mon [&hellip;]<\/p>\n","protected":false},"author":1,"featured_media":0,"parent":0,"menu_order":0,"comment_status":"open","ping_status":"open","template":"","meta":[],"builder_content":"","_links":{"self":[{"href":"https:\/\/auto-coaching.fr\/index.php\/wp-json\/wp\/v2\/pages\/2428"}],"collection":[{"href":"https:\/\/auto-coaching.fr\/index.php\/wp-json\/wp\/v2\/pages"}],"about":[{"href":"https:\/\/auto-coaching.fr\/index.php\/wp-json\/wp\/v2\/types\/page"}],"author":[{"embeddable":true,"href":"https:\/\/auto-coaching.fr\/index.php\/wp-json\/wp\/v2\/users\/1"}],"replies":[{"embeddable":true,"href":"https:\/\/auto-coaching.fr\/index.php\/wp-json\/wp\/v2\/comments?post=2428"}],"version-history":[{"count":6,"href":"https:\/\/auto-coaching.fr\/index.php\/wp-json\/wp\/v2\/pages\/2428\/revisions"}],"predecessor-version":[{"id":2438,"href":"https:\/\/auto-coaching.fr\/index.php\/wp-json\/wp\/v2\/pages\/2428\/revisions\/2438"}],"wp:attachment":[{"href":"https:\/\/auto-coaching.fr\/index.php\/wp-json\/wp\/v2\/media?parent=2428"}],"curies":[{"name":"wp","href":"https:\/\/api.w.org\/{rel}","templated":true}]}}