{"id":2471,"date":"2015-07-13T20:26:28","date_gmt":"2015-07-13T18:26:28","guid":{"rendered":"http:\/\/www.auto-coaching.fr\/?page_id=2471"},"modified":"2020-03-25T18:05:17","modified_gmt":"2020-03-25T17:05:17","slug":"a-juste-titre","status":"publish","type":"page","link":"https:\/\/auto-coaching.fr\/index.php\/a-juste-titre\/","title":{"rendered":"A juste titre"},"content":{"rendered":"<p>Je viens de finir mon livre intitul\u00e9 <strong>\u00abComment dire \u00e0 votre coll\u00e8gue qu\u2019il sent mauvais sous les bras\u00bb<\/strong>. Bein vous savez quoi ? C\u2019\u00e9tait costaud ! Vraiment tr\u00e8s bon&#8230; Un peu de PNL, beaucoup d\u2019Analyse Transactionnelle, Une pointe de Communication Non Violente, Un max de Psychologie Cognitive, et tout \u00e7a, sans en avoir l\u2019air&#8230;  <\/p>\n<p>Je m\u2019interroge sur l\u2019auteur ! N\u2019est-il pas compl\u00e8tement stupide ou au moins maladroit ? Il aurait pu vendre 100 fois plus de livres avec un titre comme <strong>\u00abComment aborder des sujets sensibles avec des personnalit\u00e9s difficiles\u00bb<\/strong>. Qu\u2019en pensez-vous ?  <\/p>\n<p>Prenons un autre sujet pour illustrer : selon vous qu\u2019est-ce qui se vendrait le mieux ?  <\/p>\n<p>&#8211; La prise de parole en public : de la th\u00e9orie \u00e0 la pratique  <\/p>\n<p>Ou  <\/p>\n<p>&#8211; Comment captiver votre auditoire en parlant d\u2019une peau de banane  <\/p>\n<p>La plupart des sp\u00e9cialistes des ouvrages pratiques vous diront que c\u2019est le premier titre qui vendra le mieux puisqu\u2019il s\u2019adresse au grand public (qui reconna\u00eetra clairement son besoin dans le titre).&nbsp; A l\u2019inverse, le deuxi\u00e8me titre s\u2019adresse \u00e0 un march\u00e9 de niche (qui adh\u00e8re aux m\u00e9taphores)&#8230;  <\/p>\n<p>Ces sp\u00e9cialistes ont raison dans l\u2019absolu, mais le D\u00e9veloppement Personnel, c\u2019est tr\u00e8s particulier : quoi qu\u2019il arrive, vous vous adressez \u00e0 des personnes dont l\u2019intelligence existentielle est exacerb\u00e9e. C\u2019est une niche ! Je veux dire par-l\u00e0 que ceux qui ne seront pas touch\u00e9s, interpel\u00e9s, amus\u00e9s, \u00e9veill\u00e9s par le deuxi\u00e8me titre, n\u2019ach\u00e8teront pas le premier non plus&#8230;  <\/p>\n<h2>R\u00e9fl\u00e9chissons un peu (il para\u00eet que \u00e7a rend riche !)<\/h2>\n<\/p>\n<p>Je l\u2019ai souvent r\u00e9p\u00e9t\u00e9 : quoi que vous fassiez, vous n\u2019aurez jamais plus de 24 heures par jour. Le simple fait que vous employiez l\u2019expression \u00abje n\u2019ai pas le temps !\u00bb signifie que vous \u00eates dans la m\u00e9taphore. En r\u00e9alit\u00e9, vous voulez dire \u00abj\u2019ai organis\u00e9 ma journ\u00e9e autrement et je ne veux rien y changer !\u00bb. Idem lorsque vous dites \u00abce logiciel me fera gagner deux fois plus de temps\u00bb&#8230; Vous voulez dire que \u00abla t\u00e2che que vous confierez \u00e0 ce logiciel sera ex\u00e9cut\u00e9e deux fois plus vite (que d\u2019habitude)\u00bb. Et que dire lorsque vous faites certaines choses \u00ab\u00e0 temps perdu\u00bb ? D\u2019un point de vue pragmatique, \u00e7a ne veut rien dire ! Comment pourriez-vous pr\u00e9voir d\u2019avoir du \u00abtemps perdu\u00bb ? A moins d\u2019\u00eatre n\u00e9 hier, vous avez d\u00fb vivre beaucoup de moments o\u00f9 votre temps \u00e9tait pr\u00e9cieux. Vous savez que \u00e7a arrive souvent, et donc que \u00e7a arrivera encore ! Alors en th\u00e9orie, le \u00abtemps perdu\u00bb, \u00e7a ne devrait plus exister&#8230;  <\/p>\n<p>Vous pouvez d\u00e9cliner ce que je viens de dire \u00e0 tout un tas d\u2019autres domaines. Reprenons l\u2019exemple de la prise de parole en public : pourquoi \u00e9crire des livres sur ce sujet ? Aucun int\u00e9r\u00eat ! Si vous voulez dire quelque chose, dites-le et puis c\u2019est tout ! Que vous soyez face \u00e0 une personne ou \u00e0 deux mille, qu\u2019est-ce que \u00e7a change ??? Parlez !  <\/p>\n<p>Or vous savez que ce n\u2019est pas si simple pour une multitude de raisons. Ceux qui croient que c\u2019est simple sont \u00e0 c\u00f4t\u00e9 de la plaque : ils bougent les l\u00e8vres, mais ce qu\u2019ils disent n\u2019impacte personne ! J\u2019ai eu un prof d\u2019histoire comme \u00e7a&#8230; Il a pass\u00e9 l\u2019ann\u00e9e \u00e0 parler \u00e0 une trentaine d\u2019\u00e9l\u00e8ves, et je ne me souviens de rien ! Personne ne pourrait s\u2019en souvenir, car il dictait son cours d\u2019un ton monocorde pour que nous recopiions ce qu\u2019il disait sur nos classeurs. Aucun de ses cours ne se distinguait. Dommage&#8230; Il avait des sujets fascinants \u00e0 nous faire d\u00e9couvrir ! Si avec tout ce qu\u2019il avait \u00e0 partager, il ne s\u2019est jamais int\u00e9ress\u00e9 \u00e0 l\u2019art oratoire, cela signifie qu\u2019aucun livre sur la prise de parole en public n\u2019aurait pu l\u2019int\u00e9resser, <b>quel qu\u2019en soit le titre<\/b>.  <\/p>\n<p>Si vous avez vraiment compris l\u2019importance de l\u2019art oratoire, vous en ferez quelque chose de CENTRAL, au m\u00eame titre que votre sant\u00e9, votre argent, votre temps, la qualit\u00e9 de votre sommeil, etc. Vous aurez besoin d\u2019apprendre, de comprendre, de vous inspirer, de vous exercer, d\u2019exp\u00e9rimenter, d\u2019\u00e9valuer, d\u2019ajuster&#8230; Et lorsque le livre \u00abComment captiver votre auditoire en parlant d\u2019une peau de banane\u00bb appara\u00eetra sous vos yeux, \u00e7a fera TILT ! Vous n\u2019aurez pas besoin qu\u2019on vous explique que son contenu va bien au-del\u00e0 de la peau de banane.  <\/p>\n<p>Si le livre \u00abP\u00e8re riche, P\u00e8re pauvre\u00bb a eu du succ\u00e8s, ce n\u2019est pas parce que les lecteurs de KIYOSAKY avaient tous deux p\u00e8res, mais parce qu\u2019ils ont compris que ce qui emp\u00eache d\u2019attendre la libert\u00e9 financi\u00e8re, c\u2019est le \u00abrapport \u00e0 l\u2019argent\u00bb. De ce fait, ce que leurs \u00e9ducateurs leur ont inscrit dans la t\u00eate devient beaucoup plus important \u00e0 revoir que le \u00abbon m\u00e9tier\u00bb ou \u00abla bonne opportunit\u00e9\u00bb ou \u00able meilleur taux\u00bb, etc.  <\/p>\n<p>Idem pour le livre \u00abLe moine qui vendit sa Ferrari\u00bb de Robin SHARMA. Il n\u2019y a pas assez de moines dans le monde pour en faire un best-seller. Il est donc \u00e9vident que des gens comme vous et moi ont achet\u00e9 ce livre, parce que la m\u00e9taphore a impact\u00e9 l\u2019intelligence existentielle de millions de lecteurs.  <\/p>\n<p>Et que dire de \u00abBouillon de poulet pour l\u2019\u00e2me\u00bb ? Rien qu\u2019en pronon\u00e7ant le titre, \u00e7a r\u00e9chauffe&#8230;  <\/p>\n<p>Du coup, j\u2019ai envie de m\u2019amuser un peu avec mes programmes ! Quelle id\u00e9e de les avoir appel\u00e9s MEMORY-COACH, PENSEE++, etc. Voil\u00e0 la vraie maladresse ! D\u2019autant que leur contenu est hautement existentiel, alors autant proposer des titres plus \u00e9vocateurs.  <\/p>\n<h2>C\u2019est parti ! Cliquez sur le titre qui vous interpelle !<\/h2>\n<ul>\n<li><a href=\"http:\/\/www.coupon-reponse.fr\/solution.aspx?code=ME34YC60&amp;origine=JusteTitre\">Comment \u00e9viter l\u2019instance de divorce chaque semaine, parce que vous avez oubli\u00e9 de sortir les poubelles&#8230;<\/a>  <\/li>\n<li><a href=\"http:\/\/www.inscription-minute.fr\/solution.aspx?code=AT11EC60&amp;origine=JusteTitre\">Comment gagner une course avec 4 pneus crev\u00e9s<\/a>  <\/li>\n<li><a href=\"http:\/\/www.inscription-minute.fr\/solution.aspx?code=OB67TI87&amp;origine=JusteTitre\">Comment r\u00e9ussir un quatre-quarts avec seulement de la farine, du lait, du beurre et du sucre<\/a>  <\/li>\n<li><a href=\"http:\/\/www.inscription-minute.fr\/solution.aspx?code=CO80PL09&amp;origine=JusteTitre\">Le code secret du coffre de la vie<\/a>  <\/li>\n<li><a href=\"http:\/\/www.inscription-minute.fr\/solution.aspx?code=PE09LU09&amp;origine=JusteTitre\">Pense bien et tout ira bien !<\/a>  <\/li>\n<li><a href=\"http:\/\/www.coupon-reponse.fr\/solution.aspx?code=TI37OA95&amp;origine=JusteTitre\">Comment gagner 36 heures par jour (ou davantage si vous avez un don)<\/a>  <\/li>\n<li><a href=\"http:\/\/www.inscription-minute.fr\/solution.aspx?code=RI61IT10&amp;origine=JusteTitre\">Avant de gagner votre premier million&#8230;<\/a>  <\/li>\n<li><a href=\"http:\/\/www.inscription-minute.fr\/solution.aspx?code=CR09LU09&amp;origine=JusteTitre\">Comment croire au p\u00e8re-no\u00ebl, alors que vous avez plus de 8 ans, que vos parents sont musulmans et que vous avez fouill\u00e9 toute la surface du p\u00f4le nord&#8230;<\/a>  <\/li>\n<li><a href=\"http:\/\/www.inscription-minute.fr\/solution.aspx?code=MO18AT95&amp;origine=JusteTitre\">Comment faire votre footing chaque matin, sans nana sexy devant, ni chien m\u00e9chant derri\u00e8re<\/a>  <\/li>\n<li><a href=\"http:\/\/www.inscription-minute.fr\/solution.aspx?code=ZE27OA60&amp;origine=JusteTitre\">Les gens calmes m\u2019\u00e9nervent !<\/a><\/li>\n<\/ul>\n<p>C\u2019est s\u00fbr : \u00e7a change les lunettes ! Et c\u2019est tellement plus align\u00e9 sur le contenu de ces programmes.  <\/p>\n<p>A++  <\/p>\n<p><b>St\u00e9phane SOLOMON<\/b>  <\/p>\n<p>PS : gr\u00e2ce au code <strong>DJK7FDK807 <\/strong>vous b\u00e9n\u00e9ficiez d\u2019une r\u00e9duction de 25% sur le prix affich\u00e9. Ce code expire le 15 juillet 2015 (dans 2 jours).<\/p>\n<!--themify_builder_content-->\n<div id=\"themify_builder_content-2471\" data-postid=\"2471\" class=\"themify_builder_content themify_builder_content-2471 themify_builder tf_clear\">\n    <\/div>\n<!--\/themify_builder_content-->\n","protected":false},"excerpt":{"rendered":"<p>Je viens de finir mon livre intitul\u00e9 \u00abComment dire \u00e0 votre coll\u00e8gue qu\u2019il sent mauvais sous les bras\u00bb. Bein vous savez quoi ? C\u2019\u00e9tait costaud ! Vraiment tr\u00e8s bon&#8230; Un peu de PNL, beaucoup d\u2019Analyse Transactionnelle, Une pointe de Communication Non Violente, Un max de Psychologie Cognitive, et tout \u00e7a, sans en avoir l\u2019air&#8230; Je [&hellip;]<\/p>\n","protected":false},"author":1,"featured_media":0,"parent":0,"menu_order":0,"comment_status":"open","ping_status":"open","template":"","meta":[],"builder_content":"","_links":{"self":[{"href":"https:\/\/auto-coaching.fr\/index.php\/wp-json\/wp\/v2\/pages\/2471"}],"collection":[{"href":"https:\/\/auto-coaching.fr\/index.php\/wp-json\/wp\/v2\/pages"}],"about":[{"href":"https:\/\/auto-coaching.fr\/index.php\/wp-json\/wp\/v2\/types\/page"}],"author":[{"embeddable":true,"href":"https:\/\/auto-coaching.fr\/index.php\/wp-json\/wp\/v2\/users\/1"}],"replies":[{"embeddable":true,"href":"https:\/\/auto-coaching.fr\/index.php\/wp-json\/wp\/v2\/comments?post=2471"}],"version-history":[{"count":9,"href":"https:\/\/auto-coaching.fr\/index.php\/wp-json\/wp\/v2\/pages\/2471\/revisions"}],"predecessor-version":[{"id":4928,"href":"https:\/\/auto-coaching.fr\/index.php\/wp-json\/wp\/v2\/pages\/2471\/revisions\/4928"}],"wp:attachment":[{"href":"https:\/\/auto-coaching.fr\/index.php\/wp-json\/wp\/v2\/media?parent=2471"}],"curies":[{"name":"wp","href":"https:\/\/api.w.org\/{rel}","templated":true}]}}