{"id":2502,"date":"2015-07-30T18:16:12","date_gmt":"2015-07-30T16:16:12","guid":{"rendered":"http:\/\/www.auto-coaching.fr\/?page_id=2502"},"modified":"2015-09-13T00:11:58","modified_gmt":"2015-09-12T22:11:58","slug":"effet-barnum","status":"publish","type":"page","link":"https:\/\/auto-coaching.fr\/index.php\/effet-barnum\/","title":{"rendered":"Effet Barnum"},"content":{"rendered":"<p>L\u2019autre jour, j\u2019\u00e9tais assis \u00e0 table avec mes trois filles, et j\u2019ai d\u00e9cid\u00e9 de faire une exp\u00e9rience.\u00a0Oui\u00a0! Je fais des exp\u00e9riences sur mes enfants&#8230; Si \u00e7a vous pose un probl\u00e8me, appelez la DDASS !<\/p>\n<p>Donc mes trois petites princesses (6 ans, 8 ans et 9 ans) \u00e9taient en train de d\u00eener avec moi, lorsque tout en fermant les yeux et en prenant une profonde inspiration,\u00a0j\u2019ai prononc\u00e9\u00a0:<\/p>\n<p>&#8211; Ma fille, je t\u2019aime\u00a0!<\/p>\n<p>Dans les deux secondes qui ont suivi, mes trois filles ont r\u00e9pondu, presque \u00e0 l\u2019unisson :<\/p>\n<p>&#8211; Moi aussi, je t\u2019aime papa\u00a0!<\/p>\n<p>\u00c9trange n\u2019est-ce pas\u00a0? <strong>Pourquoi aucune des trois ne m\u2019a demand\u00e9 \u00e0 qui je m\u2019adressais avant de r\u00e9pondre\u00a0?<\/strong><\/p>\n<p>Facile ! Chacune de mes filles a eu l&#8217;impression que je m&#8217;adressais \u00e0 elle. On appelle \u00e7a l&#8217;effet Barnum !<\/p>\n<h2>Effet Barnum<\/h2>\n<p>L&#8217;effet Barnum consiste \u00e0 s&#8217;adresser \u00e0 une foule, en utilisant des techniques qui font croire \u00e0 chaque auditeur qu&#8217;il est l&#8217;unique interlocuteur. Par exemple, si je vous disais\u00a0:<\/p>\n<blockquote><p>Vous avez un potentiel immense, mais il est sous-exploit\u00e9 \u00e0 cause des contraintes quotidiennes ! Vous manquez de temps pour Devenir&#8230; On vous vole ce temps ! Vous savez de qui je parle, n&#8217;est-ce pas ? Ces gens qui vous emp\u00eachent de d\u00e9ployer vos ailes et qui vous accablent&#8230;<\/p><\/blockquote>\n<p>\u00c7a vous va droit au c\u0153ur ! Vous en oublierez que je m&#8217;adresse \u00e0 plusieurs milliers de personnes&#8230;<\/p>\n<p>Est-ce que l&#8217;effet Barnum fonctionne tout le temps ? Eh non ! C&#8217;est une question de Co\u00fbt&#8230; Franchement ce que je vous ai \u00e9crit ci-dessus, c&#8217;est hyper-gratuit ! Tous les charlatans savent utiliser ce type de discours&#8230;<\/p>\n<h2>Rupture d&#8217;effet<\/h2>\n<p>Imaginons la m\u00eame sc\u00e8ne qu&#8217;au d\u00e9but :\u00a0lors du d\u00eener familial, je ferme les yeux, et tout en inspirant profond\u00e9ment,\u00a0je prononce :<\/p>\n<p>&#8211; Ma fille, apr\u00e8s le d\u00eener, j&#8217;aimerais te montrer comment d\u00e9barrasser la table et remplir le lave-vaisselle&#8230;<\/p>\n<p>Au mieux, mes trois filles vont se regarder bizarrement, et la premi\u00e8re qui craquera me l\u00e2chera <strong>\u00abmais \u00e0 qui tu parles papa ?\u00bb<\/strong>, au pire, j&#8217;obtiendrai un profond silence, car chacune se dira que l&#8217;une de ses s\u0153urs va se sentir concern\u00e9e, et sauvera l&#8217;honneur de la famille&#8230;<\/p>\n<p>(C&#8217;est un peu ce qui se passe lorsque je vous demande de commenter un article : l&#8217;article vous touche personnellement, mais au moment de l\u00e2cher un commentaire, vous vous dites qu&#8217;il a d\u00fb toucher plein de gens et que quelqu&#8217;un d&#8217;autres se d\u00e9vouera).<\/p>\n<p>Vous remarquerez qu&#8217;avec mes filles, j&#8217;ai utilis\u00e9 exactement la m\u00eame technique afin de\u00a0provoquer l&#8217;effet Barnum, et pourtant, je n&#8217;obtiens pas le m\u00eame r\u00e9sultat&#8230; Voil\u00e0\u00a0qui d\u00e9montre\u00a0que dans ce processus manipulatoire (comme dans beaucoup\u00a0d&#8217;autres), le manipul\u00e9 n&#8217;est pas une simple victime de la manipulation. Il y participe\u00a0!<\/p>\n<p>Mais, me direz-vous, qui \u00eates-vous St\u00e9phane ? Un charlatan, un manipulateur, un gourou ? Et puis c&#8217;est quoi cette Newsletter\u00a0qui n&#8217;en finit pas\u00a0? Une\u00a0de vos\u00a0exp\u00e9riences, un business, un traquenard&#8230; ? Vous \u00eates plein de techniques ! Vous avouez que vous utilisez l&#8217;effet Barnum sur vos lecteurs. Quand on le sait \u00e7a marche moins bien&#8230; Alors vous vous tirez une balle dans le pied !??<\/p>\n<h2>Je\u00a0vais vous r\u00e9v\u00e9ler un scoop !<\/h2>\n<p>Je vous ai d\u00e9j\u00e0 \u00e9t\u00e9 utile par le pass\u00e9, et j&#8217;aspire \u00e0 l&#8217;\u00eatre encore. Pour d\u00e9velopper votre potentiel, vous devez vous autoriser \u00e0 sortir de votre zone de confort.\u00a0Cette newsletter sert \u00e0 \u00e7a : vous aider \u00e0 vous en extirper ! Je vous encourage r\u00e9guli\u00e8rement \u00e0 investir du Temps, de l&#8217;Argent et de la Confiance dans votre D\u00e9veloppement Personnel\u00a0! J&#8217;ai \u00e9crit, sp\u00e9cialement pour vous qui me connaissez, dix programmes diff\u00e9rents contenant des dizaines de techniques d&#8217;auto-coaching que vous pourrez exploiter A VIE.<\/p>\n<p>N&#8217;allez pas croire qu&#8217;ils sont en vente libre, je vous les propose parce que vous me lisez r\u00e9guli\u00e8rement : il y a affinit\u00e9. Vous connaissez mon style, ma vision du monde, mon humour&#8230; C&#8217;est pour cette raison que mes programmes sont courts : vous n&#8217;avez pas besoin de 10 chapitres d&#8217;introduction pour entrer dans le vif du sujet, vous les avez d\u00e9j\u00e0 lus ces chapitres. Vous \u00eates encore en train d&#8217;en lire un&#8230;<\/p>\n<p>Enfin,\u00a0j&#8217;aimerais vous apporter un \u00e9clairage fondamental pour comprendre ma d\u00e9marche :<\/p>\n<p>Certes j&#8217;ai plein de techniques, de ficelles, de strat\u00e9gies, et j&#8217;avoue volontiers les exp\u00e9rimenter sur vous&#8230; Mais lorsque je le fais avec mes trois filles et que je prononce :<\/p>\n<p>&#8211; Ma fille, je t&#8217;aime !<\/p>\n<p>J&#8217;ai beau utiliser l&#8217;effet Barnum, je suis sinc\u00e8re avec toutes les trois.<\/p>\n<p>A++<\/p>\n<p><strong>St\u00e9phane SOLOMON<\/strong><\/p>\n<h2 align=\"center\">Liste des programmes d\u2019auto-coaching<\/h2>\n<table border=\"1\" cellspacing=\"1\" cellpadding=\"3\">\n<tbody>\n<tr>\n<th style=\"font-size: small; font-variant: small-caps; text-align: center; border-width: 1px;\">Intitul\u00e9<\/th>\n<th style=\"font-size: small; font-variant: small-caps; width: 354px; text-align: center; border-width: 1px;\">Description<\/th>\n<th style=\"font-size: small; font-variant: small-caps; width: 69px; text-align: center; border-width: 1px;\">Prix<br \/>\nTTC<\/th>\n<\/tr>\n<tr>\n<td style=\"font-size: 10pt; width: 140px; border-width: 1px;\"><a href=\"http:\/\/www.coupon-reponse.fr\/solution.aspx?code=ME34YC60&amp;origine=Barnum\">MEMORY-COACH<\/a><\/td>\n<td style=\"font-size: 10pt; width: 354px; border-width: 1px;\">D\u00e9couvrez les bases de la mn\u00e9motechnie<\/td>\n<td style=\"width: 69px; text-align: center; border-width: 1px;\">10 \u20ac<\/td>\n<\/tr>\n<tr>\n<td style=\"font-size: 10pt; width: 140px; border-width: 1px;\"><a href=\"http:\/\/www.inscription-minute.fr\/solution.aspx?code=OB67TI87&amp;origine=Barnum\">OBJECTIFS-COACH<\/a><\/td>\n<td style=\"font-size: 10pt; width: 354px; border-width: 1px;\">D\u00e9finissez et clarifiez vos objectifs<\/td>\n<td style=\"width: 69px; text-align: center; border-width: 1px;\">20 \u20ac<\/td>\n<\/tr>\n<tr>\n<td style=\"font-size: 10pt; height: 25px; width: 140px; border-width: 1px;\"><a href=\"http:\/\/www.inscription-minute.fr\/solution.aspx?code=AT11EC60&amp;origine=Barnum\">ATTITUDE-COACH<\/a><\/td>\n<td style=\"font-size: 10pt; height: 25px; width: 354px; border-width: 1px;\">D\u00e9couvrez les bases du D\u00e9veloppement Personnel&#8230;<\/td>\n<td style=\"height: 25px; width: 69px; text-align: center; border-width: 1px;\">20 \u20ac<\/td>\n<\/tr>\n<tr>\n<td style=\"font-size: 10pt; width: 140px; border-width: 1px;\"><a href=\"http:\/\/www.coupon-reponse.fr\/solution.aspx?code=TI37OA95&amp;origine=Barnum\">TIME-COACH PLUS<\/a><\/td>\n<td style=\"font-size: 10pt; width: 354px; border-width: 1px;\">De la d\u00e9cision \u00e0 l&#8217;action : les techniques des pros !<\/td>\n<td style=\"width: 69px; text-align: center; border-width: 1px;\">77 \u20ac<\/td>\n<\/tr>\n<tr>\n<td style=\"font-size: 10pt; width: 140px; border-width: 1px;\"><a href=\"http:\/\/www.inscription-minute.fr\/solution.aspx?code=CO80PL09&amp;origine=Barnum\">CONFIANCE++<\/a><\/td>\n<td style=\"font-size: 10pt; width: 354px; border-width: 1px;\">Les meilleures pratiques de la confiance en soi<\/td>\n<td style=\"width: 69px; text-align: center; border-width: 1px;\">39 \u20ac<\/td>\n<\/tr>\n<tr>\n<td style=\"font-size: 10pt; height: 25px; width: 140px; border-width: 1px;\"><a href=\"http:\/\/www.inscription-minute.fr\/solution.aspx?code=PE09LU09&amp;origine=Barnum\">PENSEE++<\/a><\/td>\n<td style=\"font-size: 10pt; height: 25px; width: 354px; border-width: 1px;\">La pens\u00e9e positive au service de vos actions<\/td>\n<td style=\"width: 69px; text-align: center; border-width: 1px;\">20 \u20ac<\/td>\n<\/tr>\n<tr>\n<td style=\"font-size: 10pt; width: 140px; border-width: 1px;\"><a href=\"http:\/\/www.inscription-minute.fr\/solution.aspx?code=RI61IT10&amp;origine=Barnum\">RICHE-ATTITUDE<\/a><\/td>\n<td style=\"font-size: 10pt; width: 354px; border-width: 1px;\">Am\u00e9liorez votre rapport \u00e0 l\u2019argent<\/td>\n<td style=\"width: 69px; text-align: center; border-width: 1px;\">20 \u20ac<\/td>\n<\/tr>\n<tr>\n<td style=\"font-size: 10pt; width: 140px; border-width: 1px;\"><a href=\"http:\/\/www.inscription-minute.fr\/solution.aspx?code=ZE27OA60&amp;origine=Barnum\">ZEN-COACH<\/a><\/td>\n<td style=\"font-size: 10pt; width: 354px; border-width: 1px;\">L\u2019atelier antistress<\/td>\n<td style=\"width: 69px; text-align: center; border-width: 1px;\">29 \u20ac<\/td>\n<\/tr>\n<tr>\n<td style=\"font-size: 10pt; height: 25px; width: 140px; border-width: 1px;\"><a href=\"http:\/\/www.inscription-minute.fr\/solution.aspx?code=MO18AT95&amp;origine=Barnum\">MOTIVATION++<\/a><\/td>\n<td style=\"font-size: 10pt; height: 25px; width: 354px; border-width: 1px;\">L&#8217;intelligence de l&#8217;action enfin d\u00e9voil\u00e9e<\/td>\n<td style=\"width: 69px; text-align: center; border-width: 1px;\">29 \u20ac<\/td>\n<\/tr>\n<tr>\n<td style=\"font-size: 10pt; width: 140px; border-width: 1px;\"><a href=\"http:\/\/www.inscription-minute.fr\/solution.aspx?code=CR09LU09&amp;origine=Barnum\">CROYANCES++<\/a><\/td>\n<td style=\"font-size: 10pt; width: 354px; border-width: 1px;\">Donnez le meilleur de vous-m\u00eame<\/td>\n<td style=\"width: 69px; text-align: center; border-width: 1px;\">25 \u20ac<\/td>\n<\/tr>\n<\/tbody>\n<\/table>\n<!--themify_builder_content-->\n<div id=\"themify_builder_content-2502\" data-postid=\"2502\" class=\"themify_builder_content themify_builder_content-2502 themify_builder tf_clear\">\n    <\/div>\n<!--\/themify_builder_content-->\n","protected":false},"excerpt":{"rendered":"<p>L\u2019autre jour, j\u2019\u00e9tais assis \u00e0 table avec mes trois filles, et j\u2019ai d\u00e9cid\u00e9 de faire une exp\u00e9rience.\u00a0Oui\u00a0! Je fais des exp\u00e9riences sur mes enfants&#8230; Si \u00e7a vous pose un probl\u00e8me, appelez la DDASS ! Donc mes trois petites princesses (6 ans, 8 ans et 9 ans) \u00e9taient en train de d\u00eener avec moi, lorsque tout [&hellip;]<\/p>\n","protected":false},"author":1,"featured_media":0,"parent":0,"menu_order":0,"comment_status":"open","ping_status":"open","template":"","meta":[],"builder_content":"","_links":{"self":[{"href":"https:\/\/auto-coaching.fr\/index.php\/wp-json\/wp\/v2\/pages\/2502"}],"collection":[{"href":"https:\/\/auto-coaching.fr\/index.php\/wp-json\/wp\/v2\/pages"}],"about":[{"href":"https:\/\/auto-coaching.fr\/index.php\/wp-json\/wp\/v2\/types\/page"}],"author":[{"embeddable":true,"href":"https:\/\/auto-coaching.fr\/index.php\/wp-json\/wp\/v2\/users\/1"}],"replies":[{"embeddable":true,"href":"https:\/\/auto-coaching.fr\/index.php\/wp-json\/wp\/v2\/comments?post=2502"}],"version-history":[{"count":11,"href":"https:\/\/auto-coaching.fr\/index.php\/wp-json\/wp\/v2\/pages\/2502\/revisions"}],"predecessor-version":[{"id":2621,"href":"https:\/\/auto-coaching.fr\/index.php\/wp-json\/wp\/v2\/pages\/2502\/revisions\/2621"}],"wp:attachment":[{"href":"https:\/\/auto-coaching.fr\/index.php\/wp-json\/wp\/v2\/media?parent=2502"}],"curies":[{"name":"wp","href":"https:\/\/api.w.org\/{rel}","templated":true}]}}