{"id":2518,"date":"2015-08-06T17:40:34","date_gmt":"2015-08-06T15:40:34","guid":{"rendered":"http:\/\/www.auto-coaching.fr\/?page_id=2518"},"modified":"2015-08-07T09:17:18","modified_gmt":"2015-08-07T07:17:18","slug":"l-interet-des-histoires","status":"publish","type":"page","link":"https:\/\/auto-coaching.fr\/index.php\/l-interet-des-histoires\/","title":{"rendered":"L&#8217;int\u00e9r\u00eat des histoires"},"content":{"rendered":"<p>Pour commencer, je voudrais remercier celles et ceux qui ont adh\u00e9r\u00e9 au programme \u00abHistoires Inspirantes\u00bb d\u00e8s son lancement. Un programme-d\u00e9tente pour le mois d\u2019ao\u00fbt, tout en restant dans le D\u00e9veloppement Personnel, voil\u00e0 qui devrait nous garder en forme.<\/p>\n<p>Et si ces histoires contenaient des id\u00e9es innovantes pour la rentr\u00e9e\u00a0? Que ce soit pour cr\u00e9er, prospecter, embaucher, convaincre, motiver&#8230;<\/p>\n<p>J&#8217;ai lu un tr\u00e8s bel article r\u00e9cemment sur les entretiens d&#8217;embauche (j&#8217;ai travaill\u00e9 pendant plus de 2 ans dans un cabinet de recrutement, donc le sujet m&#8217;int\u00e9resse). Saviez-vous qu&#8217;\u00e0 CV \u00e9gal, on pr\u00e9f\u00e9rera toujours la personne qui raconte une histoire pendant\u00a0l&#8217;entretien ? Je ne parle pas d&#8217;une histoire dr\u00f4le ou m\u00e9taphorique, dans le cas d&#8217;une embauche, l&#8217;id\u00e9e est de SE raconter. Je pr\u00e9cise qu&#8217;on parle d&#8217;un poste\u00a0o\u00f9 des comp\u00e9tences en Communication ne sont pas sp\u00e9cialement requises.<\/p>\n<p>Pour les experts, le succ\u00e8s\u00a0de la technique tient \u00e0 deux choses :<\/p>\n<ul>\n<li>La fa\u00e7on de raconter l&#8217;histoire<\/li>\n<li>Le moment choisi pour \u00a0la raconter<\/li>\n<\/ul>\n<p>L&#8217;essentiel de la pr\u00e9paration (qui peut se faire dans un coaching) consistent donc \u00e0 trouver le &#8220;bon moment&#8221;, et \u00e0 raconter l&#8217;histoire de la fa\u00e7on la plus authentique possible.<\/p>\n<p>Le recruteur (qui conna\u00eet la chanson) est-il dupe ? Loin de l\u00e0 : c&#8217;est un jeu de Communication.\u00a0Il\u00a0sait que l&#8217;histoire a \u00e9t\u00e9 longuement pr\u00e9par\u00e9e. Il joue le jeu. Il cr\u00e9e m\u00eame diff\u00e9rentes opportunit\u00e9s pour permettre au candidat de glisser son histoire. Les non-initi\u00e9s consid\u00e8rent la pr\u00e9paration pr\u00e9alable comme une supercherie, mais c&#8217;est au contraire une question de Respect : avez-vous d\u00e9j\u00e0 eu \u00e0 faire \u00e0 une personne qui essaye de raconter une histoire dr\u00f4le sans la conna\u00eetre sur le bout des doigts ? Une cata ! C&#8217;est pareil pour une tranche de vie ou un moment d&#8217;exception. C&#8217;est vous que vous racontez, et c&#8217;est ainsi que vous vous vendez. Si vous avez d\u00e9j\u00e0 essay\u00e9, vous savez que m\u00eame apr\u00e8s un surentra\u00eenement, l&#8217;instant est authentique.<\/p>\n<p>A l&#8217;\u00e9cole<\/p>\n<p>En p\u00e9dagogie, les histoires sont tr\u00e8s utilis\u00e9es. Je travaille avec des professeurs, des instituteurs (et bien s\u00fbr des \u00e9l\u00e8ves et des parents d&#8217;\u00e9l\u00e8ves). Nous avons constat\u00e9 que m\u00eame les probl\u00e8mes de math\u00e9matiques sc\u00e9naris\u00e9s sont plus facilement r\u00e9solus que les probl\u00e8mes qui exposent juste les faits.\u00a0Il y a plusieurs th\u00e9ories qui tentent d\u2019expliquer la raison pour laquelle l&#8217;histoire rend l\u2019\u00e9quation plus accessible. Je vous expliquera \u00e7a dans un prochain article.<\/p>\n<p>Nous avons \u00e9galement remarqu\u00e9 que lorsqu&#8217;une personne aime une histoire, elle fait moins de fautes d&#8217;orthographe lorsqu&#8217;on transforme l&#8217;histoire en dict\u00e9e ! Oui, vous avez bien lu\u00a0: \u00e0 difficult\u00e9 \u00e9gale c\u00f4t\u00e9 vocabulaire, une histoire qui int\u00e9resse l&#8217;\u00e9l\u00e8ve \u00e9veille davantage son attention. Il respecte les mots qui le font vibrer. Au fond, ce n&#8217;est pas \u00e9tonnant. Mais quand on a d\u00e9cid\u00e9 d&#8217;en faire un outil p\u00e9dagogique, c&#8217;est bouleversant ! Que de progr\u00e8s&#8230; Ca vaut le coup de travailler l&#8217;histoire !<\/p>\n<h2>Retour\u00a0au bonhomme de neige<\/h2>\n<p>Ce que je dis sur les mati\u00e8res scolaires\u00a0est \u00e9galement valable pour un coaching. Si le probl\u00e8me vous d\u00e9passe, il convient de le rendre plus accessible. L&#8217;histoire d&#8217;inspiration simplifie le probl\u00e8me et vous y trouvez des solutions, comme si elle\u00a0avait \u00e9t\u00e9 \u00e9crite pour vous (effet Barnum). En r\u00e9alit\u00e9, c&#8217;est parce qu&#8217;elle est beaucoup plus riche qu&#8217;elle n&#8217;y para\u00eet au premier abord.\u00a0Si je demandais \u00e0 professionnel du coaching de faire une analyse fine du &#8220;Bonheur de neige&#8221;, il pourra lister ceci :<\/p>\n<ul>\n<li><strong>Perception de la r\u00e9alit\u00e9\u00a0:<\/strong> tristesse, puis bonheur de Mamie<\/li>\n<li><strong>Energie n\u00e9gative\/positive\u00a0:<\/strong> l\u2019\u00e9nergie n\u00e9gative de Mamie \u00e9tait palpable et envahissait l&#8217;atmosph\u00e8re. Quelqu&#8217;un devait changer \u00e7a !<\/li>\n<li><strong>Motivation\u00a0:<\/strong>\u00a0un certains nombre de signes m&#8217;ont donn\u00e9 des raisons d&#8217;agir. Et le livre que je lisais m\u2019a certainement permis d\u2019utiliser les bons outils (\u00e0 ma port\u00e9e) pour passer \u00e0 l&#8217;action.<\/li>\n<li><strong>Leadership\u00a0:<\/strong>\u00a0par quel bonhomme les enfants ont-ils \u00e9t\u00e9 s\u00e9duits au moment de se retrousser les manches ?<\/li>\n<li><strong>Manipulation gagnant\/gagnant\u00a0:<\/strong> qu&#8217;on ose prononcer le mot ou pas, transformer la tristesse en Bonheur en si peu de temps, est une manipulation mentale. Est-ce mal ?<\/li>\n<li><strong>Demande subliminale :<\/strong> on pourrait dire que Mamie ne m&#8217;a rien demand\u00e9. Mais est-ce vraiment le cas quand on sait \u00e9couter ceux qu&#8217;on aime ?<\/li>\n<li><strong>Valeurs humaines\u00a0:<\/strong> la Famille c\u2019est sacr\u00e9 ! On ne laisse personne sur le bord de la route.\u00a0L&#8217;ensemble de l&#8217;\u00e9quipe est l\u00e0 aussi pour aider les autres.<\/li>\n<li><strong>L\u00e2cher-prise\u00a0:<\/strong> j\u2019ai l\u00e2ch\u00e9 mon bouquin&#8230; Je peux vous dire que j&#8217;avais vraiment envie de continuer ma lecture !<\/li>\n<li><strong>Conscience de soi :\u00a0<\/strong>visiblement, c&#8217;\u00e9tait \u00e0 moi de jouer ! J&#8217;avais une place \u00e0 prendre\u00a0en cet apr\u00e8s-midi enneig\u00e9. Pourquoi moi\u00a0?&#8230; Ah bein oui d&#8217;accord ! J&#8217;y vais !<\/li>\n<li><strong>Proactivit\u00e9 :<\/strong> Qu\u2019est-ce que je peux faire ici et maintenant pour am\u00e9liorer la situation ?<\/li>\n<li><strong>Confiance en soi\u00a0:<\/strong>\u00a0 Pour manipuler les \u00e9motions d\u2019une personne, il faut avoir confiance en soi. Etais-je s\u00fbr d\u2019atteindre mon but\u00a0? Qu&#8217;est-ce que je risquais ?<\/li>\n<\/ul>\n<p>Et puisque l&#8217;histoire est vraie, cela signifie que dans la vraie vie, nous avons toutes ces \u00abmati\u00e8res\u00bb \u00e0 peaufiner. Mati\u00e8res qui ne s&#8217;apprennent pas \u00e0 l&#8217;\u00e9cole.<\/p>\n<p>Vous pourrez relire la m\u00eame\u00a0histoire en l\u2019observant sous l&#8217;un des angles cit\u00e9s ci-dessus. A chaque lecture orient\u00e9e, vous d\u00e9couvrirez une inspiration diff\u00e9rente. L&#8217;inspiration est d\u00e9j\u00e0 en vous : elle d\u00e9pend de la fa\u00e7on dont vous abordez l&#8217;histoire. Je pense que ceux qui l&#8217;ont juste trouv\u00e9e jolie, avaient juste envie de lire quelque chose de joli. Mais si vous avez besoin d&#8217;augmenter votre confiance en soi, vous pouvez adopter la bonne attitude mentale avant de lire ce m\u00eame texte, et vous trouverez des \u00e9l\u00e9ments pour augmenter votre confiance. Idem pour le leadership ou le l\u00e2cher-prise&#8230;<\/p>\n<p>Dans mon nouveau programme, je vais accompagner votre lecture pour que vous puissiez adopter la ou les postures mentales tendues. Je vous proposerai \u00e9galement, apr\u00e8s chaque lecture, un d\u00e9fi, une action, une id\u00e9e, une exp\u00e9rience, etc. afin de lier l&#8217;histoire \u00e0 votre r\u00e9alit\u00e9, pour qu&#8217;elle vous inspire des solutions pratiques. Vous pourrez le faire chaque jour ou un jour sur deux, ou m\u00eame une seule fois en deux semaines. Nous ne sommes pas \u00e0 l&#8217;\u00e9cole, je ne suis pas l\u00e0 pour surveiller vos devoirs ;-). C&#8217;est \u00e0 vous de trouver votre rythme d&#8217;activit\u00e9.<\/p>\n<p>Et s&#8217;il advenait que tout \u00e7a ne vous apporte rien, vous pourrez vous en rendre compte d\u00e8s la premi\u00e8re semaine et demander un remboursement. Il est possible que vous ne soyez pas \u00abcoachable\u00bb par des histoires, mais \u00e7a vaut vraiment le coup\u00a0d&#8217;essayer.<\/p>\n<p style=\"text-align: center;\"><a class=\"buttonize blue\" href=\"http:\/\/inscription-minute.fr\/solution.aspx?code=HI09IR10&amp;origine=IH\" target=\"_blank\">Inscrivez-vous !<\/a><\/p>\n<p><a href=\"http:\/\/inscription-minute.fr\/solution.aspx?code=HI09IR10&amp;origine=IH\" target=\"_blank\"><img decoding=\"async\" class=\"\" src=\"http:\/\/i0.wp.com\/www.inscription-minute.fr\/adherents\/bandeauHistoiresInspirantes.jpg?resize=584%2C77\" alt=\"Histoires Inspirantes\" data-recalc-dims=\"1\" \/><\/a><\/p>\n<p>A++<\/p>\n<p><strong>St\u00e9phane SOLOMON<\/strong><\/p>\n<p>&nbsp;<\/p>\n<!--themify_builder_content-->\n<div id=\"themify_builder_content-2518\" data-postid=\"2518\" class=\"themify_builder_content themify_builder_content-2518 themify_builder tf_clear\">\n    <\/div>\n<!--\/themify_builder_content-->\n","protected":false},"excerpt":{"rendered":"<p>Pour commencer, je voudrais remercier celles et ceux qui ont adh\u00e9r\u00e9 au programme \u00abHistoires Inspirantes\u00bb d\u00e8s son lancement. Un programme-d\u00e9tente pour le mois d\u2019ao\u00fbt, tout en restant dans le D\u00e9veloppement Personnel, voil\u00e0 qui devrait nous garder en forme. Et si ces histoires contenaient des id\u00e9es innovantes pour la rentr\u00e9e\u00a0? Que ce soit pour cr\u00e9er, prospecter, [&hellip;]<\/p>\n","protected":false},"author":1,"featured_media":0,"parent":0,"menu_order":0,"comment_status":"open","ping_status":"open","template":"","meta":[],"builder_content":"","_links":{"self":[{"href":"https:\/\/auto-coaching.fr\/index.php\/wp-json\/wp\/v2\/pages\/2518"}],"collection":[{"href":"https:\/\/auto-coaching.fr\/index.php\/wp-json\/wp\/v2\/pages"}],"about":[{"href":"https:\/\/auto-coaching.fr\/index.php\/wp-json\/wp\/v2\/types\/page"}],"author":[{"embeddable":true,"href":"https:\/\/auto-coaching.fr\/index.php\/wp-json\/wp\/v2\/users\/1"}],"replies":[{"embeddable":true,"href":"https:\/\/auto-coaching.fr\/index.php\/wp-json\/wp\/v2\/comments?post=2518"}],"version-history":[{"count":13,"href":"https:\/\/auto-coaching.fr\/index.php\/wp-json\/wp\/v2\/pages\/2518\/revisions"}],"predecessor-version":[{"id":2531,"href":"https:\/\/auto-coaching.fr\/index.php\/wp-json\/wp\/v2\/pages\/2518\/revisions\/2531"}],"wp:attachment":[{"href":"https:\/\/auto-coaching.fr\/index.php\/wp-json\/wp\/v2\/media?parent=2518"}],"curies":[{"name":"wp","href":"https:\/\/api.w.org\/{rel}","templated":true}]}}