{"id":2533,"date":"2015-08-07T20:06:32","date_gmt":"2015-08-07T18:06:32","guid":{"rendered":"http:\/\/www.auto-coaching.fr\/?page_id=2533"},"modified":"2015-08-07T20:06:32","modified_gmt":"2015-08-07T18:06:32","slug":"histoires-inspirantes","status":"publish","type":"page","link":"https:\/\/auto-coaching.fr\/index.php\/histoires-inspirantes\/","title":{"rendered":"Histoires Inspirantes"},"content":{"rendered":"<p>Vous souvenez-vous du \u00ab<a href=\"http:\/\/www.auto-coaching.fr\/index.php\/le-bonheur-de-neige\/\" target=\"_blank\">Bonheur de neige<\/a>\u00bb\u00a0? Certainement&#8230; C\u2019est l\u2019article le plus comment\u00e9 du site. Pr\u00e8s de 130 commentaires\u00a0! Ce qui signifie que le nombre de lecteurs \u00e9tait 5 \u00e0 10 fois sup\u00e9rieur\u00a0! Du jamais vu jusqu\u2019\u00e0 ce jour, et \u00e7a reste in\u00e9gal\u00e9.<\/p>\n<p>Comment expliquez-vous \u00e7a\u00a0? On aurait pu s\u2019attendre \u00e0 ce que l\u2019article le plus populaire soit une d\u2019ordre pratique : une bonne technique d\u00e9cisionnelle ou une m\u00e9thode de planification, c\u2019est quand-m\u00eame beaucoup plus pertinent que l\u2019histoire d\u2019une mamie dure de la feuille\u00a0!&#8230;<\/p>\n<p>C\u2019est certainement vrai dans une formation, mais pas dans un processus de coaching. Les histoires, vraies ou m\u00e9taphoriques, ont toujours eu une place de choix dans l\u2019accompagnement vers la performance. Ca nous inspire, \u00e7a nous interroge, \u00e7a nos \u00e9veille, \u00e7a nous motive, \u00e7a nous change&#8230; Lorsque j\u2019accompagne mes clients en pr\u00e9sentiel et que je sens que c\u2019est le moment, j\u2019annonce\u00a0:<\/p>\n<ul>\n<li>Je vais vous raconter une histoire&#8230;<\/li>\n<\/ul>\n<p>Je per\u00e7ois alors un degr\u00e9 de r\u00e9ceptivit\u00e9 nettement sup\u00e9rieur \u00e0 la moyenne. C\u2019est tellement palpable, que je ressens comme de l\u2019\u00e9lectricit\u00e9 dans la pi\u00e8ce&#8230; On pourrait dire que le moment est attendu. C\u2019est comme si mon client attendait cet instant. Evidemment, l\u2019histoire fait mouche presque \u00e0 chaque fois\u00a0!<\/p>\n<p>Savez-vous combien d\u2019histoires J\u2019ai \u00e9crites depuis que j\u2019ai commenc\u00e9 cette Newsletter (il y a 6 ans)\u00a0? J\u2019avoue que moi-m\u00eame, je n\u2019avais pas conscience du nombre, avant de me lancer dans un travail de recherche\u00a0: pour le moment, j\u2019en ai rep\u00e9r\u00e9 40\u00a0! Et je n\u2019ai pas fini ma s\u00e9lection&#8230;<\/p>\n<p>Je ne parle pas d\u2019histoires qui n\u2019ont de l\u2019int\u00e9r\u00eat que si vous me connaissez&#8230; Vous savez, celles o\u00f9, apparemment, je raconte ma vie&#8230; Je parle d\u2019histoires que vous pourriez envoyer \u00e0 n\u2019importe quelle personne de votre entourage, et qui fera \u00e9cho, m\u00eame si cette personne n\u2019a jamais entendu parler de moi ou de ma m\u00e9thode de travail. L\u2019histoire de \u00abla ch\u00e8vre Belle\u00bb est un parfait exemple.<\/p>\n<p>Pour le mois d\u2019ao\u00fbt, j\u2019ai cr\u00e9\u00e9 un programme d\u2019auto-coaching enti\u00e8rement bas\u00e9 sur cette s\u00e9lection d\u2019histoires. Vous y retrouverez vos histoires pr\u00e9f\u00e9r\u00e9es, mais aussi des histoires in\u00e9dites, \u00e9crites pour l\u2019occasion. Ce qui est important dans cet atelier estival, ce n\u2019est pas la fra\u00eecheur ou l\u2019originalit\u00e9 de l\u2019histoire\u00a0: c\u2019est ce que nous en ferons ensemble. Vous pourriez conna\u00eetre l\u2019histoire depuis des ann\u00e9es, vous la lirez sous un nouveau jour. Vous pourrez m\u00eame l\u2019appr\u00e9cier sous diff\u00e9rents angles, car les participants apporteront leur \u00e9clairage. Je suis s\u00fbr que parfois, je serai moi-m\u00eame surpris par ce que j\u2019ai \u00e9crit, parce que vous y apporterez votre lumi\u00e8re\u00a0!<\/p>\n<p>\u00c7a commence d\u00e8s lundi prochain.<\/p>\n<p><a href=\"http:\/\/inscription-minute.fr\/solution.aspx?code=HI09IR10&amp;origine=HI\" target=\"_blank\"><img decoding=\"async\" loading=\"lazy\" class=\"\" src=\"http:\/\/www.inscription-minute.fr\/adherents\/bandeauHistoiresInspirantes.jpg\" alt=\"Histoires Inspirantes\" width=\"760\" height=\"100\" \/><\/a><\/p>\n<p style=\"text-align: center;\"><a href=\"http:\/\/inscription-minute.fr\/solution.aspx?code=HI09IR10&amp;origine=HI\" target=\"_blank\">Inscrivez-vous\u00a0!<\/a><\/p>\n<p>A++<\/p>\n<p><strong>St\u00e9phane SOLOMON<\/strong><\/p>\n<p>PS\u00a0: Comme toujours, si vous avez des questions, je suis \u00e0 votre service. Il suffit de les poser ci-dessous ou de m\u2019envoyer un e-mail en r\u00e9pondant au courrier que vous avez re\u00e7u.<\/p>\n<!--themify_builder_content-->\n<div id=\"themify_builder_content-2533\" data-postid=\"2533\" class=\"themify_builder_content themify_builder_content-2533 themify_builder tf_clear\">\n    <\/div>\n<!--\/themify_builder_content-->\n","protected":false},"excerpt":{"rendered":"<p>Vous souvenez-vous du \u00abBonheur de neige\u00bb\u00a0? Certainement&#8230; C\u2019est l\u2019article le plus comment\u00e9 du site. Pr\u00e8s de 130 commentaires\u00a0! Ce qui signifie que le nombre de lecteurs \u00e9tait 5 \u00e0 10 fois sup\u00e9rieur\u00a0! Du jamais vu jusqu\u2019\u00e0 ce jour, et \u00e7a reste in\u00e9gal\u00e9. Comment expliquez-vous \u00e7a\u00a0? On aurait pu s\u2019attendre \u00e0 ce que l\u2019article le plus [&hellip;]<\/p>\n","protected":false},"author":1,"featured_media":0,"parent":0,"menu_order":0,"comment_status":"open","ping_status":"open","template":"","meta":[],"builder_content":"","_links":{"self":[{"href":"https:\/\/auto-coaching.fr\/index.php\/wp-json\/wp\/v2\/pages\/2533"}],"collection":[{"href":"https:\/\/auto-coaching.fr\/index.php\/wp-json\/wp\/v2\/pages"}],"about":[{"href":"https:\/\/auto-coaching.fr\/index.php\/wp-json\/wp\/v2\/types\/page"}],"author":[{"embeddable":true,"href":"https:\/\/auto-coaching.fr\/index.php\/wp-json\/wp\/v2\/users\/1"}],"replies":[{"embeddable":true,"href":"https:\/\/auto-coaching.fr\/index.php\/wp-json\/wp\/v2\/comments?post=2533"}],"version-history":[{"count":1,"href":"https:\/\/auto-coaching.fr\/index.php\/wp-json\/wp\/v2\/pages\/2533\/revisions"}],"predecessor-version":[{"id":2534,"href":"https:\/\/auto-coaching.fr\/index.php\/wp-json\/wp\/v2\/pages\/2533\/revisions\/2534"}],"wp:attachment":[{"href":"https:\/\/auto-coaching.fr\/index.php\/wp-json\/wp\/v2\/media?parent=2533"}],"curies":[{"name":"wp","href":"https:\/\/api.w.org\/{rel}","templated":true}]}}