{"id":2536,"date":"2015-08-12T21:55:35","date_gmt":"2015-08-12T19:55:35","guid":{"rendered":"http:\/\/www.auto-coaching.fr\/?page_id=2536"},"modified":"2015-08-12T22:23:18","modified_gmt":"2015-08-12T20:23:18","slug":"une-super-technique-pour-la-rentree","status":"publish","type":"page","link":"https:\/\/auto-coaching.fr\/index.php\/une-super-technique-pour-la-rentree\/","title":{"rendered":"Une super technique pour la rentr\u00e9e"},"content":{"rendered":"<p>J\u2019ai un ami qui \u00e9tait ath\u00e9e durant des d\u00e9cennies. Puis un jour, il a eu une r\u00e9v\u00e9lation\u00a0: il a entrepris un parcours vers la Foi.<\/p>\n<p>Comme beaucoup d\u2019ath\u00e9es, il avait lu la bible ne serait-ce que pour se cultiver. Mais aujourd\u2019hui, lorsqu\u2019il relit les textes sacr\u00e9s, il y trouve de nouvelles dimensions. Il ne s\u2019arr\u00eate plus \u00e0 l\u2019histoire. Son niveau de r\u00e9ceptivit\u00e9 a tellement \u00e9volu\u00e9, qu\u2019il a parfois l\u2019impression de d\u00e9couvrir certains passages pour la premi\u00e8re fois (alors qu\u2019il sait tr\u00e8s bien qu\u2019il les a d\u00e9j\u00e0 lus).<\/p>\n<p>Bien que ma newsletter n\u2019a aucune vocation religieuse, faisons un parall\u00e8le avec l\u2019auto-coaching\u00a0: beaucoup de lecteurs sont entr\u00e9s dans ce programme en \u00e9tant \u00abath\u00e9es du coaching\u00bb. Ils \u00e9taient mus par une simple curiosit\u00e9 et un besoin de se cultiver. Si c\u2019est votre cas, il serait int\u00e9ressant de savoir si votre croyance a \u00e9volu\u00e9 ou si vous en \u00eates toujours au m\u00eame point aujourd\u2019hui. C\u2019est important de savoir \u00e7a\u00a0! Si votre foi dans l\u2019auto-coaching n\u2019a pas \u00e9volu\u00e9 d\u2019un pouce, vous pourrez l\u00e2cher-prise sur ma m\u00e9thode, et envisager une nouvelle d\u00e9marche \u00e0 la rentr\u00e9e.<\/p>\n<p>En relisant une s\u00e9lection d\u2019articles que vous avez d\u00e9j\u00e0 lus (en particulier des histoires que je consid\u00e8re comme inspirantes), vous aurez un excellent outil d\u2019\u00e9valuation de vos progr\u00e8s. Ce nouveau programme peut donc servir d\u2019outil de mesure et de prise de d\u00e9cision\u00a0: STOP ou ENCORE\u00a0?<\/p>\n<p>La rentr\u00e9e est un tr\u00e8s bon moment pour r\u00e9\u00e9valuer la pertinence de vos choix\u00a0: les outils, les m\u00e9thodes, les partenariats, etc. Vous pouvez ainsi vous d\u00e9lester, remplacer, am\u00e9liorer, renforcer vos choix ant\u00e9rieurs. Il est tout \u00e0 fait possible que le programme \u00abHistoires Inspirantes\u00bb vous r\u00e9v\u00e8le enfin le sens profond de ma m\u00e9thode.<\/p>\n<p style=\"text-align: center;\"><a class=\"buttonize blue\" href=\"http:\/\/inscription-minute.fr\/solution.aspx?code=HI09IR10&amp;origine=techniqueRentree\">Inscrivez-vous\u00a0!<\/a><\/p>\n<p>&#8212;&#8212;&#8212;-<\/p>\n<h2>La technique :<\/h2>\n<p><strong>Question :<\/strong> \u00e0 votre avis, ai-je envoy\u00e9 cet article aux lecteurs qui se sont d\u00e9j\u00e0 inscrits \u00e0 \u00abHistoires Inspirantes\u00bb\u00a0?<\/p>\n<p>Vous pensez peut-\u00eatre que c\u2019est inutile (ou alors que ce serait une erreur)\u00a0: pourquoi envoyer de la pub \u00e0 des gens qui ont d\u00e9j\u00e0 achet\u00e9 le produit\u00a0?<\/p>\n<p>Je vous explique\u00a0:<\/p>\n<p>Les lecteurs qui ont adh\u00e9r\u00e9 \u00e0 \u00abhistoires Inspirantes\u00bb ne peuvent pas y lire une pub, justement parce qu\u2019ils ont d\u00e9j\u00e0 adh\u00e9r\u00e9&#8230; Ils vont donc ignorer le fameux\u00a0\u00abinscrivez-vous\u00a0!\u00bb pour relever ceci\u00a0:<\/p>\n<ol>\n<li>La rentr\u00e9e est un tr\u00e8s bon moment pour r\u00e9\u00e9valuer la pertinence de vos choix\u00a0: les outils, les m\u00e9thodes, les partenariats, etc. Vous pouvez ainsi vous d\u00e9lester, remplacer, am\u00e9liorer, renforcer vos choix ant\u00e9rieurs.<\/li>\n<\/ol>\n<p>C\u2019est bon \u00e7a comme proposition\u00a0! D\u2019ailleurs si vous n\u2019\u00eates pas en vacances, c\u2019est d\u00e9j\u00e0 le moment\u00a0! Pour ma part, je remets s\u00e9rieusement en question mon abonnement Internet dont le d\u00e9bit est tr\u00e8s faible. Je ne peux plus faire de webinaires depuis plusieurs mois. Il est peut-\u00eatre temps de changer de fournisseur d\u2019acc\u00e8s\u00a0!<\/p>\n<ol start=\"2\">\n<li>Si votre foi dans [l\u2019auto-coaching] n\u2019a pas \u00e9volu\u00e9 d\u2019un pouce, vous pourrez envisager une nouvelle d\u00e9marche \u00e0 la rentr\u00e9e.<\/li>\n<\/ol>\n<p>Dans mon article, je parle de votre foi dans l\u2019auto-coaching. Mais ce que je propose peut \u00eatre adapt\u00e9 \u00e0 \u00e9norm\u00e9ment d\u2019autres choses. La confiance, c\u2019est tr\u00e8s important\u00a0! Si je n\u2019ai plus confiance en mon fournisseur d\u2019acc\u00e8s, ce n\u2019est m\u00eame pas la peine de r\u00e9fl\u00e9chir. Je dois changer de cr\u00e8merie. Qui d\u2019autre m\u00e9rite ma Confiance\u00a0?<\/p>\n<ol start=\"3\">\n<li>Ce [programme] peut donc servir d\u2019outil de mesure et de d\u00e9cision.\u00a0: STOP ou ENCORE\u00a0?<\/li>\n<\/ol>\n<p>Voil\u00e0 une excellente id\u00e9e\u00a0! Je ne parle pas uniquement de mon programme, mais de tous vos partenariats. La plupart des commandes se font sous stress\u00a0: nous prenons rarement le temps d\u2019\u00e9valuer le v\u00e9ritable service ou la qualit\u00e9 des produits en situation r\u00e9elle. Ici, la technique consiste \u00e0 acheter tranquillement (sans stress), tout en surveillant les \u00e9v\u00e8nements en toute conscience. Vous pourriez m\u00eame passer une commande rien que pour mesurer, un peu comme on ferait un exercice d\u2019incendie. Pour ma part, je viens de contacter mon fournisseur d\u2019acc\u00e8s, pour expliquer mon probl\u00e8me, et non seulement ils ont multipli\u00e9 le d\u00e9bit par 1,4 en moins de 5 minutes, mais en plus, ils ont lanc\u00e9 un programme qui pourrait tripler ce d\u00e9bit d\u2019ici 7 jours. STOP ou ENCORE\u00a0? Je le saurai dans une semaine&#8230;<\/p>\n<p>Voil\u00e0\u00a0! Lisez-vous toujours une pub, ou une technique qui vous invite \u00e0 davantage de performance ?&#8230;<\/p>\n<p>Est-il possible que les lecteurs de mon dernier programme aient compris la technique avant que je commence \u00e0 l&#8217;expliquer (d\u00e8s le d\u00e9but de mon article) ? Ma r\u00e9ponse est OUI\u00a0! C\u2019est tr\u00e8s probable. D\u2019une part parce qu\u2019ils ne sont pas parasit\u00e9s par l\u2019id\u00e9e qu\u2019ils lisent une pub, et d\u2019autre part parce que les personnes qui aiment qu\u2019on leur raconte des histoires ont l\u2019habitude de se servir de ce qui se trouve dedans : le r\u00e9cit est personnalis\u00e9, adapt\u00e9, compl\u00e9t\u00e9, modifi\u00e9 pour \u00eatre utile. Ces lecteurs ont la conviction absolue\u00a0que ce\u00a0qui leur a \u00e9t\u00e9 envoy\u00e9 est une source d&#8217;inspiration.<\/p>\n<p>Vous devriez essayer\u00a0!<\/p>\n<p style=\"text-align: center;\"><a class=\"buttonize blue\" href=\"http:\/\/inscription-minute.fr\/solution.aspx?code=HI09IR10&amp;origine=techniqueRentree\">Inscrivez-vous\u00a0!<\/a><\/p>\n<p>A++<\/p>\n<p><strong>St\u00e9phane SOLOMON<\/strong><\/p>\n<!--themify_builder_content-->\n<div id=\"themify_builder_content-2536\" data-postid=\"2536\" class=\"themify_builder_content themify_builder_content-2536 themify_builder tf_clear\">\n    <\/div>\n<!--\/themify_builder_content-->\n","protected":false},"excerpt":{"rendered":"<p>J\u2019ai un ami qui \u00e9tait ath\u00e9e durant des d\u00e9cennies. Puis un jour, il a eu une r\u00e9v\u00e9lation\u00a0: il a entrepris un parcours vers la Foi. Comme beaucoup d\u2019ath\u00e9es, il avait lu la bible ne serait-ce que pour se cultiver. Mais aujourd\u2019hui, lorsqu\u2019il relit les textes sacr\u00e9s, il y trouve de nouvelles dimensions. Il ne s\u2019arr\u00eate [&hellip;]<\/p>\n","protected":false},"author":1,"featured_media":0,"parent":0,"menu_order":0,"comment_status":"open","ping_status":"open","template":"","meta":[],"builder_content":"","_links":{"self":[{"href":"https:\/\/auto-coaching.fr\/index.php\/wp-json\/wp\/v2\/pages\/2536"}],"collection":[{"href":"https:\/\/auto-coaching.fr\/index.php\/wp-json\/wp\/v2\/pages"}],"about":[{"href":"https:\/\/auto-coaching.fr\/index.php\/wp-json\/wp\/v2\/types\/page"}],"author":[{"embeddable":true,"href":"https:\/\/auto-coaching.fr\/index.php\/wp-json\/wp\/v2\/users\/1"}],"replies":[{"embeddable":true,"href":"https:\/\/auto-coaching.fr\/index.php\/wp-json\/wp\/v2\/comments?post=2536"}],"version-history":[{"count":5,"href":"https:\/\/auto-coaching.fr\/index.php\/wp-json\/wp\/v2\/pages\/2536\/revisions"}],"predecessor-version":[{"id":2541,"href":"https:\/\/auto-coaching.fr\/index.php\/wp-json\/wp\/v2\/pages\/2536\/revisions\/2541"}],"wp:attachment":[{"href":"https:\/\/auto-coaching.fr\/index.php\/wp-json\/wp\/v2\/media?parent=2536"}],"curies":[{"name":"wp","href":"https:\/\/api.w.org\/{rel}","templated":true}]}}