{"id":2543,"date":"2015-08-25T18:52:08","date_gmt":"2015-08-25T16:52:08","guid":{"rendered":"http:\/\/www.auto-coaching.fr\/?page_id=2543"},"modified":"2015-08-25T21:12:40","modified_gmt":"2015-08-25T19:12:40","slug":"la-dictee-valeureuse","status":"publish","type":"page","link":"https:\/\/auto-coaching.fr\/index.php\/la-dictee-valeureuse\/","title":{"rendered":"La dict\u00e9e valeureuse"},"content":{"rendered":"<p>Voici une technique que je vous propose d\u2019utiliser avec vos enfants s\u2019ils ont des probl\u00e8mes en orthographe. Je l&#8217;ai exp\u00e9riment\u00e9e des dizaines de fois\u00a0avec des enfants que j&#8217;accompagne (coaching scolaire), et les instituteurs que je forme sont unanimes : les progr\u00e8s sont vite palpables, et les r\u00e9sultats sont durables.<\/p>\n<h2>Pr\u00e9paration mentale<\/h2>\n<p>Oubliez, le temps de l&#8217;exercice, les contraintes et les m\u00e9thodes scolaires. Rappelez-vous que quelle que soit la classe de votre enfant, il \u00e9tudie\u00a0pour lui-m\u00eame. Son apprentissage n&#8217;a pas pour vocation\u00a0d&#8217;obtenir de bonnes notes, de plaire \u00e0 ses professeurs, ou de faire votre fiert\u00e9. L&#8217;id\u00e9e centrale est de penser \u00e0 l&#8217;enfant d&#8217;abord. L&#8217;environnement dans lequel il est cens\u00e9 \u00abexceller\u00bb passe apr\u00e8s&#8230; En gardant cet \u00e9tat d&#8217;esprit, vous pourrez appliquer cette technique avec simplicit\u00e9, et surtout, vous pourrez adapter la technique en restant \u00e0\u00a0l&#8217;\u00e9coute.<\/p>\n<h2>La m\u00e9thode<\/h2>\n<p>Demandez \u00e0 votre enfant de choisir un texte qui est important \u00e0 ses yeux. Attention : ne lui\u00a0demandez pas de choisir le texte qu\u2019il pr\u00e9f\u00e8re parmi une dizaine de choix. Proposez-lui de choisir SON texte librement. Il peut s&#8217;agir de l\u2019extrait d\u2019un livre, d&#8217;une chanson, d&#8217;un dialogue de film, d\u2019une pub, etc. laissez-le faire, et surtout, N<span class=\"text_exposed_show\">E JUGEZ PAS son\u00a0choix. Respectez-le !<\/span><\/p>\n<div class=\"text_exposed_show\">\n<p>Laissez votre enfant \u00e9tudier le texte, en lui expliquant que le but est d\u2019en faire une dict\u00e9e. D\u00e8s qu\u2019il se sentira pr\u00eat, lancez l\u2019\u00e9criture ! Si c\u2019est une chanson que votre enfant connait par c\u0153ur, elle peut faire l\u2019objet d\u2019une auto-dict\u00e9e.<\/p>\n<p>Observez le r\u00e9sultat&#8230; Je ne sais pas si vous trouvez surprenant le fait qu\u2019on fasse moins de fautes lorsqu\u2019on estime qu\u2019un texte est digne d\u2019int\u00e9r\u00eat&#8230; Si \u00e7a vous \u00e9tonne, vous allez vivre un miracle !<\/p>\n<h2>Comment l\u2019expliquer ?<\/h2>\n<p>Bon\u2026 D\u2019abord, ce n\u2019est pas bien d\u2019expliquer les miracles, parce qu&#8217;\u00e0 moins d&#8217;\u00eatre initi\u00e9 au D\u00e9veloppement Personnel, l&#8217;explication peut r\u00e9duire le c\u00f4t\u00e9 miraculeux&#8230; Mais puisque vous insistez, l&#8217;explication tient en un mot\u00a0: le<strong>\u00a0RESPECT !<\/strong><\/p>\n<p>L\u2019orthographe n\u2019est pas une science, et m\u00eame si la mati\u00e8re ob\u00e9it \u00e0 un certain nombre de r\u00e8gles, elle est tr\u00e8s capricieuse, et truff\u00e9e d\u2019exceptions plus bizarres les unes que les autres. L\u2019enfant accepte facilement quelque chose ou quelqu\u2019un de bizarre et de capricieux, \u00e0 partir du moment o\u00f9 il y a <strong>RESPECT<\/strong>. Dans le cas de la dict\u00e9e valeureuse, l\u2019enfant ne cherche pas \u00e0 respecter la logique ou les r\u00e8gles&#8230; Il respecte le texte qui le fait vibrer et le message qui s\u2019en d\u00e9gage. Il sait qu\u2019une faute peut en d\u00e9naturer\u00a0le SENS. Son attention est d\u00e9cupl\u00e9e pour garder le fond et la forme intacts.<\/p>\n<h2>R\u00e9sultats++<\/h2>\n<p>Est-ce que cet exercice r\u00e9p\u00e9t\u00e9 peut am\u00e9liorer l\u2019orthographe de l\u2019enfant autour d\u2019autres textes, moins choisis ? La r\u00e9ponse est OUI ! Ce progr\u00e8s est un deuxi\u00e8me miracle que je ne pourrai expliquer qu\u2019\u00e0 celles et ceux qui auront appr\u00e9ci\u00e9 le premier.<\/p>\n<p>Alors exp\u00e9rimentez\u00a0!<\/p>\n<p>Si vous avez des questions, si vous \u00eates enseignant(e) et souhaitez adapter cette technique en classe, ou si vous voulez\u00a0partager votre exp\u00e9rience, laissez un commentaire ci-dessous.<\/p>\n<p>A++<\/p>\n<p><strong>St\u00e9phane SOLOMON<\/strong><\/p>\n<\/div>\n<!--themify_builder_content-->\n<div id=\"themify_builder_content-2543\" data-postid=\"2543\" class=\"themify_builder_content themify_builder_content-2543 themify_builder tf_clear\">\n    <\/div>\n<!--\/themify_builder_content-->\n","protected":false},"excerpt":{"rendered":"<p>Voici une technique que je vous propose d\u2019utiliser avec vos enfants s\u2019ils ont des probl\u00e8mes en orthographe. Je l&#8217;ai exp\u00e9riment\u00e9e des dizaines de fois\u00a0avec des enfants que j&#8217;accompagne (coaching scolaire), et les instituteurs que je forme sont unanimes : les progr\u00e8s sont vite palpables, et les r\u00e9sultats sont durables. Pr\u00e9paration mentale Oubliez, le temps de [&hellip;]<\/p>\n","protected":false},"author":1,"featured_media":0,"parent":0,"menu_order":0,"comment_status":"open","ping_status":"open","template":"","meta":[],"builder_content":"","_links":{"self":[{"href":"https:\/\/auto-coaching.fr\/index.php\/wp-json\/wp\/v2\/pages\/2543"}],"collection":[{"href":"https:\/\/auto-coaching.fr\/index.php\/wp-json\/wp\/v2\/pages"}],"about":[{"href":"https:\/\/auto-coaching.fr\/index.php\/wp-json\/wp\/v2\/types\/page"}],"author":[{"embeddable":true,"href":"https:\/\/auto-coaching.fr\/index.php\/wp-json\/wp\/v2\/users\/1"}],"replies":[{"embeddable":true,"href":"https:\/\/auto-coaching.fr\/index.php\/wp-json\/wp\/v2\/comments?post=2543"}],"version-history":[{"count":7,"href":"https:\/\/auto-coaching.fr\/index.php\/wp-json\/wp\/v2\/pages\/2543\/revisions"}],"predecessor-version":[{"id":2550,"href":"https:\/\/auto-coaching.fr\/index.php\/wp-json\/wp\/v2\/pages\/2543\/revisions\/2550"}],"wp:attachment":[{"href":"https:\/\/auto-coaching.fr\/index.php\/wp-json\/wp\/v2\/media?parent=2543"}],"curies":[{"name":"wp","href":"https:\/\/api.w.org\/{rel}","templated":true}]}}