{"id":2551,"date":"2015-08-28T17:56:37","date_gmt":"2015-08-28T15:56:37","guid":{"rendered":"http:\/\/www.auto-coaching.fr\/?page_id=2551"},"modified":"2015-08-30T14:08:04","modified_gmt":"2015-08-30T12:08:04","slug":"soyez-le-changement-que-vous-voulez-voir-dans-le-monde","status":"publish","type":"page","link":"https:\/\/auto-coaching.fr\/index.php\/soyez-le-changement-que-vous-voulez-voir-dans-le-monde\/","title":{"rendered":"Soyez le changement que vous voulez voir dans le monde"},"content":{"rendered":"<p>Pour commencer, je remercie les lecteurs qui ont comment\u00e9 mon pr\u00e9c\u00e9dent article sur \u00ab<a href=\"http:\/\/www.auto-coaching.fr\/index.php\/la-dictee-valeureuse\/\" data-cke-saved-href=\"http:\/\/www.auto-coaching.fr\/index.php\/la-dictee-valeureuse\/\">la dict\u00e9e valeureuse<\/a>\u00bb. Tant ceux qui l&#8217;ont fait sur le site, que ceux qui m&#8217;ont r\u00e9pondu par e-mail (curieusement plus nombreux cette fois).<\/p>\n<p>J\u2019esp\u00e8re que j\u2019aurai l\u2019occasion de lire vos t\u00e9moignages\u00a0une fois la technique exp\u00e9riment\u00e9e et les progr\u00e8s constat\u00e9s. Je veux dire par-l\u00e0 qu\u2019il ne suffit pas de trouver l\u2019id\u00e9e int\u00e9ressante ou intelligente. Autorisez-vous \u00e0 passer \u00e0 l&#8217;action concr\u00e8te. Ce n&#8217;est pas uniquement th\u00e9orique.<\/p>\n<p>Bravo \u00e0 celles et ceux qui ont compris que ce que je propose peut \u00eatre adapt\u00e9\u00a0\u00e0 tous les domaines, y compris dans le monde de l&#8217;Entreprise. Que ce soit dans la Relation-Client, la Communication Interne, la Formation, etc.\u00a0Tout ce qui repr\u00e9sente vos Valeurs.\u00a0Si vous n&#8217;avez pas encore lu cet article, pensant qu&#8217;il concernait uniquement les parents d\u00e9sorient\u00e9s, <a href=\"http:\/\/www.auto-coaching.fr\/index.php\/la-dictee-valeureuse\/\" data-cke-saved-href=\"http:\/\/www.auto-coaching.fr\/index.php\/la-dictee-valeureuse\/\">je vous invite \u00e0 le lire maintenant<\/a>, en l&#8217;associant \u00e0 votre probl\u00e8matiques\u00a0du moment. Il n&#8217;y a pas qu&#8217;en Orthographe qu&#8217;on fait des fautes.<\/p>\n<p>Deux lectrices\u00a0m&#8217;ont \u00e9crit que cette technique devrait \u00eatre utilis\u00e9e \u00e0 l&#8217;\u00e9cole par les enseignants. Je suis d&#8217;accord ! D&#8217;ailleurs, je travaille r\u00e9guli\u00e8rement avec des \u00e9coles en qu\u00eate de techniques p\u00e9dagogiques.\u00a0Mais puisque ce n&#8217;est pas g\u00e9n\u00e9ralis\u00e9, que faire ?<\/p>\n<h2>L\u00e2cher-prise<\/h2>\n<p>Si votre enfant a de gros probl\u00e8mes en Orthographe apr\u00e8s la classe de CE2, vous pouvez l\u00e2cher prise sur les m\u00e9thodes\u00a0scolaires. Pourquoi\u00a0? Parce que si ces m\u00e9thodes \u00e9taient bonnes pour votre enfant, il n\u2019aurait pas de probl\u00e8mes 3 ans apr\u00e8s le d\u00e9but de leur application. Changez de m\u00e9thodes\u00a0! Orientez-vous vers d\u2019autres solutions, quitte \u00e0 en essayer plusieurs avant d\u2019adopter la bonne.<\/p>\n<p>Attention, je ne veux pas dire par-l\u00e0 que vous devez d\u00e9scolariser votre enfant ou l\u2019exempter des cours de fran\u00e7ais&#8230; Ma proposition est de l\u00e2cher-prise sur \u00a0<strong>les notes<\/strong>. Faites confiance \u00e0 la nouvelle m\u00e9thode\u00a0(qui finira par impacter le niveau scolaire), et si votre enfant vous ram\u00e8ne de \u00absales notes\u00bb scolaires pendant sa <em>r\u00e9\u00e9ducation<\/em>\u00a0extra-scolaire, gardez le sourire\u00a0: cela signifie simplement que l\u2019\u00e9cole n\u2019emploie pas la bonne m\u00e9thode pour LUI.<\/p>\n<p>Il y a une multitude de techniques d\u2019apprentissage. Ne vous limitez surtout pas \u00e0 l\u2019\u00e9cole sous pr\u00e9texte que c\u2019est gratuit ou obligatoire. C\u2019est comme pour la sant\u00e9\u00a0: si vous vous limitez \u00e0 la sph\u00e8re rembours\u00e9e par la S\u00e9curit\u00e9 Sociale, vous pourriez prendre des anxiolytiques, l\u00e0 o\u00f9 l\u2019aromath\u00e9rapie peut suffire.<\/p>\n<p>Il est possible que vous ne soyez pas d\u2019accord avec moi\u00a0! L\u2019\u00e9cole n\u2019est pas gratuite puisque vous payez des imp\u00f4ts, et la s\u00e9cu non plus puisque vous payez des charges\u00a0! Il est temps que les solutions impos\u00e9es par nos gouvernants s\u2019adaptent aux besoins de la population ! A ce genre de revendication, je n\u2019ai qu\u2019une seule r\u00e9ponse. C\u2019est une r\u00e9ponse de coach, elle est donc faite pour des personnes \u00abcoachables\u00bb\u00a0:<\/p>\n<blockquote><p>Soyez le changement que vous voulez voir dans le monde\u00a0!<\/p><\/blockquote>\n<p>(Ce n\u2019est pas moi qui le dis, je ne fais que citer GANDHI).<\/p>\n<p>Pour changer l\u2019\u00e9cole vous croyez qu\u2019il faut manifester dans la rue\u00a0? Si ces marches indign\u00e9es fonctionnaient, \u00e7a se saurait\u00a0! \u00c7a fait des d\u00e9cennies qu&#8217;on d\u00e9file dans les rues pour qu&#8217;au final on nous impose des r\u00e9formes incongrues&#8230;<\/p>\n<p>Il y a plus efficace\u00a0: lorsque le joli monde qui cr\u00e9e nos programmes scolaires se rendra compte que les enfants apprennent mieux hors de l\u2019\u00e9cole, il y aura des r\u00e9formes efficaces, par \u00abinstinct de survie\u00bb ! On \u00e9coutera davantage les nouvelles propositions p\u00e9dagogiques, en particulier celles des enseignants qui sont sur le terrain et qui ont pris le risque d\u2019int\u00e9grer dans leur p\u00e9dagogie des techniques qui donnent des r\u00e9sultats probants. Ces personnes d\u2019exception qui font bien plus que leur travail&#8230; Chacun de nous se souvient forc\u00e9ment d&#8217;au moins 2 ou 3 professeurs d&#8217;exception.<\/p>\n<p>Manifestez-vous dans votre monde d\u2019abord. Allez vers les p\u00e9dagogies innovantes, et lorsque le succ\u00e8s sera au rendez-vous, expliquez \u00e0 qui voudra l\u2019entendre, que cette r\u00e9ussite est due \u00e0 des solutions extra-scolaires, ou \u00e0 des professeurs qui ont d\u00e9pass\u00e9 les limites impos\u00e9es..<\/p>\n<h2>Et vous ?<\/h2>\n<p>Rappelez-vous que vous aussi, vous aspirez \u00e0 acqu\u00e9rir de nouvelles connaissances et des comp\u00e9tences. Il est possible que les techniques employ\u00e9es par les organismes de formation traditionnels ne soient pas suffisantes. Ce n\u2019est pas un jugement absolu, car ces formations qui vous laissent dans le flou, donnent peut-\u00eatre d\u2019excellents r\u00e9sultats chez d\u2019autres personnes&#8230; Allez-vous baisser les bras\u00a0?<\/p>\n<p>Il existe des solutions alternatives. De plus en plus\u00a0! On commence, par exemple, \u00e0 associer l\u2019apprentissage d\u2019une langue \u00e9trang\u00e8re \u00e0 l\u2019hypnose, \u00e0 la sophrologie, \u00e0 la musicologie, au yoga&#8230; Allez vers ces solutions ! Si vous travaillez dans une grosse boite et votre Service Formation ne s&#8217;y est pas encore int\u00e9ress\u00e9, faites le n\u00e9cessaire pour inscrire ces formateurs dans le fichier des fournisseurs, et leurs prestations\u00a0dans le catalogue de formations.<\/p>\n<blockquote><p>Soyez le changement que vous voulez voir dans le monde.<\/p><\/blockquote>\n<p>Si vous \u00eates \u00e0 votre compte, ce principe devrait vous \u00eatre familier : le jour o\u00f9 vous avez cr\u00e9\u00e9 votre entreprise, vous avez incarn\u00e9 le changement que vous vouliez voir dans le monde&#8230; Continuez !<\/p>\n<p>Je suis \u00e0 votre disposition pour vous accompagner dans cette perspective.\u00a0Rappelez-vous que je ne suis pas qu&#8217;un\u00a0\u00abauteur\u00bb d&#8217;articles d&#8217;auto-coaching. \u00c7a, c&#8217;est secondaire. Mon activit\u00e9 principale est le coaching, et j&#8217;ai plus de 30 ans d&#8217;exp\u00e9rience en p\u00e9dagogie. Je travaille pour de tr\u00e8s grosses boites comme pour des petites structures.\u00a0Ces derni\u00e8res sont les premi\u00e8res dans mon c\u0153ur.<\/p>\n<p>A++<\/p>\n<p><strong>St\u00e9phane SOLOMON<\/strong><\/p>\n<!--themify_builder_content-->\n<div id=\"themify_builder_content-2551\" data-postid=\"2551\" class=\"themify_builder_content themify_builder_content-2551 themify_builder tf_clear\">\n    <\/div>\n<!--\/themify_builder_content-->\n","protected":false},"excerpt":{"rendered":"<p>Pour commencer, je remercie les lecteurs qui ont comment\u00e9 mon pr\u00e9c\u00e9dent article sur \u00abla dict\u00e9e valeureuse\u00bb. Tant ceux qui l&#8217;ont fait sur le site, que ceux qui m&#8217;ont r\u00e9pondu par e-mail (curieusement plus nombreux cette fois). J\u2019esp\u00e8re que j\u2019aurai l\u2019occasion de lire vos t\u00e9moignages\u00a0une fois la technique exp\u00e9riment\u00e9e et les progr\u00e8s constat\u00e9s. Je veux dire [&hellip;]<\/p>\n","protected":false},"author":1,"featured_media":0,"parent":0,"menu_order":0,"comment_status":"open","ping_status":"open","template":"","meta":[],"builder_content":"","_links":{"self":[{"href":"https:\/\/auto-coaching.fr\/index.php\/wp-json\/wp\/v2\/pages\/2551"}],"collection":[{"href":"https:\/\/auto-coaching.fr\/index.php\/wp-json\/wp\/v2\/pages"}],"about":[{"href":"https:\/\/auto-coaching.fr\/index.php\/wp-json\/wp\/v2\/types\/page"}],"author":[{"embeddable":true,"href":"https:\/\/auto-coaching.fr\/index.php\/wp-json\/wp\/v2\/users\/1"}],"replies":[{"embeddable":true,"href":"https:\/\/auto-coaching.fr\/index.php\/wp-json\/wp\/v2\/comments?post=2551"}],"version-history":[{"count":9,"href":"https:\/\/auto-coaching.fr\/index.php\/wp-json\/wp\/v2\/pages\/2551\/revisions"}],"predecessor-version":[{"id":2560,"href":"https:\/\/auto-coaching.fr\/index.php\/wp-json\/wp\/v2\/pages\/2551\/revisions\/2560"}],"wp:attachment":[{"href":"https:\/\/auto-coaching.fr\/index.php\/wp-json\/wp\/v2\/media?parent=2551"}],"curies":[{"name":"wp","href":"https:\/\/api.w.org\/{rel}","templated":true}]}}