{"id":256,"date":"2012-11-12T08:29:51","date_gmt":"2012-11-12T08:29:51","guid":{"rendered":"http:\/\/www.auto-coaching.fr\/?page_id=256"},"modified":"2012-11-13T12:38:16","modified_gmt":"2012-11-13T12:38:16","slug":"nos-programmes-auto-coaching","status":"publish","type":"page","link":"https:\/\/auto-coaching.fr\/index.php\/nos-programmes-auto-coaching\/","title":{"rendered":"Nos programmes d&rsquo;auto-coaching"},"content":{"rendered":"<table border=\"1\" cellspacing=\"1\" cellpadding=\"3\">\n<tbody>\n<tr>\n<th style=\"border-right-width: 1px; font-variant: small-caps; border-top-width: 1px; border-bottom-width: 1px; font-size: small; border-left-width: 1px\">Intitul\u00e9<\/th>\n<th style=\"border-right-width: 1px; font-variant: small-caps; width: 354px; border-top-width: 1px; border-bottom-width: 1px; font-size: small; border-left-width: 1px\">Description <\/th>\n<th style=\"border-right-width: 1px; font-variant: small-caps; width: 69px; border-top-width: 1px; border-bottom-width: 1px; font-size: small; border-left-width: 1px\">Prix<br \/>TTC<\/th>\n<\/tr>\n<tr>\n<td style=\"border-right-width: 1px; width: 140px; border-top-width: 1px; border-bottom-width: 1px; font-size: 10pt; border-left-width: 1px\"><a href=\"http:\/\/www.coupon-reponse.fr\/solution.aspx?code=MC6TU6I9&amp;origine=siteAC\">MEMORY-COACH<\/a><\/td>\n<td style=\"border-right-width: 1px; width: 354px; border-top-width: 1px; border-bottom-width: 1px; font-size: 10pt; border-left-width: 1px\">D\u00e9couvrez les rudiments de la mn\u00e9motechnie <\/td>\n<td style=\"border-right-width: 1px; width: 69px; border-top-width: 1px; border-bottom-width: 1px; border-left-width: 1px\">10 \u20ac<\/td>\n<\/tr>\n<tr>\n<td style=\"border-right-width: 1px; width: 140px; border-top-width: 1px; border-bottom-width: 1px; font-size: 10pt; border-left-width: 1px\"><a href=\"http:\/\/www.inscription-minute.fr\/solution.aspx?code=CC30CR91&amp;origine=siteAC\">CONFIANCE-COACH<\/a><\/td>\n<td style=\"border-right-width: 1px; width: 354px; border-top-width: 1px; border-bottom-width: 1px; font-size: 10pt; border-left-width: 1px\">Les meilleures pratiques de la confiance en soi <\/td>\n<td style=\"border-right-width: 1px; width: 69px; border-top-width: 1px; border-bottom-width: 1px; border-left-width: 1px\">39 \u20ac<\/td>\n<\/tr>\n<tr>\n<td style=\"border-right-width: 1px; width: 140px; border-top-width: 1px; border-bottom-width: 1px; font-size: 10pt; border-left-width: 1px\"><a href=\"http:\/\/www.inscription-minute.fr\/solution.aspx?code=PP20INS7&amp;origine=siteAC\">PENSEE++<\/a><\/td>\n<td style=\"border-right-width: 1px; width: 354px; border-top-width: 1px; border-bottom-width: 1px; font-size: 10pt; border-left-width: 1px\">La pens\u00e9e positive au service de vos actions <\/td>\n<td style=\"border-right-width: 1px; width: 69px; border-top-width: 1px; border-bottom-width: 1px; border-left-width: 1px\">20 \u20ac<\/td>\n<\/tr>\n<tr>\n<td style=\"border-right-width: 1px; width: 140px; border-top-width: 1px; border-bottom-width: 1px; font-size: 10pt; border-left-width: 1px\"><a href=\"http:\/\/www.inscription-minute.fr\/solution.aspx?code=RA20IN07&amp;origine=siteAC\">RICHE-ATTITUDE<\/a><\/td>\n<td style=\"border-right-width: 1px; width: 354px; border-top-width: 1px; border-bottom-width: 1px; font-size: 10pt; border-left-width: 1px\">Am\u00e9liorez votre rapport \u00e0 l\u2019argent <\/td>\n<td style=\"border-right-width: 1px; width: 69px; border-top-width: 1px; border-bottom-width: 1px; border-left-width: 1px\">20 \u20ac<\/td>\n<\/tr>\n<tr>\n<td style=\"border-right-width: 1px; width: 140px; border-top-width: 1px; border-bottom-width: 1px; font-size: 10pt; border-left-width: 1px\"><a href=\"http:\/\/www.inscription-minute.fr\/solution.aspx?code=ZC07RI91&amp;origine=siteAC\">ZEN-COACH<\/a><\/td>\n<td style=\"border-right-width: 1px; width: 354px; border-top-width: 1px; border-bottom-width: 1px; font-size: 10pt; border-left-width: 1px\">L\u2019atelier antistress <\/td>\n<td style=\"border-right-width: 1px; width: 69px; border-top-width: 1px; border-bottom-width: 1px; border-left-width: 1px\">29\u20ac<\/td>\n<\/tr>\n<\/tbody>\n<\/table>\n<p style=\"margin: 10px 0px 0px\">Les programmes TIME-COACH PLUS et ANECDOTES-COACH sont en cours de r\u00e9vision. Vous recevrez une notification par courrier \u00e9lectronique lorsqu\u2019ils seront \u00e0 nouveau disponibles.<\/p>\n<p style=\"margin: 10px 0px 0px\"><strong>Important :<\/strong> si vous avez d\u00e9j\u00e0 suivi l&#8217;un de ces programmes et souhaitez recommencer, il suffit de le demander (par mail). Vous n&#8217;aurez rien \u00e0 payer, car une participation vous donne droit \u00e0 autant de r\u00e9p\u00e9titions que vous le souhaitez.<\/p>\n<!--themify_builder_content-->\n<div id=\"themify_builder_content-256\" data-postid=\"256\" class=\"themify_builder_content themify_builder_content-256 themify_builder tf_clear\">\n    <\/div>\n<!--\/themify_builder_content-->\n","protected":false},"excerpt":{"rendered":"<p>Intitul\u00e9 Description PrixTTC MEMORY-COACH D\u00e9couvrez les rudiments de la mn\u00e9motechnie 10 \u20ac CONFIANCE-COACH Les meilleures pratiques de la confiance en soi 39 \u20ac PENSEE++ La pens\u00e9e positive au service de vos actions 20 \u20ac RICHE-ATTITUDE Am\u00e9liorez votre rapport \u00e0 l\u2019argent 20 \u20ac ZEN-COACH L\u2019atelier antistress 29\u20ac Les programmes TIME-COACH PLUS et ANECDOTES-COACH sont en cours [&hellip;]<\/p>\n","protected":false},"author":1,"featured_media":0,"parent":0,"menu_order":0,"comment_status":"closed","ping_status":"open","template":"","meta":[],"builder_content":"","_links":{"self":[{"href":"https:\/\/auto-coaching.fr\/index.php\/wp-json\/wp\/v2\/pages\/256"}],"collection":[{"href":"https:\/\/auto-coaching.fr\/index.php\/wp-json\/wp\/v2\/pages"}],"about":[{"href":"https:\/\/auto-coaching.fr\/index.php\/wp-json\/wp\/v2\/types\/page"}],"author":[{"embeddable":true,"href":"https:\/\/auto-coaching.fr\/index.php\/wp-json\/wp\/v2\/users\/1"}],"replies":[{"embeddable":true,"href":"https:\/\/auto-coaching.fr\/index.php\/wp-json\/wp\/v2\/comments?post=256"}],"version-history":[{"count":7,"href":"https:\/\/auto-coaching.fr\/index.php\/wp-json\/wp\/v2\/pages\/256\/revisions"}],"predecessor-version":[{"id":273,"href":"https:\/\/auto-coaching.fr\/index.php\/wp-json\/wp\/v2\/pages\/256\/revisions\/273"}],"wp:attachment":[{"href":"https:\/\/auto-coaching.fr\/index.php\/wp-json\/wp\/v2\/media?parent=256"}],"curies":[{"name":"wp","href":"https:\/\/api.w.org\/{rel}","templated":true}]}}