{"id":2562,"date":"2015-09-01T01:05:43","date_gmt":"2015-08-31T23:05:43","guid":{"rendered":"http:\/\/www.auto-coaching.fr\/?page_id=2562"},"modified":"2015-09-01T08:48:36","modified_gmt":"2015-09-01T06:48:36","slug":"une-rentree-sans-histoires","status":"publish","type":"page","link":"https:\/\/auto-coaching.fr\/index.php\/une-rentree-sans-histoires\/","title":{"rendered":"Une rentr\u00e9e sans histoires&#8230;"},"content":{"rendered":"<p>La nouvelle est tomb\u00e9e d\u00e9but juin, mais je ne voulais pas vous en faire part avant une derni\u00e8re tentative\u00a0: la plus influente des Ecoles de coaching a d\u00e9cid\u00e9 de remettre en question la pertinence des histoires inspirantes (qu\u2019elles soient vraies ou fictives). L\u2019affaire est grave, car il s\u2019agit d\u2019un groupe qui d\u00e9livre beaucoup de Certifications. Le vote est en cours, et en ce qui me concerne c\u2019est vital\u00a0! Si le nombre de voix penche en faveur de la suppression de cette pratique, je serai oblig\u00e9 d\u2019y renoncer. Si je continue malgr\u00e9 cette recommandation, la sanction habituelle est de retirer la Certification. Ce qui aura pour cons\u00e9quence d&#8217;influencer 80% des d\u00e9cideurs qui me font travailler&#8230;<\/p>\n<h2>J&#8217;ai besoin de votre action !<\/h2>\n<p>Lorsque j\u2019ai eu vent de cette affaire, je me suis dit que c\u2019\u00e9tait un canular. Comment peut-on imaginer une chose pareille\u00a0? C\u2019est comme si le CSA voulait limiter les films aux documentaires&#8230; C&#8217;est comme si l&#8217;Education Nationale voulait supprimer les r\u00e9citations&#8230; Aussi, ai-je dit avec conviction \u00e0 l\u2019annonceur de la nouvelle\u00a0:<\/p>\n<blockquote><p>La personne qui m\u2019emp\u00eachera de raconter des histoires n\u2019est pas n\u00e9e\u00a0! Si un jour un pouvoir quelconque d\u00e9cidait que les histoires ne doivent plus faire partie des outils de coaching, et que tout coach qui sera surpris en train d\u2019en raconter se verra priv\u00e9 de sa Certification, je prendrai toute ces paperasses qui me permettent de me gargariser aupr\u00e8s des d\u00e9cideurs, et je les renverrai aux exp\u00e9diteurs pour qu\u2019ils se r\u00e9chauffent avec\u00a0!<\/p><\/blockquote>\n<p>Au mois de juillet l\u2019affaire a pris une telle tournure que j\u2019ai d\u00e9cid\u00e9 de lancer un programme sp\u00e9cial bas\u00e9 sur les histoires inspirantes\u00a0! Vite\u00a0!!! Il fallait que je d\u00e9montre qu\u2019il y avait une vraie demande. Quelle ne fut pas ma d\u00e9ception lorsque j\u2019ai vu que sur 700 lecteurs sollicit\u00e9s, \u00e0 peine 7 y ont adh\u00e9r\u00e9 spontan\u00e9ment&#8230; Pourtant, j\u2019ai s\u00e9lectionn\u00e9 ces lecteurs avec soin. J\u2019\u00e9tais s\u00fbr qu\u2019ils aimaient les histoires, et j\u2019ai d\u00e9j\u00e0 eu la preuve par le pass\u00e9 qu\u2019ils savaient investir dans leur D\u00e9veloppement Personnel. Si vous recevez ce courrier aujourd\u2019hui, c\u2019est parce que vous avez fait partie de cette s\u00e9lection de sauveteurs potentiels&#8230; Je vous ai sollicit\u00e9 plus d\u2019une fois, comme je le fais \u00e0 tous mes lancements.<\/p>\n<p>Aujourd\u2019hui, un mois apr\u00e8s le lancement, 18 personnes se sont inscrites \u00e0 \u00abHistoires Inspirantes\u00bb. C\u00f4t\u00e9 fr\u00e9quentation, c\u2019est le pire de mes programmes ! Mais il y a encore pire\u00a0: j\u2019\u00e9tais tellement s\u00fbr de moi, que j\u2019ai annonc\u00e9 \u00e0 mes adversaires que j\u2019entamais une d\u00e9marche d\u00e9monstrative qui allait leur clouer le bec\u00a0! J\u2019\u00e9tais motiv\u00e9 par l\u2019id\u00e9e de lancer \u00e7a en plein mois d\u2019ao\u00fbt pour d\u00e9montrer que m\u00eame en p\u00e9riode de vacances, les histoires demeurent une source d\u2019inspiration privil\u00e9gi\u00e9e.<\/p>\n<p>Nous sommes le 1er septembre, je viens de leur donner les r\u00e9sultats (sans tricher). C\u2019est consternant\u00a0: en cherchant \u00e0 d\u00e9fendre une cause, je l\u2019ai desservie&#8230;<\/p>\n<p>Vous pourriez me r\u00e9pondre que si je vous avais r\u00e9v\u00e9l\u00e9 les enjeux, vous auriez fait un effort. Mais justement, le but (au d\u00e9but en tout cas) n\u2019\u00e9tait pas de faire des vagues&#8230; Il s\u2019agissait simplement de d\u00e9montrer que le public qui adh\u00e8re au D\u00e9veloppement Personnel reconnait l\u2019int\u00e9r\u00eat des histoires inspirantes. Que c\u2019est utile, efficace, d\u00e9clencheur, r\u00e9v\u00e9lateur, acc\u00e9l\u00e9rateur&#8230; A pr\u00e9sent, je suis contraint de passer au plan B qui consiste \u00e0 faire appel \u00e0 votre militantisme. Mais je tiens \u00e0 \u00eatre honn\u00eate avec vous\u00a0: \u00e7a n\u2019aura pas le m\u00eame poids que les 18 premi\u00e8res actions&#8230;<\/p>\n<p>R\u00e9fl\u00e9chissons\u00a0: si j\u2019annonce \u00e0 un public attentif <em>\u00abvoulez-vous que je vous raconte une histoire\u00a0?\u00bb<\/em> et qu\u2019il me r\u00e9pond majoritairement <em>\u00abOh oui\u00a0!\u00bb<\/em>, il est clair que c\u2019est l\u2019histoire qui motive les troupes. Mais si j\u2019annonce<em> \u00abS\u2019il vous pla\u00eet, il y a des m\u00e9chants qui veulent d\u00e9valoriser mon travail, alors dites NON \u00e0 l\u2019oppresseur\u00a0! Demandez-moi des histoires\u00a0!\u00bb<\/em>, ce qui va primer, c\u2019est le sentiment de Solidarit\u00e9, la r\u00e9volte latente qui est en chacun de nous, la qu\u00eate de Libert\u00e9&#8230; Mais l&#8217;histoire passe loin derri\u00e8re ! Je pourrais vous raconter \u00able petit chaperon rouge\u00bb, ce sera juste symbolique ! En pole position, il y aura la Cause \u00e0 d\u00e9fendre la main sur le c\u0153ur&#8230; Dans le temps j\u2019appelais \u00e7a de l\u2019empathie \u00e0 10 balles, aujourd\u2019hui elle est \u00e0 20 balles. Tout augmente\u00a0!<\/p>\n<p>Nous en avons d\u00e9j\u00e0 parl\u00e9\u00a0: il est inutile de sortir les banderoles pour sauver votre cin\u00e9ma de quartier, si en pratique, vous pr\u00e9f\u00e9rez vous rendre au multiplexe de la m\u00e9tropole voisine, ou si vous attendez que le film passe \u00e0 la t\u00e9l\u00e9. Vos \u00e9motions ne changeront pas le monde si vos actions concr\u00e8tes ne sont pas align\u00e9es. Vous ne convaincrez pas les gens qui tiennent les rennes, vous les ferez plut\u00f4t rire\u00a0! Ils vous mettront face \u00e0 vos contradictions d\u00e8s que vous tenterez d\u2019argumenter.<\/p>\n<h2>Soyons s\u00e9rieux\u00a0!<\/h2>\n<p>Bon&#8230; Il faut que je vous avoue un truc\u00a0: les grandes Ecoles de coaching ont beaucoup de pouvoir et peuvent imposer bien des choses, mais fort heureusement elles sont dirig\u00e9es par des personnes de bon sens \u00e0 l\u2019esprit ouvert. Quant \u00e0 la pertinence des histoires inspirantes, aucune personne sens\u00e9e ne les met en cause. Il y a m\u00eame des soir\u00e9es sp\u00e9ciales pour \u00e7a&#8230; Donc depuis le d\u00e9but, je vous ballade dans une histoire \u00e0 dormir debout\u00a0!<\/p>\n<p>Quoique&#8230; La grande diff\u00e9rence entre une histoire \u00e0 dormir debout et une histoire inspirante,<strong> c\u2019est ce que vous en faites\u00a0!<\/strong> Et comme mes paraboles sont parfois complexes, je vous propose une explication de texte. J\u2019esp\u00e8re que ma m\u00e9taphore sera assez r\u00e9v\u00e9latrice pour que vous me pardonniez la supercherie initiale :<\/p>\n<p>La plus puissante des Organisations Certificatrices s\u2019appelle <strong>La Client\u00e8le<\/strong>. Ce Groupe\u00a0est redoutable\u00a0! Il peut supprimer un produit du march\u00e9 en quelques semaines. M\u00eame Mc Donald\u2019s, apr\u00e8s de nombreuses tentatives et des investissements colossaux, n\u2019a jamais r\u00e9ussi \u00e0 s\u2019implanter en Bolivie (8 tentatives d\u2019ouvertures en 2002, 8 fermetures). L\u2019Islande a \u00e9galement chass\u00e9 Mac Do hors de ses fronti\u00e8res depuis 2009. Ce n\u2019est pas le minist\u00e8re de la sant\u00e9 qui a ferm\u00e9 ces restaurants, ni aucun \u00ablobby v\u00e9g\u00e9tarien\u00bb. C\u2019est <strong>La Client\u00e8le<\/strong>&#8230; Son pouvoir est sans limites !<\/p>\n<p>Dans mon cas, \u00e0 18 voix pr\u00e8s, <strong>La Client\u00e8le<\/strong> a dit STOP\u00a0aux histoires inspirantes. Peu importe les raisons, l\u2019action concr\u00e8te de l\u2019entit\u00e9 la plus influente du monde est en train de chasser les histoires inspirantes loin des fronti\u00e8res de cette newsletter.<\/p>\n<p>M\u00eame gratuitement\u00a0? M\u00eame gratuitement\u00a0! Evidemment\u00a0!!! Nous sommes dans un programme d\u2019auto-coaching. Que mes partages soient gratuits ou payants je suis soumis aux lois de <strong>La Client\u00e8le<\/strong> qui surveille de pr\u00e8s mon travail, et qui juge de\u00a0sa pertinence. Si elle estime que les histoires inspirantes n\u2019apportent rien au coaching, la question d\u2019argent ne se pose pas. Je pourrais toujours appeler mon blog \u00abje-vous-raconte.fr\u00bb, mais certainement pas \u00abauto-coaching.fr\u00bb.<\/p>\n<p>A pr\u00e9sent que vous connaissez la chute, faites-moi plaisir s&#8217;il vous pla\u00eet : relisez cet article\u00a0depuis le d\u00e9but. Vous verrez que j\u2019ai dit toute la v\u00e9rit\u00e9, rien que la v\u00e9rit\u00e9.<\/p>\n<p>Oui, je sais, je suis brillant\u00a0! Mais <strong>La Client\u00e8le<\/strong> ne se laisse pas impressionner par l\u2019intelligence. Elle a m\u00eame tendance \u00e0 s&#8217;en m\u00e9fier&#8230; Elle ne jure que par ses membres actifs. Il n\u2019y a donc qu\u2019un seul moyen de d\u00e9jouer ses plans : vous devez agir de l\u2019int\u00e9rieur ! C\u2019est ainsi qu&#8217;op\u00e8rent\u00a0les gens qui am\u00e9liorent\u00a0le monde. Ils s\u2019infiltrent l\u00e0 o\u00f9 ils sentent qu\u2019ils seront utiles.<\/p>\n<p style=\"text-align: center;\"><a class=\"buttonize blue\" href=\"http:\/\/inscription-minute.fr\/solution.aspx?code=HI09IR10&amp;origine=clientele\" target=\"_blank\">Cliquez ici pour rejoindre les membres influents de La Client\u00e8le !<\/a><\/p>\n<p>Que vous ayez aim\u00e9 cette histoire ou pas, que vous aimiez les histoires ou pas, Je vous souhaite une tr\u00e8s belle rentr\u00e9e 2015-2016.<\/p>\n<p>A++<\/p>\n<p><strong>St\u00e9phane SOLOMON<\/strong><\/p>\n<!--themify_builder_content-->\n<div id=\"themify_builder_content-2562\" data-postid=\"2562\" class=\"themify_builder_content themify_builder_content-2562 themify_builder tf_clear\">\n    <\/div>\n<!--\/themify_builder_content-->\n","protected":false},"excerpt":{"rendered":"<p>La nouvelle est tomb\u00e9e d\u00e9but juin, mais je ne voulais pas vous en faire part avant une derni\u00e8re tentative\u00a0: la plus influente des Ecoles de coaching a d\u00e9cid\u00e9 de remettre en question la pertinence des histoires inspirantes (qu\u2019elles soient vraies ou fictives). L\u2019affaire est grave, car il s\u2019agit d\u2019un groupe qui d\u00e9livre beaucoup de Certifications. [&hellip;]<\/p>\n","protected":false},"author":1,"featured_media":0,"parent":0,"menu_order":0,"comment_status":"open","ping_status":"open","template":"","meta":[],"builder_content":"","_links":{"self":[{"href":"https:\/\/auto-coaching.fr\/index.php\/wp-json\/wp\/v2\/pages\/2562"}],"collection":[{"href":"https:\/\/auto-coaching.fr\/index.php\/wp-json\/wp\/v2\/pages"}],"about":[{"href":"https:\/\/auto-coaching.fr\/index.php\/wp-json\/wp\/v2\/types\/page"}],"author":[{"embeddable":true,"href":"https:\/\/auto-coaching.fr\/index.php\/wp-json\/wp\/v2\/users\/1"}],"replies":[{"embeddable":true,"href":"https:\/\/auto-coaching.fr\/index.php\/wp-json\/wp\/v2\/comments?post=2562"}],"version-history":[{"count":12,"href":"https:\/\/auto-coaching.fr\/index.php\/wp-json\/wp\/v2\/pages\/2562\/revisions"}],"predecessor-version":[{"id":2574,"href":"https:\/\/auto-coaching.fr\/index.php\/wp-json\/wp\/v2\/pages\/2562\/revisions\/2574"}],"wp:attachment":[{"href":"https:\/\/auto-coaching.fr\/index.php\/wp-json\/wp\/v2\/media?parent=2562"}],"curies":[{"name":"wp","href":"https:\/\/api.w.org\/{rel}","templated":true}]}}