{"id":2575,"date":"2015-09-06T19:09:56","date_gmt":"2015-09-06T17:09:56","guid":{"rendered":"http:\/\/www.auto-coaching.fr\/?page_id=2575"},"modified":"2019-03-03T10:21:34","modified_gmt":"2019-03-03T09:21:34","slug":"une-rentree-en-chanson","status":"publish","type":"page","link":"https:\/\/auto-coaching.fr\/index.php\/une-rentree-en-chanson\/","title":{"rendered":"Une rentr\u00e9e en chansons"},"content":{"rendered":"<p>Avez-vous pris l\u2019article de la semaine derni\u00e8re pour un message d\u00e9faitiste, d\u2019un homme \u00e9puis\u00e9 et d\u00e9motiv\u00e9 ?<\/p>\n<p>Avez-vous compris que ce n\u2019\u00e9tait que le premier \u00e9pisode d\u2019une nouvelle saison\u00a0pleine\u00a0de sens ?<\/p>\n<p>Il y a un peu des deux&#8230; Comme l&#8217;a soulign\u00e9 Pirat dans son commentaire, \u00ab<strong>\u00e7a fait partie de l&#8217;Histoire !<\/strong>\u00bb&#8230; Mais Pirat est dans le d\u00e9lit d&#8217;initi\u00e9e : elle a lu un article que je n&#8217;ai envoy\u00e9 qu&#8217;\u00e0 celles et ceux qui \u00e9taient pr\u00eats \u00e0 le recevoir.<\/p>\n<p><u>Je vous explique :<\/u> supposons que d&#8217;ici No\u00ebl, je vive un succ\u00e8s sans pr\u00e9c\u00e9dent\u00a0!\u00a0Ce\u00a0serait vraiment dommage (je trouve) de vous raconter uniquement le dernier \u00e9pisode&#8230; Beaucoup de gens font \u00e7a, et \u00e7a donne des complexes : on a l&#8217;impression qu&#8217;ils r\u00e9ussissent tout ce qu&#8217;ils entreprennent du premier coup !<\/p>\n<p>Raconter la victoire\u00a0sans \u00e9voquer\u00a0les d\u00e9faites qui ont pr\u00e9c\u00e9d\u00e9es, je\u00a0trouve\u00a0\u00e7a malhonn\u00eate ! Et raconter les \u00e9pisodes en live, sans avoir v\u00e9cu la victoire, mais en l&#8217;envisageant, c&#8217;est os\u00e9&#8230;<\/p>\n<p>Mon choix : j&#8217;ose avec enthousiasme !<\/p>\n<p>Je ne sais pas encore en quoi consistera ma victoire, mais je sais d\u00e9j\u00e0 quelle go\u00fbt elle aura. Ce ne sera pas la premi\u00e8re. J&#8217;ai Confiance&#8230;<\/p>\n<p>Alors si votre rentr\u00e9e est difficile, je pense \u00e0 vous ! Restez optimiste, gardez le cap sur votre QUOI et\u00a0\u00e9valuez de nouveaux COMMENT. Si vous le voulez bien, nous le ferons ensemble. Episode par \u00e9pisode&#8230;<\/p>\n<p>D&#8217;ailleurs, je vous ai pr\u00e9par\u00e9\u00a0un super g\u00e9n\u00e9rique d&#8217;auto-coach. Dites-moi ce que vous en pensez, et je vous raconterai son histoire.<\/p>\n<!--[if lt IE 9]><script>document.createElement('audio');<\/script><![endif]-->\n<audio class=\"wp-audio-shortcode\" id=\"audio-2575-1\" preload=\"none\" style=\"width: 100%;\" controls=\"controls\"><source type=\"audio\/mpeg\" src=\"http:\/\/www.auto-coaching.fr\/wp-content\/uploads\/2019\/03\/cest-la-vie.mp3?_=1\" \/><a href=\"http:\/\/www.auto-coaching.fr\/wp-content\/uploads\/2019\/03\/cest-la-vie.mp3\">http:\/\/www.auto-coaching.fr\/wp-content\/uploads\/2019\/03\/cest-la-vie.mp3<\/a><\/audio>\n<p>Paroles : St\u00e9phane SOLOMON<br \/>\nMusique : Dean Kay Thompson \/ Kelly Gordon (\u00abThat&#8217;s life\u00bb rendue c\u00e9l\u00e8bre par Frank SINATRA)<br \/>\nInterpr\u00e9tation : L\u00e9vanah SOLOMON<\/p>\n<!--themify_builder_content-->\n<div id=\"themify_builder_content-2575\" data-postid=\"2575\" class=\"themify_builder_content themify_builder_content-2575 themify_builder tf_clear\">\n    <\/div>\n<!--\/themify_builder_content-->\n","protected":false},"excerpt":{"rendered":"<p>Avez-vous pris l\u2019article de la semaine derni\u00e8re pour un message d\u00e9faitiste, d\u2019un homme \u00e9puis\u00e9 et d\u00e9motiv\u00e9 ? Avez-vous compris que ce n\u2019\u00e9tait que le premier \u00e9pisode d\u2019une nouvelle saison\u00a0pleine\u00a0de sens ? Il y a un peu des deux&#8230; Comme l&#8217;a soulign\u00e9 Pirat dans son commentaire, \u00ab\u00e7a fait partie de l&#8217;Histoire !\u00bb&#8230; Mais Pirat est dans [&hellip;]<\/p>\n","protected":false},"author":1,"featured_media":0,"parent":0,"menu_order":0,"comment_status":"open","ping_status":"open","template":"","meta":[],"builder_content":"","_links":{"self":[{"href":"https:\/\/auto-coaching.fr\/index.php\/wp-json\/wp\/v2\/pages\/2575"}],"collection":[{"href":"https:\/\/auto-coaching.fr\/index.php\/wp-json\/wp\/v2\/pages"}],"about":[{"href":"https:\/\/auto-coaching.fr\/index.php\/wp-json\/wp\/v2\/types\/page"}],"author":[{"embeddable":true,"href":"https:\/\/auto-coaching.fr\/index.php\/wp-json\/wp\/v2\/users\/1"}],"replies":[{"embeddable":true,"href":"https:\/\/auto-coaching.fr\/index.php\/wp-json\/wp\/v2\/comments?post=2575"}],"version-history":[{"count":33,"href":"https:\/\/auto-coaching.fr\/index.php\/wp-json\/wp\/v2\/pages\/2575\/revisions"}],"predecessor-version":[{"id":4429,"href":"https:\/\/auto-coaching.fr\/index.php\/wp-json\/wp\/v2\/pages\/2575\/revisions\/4429"}],"wp:attachment":[{"href":"https:\/\/auto-coaching.fr\/index.php\/wp-json\/wp\/v2\/media?parent=2575"}],"curies":[{"name":"wp","href":"https:\/\/api.w.org\/{rel}","templated":true}]}}